{"id":137,"date":"2021-04-23T13:30:01","date_gmt":"2021-04-23T16:30:01","guid":{"rendered":"https:\/\/www2.uepg.br\/deped\/?page_id=137"},"modified":"2021-04-27T17:07:58","modified_gmt":"2021-04-27T20:07:58","slug":"pesquisa","status":"publish","type":"page","link":"https:\/\/www2.uepg.br\/deped\/pesquisa\/","title":{"rendered":"Pesquisa"},"content":{"rendered":"<h5 style=\"text-align: center;\"><strong><em>PESQUISAS<\/em><\/strong><\/h5>\n<p>T\u00edtulo: Escola: Pol\u00edtica educacional, gest\u00e3o da pr\u00e1tica pedag\u00f3gica e forma\u00e7\u00e3o de professores<br \/>\nBeatriz Gomes Nadal<br \/>\nIn\u00edcio: 04\/04\/2018 T\u00e9rmino: 04\/04\/2022<\/p>\n<p>T\u00edtulo: Atua\u00e7\u00e3o dos conselhos estaduais de educa\u00e7\u00e3o nas pol\u00edticas de avalia\u00e7\u00e3o e regula\u00e7\u00e3o da educa\u00e7\u00e3o superior e suas influ\u00eancias modeladoras nas Universidades P\u00fablicas Estaduais<br \/>\nClicia Buhrer Martins, Elismara Zaias Kailer, Graciete Tozetto Goes<br \/>\nIn\u00edcio: 18\/02\/2019 T\u00e9rmino: 18\/02\/2022<\/p>\n<p>T\u00edtulo: A gest\u00e3o escolar no contexto da educa\u00e7\u00e3o infantil<br \/>\nCristiane Aparecida Woytichoski (coord.)<br \/>\nIn\u00edcio: 05\/06\/2018 T\u00e9rmino: 05\/06\/2021<\/p>\n<p>T\u00edtulo: Entre crian\u00e7as, professores e contextos educativos: diferentes olhares para a Educa\u00e7\u00e3o Infantil<br \/>\nDaiana Camargo<br \/>\nIn\u00edcio: 07\/11\/2017 T\u00e9rmino: 07\/11\/2021<\/p>\n<p>T\u00edtulo: Avalia\u00e7\u00e3o educacional no contexto da Educa\u00e7\u00e3o B\u00e1sica<br \/>\nElismara Zaias Kailer<br \/>\nIn\u00edcio: 10\/12\/2019 T\u00e9rmino: 10\/12\/2023<\/p>\n<p>T\u00edtulo: Educa\u00e7\u00e3o matem\u00e1tica na inf\u00e2ncia: teoria e pr\u00e1tica em foco<br \/>\nF\u00e1tima Aparecida Queiroz Dionizio<br \/>\nIn\u00edcio: 13\/05\/2019 T\u00e9rmino: 13\/05\/2023<\/p>\n<p>T\u00edtulo: As mudan\u00e7as na escolariza\u00e7\u00e3o a partir do coronavirus: o que falam as crian\u00e7as ?<br \/>\nGiselle Brandelero Camargo (coord.)<br \/>\nIn\u00edcio: 10\/12\/2020 T\u00e9rmino: 10\/12\/2021<\/p>\n<p>T\u00edtulo: Aprender a ensinar as pr\u00e1ticas de linguagem na escola: a forma\u00e7\u00e3o inicial do(a) professor(a) para os \u00a0anos iniciais da Educa\u00e7\u00e3o B\u00e1sica<br \/>\nGiselle Cristina Smaniotto (coord.)<br \/>\nIn\u00edcio: 14\/03\/2020 T\u00e9rmino: 14\/03\/2022<\/p>\n<p>T\u00edtulo: Produ\u00e7\u00f5es Cient\u00edficas sobre o Est\u00e1gio Curricular Supervisionado nos cursos de Pedagogia (2010-2020): den\u00fancias, an\u00fancios e possibilidades<br \/>\nLucimara Cristina de Paula (coord.)<br \/>\nIn\u00edcio: 01\/11\/2020 T\u00e9rmino: 01\/11\/2022<\/p>\n<p>T\u00edtulo: Docentes Idosas\/os do Campo: trabalho, educa\u00e7\u00e3o e escola p\u00fablica<br \/>\nMaria Antonia de Souza (coord.) Paola Andressa Scortegagna<br \/>\nIn\u00edcio: 07\/12\/2018 T\u00e9rmino: 07\/12\/2021<\/p>\n<p>T\u00edtulo: Movimentos sociais, educa\u00e7\u00e3o no campo e pr\u00e1ticas pedag\u00f3gicas<br \/>\nMaria Antonia de Souza<br \/>\nIn\u00edcio: 12\/04\/2020 T\u00e9rmino: 12\/04\/2022<\/p>\n<p>T\u00edtulo: Did\u00e1tica geral, Did\u00e1ticas Espec\u00edficas, Est\u00e1gio em Doc\u00eancia e o planejamento de ensino: uma articula\u00e7\u00e3o necess\u00e1ria para a forma\u00e7\u00e3o do Pedagogo<br \/>\nMaria das Gra\u00e7as do Espirito Santo Tigre (coord.)<br \/>\nIn\u00edcio: 10\/11\/19 T\u00e9rmino: 10\/11\/2021<\/p>\n<p>T\u00edtulo: O ensino da Did\u00e1tica na forma\u00e7\u00e3o inicial de professores<br \/>\nMaria das Gra\u00e7as do Espirito Santo Tigre (coord.)<br \/>\nIn\u00edcio: 01\/11\/19 T\u00e9rmino: 01\/11\/2021<\/p>\n<p>T\u00edtulo: Crian\u00e7as em contextos formais e n\u00e3o formais de educa\u00e7\u00e3o: processos educativos e forma\u00e7\u00e3o de professores<br \/>\nMarilucia Antonia de Resende Peroza<br \/>\nIn\u00edcio: 07\/11\/2017 T\u00e9rmino: 07\/11\/2021<\/p>\n<p>T\u00edtulo: Crian\u00e7as desenraizadas: inser\u00e7\u00e3o de crian\u00e7as migrantes e refugiadas nos centros municipais de educa\u00e7\u00e3o de Ponta Grossa\/PR<br \/>\nMarilucia Antonia de Resende Peroza (coord.), Daiana Camargo.<br \/>\nIn\u00edcio: 30\/10\/2018\u00a0 T\u00e9rmino: 30\/10\/2021<\/p>\n<p>T\u00edtulo: Educa\u00e7\u00e3o e pol\u00edticas educacionais no contexto formal e n\u00e3o formal<br \/>\nPaola Andressa Scortegagna<br \/>\nIn\u00edcio: 04\/10\/2018 T\u00e9rmino: 04\/10\/2022<\/p>\n<p>T\u00edtulo: Fundamentos te\u00f3ricos-epistemol\u00f3gicos das pol\u00edticas de forma\u00e7\u00e3o de professores no Brasil<br \/>\nPatricia Correia de Paula Marcoccia<br \/>\nIn\u00edcio: 13\/05\/2019 T\u00e9rmino: 13\/05\/2023<\/p>\n<p>T\u00edtulo: Pol\u00edtica educacional de amplia\u00e7\u00e3o do tempo escolar: implica\u00e7\u00f5es nas escolas dos anos iniciais do ensino fundamental do munic\u00edpio de Ponta Grossa\/Pr<br \/>\nPatricia Lucia Vosgrau de Freitas (coord.), Fabiana Andrea Barbosa Kastelijns, Viridiana Alves de Lara Silva<br \/>\nIn\u00edcio: 15\/12\/2019 T\u00e9rmino: 15\/12\/2021<\/p>\n<p>T\u00edtulo: O princ\u00edpio educativo nas Pedagogias contempor\u00e2neas: um estudo sobre o trabalho, o ensino e o conhecimento escolar<br \/>\nRenata Lopes da Silva (coord.)<br \/>\nIn\u00edcio: 01\/07\/2020 T\u00e9rmino: 01\/07\/2022<\/p>\n<p>T\u00edtulo: A produ\u00e7\u00e3o de conhecimento acad\u00eamico em Educa\u00e7\u00e3o Especial: uma an\u00e1lise a partir dos Grupos de Pesquisa cadastrados no CNPq<br \/>\nRosana de Castro Casagrande (coord)<br \/>\nIn\u00edcio: 19\/10\/2020 T\u00e9rmino: 19\/10\/2022<\/p>\n<p>T\u00edtulo: Coordenador pedag\u00f3gico: contextos, pr\u00e1ticas e rela\u00e7\u00f5es<br \/>\nSimone Regina Manosso Cartaxo (coord.) Jaqueline de Morais Costa, Victoria Mottim Gaio<br \/>\nIn\u00edcio: 22\/05\/2020 T\u00e9rmino: 22\/05\/2022<\/p>\n<p>T\u00edtulo: Forma\u00e7\u00e3o de professores: dimens\u00f5es e processos<br \/>\nSimone Regina Manosso Cartaxo<br \/>\nIn\u00edcio: 26\/04\/2018 T\u00e9rmino: 26\/04\/2022<\/p>\n","protected":false},"excerpt":{"rendered":"<p>PESQUISAS T\u00edtulo: Escola: Pol\u00edtica educacional, gest\u00e3o da pr\u00e1tica pedag\u00f3gica e forma\u00e7\u00e3o de professores Beatriz Gomes Nadal In\u00edcio: 04\/04\/2018 T\u00e9rmino: 04\/04\/2022 T\u00edtulo: Atua\u00e7\u00e3o dos conselhos estaduais de educa\u00e7\u00e3o nas pol\u00edticas de avalia\u00e7\u00e3o e regula\u00e7\u00e3o da educa\u00e7\u00e3o superior e suas influ\u00eancias modeladoras nas Universidades P\u00fablicas Estaduais Clicia Buhrer Martins, Elismara Zaias Kailer, Graciete Tozetto Goes In\u00edcio: 18\/02\/2019&nbsp;&hellip;<\/p>\n","protected":false},"author":305,"featured_media":0,"parent":0,"menu_order":0,"comment_status":"closed","ping_status":"closed","template":"","meta":[],"_links":{"self":[{"href":"https:\/\/www2.uepg.br\/deped\/wp-json\/wp\/v2\/pages\/137"}],"collection":[{"href":"https:\/\/www2.uepg.br\/deped\/wp-json\/wp\/v2\/pages"}],"about":[{"href":"https:\/\/www2.uepg.br\/deped\/wp-json\/wp\/v2\/types\/page"}],"author":[{"embeddable":true,"href":"https:\/\/www2.uepg.br\/deped\/wp-json\/wp\/v2\/users\/305"}],"replies":[{"embeddable":true,"href":"https:\/\/www2.uepg.br\/deped\/wp-json\/wp\/v2\/comments?post=137"}],"version-history":[{"count":5,"href":"https:\/\/www2.uepg.br\/deped\/wp-json\/wp\/v2\/pages\/137\/revisions"}],"predecessor-version":[{"id":204,"href":"https:\/\/www2.uepg.br\/deped\/wp-json\/wp\/v2\/pages\/137\/revisions\/204"}],"wp:attachment":[{"href":"https:\/\/www2.uepg.br\/deped\/wp-json\/wp\/v2\/media?parent=137"}],"curies":[{"name":"wp","href":"https:\/\/api.w.org\/{rel}","templated":true}]}}