{"id":139,"date":"2021-04-23T13:30:19","date_gmt":"2021-04-23T16:30:19","guid":{"rendered":"https:\/\/www2.uepg.br\/deped\/?page_id=139"},"modified":"2021-04-27T17:07:10","modified_gmt":"2021-04-27T20:07:10","slug":"extensao","status":"publish","type":"page","link":"https:\/\/www2.uepg.br\/deped\/extensao\/","title":{"rendered":"Extens\u00e3o"},"content":{"rendered":"<h5 style=\"text-align: center;\"><strong>PROJETOS EXTENS\u00c3O<\/strong><\/h5>\n<blockquote>\n<blockquote><p>&nbsp;<\/p><\/blockquote>\n<p>T\u00edtulo: Pr\u00e1ticas pedag\u00f3gicas, o tempo e os espa\u00e7os da escola de educa\u00e7\u00e3o infantil: o que dizem as crian\u00e7as?<br \/>\nGisele Brandelero Camargo (Coord.), Marilucia Antonia de Resende Peroza, Daiana Camargo e Neide Keiko Kravchychyn Cappelletti<br \/>\nIn\u00edcio: 25\/02\/2016 T\u00e9rmino: 25\/02\/2018<\/p>\n<p>T\u00edtulo: LALUPE &#8211; Laborat\u00f3rio L\u00fadico Pedag\u00f3gico<br \/>\nCristiane Ap Woytichoski de Santa Clara<br \/>\nIn\u00edcio: 01\/03\/2015 T\u00e9rmino: 14\/12\/2016<\/p>\n<p>T\u00edtulo: Um conto, um causo da carochinha a vovozinha: a gente conta e encanta.<br \/>\nDaiana Camargo<br \/>\nIn\u00edcio: 02\/10\/2016 T\u00e9rmino: 02\/10\/2018<\/p>\n<p>T\u00edtulo: A Dimens\u00e3o Did\u00e1tica no Trabalho Docente: as rela\u00e7\u00f5es entre ensinar, aprender.<br \/>\nDenise Puglia Zanon (Coord.), Graciete Tozetto Goes, Lucimara Cristina de Paula, Kelly Cristina Ducatti da Silva, Maiza Taques Margraf Althaus, Paula Val\u00e9ria Moura Jonsson, Rosana de Castro Casagrande e Viridiana Alves de Lara<br \/>\nIn\u00edcio: 28\/03\/2016 T\u00e9rmino 28\/03\/2018<\/p>\n<p>T\u00edtulo: Programa de Desenvolvimento Educacional-PDE<br \/>\nDenise Puglia Zanon<br \/>\nIn\u00edcio: 11\/12\/2012 T\u00e9rmino: 31\/12\/2018<\/p>\n<p>T\u00edtulo: Forma\u00e7\u00e3o do Professor e Pesquisador em Educa\u00e7\u00e3o Matem\u00e1tica: desafios e perspectivas.<br \/>\nF\u00e1tima Aparecida Queiroz Dion\u00edzio<br \/>\nIn\u00edcio: 01\/03\/2016 T\u00e9rmino: 28\/02\/2018<\/p>\n<p>T\u00edtulo: A Primeira Inf\u00e2ncia e as Pr\u00e1ticas Pedag\u00f3gicas: entre o pensar e o fazer<br \/>\nGisele Brandelero Camargo (Coord.), Marilucia Antonia de Resende Peroza, Daiana Camargo e Neide Keiko Kravchychyn Cappelletti<br \/>\nIn\u00edcio: 11\/05\/2016 T\u00e9rmino: 11\/05\/2017<\/p>\n<p>T\u00edtulo: Estudos do texto em contextos de ensino e aprendizagem<br \/>\nGiselle Cristina Smaniotto<br \/>\nIn\u00edcio: 10\/04\/201 T\u00e9rmino: 10\/04\/2017<\/p>\n<p>T\u00edtulo: A Educa\u00e7\u00e3o N\u00e3o-Formal como Campo de Forma\u00e7\u00e3o dos Profissionais do Magist\u00e9rio<br \/>\nMabel de Bortoli (Coord.) e Profa. Elismara Zaias Kailer<br \/>\nIn\u00edcio: 11\/08\/2015 T\u00e9rmino: 28\/02\/2017<\/p>\n<p>T\u00edtulo: Programa &#8211; LUME N\u00facleo de Estudos e Pesquisas em M\u00eddia e Educa\u00e7\u00e3o<br \/>\nM\u00e1rcia Barbosa da Silva<br \/>\nIn\u00edcio: 01\/08\/2015 T\u00e9rmino: 30\/07\/2017<\/p>\n<p>T\u00edtulo: Carta de Ponta Grossa de M\u00eddia e Educa\u00e7\u00e3o<br \/>\nM\u00e1rcia Barbosa da Silva<br \/>\nIn\u00edcio: 01\/09\/2015 T\u00e9rmino: 31\/08\/2017<\/p>\n<p>T\u00edtulo: Universidade e Sociedade &#8211; perspectivas ap\u00f3s 29 de abril<br \/>\nM\u00e1rcia Barbosa da Silva (Coord.), Lucimara Cristina de Paula e Renata Lopes da Silva<br \/>\nIn\u00edcio: 29\/07\/2015 T\u00e9rmino: 28\/07\/2017<\/p>\n<p>T\u00edtulo: Jornal da UATI<br \/>\nPaola Andressa Scortegagna<br \/>\nIn\u00edcio: 01\/02\/2016 T\u00e9rmino: 01\/02\/2019<\/p>\n<p>T\u00edtulo: Horta da UATI<br \/>\nPaola Andressa Scortegagna<br \/>\nIn\u00edcio: 08\/08\/2016 T\u00e9rmino: 07\/08\/2018<\/p>\n<p>T\u00edtulo: Discutindo a Educa\u00e7\u00e3o Escolar e o Ensino na Forma\u00e7\u00e3o de Professores para a Educa\u00e7\u00e3o B\u00e1sica<br \/>\nRenata Lopes da Silva (Coord.) e F\u00e1tima Aparecida Queiroz Dion\u00edzio<br \/>\nIn\u00edcio: 30\/05\/2016 T\u00e9rmino: 01\/12\/2017<\/p>\n<p>T\u00edtulo: Sala de apoio \u00e0 aprendizagem de portugu\u00eas para os 6\u00bas anos do Ensino Fundamental<br \/>\nRenata Lopes da Silva<br \/>\nIn\u00edcio: 01\/04\/2016 T\u00e9rmino: 31\/12\/2017<\/p>\n<p>T\u00edtulo: Educa\u00e7\u00e3o Semi\u00f3tica em Perspectivas Interdisciplinares e Interculturais<br \/>\nViridiana Alves de Lara<br \/>\nIn\u00edcio: 01\/08\/2015 T\u00e9rmino: 31\/08\/2017<\/p>\n<p>&nbsp;<\/p>\n<p><strong>PROJETOS INTEGRADOS<\/strong><\/p>\n<p>T\u00edtulo: PIBID \u2013 Alfabetiza\u00e7\u00e3o e Letramento na Escola da inf\u00e2ncia do curso de Pedagogia<br \/>\nGisele Brandelero Camargo<br \/>\nIn\u00edcio: 01\/03\/2014 T\u00e9rmino:01\/03\/2018<\/p>\n<p>T\u00edtulo: Programa Doc\u00eancia no Ensino Superior (DES)<br \/>\nMaiza Taques Margraf Althaus<br \/>\nIn\u00edcio: 01\/11\/2015 T\u00e9rmino: 01\/03\/2020<\/p>\n<p>T\u00edtulo: PIBID-Alfabetiza\u00e7\u00e3o e Letramento na Escola da Inf\u00e2ncia do curso de Pedagogia<br \/>\nRenata Lopes da Silva<br \/>\nIn\u00edcio: 01\/03\/2014 T\u00e9rmino: 01\/03\/2018<\/p><\/blockquote>\n<p>&nbsp;<\/p>\n","protected":false},"excerpt":{"rendered":"<p>PROJETOS EXTENS\u00c3O &nbsp; T\u00edtulo: Pr\u00e1ticas pedag\u00f3gicas, o tempo e os espa\u00e7os da escola de educa\u00e7\u00e3o infantil: o que dizem as crian\u00e7as? Gisele Brandelero Camargo (Coord.), Marilucia Antonia de Resende Peroza, Daiana Camargo e Neide Keiko Kravchychyn Cappelletti In\u00edcio: 25\/02\/2016 T\u00e9rmino: 25\/02\/2018 T\u00edtulo: LALUPE &#8211; Laborat\u00f3rio L\u00fadico Pedag\u00f3gico Cristiane Ap Woytichoski de Santa Clara In\u00edcio: 01\/03\/2015&nbsp;&hellip;<\/p>\n","protected":false},"author":305,"featured_media":0,"parent":0,"menu_order":0,"comment_status":"closed","ping_status":"closed","template":"","meta":[],"_links":{"self":[{"href":"https:\/\/www2.uepg.br\/deped\/wp-json\/wp\/v2\/pages\/139"}],"collection":[{"href":"https:\/\/www2.uepg.br\/deped\/wp-json\/wp\/v2\/pages"}],"about":[{"href":"https:\/\/www2.uepg.br\/deped\/wp-json\/wp\/v2\/types\/page"}],"author":[{"embeddable":true,"href":"https:\/\/www2.uepg.br\/deped\/wp-json\/wp\/v2\/users\/305"}],"replies":[{"embeddable":true,"href":"https:\/\/www2.uepg.br\/deped\/wp-json\/wp\/v2\/comments?post=139"}],"version-history":[{"count":4,"href":"https:\/\/www2.uepg.br\/deped\/wp-json\/wp\/v2\/pages\/139\/revisions"}],"predecessor-version":[{"id":202,"href":"https:\/\/www2.uepg.br\/deped\/wp-json\/wp\/v2\/pages\/139\/revisions\/202"}],"wp:attachment":[{"href":"https:\/\/www2.uepg.br\/deped\/wp-json\/wp\/v2\/media?parent=139"}],"curies":[{"name":"wp","href":"https:\/\/api.w.org\/{rel}","templated":true}]}}