{"id":147,"date":"2021-04-23T13:31:30","date_gmt":"2021-04-23T16:31:30","guid":{"rendered":"https:\/\/www2.uepg.br\/deped\/?page_id=147"},"modified":"2021-04-27T08:22:42","modified_gmt":"2021-04-27T11:22:42","slug":"tcc","status":"publish","type":"page","link":"https:\/\/www2.uepg.br\/deped\/tcc\/","title":{"rendered":"TCC"},"content":{"rendered":"<h3 style=\"text-align: center;\">TCC<\/h3>\n<blockquote><p>Coordenadora Geral dos TCCs \u2013 Profa. Dra. Beatriz Gomes Nadal<\/p><\/blockquote>\n<ul>\n<li><a href=\"http:\/\/sites.uepg.br\/prograd\/wp-content\/uploads\/2014\/02\/regulamentogeralOTCC.pdf\">RESOLU\u00c7\u00c3O CEPE N\u00ba 021, de 05 de abril de 2011<\/a>\u00a0\u00a0 \u2013\u00a0Regulamento Geral dos Trabalhos de Conclus\u00e3o de Cursos de gradua\u00e7\u00e3o da UEPG.<\/li>\n<\/ul>\n<ul>\n<li><a href=\"http:\/\/sites.uepg.br\/prograd\/wp-content\/uploads\/2014\/02\/licenciaturapedagogia.pdf\">RESOLU\u00c7\u00c3O CEPE N\u00ba 008, DE 28 DE FEVEREIRO DE 2012<\/a>\u00a0&#8211; Aprova regulamento de Trabalho de Conclus\u00e3o de Curso &#8211; Tcc, do curso de Licenciatura em Pedagogia, modalidade presencial.<\/li>\n<\/ul>\n","protected":false},"excerpt":{"rendered":"<p>TCC Coordenadora Geral dos TCCs \u2013 Profa. Dra. Beatriz Gomes Nadal RESOLU\u00c7\u00c3O CEPE N\u00ba 021, de 05 de abril de 2011\u00a0\u00a0 \u2013\u00a0Regulamento Geral dos Trabalhos de Conclus\u00e3o de Cursos de gradua\u00e7\u00e3o da UEPG. RESOLU\u00c7\u00c3O CEPE N\u00ba 008, DE 28 DE FEVEREIRO DE 2012\u00a0&#8211; Aprova regulamento de Trabalho de Conclus\u00e3o de Curso &#8211; Tcc, do curso&nbsp;&hellip;<\/p>\n","protected":false},"author":305,"featured_media":0,"parent":0,"menu_order":0,"comment_status":"closed","ping_status":"closed","template":"","meta":[],"_links":{"self":[{"href":"https:\/\/www2.uepg.br\/deped\/wp-json\/wp\/v2\/pages\/147"}],"collection":[{"href":"https:\/\/www2.uepg.br\/deped\/wp-json\/wp\/v2\/pages"}],"about":[{"href":"https:\/\/www2.uepg.br\/deped\/wp-json\/wp\/v2\/types\/page"}],"author":[{"embeddable":true,"href":"https:\/\/www2.uepg.br\/deped\/wp-json\/wp\/v2\/users\/305"}],"replies":[{"embeddable":true,"href":"https:\/\/www2.uepg.br\/deped\/wp-json\/wp\/v2\/comments?post=147"}],"version-history":[{"count":4,"href":"https:\/\/www2.uepg.br\/deped\/wp-json\/wp\/v2\/pages\/147\/revisions"}],"predecessor-version":[{"id":189,"href":"https:\/\/www2.uepg.br\/deped\/wp-json\/wp\/v2\/pages\/147\/revisions\/189"}],"wp:attachment":[{"href":"https:\/\/www2.uepg.br\/deped\/wp-json\/wp\/v2\/media?parent=147"}],"curies":[{"name":"wp","href":"https:\/\/api.w.org\/{rel}","templated":true}]}}