{"id":150,"date":"2022-03-31T15:39:54","date_gmt":"2022-03-31T18:39:54","guid":{"rendered":"https:\/\/www2.uepg.br\/dequim\/?page_id=150"},"modified":"2025-05-22T15:09:51","modified_gmt":"2025-05-22T18:09:51","slug":"regulamentos","status":"publish","type":"page","link":"https:\/\/www2.uepg.br\/dequim\/regulamentos\/","title":{"rendered":"Regulamentos"},"content":{"rendered":"<div id=\"pl-150\"  class=\"panel-layout\" ><div id=\"pg-150-0\"  class=\"panel-grid panel-has-style\" ><div class=\"panel-row-style panel-row-style-for-150-0\" ><div id=\"pgc-150-0-0\"  class=\"panel-grid-cell\" ><div id=\"panel-150-0-0-0\" class=\"so-panel widget widget_siteorigin-panels-builder panel-first-child panel-last-child\" data-index=\"0\" ><div id=\"pl-w682f66af2dcfd\"  class=\"panel-layout\" ><div id=\"pg-w682f66af2dcfd-0\"  class=\"panel-grid panel-no-style\" ><div id=\"pgc-w682f66af2dcfd-0-0\"  class=\"panel-grid-cell\" ><div id=\"panel-w682f66af2dcfd-0-0-0\" class=\"so-panel widget widget_text panel-first-child panel-last-child\" data-index=\"0\" >\t\t\t<div class=\"textwidget\"><p style=\"font-weight: 400;line-height: 1.2em;text-align: justify;color: #000000;font-size: 30px;font-family: 'Open Sans', sans-serif;margin: 10px\"><b>Acad\u00eamico<\/b><\/p>\n<p style=\"font-weight: 400;line-height: 1.2em;text-align: justify;color: #455361;font-size: 20px;font-family: 'Open Sans', sans-serif;margin: 10px\"><span style=\"font-weight: 400\">Informa\u00e7\u00f5es sobre pol\u00edtica de cotas, moradia estudantil, atendimentos, eventos e etc.<\/span><\/p>\n<\/div>\n\t\t<\/div><\/div><\/div><div id=\"pg-w682f66af2dcfd-1\"  class=\"panel-grid panel-no-style\" ><div id=\"pgc-w682f66af2dcfd-1-0\"  class=\"panel-grid-cell\" ><div id=\"panel-w682f66af2dcfd-1-0-0\" class=\"so-panel widget widget_sow-button panel-first-child panel-last-child\" data-index=\"1\" ><div\n\t\t\t\n\t\t\tclass=\"so-widget-sow-button so-widget-sow-button-wire-cda64910dbf5\"\n\t\t\t\n\t\t><div class=\"ow-button-base ow-button-align-left\">\n\t<a href=\"https:\/\/www2.uepg.br\/prae\/legislacao\/\" class=\"ow-icon-placement-left ow-button-hover\" target=\"_blank\" rel=\"noopener noreferrer\" \t\t>\n\t\t<span>\n\t\t\t\n\t\t\tSAIBA MAIS\t\t<\/span>\n\t<\/a>\n<\/div>\n<\/div><\/div><\/div><\/div><\/div><\/div><\/div><div id=\"pgc-150-0-1\"  class=\"panel-grid-cell\" ><div id=\"panel-150-0-1-0\" class=\"so-panel widget widget_siteorigin-panels-builder panel-first-child panel-last-child\" data-index=\"1\" ><div id=\"pl-w682f652e2d9ed\"  class=\"panel-layout\" ><div id=\"pg-w682f652e2d9ed-0\"  class=\"panel-grid panel-no-style\" ><div id=\"pgc-w682f652e2d9ed-0-0\"  class=\"panel-grid-cell\" ><div id=\"panel-w682f652e2d9ed-0-0-0\" class=\"so-panel widget widget_sow-image panel-first-child panel-last-child\" data-index=\"0\" ><div\n\t\t\t\n\t\t\tclass=\"so-widget-sow-image so-widget-sow-image-default-d6014b76747a\"\n\t\t\t\n\t\t>\n\n<div class=\"sow-image-container\">\n\t\t<img src=\"https:\/\/www2.uepg.br\/dequim\/wp-content\/uploads\/sites\/233\/2025\/05\/PRAE.png\" width=\"437\" height=\"291\" sizes=\"(max-width: 437px) 100vw, 437px\" alt=\"\" loading=\"lazy\" \t\tclass=\"so-widget-image\"\/>\n\t<\/div>\n\n<\/div><\/div><\/div><\/div><div id=\"pg-w682f652e2d9ed-1\"  class=\"panel-grid panel-no-style\" ><div id=\"pgc-w682f652e2d9ed-1-0\"  class=\"panel-grid-cell panel-grid-cell-empty\" ><\/div><\/div><\/div><\/div><\/div><\/div><\/div><div id=\"pg-150-1\"  class=\"panel-grid panel-has-style\" ><div class=\"panel-row-style panel-row-style-for-150-1\" ><div id=\"pgc-150-1-0\"  class=\"panel-grid-cell\" ><div id=\"panel-150-1-0-0\" class=\"so-panel widget widget_siteorigin-panels-builder panel-first-child panel-last-child\" data-index=\"2\" ><div id=\"pl-w682f66af2e0dc\"  class=\"panel-layout\" ><div id=\"pg-w682f66af2e0dc-0\"  class=\"panel-grid panel-no-style\" ><div id=\"pgc-w682f66af2e0dc-0-0\"  class=\"panel-grid-cell\" ><div id=\"panel-w682f66af2e0dc-0-0-0\" class=\"so-panel widget widget_text panel-first-child panel-last-child\" data-index=\"0\" >\t\t\t<div class=\"textwidget\"><p style=\"font-weight: 400;line-height: 1.2em;text-align: justify;color: #000000;font-size: 30px;font-family: 'Open Sans', sans-serif;margin: 10px\"><b>Normas acad\u00eamicas<\/b><\/p>\n<p style=\"font-weight: 400;line-height: 1.2em;text-align: justify;color: #455361;font-size: 20px;font-family: 'Open Sans', sans-serif;margin: 10px\"><span style=\"font-weight: 400\">Acesse documentos oficiais que regulamentam atividades acad\u00eamicas, est\u00e1gios e p\u00f3s-gradua\u00e7\u00e3o.<\/span><\/p>\n<\/div>\n\t\t<\/div><\/div><\/div><div id=\"pg-w682f66af2e0dc-1\"  class=\"panel-grid panel-no-style\" ><div id=\"pgc-w682f66af2e0dc-1-0\"  class=\"panel-grid-cell\" ><div id=\"panel-w682f66af2e0dc-1-0-0\" class=\"so-panel widget widget_sow-button panel-first-child panel-last-child\" data-index=\"1\" ><div\n\t\t\t\n\t\t\tclass=\"so-widget-sow-button so-widget-sow-button-wire-cda64910dbf5\"\n\t\t\t\n\t\t><div class=\"ow-button-base ow-button-align-left\">\n\t<a href=\"https:\/\/www2.uepg.br\/prograd\/normativas\/\" class=\"ow-icon-placement-left ow-button-hover\" target=\"_blank\" rel=\"noopener noreferrer\" \t\t>\n\t\t<span>\n\t\t\t\n\t\t\tSAIBA MAIS\t\t<\/span>\n\t<\/a>\n<\/div>\n<\/div><\/div><\/div><\/div><\/div><\/div><\/div><div id=\"pgc-150-1-1\"  class=\"panel-grid-cell\" ><div id=\"panel-150-1-1-0\" class=\"so-panel widget widget_siteorigin-panels-builder panel-first-child panel-last-child\" data-index=\"3\" ><div id=\"pl-w682f666aa930a\"  class=\"panel-layout\" ><div id=\"pg-w682f666aa930a-0\"  class=\"panel-grid panel-no-style\" ><div id=\"pgc-w682f666aa930a-0-0\"  class=\"panel-grid-cell\" ><div id=\"panel-w682f666aa930a-0-0-0\" class=\"so-panel widget widget_sow-image panel-first-child panel-last-child\" data-index=\"0\" ><div\n\t\t\t\n\t\t\tclass=\"so-widget-sow-image so-widget-sow-image-default-d6014b76747a\"\n\t\t\t\n\t\t>\n\n<div class=\"sow-image-container\">\n\t\t<img src=\"https:\/\/www2.uepg.br\/dequim\/wp-content\/uploads\/sites\/233\/2025\/05\/PROGRAD.png\" width=\"300\" height=\"167\" sizes=\"(max-width: 300px) 100vw, 300px\" alt=\"\" loading=\"lazy\" \t\tclass=\"so-widget-image\"\/>\n\t<\/div>\n\n<\/div><\/div><\/div><\/div><div id=\"pg-w682f666aa930a-1\"  class=\"panel-grid panel-no-style\" ><div id=\"pgc-w682f666aa930a-1-0\"  class=\"panel-grid-cell panel-grid-cell-empty\" ><\/div><\/div><\/div><\/div><\/div><\/div><\/div><div id=\"pg-150-2\"  class=\"panel-grid panel-has-style\" ><div class=\"panel-row-style panel-row-style-for-150-2\" ><div id=\"pgc-150-2-0\"  class=\"panel-grid-cell\" ><div id=\"panel-150-2-0-0\" class=\"so-panel widget widget_siteorigin-panels-builder panel-first-child panel-last-child\" data-index=\"4\" ><div id=\"pl-w6828fdabcdfe2\"  class=\"panel-layout\" ><div id=\"pg-w6828fdabcdfe2-0\"  class=\"panel-grid panel-no-style\" ><div id=\"pgc-w6828fdabcdfe2-0-0\"  class=\"panel-grid-cell\" ><div id=\"panel-w6828fdabcdfe2-0-0-0\" class=\"so-panel widget widget_text panel-first-child panel-last-child\" data-index=\"0\" >\t\t\t<div class=\"textwidget\"><p style=\"font-weight: 400;line-height: 1.2em;text-align: justify;color: #000000;font-size: 30px;font-family: 'Open Sans', sans-serif;margin: 10px\"><b>Extens\u00e3o<\/b><\/p>\n<p style=\"font-weight: 400;line-height: 1.2em;text-align: justify;color: #455361;font-size: 20px;font-family: 'Open Sans', sans-serif;margin: 10px\"><span style=\"font-weight: 400\">Normas que regulamentam projetos e cursos de Extens\u00e3o.<\/span><\/p>\n<\/div>\n\t\t<\/div><\/div><\/div><div id=\"pg-w6828fdabcdfe2-1\"  class=\"panel-grid panel-no-style\" ><div id=\"pgc-w6828fdabcdfe2-1-0\"  class=\"panel-grid-cell\" ><div id=\"panel-w6828fdabcdfe2-1-0-0\" class=\"so-panel widget widget_sow-button panel-first-child panel-last-child\" data-index=\"1\" ><div\n\t\t\t\n\t\t\tclass=\"so-widget-sow-button so-widget-sow-button-wire-cda64910dbf5\"\n\t\t\t\n\t\t><div class=\"ow-button-base ow-button-align-left\">\n\t<a href=\"https:\/\/www2.uepg.br\/proex\/legislacao-institucional-proex-uepg\/\" class=\"ow-icon-placement-left ow-button-hover\" target=\"_blank\" rel=\"noopener noreferrer\" \t\t>\n\t\t<span>\n\t\t\t\n\t\t\tSAIBA MAIS\t\t<\/span>\n\t<\/a>\n<\/div>\n<\/div><\/div><\/div><\/div><\/div><\/div><\/div><div id=\"pgc-150-2-1\"  class=\"panel-grid-cell\" ><div id=\"panel-150-2-1-0\" class=\"so-panel widget widget_siteorigin-panels-builder panel-first-child panel-last-child\" data-index=\"5\" ><div id=\"pl-w6828fdabce811\"  class=\"panel-layout\" ><div id=\"pg-w6828fdabce811-0\"  class=\"panel-grid panel-no-style\" ><div id=\"pgc-w6828fdabce811-0-0\"  class=\"panel-grid-cell\" ><div id=\"panel-w6828fdabce811-0-0-0\" class=\"so-panel widget widget_sow-image panel-first-child panel-last-child\" data-index=\"0\" ><div\n\t\t\t\n\t\t\tclass=\"so-widget-sow-image so-widget-sow-image-default-d6014b76747a\"\n\t\t\t\n\t\t>\n\n<div class=\"sow-image-container\">\n\t\t<img src=\"https:\/\/www2.uepg.br\/dequim\/wp-content\/uploads\/sites\/233\/2025\/05\/PROEX.png\" width=\"285\" height=\"191\" sizes=\"(max-width: 285px) 100vw, 285px\" alt=\"\" loading=\"lazy\" \t\tclass=\"so-widget-image\"\/>\n\t<\/div>\n\n<\/div><\/div><\/div><\/div><div id=\"pg-w6828fdabce811-1\"  class=\"panel-grid panel-no-style\" ><div id=\"pgc-w6828fdabce811-1-0\"  class=\"panel-grid-cell panel-grid-cell-empty\" ><\/div><\/div><\/div><\/div><\/div><\/div><\/div><div id=\"pg-150-3\"  class=\"panel-grid panel-has-style\" ><div class=\"panel-row-style panel-row-style-for-150-3\" ><div id=\"pgc-150-3-0\"  class=\"panel-grid-cell\" ><div id=\"panel-150-3-0-0\" class=\"so-panel widget widget_siteorigin-panels-builder panel-first-child panel-last-child\" data-index=\"6\" ><div id=\"pl-w682f686fbc4c3\"  class=\"panel-layout\" ><div id=\"pg-w682f686fbc4c3-0\"  class=\"panel-grid panel-no-style\" ><div id=\"pgc-w682f686fbc4c3-0-0\"  class=\"panel-grid-cell\" ><div id=\"panel-w682f686fbc4c3-0-0-0\" class=\"so-panel widget widget_text panel-first-child panel-last-child\" data-index=\"0\" >\t\t\t<div class=\"textwidget\"><p style=\"font-weight: 400;line-height: 1.2em;text-align: justify;color: #000000;font-size: 30px;font-family: 'Open Sans', sans-serif;margin: 10px\"><b>Biblioteca<\/b><\/p>\n<p style=\"font-weight: 400;line-height: 1.2em;text-align: justify;color: #455361;font-size: 20px;font-family: 'Open Sans', sans-serif;margin: 10px\"><span style=\"font-weight: 400\">Acesse livros digitais, Normas ABNT (com v\u00eddeos tutoriais), Peri\u00f3dicos CAPES, entre outros.<\/span><\/p>\n<\/div>\n\t\t<\/div><\/div><\/div><div id=\"pg-w682f686fbc4c3-1\"  class=\"panel-grid panel-no-style\" ><div id=\"pgc-w682f686fbc4c3-1-0\"  class=\"panel-grid-cell\" ><div id=\"panel-w682f686fbc4c3-1-0-0\" class=\"so-panel widget widget_sow-button panel-first-child panel-last-child\" data-index=\"1\" ><div\n\t\t\t\n\t\t\tclass=\"so-widget-sow-button so-widget-sow-button-wire-cda64910dbf5\"\n\t\t\t\n\t\t><div class=\"ow-button-base ow-button-align-left\">\n\t<a href=\"https:\/\/www2.uepg.br\/bicen\/\" class=\"ow-icon-placement-left ow-button-hover\" target=\"_blank\" rel=\"noopener noreferrer\" \t\t>\n\t\t<span>\n\t\t\t\n\t\t\tSAIBA MAIS\t\t<\/span>\n\t<\/a>\n<\/div>\n<\/div><\/div><\/div><\/div><\/div><\/div><\/div><div id=\"pgc-150-3-1\"  class=\"panel-grid-cell\" ><div id=\"panel-150-3-1-0\" class=\"so-panel widget widget_siteorigin-panels-builder panel-first-child panel-last-child\" data-index=\"7\" ><div id=\"pl-w682f686fbcd3e\"  class=\"panel-layout\" ><div id=\"pg-w682f686fbcd3e-0\"  class=\"panel-grid panel-no-style\" ><div id=\"pgc-w682f686fbcd3e-0-0\"  class=\"panel-grid-cell\" ><div id=\"panel-w682f686fbcd3e-0-0-0\" class=\"so-panel widget widget_sow-image panel-first-child panel-last-child\" data-index=\"0\" ><div\n\t\t\t\n\t\t\tclass=\"so-widget-sow-image so-widget-sow-image-default-17bc2272b535\"\n\t\t\t\n\t\t>\n\n<div class=\"sow-image-container\">\n\t\t<img src=\"https:\/\/www2.uepg.br\/dequim\/wp-content\/uploads\/sites\/233\/2025\/05\/BCE.png\" width=\"150\" height=\"150\" sizes=\"(max-width: 150px) 100vw, 150px\" alt=\"\" loading=\"lazy\" \t\tclass=\"so-widget-image\"\/>\n\t<\/div>\n\n<\/div><\/div><\/div><\/div><div id=\"pg-w682f686fbcd3e-1\"  class=\"panel-grid panel-no-style\" ><div id=\"pgc-w682f686fbcd3e-1-0\"  class=\"panel-grid-cell panel-grid-cell-empty\" ><\/div><\/div><\/div><\/div><\/div><\/div><\/div><div id=\"pg-150-4\"  class=\"panel-grid panel-has-style\" ><div class=\"panel-row-style panel-row-style-for-150-4\" ><div id=\"pgc-150-4-0\"  class=\"panel-grid-cell\" ><div id=\"panel-150-4-0-0\" class=\"so-panel widget widget_siteorigin-panels-builder panel-first-child panel-last-child\" data-index=\"8\" ><div id=\"pl-w6829024f4603a\"  class=\"panel-layout\" ><div id=\"pg-w6829024f4603a-0\"  class=\"panel-grid panel-no-style\" ><div id=\"pgc-w6829024f4603a-0-0\"  class=\"panel-grid-cell\" ><div id=\"panel-w6829024f4603a-0-0-0\" class=\"so-panel widget widget_text panel-first-child panel-last-child\" data-index=\"0\" >\t\t\t<div class=\"textwidget\"><p style=\"font-weight: 400;line-height: 1.2em;text-align: justify;color: #000000;font-size: 30px;font-family: 'Open Sans', sans-serif;margin: 10px\"><b>Escrit\u00f3rio de Rela\u00e7\u00f5es Internacionais<\/b><\/p>\n<p style=\"font-weight: 400;line-height: 1.2em;text-align: justify;color: #455361;font-size: 20px;font-family: 'Open Sans', sans-serif;margin: 10px\"><span style=\"font-weight: 400\">Informa\u00e7\u00f5es &amp; editais sobre interc\u00e2mbios, mobilidade acad\u00eamica e conv\u00eanios.<\/span><\/p>\n<\/div>\n\t\t<\/div><\/div><\/div><div id=\"pg-w6829024f4603a-1\"  class=\"panel-grid panel-no-style\" ><div id=\"pgc-w6829024f4603a-1-0\"  class=\"panel-grid-cell\" ><div id=\"panel-w6829024f4603a-1-0-0\" class=\"so-panel widget widget_sow-button panel-first-child panel-last-child\" data-index=\"1\" ><div\n\t\t\t\n\t\t\tclass=\"so-widget-sow-button so-widget-sow-button-wire-cda64910dbf5\"\n\t\t\t\n\t\t><div class=\"ow-button-base ow-button-align-left\">\n\t<a href=\"https:\/\/www2.uepg.br\/eri\/\" class=\"ow-icon-placement-left ow-button-hover\" target=\"_blank\" rel=\"noopener noreferrer\" \t\t>\n\t\t<span>\n\t\t\t\n\t\t\tSAIBA MAIS\t\t<\/span>\n\t<\/a>\n<\/div>\n<\/div><\/div><\/div><\/div><\/div><\/div><\/div><div id=\"pgc-150-4-1\"  class=\"panel-grid-cell\" ><div id=\"panel-150-4-1-0\" class=\"so-panel widget widget_siteorigin-panels-builder panel-first-child panel-last-child\" data-index=\"9\" ><div id=\"pl-w6829024f4697d\"  class=\"panel-layout\" ><div id=\"pg-w6829024f4697d-0\"  class=\"panel-grid panel-no-style\" ><div id=\"pgc-w6829024f4697d-0-0\"  class=\"panel-grid-cell\" ><div id=\"panel-w6829024f4697d-0-0-0\" class=\"so-panel widget widget_sow-image panel-first-child panel-last-child\" data-index=\"0\" ><div\n\t\t\t\n\t\t\tclass=\"so-widget-sow-image so-widget-sow-image-default-d6014b76747a\"\n\t\t\t\n\t\t>\n\n<div class=\"sow-image-container\">\n\t\t<img src=\"https:\/\/www2.uepg.br\/dequim\/wp-content\/uploads\/sites\/233\/2025\/05\/ERI.png\" width=\"1382\" height=\"1056\" sizes=\"(max-width: 1382px) 100vw, 1382px\" alt=\"\" loading=\"lazy\" \t\tclass=\"so-widget-image\"\/>\n\t<\/div>\n\n<\/div><\/div><\/div><\/div><div id=\"pg-w6829024f4697d-1\"  class=\"panel-grid panel-no-style\" ><div id=\"pgc-w6829024f4697d-1-0\"  class=\"panel-grid-cell panel-grid-cell-empty\" ><\/div><\/div><\/div><\/div><\/div><\/div><\/div><div id=\"pg-150-5\"  class=\"panel-grid panel-has-style\" ><div class=\"panel-row-style panel-row-style-for-150-5\" ><div id=\"pgc-150-5-0\"  class=\"panel-grid-cell\" ><div id=\"panel-150-5-0-0\" class=\"so-panel widget widget_siteorigin-panels-builder panel-first-child panel-last-child\" data-index=\"10\" ><div id=\"pl-w682f67e49c740\"  class=\"panel-layout\" ><div id=\"pg-w682f67e49c740-0\"  class=\"panel-grid panel-no-style\" ><div id=\"pgc-w682f67e49c740-0-0\"  class=\"panel-grid-cell\" ><div id=\"panel-w682f67e49c740-0-0-0\" class=\"so-panel widget widget_text panel-first-child panel-last-child\" data-index=\"0\" >\t\t\t<div class=\"textwidget\"><p style=\"font-weight: 400;line-height: 1.2em;text-align: justify;color: #000000;font-size: 30px;font-family: 'Open Sans', sans-serif;margin: 10px\"><b>Ag\u00eancia de Inova\u00e7\u00e3o e Propriedade Intelectual<\/b><\/p>\n<p style=\"font-weight: 400;line-height: 1.2em;text-align: justify;color: #455361;font-size: 20px;font-family: 'Open Sans', sans-serif;margin: 10px\"><span style=\"font-weight: 400\">Informa\u00e7\u00f5es sobre dep\u00f3sitos de patentes, cria\u00e7\u00e3o de &#8220;<em>Startups<\/em>&#8221; incubadas na UEPG, legisla\u00e7\u00f5es e demais servi\u00e7os.<\/span><\/p>\n<\/div>\n\t\t<\/div><\/div><\/div><div id=\"pg-w682f67e49c740-1\"  class=\"panel-grid panel-no-style\" ><div id=\"pgc-w682f67e49c740-1-0\"  class=\"panel-grid-cell\" ><div id=\"panel-w682f67e49c740-1-0-0\" class=\"so-panel widget widget_sow-button panel-first-child panel-last-child\" data-index=\"1\" ><div\n\t\t\t\n\t\t\tclass=\"so-widget-sow-button so-widget-sow-button-wire-cda64910dbf5\"\n\t\t\t\n\t\t><div class=\"ow-button-base ow-button-align-left\">\n\t<a href=\"https:\/\/www2.uepg.br\/agipi\/\" class=\"ow-icon-placement-left ow-button-hover\" target=\"_blank\" rel=\"noopener noreferrer\" \t\t>\n\t\t<span>\n\t\t\t\n\t\t\tSAIBA MAIS\t\t<\/span>\n\t<\/a>\n<\/div>\n<\/div><\/div><\/div><\/div><\/div><\/div><\/div><div id=\"pgc-150-5-1\"  class=\"panel-grid-cell\" ><div id=\"panel-150-5-1-0\" class=\"so-panel widget widget_siteorigin-panels-builder panel-first-child panel-last-child\" data-index=\"11\" ><div id=\"pl-w682f67772e0c2\"  class=\"panel-layout\" ><div id=\"pg-w682f67772e0c2-0\"  class=\"panel-grid panel-no-style\" ><div id=\"pgc-w682f67772e0c2-0-0\"  class=\"panel-grid-cell\" ><div id=\"panel-w682f67772e0c2-0-0-0\" class=\"so-panel widget widget_sow-image panel-first-child panel-last-child\" data-index=\"0\" ><div\n\t\t\t\n\t\t\tclass=\"so-widget-sow-image so-widget-sow-image-default-17bc2272b535\"\n\t\t\t\n\t\t>\n\n<div class=\"sow-image-container\">\n\t\t<img src=\"https:\/\/www2.uepg.br\/dequim\/wp-content\/uploads\/sites\/233\/2025\/05\/AGIPI-1.jpg\" width=\"102\" height=\"150\" sizes=\"(max-width: 102px) 100vw, 102px\" title=\"Video Connect Week Curitiba &#8211; 2\" alt=\"\" loading=\"lazy\" \t\tclass=\"so-widget-image\"\/>\n\t<\/div>\n\n<\/div><\/div><\/div><\/div><div id=\"pg-w682f67772e0c2-1\"  class=\"panel-grid panel-no-style\" ><div id=\"pgc-w682f67772e0c2-1-0\"  class=\"panel-grid-cell panel-grid-cell-empty\" ><\/div><\/div><\/div><\/div><\/div><\/div><\/div><\/div>","protected":false},"excerpt":{"rendered":"<p>Acad\u00eamico Informa\u00e7\u00f5es sobre pol\u00edtica de cotas, moradia estudantil, atendimentos, eventos e etc. SAIBA MAIS Normas acad\u00eamicas Acesse documentos oficiais que regulamentam atividades acad\u00eamicas, est\u00e1gios e p\u00f3s-gradua\u00e7\u00e3o. SAIBA MAIS Extens\u00e3o Normas que regulamentam projetos e cursos de Extens\u00e3o. SAIBA MAIS Biblioteca Acesse livros digitais, Normas ABNT (com v\u00eddeos tutoriais), Peri\u00f3dicos CAPES, entre outros. SAIBA MAIS Escrit\u00f3rio&nbsp;&hellip;<\/p>\n","protected":false},"author":378,"featured_media":0,"parent":0,"menu_order":0,"comment_status":"closed","ping_status":"closed","template":"","meta":[],"_links":{"self":[{"href":"https:\/\/www2.uepg.br\/dequim\/wp-json\/wp\/v2\/pages\/150"}],"collection":[{"href":"https:\/\/www2.uepg.br\/dequim\/wp-json\/wp\/v2\/pages"}],"about":[{"href":"https:\/\/www2.uepg.br\/dequim\/wp-json\/wp\/v2\/types\/page"}],"author":[{"embeddable":true,"href":"https:\/\/www2.uepg.br\/dequim\/wp-json\/wp\/v2\/users\/378"}],"replies":[{"embeddable":true,"href":"https:\/\/www2.uepg.br\/dequim\/wp-json\/wp\/v2\/comments?post=150"}],"version-history":[{"count":65,"href":"https:\/\/www2.uepg.br\/dequim\/wp-json\/wp\/v2\/pages\/150\/revisions"}],"predecessor-version":[{"id":1137,"href":"https:\/\/www2.uepg.br\/dequim\/wp-json\/wp\/v2\/pages\/150\/revisions\/1137"}],"wp:attachment":[{"href":"https:\/\/www2.uepg.br\/dequim\/wp-json\/wp\/v2\/media?parent=150"}],"curies":[{"name":"wp","href":"https:\/\/api.w.org\/{rel}","templated":true}]}}