{"id":187,"date":"2022-03-31T16:07:39","date_gmt":"2022-03-31T19:07:39","guid":{"rendered":"https:\/\/www2.uepg.br\/dequim\/?page_id=187"},"modified":"2025-05-22T15:31:18","modified_gmt":"2025-05-22T18:31:18","slug":"contato","status":"publish","type":"page","link":"https:\/\/www2.uepg.br\/dequim\/contato\/","title":{"rendered":"Contato"},"content":{"rendered":"<div id=\"pl-187\"  class=\"panel-layout\" ><div id=\"pg-187-0\"  class=\"panel-grid panel-no-style\" ><div id=\"pgc-187-0-0\"  class=\"panel-grid-cell\" ><div id=\"panel-187-0-0-0\" class=\"so-panel widget widget_siteorigin-panels-builder panel-first-child panel-last-child\" data-index=\"0\" ><div id=\"pl-w682f6d760e1b4\"  class=\"panel-layout\" ><div id=\"pg-w682f6d760e1b4-0\"  class=\"panel-grid panel-no-style\" ><div id=\"pgc-w682f6d760e1b4-0-0\"  class=\"panel-grid-cell\" ><div id=\"panel-w682f6d760e1b4-0-0-0\" class=\"so-panel widget widget_text panel-first-child panel-last-child\" data-index=\"0\" >\t\t\t<div class=\"textwidget\"><p><strong><span class=\"sow-headline\" style=\"font-weight: 800;line-height: 50px;color: #0070c0 !important;font-size: 18px;font-family: 'Open Sans', sans-serif;text-align: justify\">Contato<\/span><\/strong><\/p>\n<h1 class=\"sow-headline\" style=\"color: #000000;font-size: 32px;font-family: 'Arial Black', sans-serif;text-align: left\"><strong>Adorar\u00edamos ouvir voc\u00ea!<\/strong><\/h1>\n<div role=\"form\" class=\"wpcf7\" id=\"wpcf7-f1138-o1\" lang=\"pt-BR\" dir=\"ltr\">\n<div class=\"screen-reader-response\"><p role=\"status\" aria-live=\"polite\" aria-atomic=\"true\"><\/p> <ul><\/ul><\/div>\n<form action=\"\/dequim\/wp-json\/wp\/v2\/pages\/187#wpcf7-f1138-o1\" method=\"post\" class=\"wpcf7-form init\" novalidate=\"novalidate\" data-status=\"init\">\n<div style=\"display: none;\">\n<input type=\"hidden\" name=\"_wpcf7\" value=\"1138\" \/>\n<input type=\"hidden\" name=\"_wpcf7_version\" value=\"5.6.4\" \/>\n<input type=\"hidden\" name=\"_wpcf7_locale\" value=\"pt_BR\" \/>\n<input type=\"hidden\" name=\"_wpcf7_unit_tag\" value=\"wpcf7-f1138-o1\" \/>\n<input type=\"hidden\" name=\"_wpcf7_container_post\" value=\"0\" \/>\n<input type=\"hidden\" name=\"_wpcf7_posted_data_hash\" value=\"\" \/>\n<\/div>\n<p><label> Seu nome<br \/>\n    <span class=\"wpcf7-form-control-wrap\" data-name=\"your-name\"><input type=\"text\" name=\"your-name\" value=\"\" size=\"40\" class=\"wpcf7-form-control wpcf7-text wpcf7-validates-as-required\" aria-required=\"true\" aria-invalid=\"false\" \/><\/span> <\/label><\/p>\n<p><label> Seu e-mail<br \/>\n    <span class=\"wpcf7-form-control-wrap\" data-name=\"your-email\"><input type=\"email\" name=\"your-email\" value=\"\" size=\"40\" class=\"wpcf7-form-control wpcf7-text wpcf7-email wpcf7-validates-as-required wpcf7-validates-as-email\" aria-required=\"true\" aria-invalid=\"false\" \/><\/span> <\/label><\/p>\n<p><label> Assunto<br \/>\n    <span class=\"wpcf7-form-control-wrap\" data-name=\"your-subject\"><input type=\"text\" name=\"your-subject\" value=\"\" size=\"40\" class=\"wpcf7-form-control wpcf7-text wpcf7-validates-as-required\" aria-required=\"true\" aria-invalid=\"false\" \/><\/span> <\/label><\/p>\n<p><label> Sua mensagem (opcional)<br \/>\n    <span class=\"wpcf7-form-control-wrap\" data-name=\"your-message\"><textarea name=\"your-message\" cols=\"40\" rows=\"10\" class=\"wpcf7-form-control wpcf7-textarea\" aria-invalid=\"false\"><\/textarea><\/span> <\/label><\/p>\n<p><input type=\"submit\" value=\"ENVIAR MENSAGEM\" class=\"wpcf7-form-control has-spinner wpcf7-submit\" \/><\/p>\n<div class=\"wpcf7-response-output\" aria-hidden=\"true\"><\/div><\/form><\/div>\n<\/div>\n\t\t<\/div><\/div><\/div><\/div><\/div><\/div><div id=\"pgc-187-0-1\"  class=\"panel-grid-cell\" ><div id=\"panel-187-0-1-0\" class=\"so-panel widget widget_siteorigin-panels-builder panel-first-child panel-last-child\" data-index=\"1\" ><div class=\"panel-widget-style panel-widget-style-for-187-0-1-0\" ><div id=\"pl-w681423825b458\"  class=\"panel-layout\" ><div id=\"pg-w681423825b458-0\"  class=\"panel-grid panel-no-style\" ><div id=\"pgc-w681423825b458-0-0\"  class=\"panel-grid-cell\" ><div id=\"panel-w681423825b458-0-0-0\" class=\"so-panel widget widget_media_image panel-first-child\" data-index=\"0\" ><a href=\"https:\/\/www.google.com.br\/maps\/place\/Bloco+L+-+Campus+Uvaranas+-+UEPG+-+Uvaranas,+Ponta+Grossa+-+PR\/@-25.094849,-50.1061635,17z\/data=!4m6!3m5!1s0x94e81b7f53e43083:0x58456c07ccd3e141!8m2!3d-25.0948888!4d-50.1058033!16s%2Fg%2F11bbt326kf?entry=ttu&#038;g_ep=EgoyMDI1MDQyOC4wIKXMDSoASAFQAw%3D%3D\"><img width=\"1846\" height=\"1402\" src=\"https:\/\/www2.uepg.br\/dequim\/wp-content\/uploads\/sites\/233\/2025\/05\/Captura-de-Tela-2025-05-01-a\u0300s-12.46.48.png\" class=\"image wp-image-909  attachment-full size-full\" alt=\"\" loading=\"lazy\" style=\"max-width: 100%; height: auto;\" \/><\/a><\/div><div id=\"panel-w681423825b458-0-0-1\" class=\"so-panel widget widget_text panel-last-child\" data-index=\"1\" >\t\t\t<div class=\"textwidget\"><div style=\"line-height: 1;margin: 0 15px 15px 15px;padding: 0\">\n  <strong><span class=\"sow-headline\" style=\"font-weight: 800;line-height: 1.2;color: #000000 !important;font-size: 15px;font-family: 'Open Sans', sans-serif;text-align: justify;margin-bottom: 5px\">Contato<\/span><\/strong><\/p>\n<p class=\"sow-sub-headline\" style=\"font-weight: 400;line-height: 1.2;text-align: justify;color: #595959;font-size: 15px;font-family: 'Open Sans', sans-serif;margin: 0 0 5px 0\">Departamento de Qu\u00edmica UEPG<\/p>\n<p style=\"margin: 0 0 5px 0\"><span style=\"font-size: 20px;color: #595959\">\u2709<\/span> <a style=\"color: #595959;font-size: 15px;font-family: 'Open Sans', sans-serif;text-decoration: underline\" href=\"mailto:dequim@uepg.br?subject=Contato%20via%20site\">dequim@uepg.br<\/a><\/p>\n<p class=\"sow-sub-headline\" style=\"font-weight: 400;line-height: 1.2;text-align: justify;color: #595959;font-size: 15px;font-family: 'Open Sans', sans-serif;margin: 0 0 5px 0\"><span style=\"font-size: 20px;color: #595959\">\ud83d\udcde<\/span> (42) 3220-3062<\/p>\n<p class=\"sow-sub-headline\" style=\"font-weight: 400;line-height: 1.2;text-align: justify;color: #595959;font-size: 15px;font-family: 'Open Sans', sans-serif;margin: 0\">Av. Gen. Carlos Cavalcanti, 4748 &#8211; Uvaranas &#8211; Bloco L<\/p>\n<\/div>\n<\/div>\n\t\t<\/div><\/div><\/div><\/div><\/div><\/div><\/div><\/div><\/div>","protected":false},"excerpt":{"rendered":"<p>Contato Adorar\u00edamos ouvir voc\u00ea! Seu nome Seu e-mail Assunto Sua mensagem (opcional) Contato Departamento de Qu\u00edmica UEPG \u2709 dequim@uepg.br \ud83d\udcde (42) 3220-3062 Av. Gen. Carlos Cavalcanti, 4748 &#8211; Uvaranas &#8211; Bloco L<\/p>\n","protected":false},"author":378,"featured_media":0,"parent":0,"menu_order":0,"comment_status":"closed","ping_status":"closed","template":"","meta":[],"_links":{"self":[{"href":"https:\/\/www2.uepg.br\/dequim\/wp-json\/wp\/v2\/pages\/187"}],"collection":[{"href":"https:\/\/www2.uepg.br\/dequim\/wp-json\/wp\/v2\/pages"}],"about":[{"href":"https:\/\/www2.uepg.br\/dequim\/wp-json\/wp\/v2\/types\/page"}],"author":[{"embeddable":true,"href":"https:\/\/www2.uepg.br\/dequim\/wp-json\/wp\/v2\/users\/378"}],"replies":[{"embeddable":true,"href":"https:\/\/www2.uepg.br\/dequim\/wp-json\/wp\/v2\/comments?post=187"}],"version-history":[{"count":29,"href":"https:\/\/www2.uepg.br\/dequim\/wp-json\/wp\/v2\/pages\/187\/revisions"}],"predecessor-version":[{"id":1141,"href":"https:\/\/www2.uepg.br\/dequim\/wp-json\/wp\/v2\/pages\/187\/revisions\/1141"}],"wp:attachment":[{"href":"https:\/\/www2.uepg.br\/dequim\/wp-json\/wp\/v2\/media?parent=187"}],"curies":[{"name":"wp","href":"https:\/\/api.w.org\/{rel}","templated":true}]}}