{"id":485,"date":"2025-04-13T15:49:21","date_gmt":"2025-04-13T18:49:21","guid":{"rendered":"https:\/\/www2.uepg.br\/dequim\/?page_id=485"},"modified":"2025-05-22T15:35:09","modified_gmt":"2025-05-22T18:35:09","slug":"gestao","status":"publish","type":"page","link":"https:\/\/www2.uepg.br\/dequim\/gestao\/","title":{"rendered":"Gest\u00e3o 2025-2027"},"content":{"rendered":"<div id=\"pl-485\"  class=\"panel-layout\" ><div id=\"pg-485-0\"  class=\"panel-grid panel-no-style\" ><div id=\"pgc-485-0-0\"  class=\"panel-grid-cell\" ><div id=\"panel-485-0-0-0\" class=\"so-panel widget widget_media_image panel-first-child panel-last-child\" data-index=\"0\" ><img width=\"5546\" height=\"6810\" src=\"https:\/\/www2.uepg.br\/dequim\/wp-content\/uploads\/sites\/233\/2025\/04\/Foto.jpg\" class=\"image wp-image-632  attachment-full size-full\" alt=\"\" loading=\"lazy\" style=\"max-width: 100%; height: auto;\" \/><\/div><\/div><div id=\"pgc-485-0-1\"  class=\"panel-grid-cell\" ><div id=\"panel-485-0-1-0\" class=\"so-panel widget widget_siteorigin-panels-builder panel-first-child panel-last-child\" data-index=\"1\" ><div id=\"pl-w680a4979dcfc0\"  class=\"panel-layout\" ><div id=\"pg-w680a4979dcfc0-0\"  class=\"panel-grid panel-no-style\" ><div id=\"pgc-w680a4979dcfc0-0-0\"  class=\"panel-grid-cell\" ><div id=\"panel-w680a4979dcfc0-0-0-0\" class=\"so-panel widget widget_sow-editor panel-first-child panel-last-child\" data-index=\"0\" ><div\n\t\t\t\n\t\t\tclass=\"so-widget-sow-editor so-widget-sow-editor-base\"\n\t\t\t\n\t\t>\n<div class=\"siteorigin-widget-tinymce textwidget\">\n\t<p><strong><span class=\"sow-headline\" style=\"font-weight: 800;line-height: 50px;color: #000000 !important;font-size: 32px;font-family: 'Open Sans', sans-serif;text-align: justify\">Dra. Patr\u00edcia Los Weinert<\/span><\/strong><\/p>\n<h3 class=\"sow-headline\" style=\"color: #595959;font-size: 18px;font-family: 'Open Sans', sans-serif;text-align: right\"><em>(Chefe do Departamento de Qu\u00edmica)<\/em><\/h3>\n<p>&nbsp;<\/p>\n<p class=\"sow-sub-headline\" style=\"font-weight: 400;line-height: 1.4em;text-align: justify;color: #595959;font-size: 20px;font-family: 'Open Sans', sans-serif\">Doutora em Qu\u00edmica com \u00eanfase em Qu\u00edmica Anal\u00edtica, a Dra. Patr\u00edcia Los Weinert \u00e9 graduada em Licenciatura em Qu\u00edmica pela UEPG, com mestrado e doutorado pela UNESP. Atua no desenvolvimento e valida\u00e7\u00e3o de m\u00e9todos anal\u00edticos para an\u00e1lises de subst\u00e2ncias de interesse ambiental, nutricional, agroaliment\u00edcios e f\u00e1rmacos, utilizando ferramentas quimiom\u00e9tricas e cromatografia. Com experi\u00eancia tamb\u00e9m em Qu\u00edmica Supramolecular, trabalhou com calixarenos sintetizados e aplicados para a extra\u00e7\u00e3o de metais, c\u00e1tions alcalinos e c\u00e1tions alcalino-terrosos. Como gestora, tem demonstrado comprometimento com a excel\u00eancia acad\u00eamica e defende a import\u00e2ncia da intera\u00e7\u00e3o entre universidade e comunidade UEPG.<\/p>\n<\/div>\n<\/div><\/div><\/div><\/div><\/div><\/div><\/div><\/div><div id=\"pg-485-1\"  class=\"panel-grid panel-no-style\" ><div id=\"pgc-485-1-0\"  class=\"panel-grid-cell\" ><div id=\"panel-485-1-0-0\" class=\"so-panel widget widget_siteorigin-panels-builder panel-first-child panel-last-child\" data-index=\"2\" ><div id=\"pl-w680b82e3dd4de\"  class=\"panel-layout\" ><div id=\"pg-w680b82e3dd4de-0\"  class=\"panel-grid panel-no-style\" ><div id=\"pgc-w680b82e3dd4de-0-0\"  class=\"panel-grid-cell\" ><div id=\"panel-w680b82e3dd4de-0-0-0\" class=\"so-panel widget widget_sow-editor panel-first-child panel-last-child\" data-index=\"0\" ><div\n\t\t\t\n\t\t\tclass=\"so-widget-sow-editor so-widget-sow-editor-base\"\n\t\t\t\n\t\t>\n<div class=\"siteorigin-widget-tinymce textwidget\">\n\t<p><strong><span class=\"sow-headline\" style=\"font-weight: 800;line-height: 50px;color: #000000 !important;font-size: 32px;font-family: 'Open Sans', sans-serif;text-align: justify\">Dra. Elaine Regina Lopes Tiburtius<\/span><\/strong><\/p>\n<h3 class=\"sow-headline\" style=\"color: #595959;font-size: 18px;font-family: 'Open Sans', sans-serif;text-align: right\"><em>(Chefe Adjunto do Departamento de Qu\u00edmica)<\/em><\/h3>\n<p>&nbsp;<\/p>\n<p class=\"sow-sub-headline\" style=\"font-weight: 400;line-height: 1.4em;text-align: justify;color: #595959;font-size: 20px;font-family: 'Open Sans', sans-serif\">Doutora em Qu\u00edmica com \u00eanfase em Qu\u00edmica Ambiental e Anal\u00edtica, a Profa. Dra. Elaine Regina Lopes Tiburtius \u00e9 membro da Red de An\u00e1lises de La Calidad Ambiental en Am\u00e9rica Latina (RACAL), da Associa\u00e7\u00e3o Brasileira de Processos Oxidativos Avan\u00e7ados (ABPOA) e do comit\u00ea cient\u00edfico internacional do Iberoamerican Conference on Advanced Oxidation Technologies (CIPOA). Sua atua\u00e7\u00e3o cient\u00edfica concentra-se em \u00e1reas estrat\u00e9gicas para o meio ambiente, com foco principal no desenvolvimento de tecnologias para degrada\u00e7\u00e3o de poluentes ambientais por meio de processos oxidativos avan\u00e7ados. Coordena em conjunto com a profa. Dra. Patr\u00edcia Los Weinert um projeto de pesquisa envolvendo conv\u00eanio entre a UEPG e o munic\u00edpio de Cerro Azul, focado na investiga\u00e7\u00e3o da qualidade da \u00e1gua em zonas rurais e suas implica\u00e7\u00f5es para a sa\u00fade da popula\u00e7\u00e3o local.<\/p>\n<\/div>\n<\/div><\/div><\/div><\/div><\/div><\/div><\/div><div id=\"pgc-485-1-1\"  class=\"panel-grid-cell\" ><div id=\"panel-485-1-1-0\" class=\"so-panel widget widget_media_image panel-first-child panel-last-child\" data-index=\"3\" ><img width=\"960\" height=\"1281\" src=\"https:\/\/www2.uepg.br\/dequim\/wp-content\/uploads\/sites\/233\/2025\/04\/Elaine_background.png\" class=\"image wp-image-896  attachment-full size-full\" alt=\"\" loading=\"lazy\" style=\"max-width: 100%; height: auto;\" \/><\/div><\/div><\/div><div id=\"pg-485-2\"  class=\"panel-grid panel-no-style\" ><div id=\"pgc-485-2-0\"  class=\"panel-grid-cell\" ><div id=\"panel-485-2-0-0\" class=\"so-panel widget widget_media_image panel-first-child panel-last-child\" data-index=\"4\" ><img width=\"952\" height=\"1096\" src=\"https:\/\/www2.uepg.br\/dequim\/wp-content\/uploads\/sites\/233\/2025\/05\/Vanessa_background-1.png\" class=\"image wp-image-905  attachment-full size-full\" alt=\"\" loading=\"lazy\" style=\"max-width: 100%; height: auto;\" \/><\/div><\/div><div id=\"pgc-485-2-1\"  class=\"panel-grid-cell\" ><div id=\"panel-485-2-1-0\" class=\"so-panel widget widget_siteorigin-panels-builder panel-first-child panel-last-child\" data-index=\"5\" ><div id=\"pl-w681388d83fa5d\"  class=\"panel-layout\" ><div id=\"pg-w681388d83fa5d-0\"  class=\"panel-grid panel-no-style\" ><div id=\"pgc-w681388d83fa5d-0-0\"  class=\"panel-grid-cell\" ><div id=\"panel-w681388d83fa5d-0-0-0\" class=\"so-panel widget widget_sow-editor panel-first-child panel-last-child\" data-index=\"0\" ><div\n\t\t\t\n\t\t\tclass=\"so-widget-sow-editor so-widget-sow-editor-base\"\n\t\t\t\n\t\t>\n<div class=\"siteorigin-widget-tinymce textwidget\">\n\t<p><strong><span class=\"sow-headline\" style=\"font-weight: 800;line-height: 50px;color: #000000 !important;font-size: 32px;font-family: 'Open Sans', sans-serif;text-align: justify\">Dra. Vanessa Eg\u00e9a dos Anjos<\/span><\/strong><\/p>\n<h3 class=\"sow-headline\" style=\"color: #595959;font-size: 18px;font-family: 'Open Sans', sans-serif;text-align: right\"><em>(Coordenadora do Curso de Bacharelado em Qu\u00edmica Tecnol\u00f3gica)<\/em><\/h3>\n<p class=\"sow-sub-headline\" style=\"font-weight: 400;line-height: 1.4em;text-align: justify;color: #595959;font-size: 20px;font-family: 'Open Sans', sans-serif\">Doutora em Qu\u00edmica com \u00eanfase em Qu\u00edmica Ambiental pela UFPR, a Profa. Dra. Vanessa Eg\u00e9a dos Anjos desenvolveu estudos pioneiros no Brasil sobre especia\u00e7\u00e3o de metais em \u00e1guas naturais utilizando a t\u00e9cnica de difus\u00e3o em filmes finos por gradiente de concentra\u00e7\u00e3o (DGT). Atua na linha de pesquisa em Qu\u00edmica Ambiental e Anal\u00edtica da UEPG. Al\u00e9m disso, lidera projetos focados em m\u00e9todos anal\u00edticos para especia\u00e7\u00e3o qu\u00edmica e desenvolvimento de dispositivos para estudos ambientais in situ. Vem realizando estudos que aliam aspectos da especia\u00e7\u00e3o qu\u00edmica e da bioacessibilidade de elementos tra\u00e7o. Tem experi\u00eancia em gest\u00e3o na \u00e1rea da p\u00f3s-gradua\u00e7\u00e3o.<\/p>\n<\/div>\n<\/div><\/div><\/div><\/div><\/div><\/div><\/div><\/div><div id=\"pg-485-3\"  class=\"panel-grid panel-no-style\" ><div id=\"pgc-485-3-0\"  class=\"panel-grid-cell\" ><div id=\"panel-485-3-0-0\" class=\"so-panel widget widget_siteorigin-panels-builder panel-first-child panel-last-child\" data-index=\"6\" ><div id=\"pl-w6828eebd0f47f\"  class=\"panel-layout\" ><div id=\"pg-w6828eebd0f47f-0\"  class=\"panel-grid panel-no-style\" ><div id=\"pgc-w6828eebd0f47f-0-0\"  class=\"panel-grid-cell\" ><div id=\"panel-w6828eebd0f47f-0-0-0\" class=\"so-panel widget widget_sow-editor panel-first-child panel-last-child\" data-index=\"0\" ><div\n\t\t\t\n\t\t\tclass=\"so-widget-sow-editor so-widget-sow-editor-base\"\n\t\t\t\n\t\t>\n<div class=\"siteorigin-widget-tinymce textwidget\">\n\t<p><strong><span class=\"sow-headline\" style=\"font-weight: 800;line-height: 50px;color: #000000 !important;font-size: 32px;font-family: 'Open Sans', sans-serif;text-align: justify\">Dra. Luciana de Boer Pinheiro de Souza<\/span><\/strong><\/p>\n<h3 class=\"sow-headline\" style=\"color: #595959;font-size: 18px;font-family: 'Open Sans', sans-serif;text-align: right\"><em>(Coordenadora do curso de Licenciatura em Qu\u00edmica)<\/em><\/h3>\n<p>&nbsp;<\/p>\n<p class=\"sow-sub-headline\" style=\"font-weight: 400;line-height: 1.4em;text-align: justify;color: #595959;font-size: 20px;font-family: 'Open Sans', sans-serif\">Doutora em Qu\u00edmica Org\u00e2nica pela UFSC (2010), a Profa. Dra. Luciana de Boer Pinheiro de Souza coordena o curso de Licenciatura em Qu\u00edmica da UEPG, onde valoriza a experimenta\u00e7\u00e3o e a integra\u00e7\u00e3o teoria-pr\u00e1tica na forma\u00e7\u00e3o docente. Formada em bacharelado (2003) e licenciatura (2008) pela UFSC, sua trajet\u00f3ria inclui p\u00f3s-doutorado no Centro de Energia, Ambiente e Biodiversidade da Universidade do Estado do Amazonas. Pesquisadora experiente em s\u00edntese org\u00e2nica, desenvolvimento de metodologias sint\u00e9ticas e educa\u00e7\u00e3o inclusiva, tem se dedicado \u00e0 aproxima\u00e7\u00e3o do curso com a comunidade atrav\u00e9s de eventos de divulga\u00e7\u00e3o cient\u00edfica e mostras sobre a profiss\u00e3o do qu\u00edmico. Como coordenadora, combina sua expertise cient\u00edfica com habilidades de lideran\u00e7a para fortalecer o ensino, a pesquisa, a extens\u00e3o e a inova\u00e7\u00e3o.<\/p>\n<\/div>\n<\/div><\/div><\/div><\/div><\/div><\/div><\/div><div id=\"pgc-485-3-1\"  class=\"panel-grid-cell\" ><div id=\"panel-485-3-1-0\" class=\"so-panel widget widget_media_image panel-first-child panel-last-child\" data-index=\"7\" ><img width=\"760\" height=\"1009\" src=\"https:\/\/www2.uepg.br\/dequim\/wp-content\/uploads\/sites\/233\/2025\/05\/Luciana.png\" class=\"image wp-image-1077  attachment-full size-full\" alt=\"\" loading=\"lazy\" style=\"max-width: 100%; height: auto;\" \/><\/div><\/div><\/div><div id=\"pg-485-4\"  class=\"panel-grid panel-no-style\" ><div id=\"pgc-485-4-0\"  class=\"panel-grid-cell\" ><div id=\"panel-485-4-0-0\" class=\"so-panel widget widget_media_image panel-first-child panel-last-child\" data-index=\"8\" ><img width=\"1201\" height=\"1601\" src=\"https:\/\/www2.uepg.br\/dequim\/wp-content\/uploads\/sites\/233\/2025\/05\/Sandrinha-background.png\" class=\"image wp-image-926  attachment-full size-full\" alt=\"\" loading=\"lazy\" style=\"max-width: 100%; height: auto;\" \/><\/div><\/div><div id=\"pgc-485-4-1\"  class=\"panel-grid-cell\" ><div id=\"panel-485-4-1-0\" class=\"so-panel widget widget_siteorigin-panels-builder panel-first-child panel-last-child\" data-index=\"9\" ><div id=\"pl-w680a4b425ae4c\"  class=\"panel-layout\" ><div id=\"pg-w680a4b425ae4c-0\"  class=\"panel-grid panel-no-style\" ><div id=\"pgc-w680a4b425ae4c-0-0\"  class=\"panel-grid-cell\" ><div id=\"panel-w680a4b425ae4c-0-0-0\" class=\"so-panel widget widget_sow-editor panel-first-child panel-last-child\" data-index=\"0\" ><div\n\t\t\t\n\t\t\tclass=\"so-widget-sow-editor so-widget-sow-editor-base\"\n\t\t\t\n\t\t>\n<div class=\"siteorigin-widget-tinymce textwidget\">\n\t<p><strong><span class=\"sow-headline\" style=\"font-weight: 800;line-height: 50px;color: #000000 !important;font-size: 32px;font-family: 'Open Sans', sans-serif;text-align: justify\">Sandra M\u00e1rcia Linhares de Lara<\/span><\/strong><\/p>\n<h3 class=\"sow-headline\" style=\"color: #595959;font-size: 18px;font-family: 'Open Sans', sans-serif;text-align: right\"><em>(Secret\u00e1ria)<\/em><\/h3>\n<p>&nbsp;<\/p>\n<p class=\"sow-sub-headline\" style=\"font-weight: 400;line-height: 1.4em;text-align: justify;color: #595959;font-size: 20px;font-family: 'Open Sans', sans-serif\">Formada em Administra\u00e7\u00e3o p\u00fablica pela UEPG e com mais de 32 anos de experi\u00eancia administrativa, Sandra atua como secret\u00e1ria do DEQUIM. Suas principais atribui\u00e7\u00f5es incluem o gerenciamento de documentos, suporte aos docentes e alunos, organiza\u00e7\u00e3o de agendas e eventos, al\u00e9m de facilitar a comunica\u00e7\u00e3o interna e externa do departamento. Sandra possui amplo conhecimento em sistemas de gest\u00e3o universit\u00e1ria e processos institucionais, garantindo efici\u00eancia e agilidade nas rotinas administrativas. Sua dedica\u00e7\u00e3o e profissionalismo fazem dela uma pe\u00e7a-chave para o bom funcionamento do departamento.<\/p>\n<\/div>\n<\/div><\/div><\/div><\/div><\/div><\/div><\/div><\/div><div id=\"pg-485-5\"  class=\"panel-grid panel-no-style\" ><div id=\"pgc-485-5-0\"  class=\"panel-grid-cell\" ><div id=\"panel-485-5-0-0\" class=\"so-panel widget widget_siteorigin-panels-builder panel-first-child panel-last-child\" data-index=\"10\" ><div id=\"pl-w680a4c92e553b\"  class=\"panel-layout\" ><div id=\"pg-w680a4c92e553b-0\"  class=\"panel-grid panel-no-style\" ><div id=\"pgc-w680a4c92e553b-0-0\"  class=\"panel-grid-cell\" ><div id=\"panel-w680a4c92e553b-0-0-0\" class=\"so-panel widget widget_sow-editor panel-first-child panel-last-child\" data-index=\"0\" ><div\n\t\t\t\n\t\t\tclass=\"so-widget-sow-editor so-widget-sow-editor-base\"\n\t\t\t\n\t\t>\n<div class=\"siteorigin-widget-tinymce textwidget\">\n\t<p><strong><span class=\"sow-headline\" style=\"font-weight: 800;line-height: 50px;color: #0070c0 !important;font-size: 18px;font-family: 'Open Sans 800', sans-serif;text-align: justify\">Corpo T\u00e9cnico:<\/span><\/strong><\/p>\n<\/div>\n<\/div><\/div><\/div><\/div><\/div><\/div><\/div><\/div><div id=\"pg-485-6\"  class=\"panel-grid panel-no-style\" ><div id=\"pgc-485-6-0\"  class=\"panel-grid-cell\" ><div id=\"Tcnico1\" class=\"panel-cell-style panel-cell-style-for-485-6-0\" ><div id=\"panel-485-6-0-0\" class=\"so-panel widget widget_media_image panel-first-child\" data-index=\"11\" ><img width=\"5546\" height=\"6810\" src=\"https:\/\/www2.uepg.br\/dequim\/wp-content\/uploads\/sites\/233\/2025\/04\/Foto.jpg\" class=\"image wp-image-632  attachment-full size-full\" alt=\"\" loading=\"lazy\" style=\"max-width: 100%; height: auto;\" \/><\/div><div id=\"panel-485-6-0-1\" class=\"so-panel widget widget_siteorigin-panels-builder panel-last-child\" data-index=\"12\" ><div id=\"pl-w680a5a2b0f905\"  class=\"panel-layout\" ><div id=\"pg-w680a5a2b0f905-0\"  class=\"panel-grid panel-no-style\" ><div id=\"pgc-w680a5a2b0f905-0-0\"  class=\"panel-grid-cell\" ><div id=\"panel-w680a5a2b0f905-0-0-0\" class=\"so-panel widget widget_sow-editor panel-first-child panel-last-child\" data-index=\"0\" ><div\n\t\t\t\n\t\t\tclass=\"so-widget-sow-editor so-widget-sow-editor-base\"\n\t\t\t\n\t\t>\n<div class=\"siteorigin-widget-tinymce textwidget\">\n\t<div style=\"text-align: center;width: 100%;margin: 0 0 10px 0\">\n  <strong style=\"font-weight: 800;line-height: 1.2em;color: #000000;font-size: 16px;font-family: 'Open Sans', sans-serif\">Clara Regina Martins<\/strong>\n<\/div>\n<div style=\"text-align: center;width: 100%;margin: 0 0 10px 0\">\n  <em style=\"font-size: 14px;font-family: 'Open Sans', sans-serif;line-height: 1.2em;color: #595959\">(T\u00e9cnico em Qu\u00edmica)<\/em>\n<\/div>\n<p style=\"font-weight: 400;line-height: 1.2em;text-align: justify;color: #595959;font-size: 14px;font-family: 'Open Sans', sans-serif;margin: 10px\">Bacharel em Qu\u00edmica Tecnol\u00f3gica, atua no DEQUIM desde 19XX.<\/p>\n<\/div>\n<\/div><\/div><\/div><\/div><\/div><\/div><\/div><\/div><div id=\"pgc-485-6-1\"  class=\"panel-grid-cell\" ><div class=\"panel-cell-style panel-cell-style-for-485-6-1\" ><div id=\"panel-485-6-1-0\" class=\"so-panel widget widget_media_image panel-first-child\" data-index=\"13\" ><img width=\"5546\" height=\"6810\" src=\"https:\/\/www2.uepg.br\/dequim\/wp-content\/uploads\/sites\/233\/2025\/04\/Foto.jpg\" class=\"image wp-image-632  attachment-full size-full\" alt=\"\" loading=\"lazy\" style=\"max-width: 100%; height: auto;\" \/><\/div><div id=\"panel-485-6-1-1\" class=\"so-panel widget widget_siteorigin-panels-builder panel-last-child\" data-index=\"14\" ><div id=\"pl-w680a5aaea4587\"  class=\"panel-layout\" ><div id=\"pg-w680a5aaea4587-0\"  class=\"panel-grid panel-no-style\" ><div id=\"pgc-w680a5aaea4587-0-0\"  class=\"panel-grid-cell\" ><div id=\"panel-w680a5aaea4587-0-0-0\" class=\"so-panel widget widget_sow-editor panel-first-child panel-last-child\" data-index=\"0\" ><div\n\t\t\t\n\t\t\tclass=\"so-widget-sow-editor so-widget-sow-editor-base\"\n\t\t\t\n\t\t>\n<div class=\"siteorigin-widget-tinymce textwidget\">\n\t<div style=\"text-align: center;width: 100%;margin: 0 0 10px 0\">\n  <strong style=\"font-weight: 800;line-height: 1.2em;color: #000000;font-size: 16px;font-family: 'Open Sans', sans-serif\">Clara Regina Martins<\/strong>\n<\/div>\n<div style=\"text-align: center;width: 100%;margin: 0 0 10px 0\">\n  <em style=\"font-size: 14px;font-family: 'Open Sans', sans-serif;line-height: 1.2em;color: #595959\">(T\u00e9cnico em Qu\u00edmica)<\/em>\n<\/div>\n<p style=\"font-weight: 400;line-height: 1.2em;text-align: justify;color: #595959;font-size: 14px;font-family: 'Open Sans', sans-serif;margin: 10px\">Bacharel em Qu\u00edmica Tecnol\u00f3gica, atua no DEQUIM desde 19XX.<\/p>\n<\/div>\n<\/div><\/div><\/div><\/div><\/div><\/div><\/div><\/div><div id=\"pgc-485-6-2\"  class=\"panel-grid-cell\" ><div class=\"panel-cell-style panel-cell-style-for-485-6-2\" ><div id=\"panel-485-6-2-0\" class=\"so-panel widget widget_media_image panel-first-child\" data-index=\"15\" ><img width=\"5546\" height=\"6810\" src=\"https:\/\/www2.uepg.br\/dequim\/wp-content\/uploads\/sites\/233\/2025\/04\/Foto.jpg\" class=\"image wp-image-632  attachment-full size-full\" alt=\"\" loading=\"lazy\" style=\"max-width: 100%; height: auto;\" \/><\/div><div id=\"panel-485-6-2-1\" class=\"so-panel widget widget_siteorigin-panels-builder panel-last-child\" data-index=\"16\" ><div id=\"pl-w680a5aaea47f9\"  class=\"panel-layout\" ><div id=\"pg-w680a5aaea47f9-0\"  class=\"panel-grid panel-no-style\" ><div id=\"pgc-w680a5aaea47f9-0-0\"  class=\"panel-grid-cell\" ><div id=\"panel-w680a5aaea47f9-0-0-0\" class=\"so-panel widget widget_sow-editor panel-first-child panel-last-child\" data-index=\"0\" ><div\n\t\t\t\n\t\t\tclass=\"so-widget-sow-editor so-widget-sow-editor-base\"\n\t\t\t\n\t\t>\n<div class=\"siteorigin-widget-tinymce textwidget\">\n\t<div style=\"text-align: center;width: 100%;margin: 0 0 10px 0\">\n  <strong style=\"font-weight: 800;line-height: 1.2em;color: #000000;font-size: 16px;font-family: 'Open Sans', sans-serif\">Clara Regina Martins<\/strong>\n<\/div>\n<div style=\"text-align: center;width: 100%;margin: 0 0 10px 0\">\n  <em style=\"font-size: 14px;font-family: 'Open Sans', sans-serif;line-height: 1.2em;color: #595959\">(T\u00e9cnico em Qu\u00edmica)<\/em>\n<\/div>\n<p style=\"font-weight: 400;line-height: 1.2em;text-align: justify;color: #595959;font-size: 14px;font-family: 'Open Sans', sans-serif;margin: 10px\">Bacharel em Qu\u00edmica Tecnol\u00f3gica, atua no DEQUIM desde 19XX.<\/p>\n<\/div>\n<\/div><\/div><\/div><\/div><\/div><\/div><\/div><\/div><div id=\"pgc-485-6-3\"  class=\"panel-grid-cell\" ><div class=\"panel-cell-style panel-cell-style-for-485-6-3\" ><div id=\"panel-485-6-3-0\" class=\"so-panel widget widget_media_image panel-first-child\" data-index=\"17\" ><img width=\"5546\" height=\"6810\" src=\"https:\/\/www2.uepg.br\/dequim\/wp-content\/uploads\/sites\/233\/2025\/04\/Foto.jpg\" class=\"image wp-image-632  attachment-full size-full\" alt=\"\" loading=\"lazy\" style=\"max-width: 100%; height: auto;\" \/><\/div><div id=\"panel-485-6-3-1\" class=\"so-panel widget widget_siteorigin-panels-builder panel-last-child\" data-index=\"18\" ><div id=\"pl-w680a5aaea4a55\"  class=\"panel-layout\" ><div id=\"pg-w680a5aaea4a55-0\"  class=\"panel-grid panel-no-style\" ><div id=\"pgc-w680a5aaea4a55-0-0\"  class=\"panel-grid-cell\" ><div id=\"panel-w680a5aaea4a55-0-0-0\" class=\"so-panel widget widget_sow-editor panel-first-child panel-last-child\" data-index=\"0\" ><div\n\t\t\t\n\t\t\tclass=\"so-widget-sow-editor so-widget-sow-editor-base\"\n\t\t\t\n\t\t>\n<div class=\"siteorigin-widget-tinymce textwidget\">\n\t<div style=\"text-align: center;width: 100%;margin: 0 0 10px 0\">\n  <strong style=\"font-weight: 800;line-height: 1.2em;color: #000000;font-size: 16px;font-family: 'Open Sans', sans-serif\">Clara Regina Martins<\/strong>\n<\/div>\n<div style=\"text-align: center;width: 100%;margin: 0 0 10px 0\">\n  <em style=\"font-size: 14px;font-family: 'Open Sans', sans-serif;line-height: 1.2em;color: #595959\">(T\u00e9cnico em Qu\u00edmica)<\/em>\n<\/div>\n<p style=\"font-weight: 400;line-height: 1.2em;text-align: justify;color: #595959;font-size: 14px;font-family: 'Open Sans', sans-serif;margin: 10px\">Bacharel em Qu\u00edmica Tecnol\u00f3gica, atua no DEQUIM desde 19XX.<\/p>\n<\/div>\n<\/div><\/div><\/div><\/div><\/div><\/div><\/div><\/div><div id=\"pgc-485-6-4\"  class=\"panel-grid-cell\" ><div class=\"panel-cell-style panel-cell-style-for-485-6-4\" ><div id=\"panel-485-6-4-0\" class=\"so-panel widget widget_media_image panel-first-child\" data-index=\"19\" ><img width=\"5546\" height=\"6810\" src=\"https:\/\/www2.uepg.br\/dequim\/wp-content\/uploads\/sites\/233\/2025\/04\/Foto.jpg\" class=\"image wp-image-632  attachment-full size-full\" alt=\"\" loading=\"lazy\" style=\"max-width: 100%; height: auto;\" \/><\/div><div id=\"panel-485-6-4-1\" class=\"so-panel widget widget_siteorigin-panels-builder panel-last-child\" data-index=\"20\" ><div id=\"pl-w680a5aaea4c9d\"  class=\"panel-layout\" ><div id=\"pg-w680a5aaea4c9d-0\"  class=\"panel-grid panel-no-style\" ><div id=\"pgc-w680a5aaea4c9d-0-0\"  class=\"panel-grid-cell\" ><div id=\"panel-w680a5aaea4c9d-0-0-0\" class=\"so-panel widget widget_sow-editor panel-first-child panel-last-child\" data-index=\"0\" ><div\n\t\t\t\n\t\t\tclass=\"so-widget-sow-editor so-widget-sow-editor-base\"\n\t\t\t\n\t\t>\n<div class=\"siteorigin-widget-tinymce textwidget\">\n\t<div style=\"text-align: center;width: 100%;margin: 0 0 10px 0\">\n  <strong style=\"font-weight: 800;line-height: 1.2em;color: #000000;font-size: 16px;font-family: 'Open Sans', sans-serif\">Clara Regina Martins<\/strong>\n<\/div>\n<div style=\"text-align: center;width: 100%;margin: 0 0 10px 0\">\n  <em style=\"font-size: 14px;font-family: 'Open Sans', sans-serif;line-height: 1.2em;color: #595959\">(T\u00e9cnico em Qu\u00edmica)<\/em>\n<\/div>\n<p style=\"font-weight: 400;line-height: 1.2em;text-align: justify;color: #595959;font-size: 14px;font-family: 'Open Sans', sans-serif;margin: 10px\">Bacharel em Qu\u00edmica Tecnol\u00f3gica, atua no DEQUIM desde 19XX.<\/p>\n<\/div>\n<\/div><\/div><\/div><\/div><\/div><\/div><\/div><\/div><\/div><\/div>","protected":false},"excerpt":{"rendered":"<p>Dra. Patr\u00edcia Los Weinert (Chefe do Departamento de Qu\u00edmica) &nbsp; Doutora em Qu\u00edmica com \u00eanfase em Qu\u00edmica Anal\u00edtica, a Dra. Patr\u00edcia Los Weinert \u00e9 graduada em Licenciatura em Qu\u00edmica pela UEPG, com mestrado e doutorado pela UNESP. Atua no desenvolvimento e valida\u00e7\u00e3o de m\u00e9todos anal\u00edticos para an\u00e1lises de subst\u00e2ncias de interesse ambiental, nutricional, agroaliment\u00edcios e&nbsp;&hellip;<\/p>\n","protected":false},"author":720,"featured_media":631,"parent":0,"menu_order":1,"comment_status":"closed","ping_status":"closed","template":"","meta":[],"_links":{"self":[{"href":"https:\/\/www2.uepg.br\/dequim\/wp-json\/wp\/v2\/pages\/485"}],"collection":[{"href":"https:\/\/www2.uepg.br\/dequim\/wp-json\/wp\/v2\/pages"}],"about":[{"href":"https:\/\/www2.uepg.br\/dequim\/wp-json\/wp\/v2\/types\/page"}],"author":[{"embeddable":true,"href":"https:\/\/www2.uepg.br\/dequim\/wp-json\/wp\/v2\/users\/720"}],"replies":[{"embeddable":true,"href":"https:\/\/www2.uepg.br\/dequim\/wp-json\/wp\/v2\/comments?post=485"}],"version-history":[{"count":151,"href":"https:\/\/www2.uepg.br\/dequim\/wp-json\/wp\/v2\/pages\/485\/revisions"}],"predecessor-version":[{"id":927,"href":"https:\/\/www2.uepg.br\/dequim\/wp-json\/wp\/v2\/pages\/485\/revisions\/927"}],"wp:featuredmedia":[{"embeddable":true,"href":"https:\/\/www2.uepg.br\/dequim\/wp-json\/wp\/v2\/media\/631"}],"wp:attachment":[{"href":"https:\/\/www2.uepg.br\/dequim\/wp-json\/wp\/v2\/media?parent=485"}],"curies":[{"name":"wp","href":"https:\/\/api.w.org\/{rel}","templated":true}]}}