{"id":493,"date":"2025-04-13T16:08:57","date_gmt":"2025-04-13T19:08:57","guid":{"rendered":"https:\/\/www2.uepg.br\/dequim\/?page_id=493"},"modified":"2025-04-24T17:29:54","modified_gmt":"2025-04-24T20:29:54","slug":"historia","status":"publish","type":"page","link":"https:\/\/www2.uepg.br\/dequim\/historia\/","title":{"rendered":"Hist\u00f3ria"},"content":{"rendered":"<div id=\"pl-493\"  class=\"panel-layout\" ><div id=\"pg-493-0\"  class=\"panel-grid panel-no-style\" ><div id=\"pgc-493-0-0\"  class=\"panel-grid-cell panel-grid-cell-empty\" ><\/div><div id=\"pgc-493-0-1\"  class=\"panel-grid-cell\" ><div id=\"panel-493-0-1-0\" class=\"so-panel widget widget_text panel-first-child panel-last-child\" data-index=\"0\" >\t\t\t<div class=\"textwidget\"><p class=\"sow-sub-headline\" style=\"font-weight: 400;line-height: 1.4em;text-align: justify;color: #595959;font-size: 20px;font-family: 'Open Sans', sans-serif\">&#8220;A hist\u00f3ria do <strong>DEQUIM<\/strong> \u00e9 a hist\u00f3ria de profissionais que, ontem e hoje, v\u00eam dedicando o melhor de si ao ensino \u00e0 pesquisa em Qu\u00edmica, preocupados com a organiza\u00e7\u00e3o de suas disciplinas, com o planejamento de suas aulas valorizando cada resultado obtido em seus laborat\u00f3rios, as conquistas de seus alunos, toda e qualquer melhoria em termos de estrutura condi\u00e7\u00f5es de trabalho em nossa institui\u00e7\u00e3o.\u201d<\/p>\n<div style=\"text-align: right;width: 100%\"><strong style=\"font-weight: 800;line-height: 1.3em;color: #000000;font-size: 24px;font-family: 'Open Sans', sans-serif\">Profa. Dra. Elizabeth W. de Oliveira Scheffer<\/strong><br \/>\n<em style=\"color: #595959;font-size: 18px;font-family: 'Open Sans', sans-serif;line-height: 1.3em;font-weight: normal\">Li\u00e7\u00f5es de Qu\u00edmica nos Campos Gerais &#8211; Hist\u00f3ria de um Departamento de Ensino<\/em><\/div>\n<\/div>\n\t\t<\/div><\/div><\/div><div id=\"pg-493-1\"  class=\"panel-grid panel-no-style\" ><div id=\"pgc-493-1-0\"  class=\"panel-grid-cell\" ><div id=\"panel-493-1-0-0\" class=\"so-panel widget widget_text panel-first-child panel-last-child\" data-index=\"1\" >\t\t\t<div class=\"textwidget\"><p><strong style=\"font-weight: 800;line-height: 1.3em;color: #000000;font-size: 34px;font-family: 'Open Sans', sans-serif\">Eventos importantes na<\/strong><br \/>\n<strong style=\"font-weight: 800;line-height: 1.3em;color: #0070c0;font-size: 45px;font-family: 'Open Sans', sans-serif\">NOSSA HIST\u00d3RIA<\/strong><\/p>\n<\/div>\n\t\t<\/div><\/div><\/div><div id=\"pg-493-2\"  class=\"panel-grid panel-no-style\" ><div id=\"pgc-493-2-0\"  class=\"panel-grid-cell\" ><div id=\"panel-493-2-0-0\" class=\"so-panel widget widget_sow-image panel-first-child panel-last-child\" data-index=\"2\" ><div\n\t\t\t\n\t\t\tclass=\"so-widget-sow-image so-widget-sow-image-default-d6014b76747a-493\"\n\t\t\t\n\t\t>\n\n<div class=\"sow-image-container\">\n\t\t<img src=\"https:\/\/www2.uepg.br\/dequim\/wp-content\/uploads\/sites\/233\/2025\/04\/Foto-1-co\u0301pia.png\" width=\"786\" height=\"569\" sizes=\"(max-width: 786px) 100vw, 786px\" title=\"Foto 1 &#8211; co\u0301pia\" alt=\"\" loading=\"lazy\" \t\tclass=\"so-widget-image\"\/>\n\t<\/div>\n\n<\/div><\/div><\/div><div id=\"pgc-493-2-1\"  class=\"panel-grid-cell\" ><div id=\"panel-493-2-1-0\" class=\"so-panel widget widget_text panel-first-child panel-last-child\" data-index=\"3\" >\t\t\t<div class=\"textwidget\"><p><strong style=\"font-weight: 800;line-height: 1.3em;color: #0070c0;font-size: 60px;font-family: 'Arial Black', sans-serif\">1966 &#8211; 1967<\/strong><\/p>\n<p class=\"sow-sub-headline\" style=\"font-weight: 400;line-height: 1.4em;text-align: justify;color: #595959;font-size: 20px;font-family: 'Open Sans', sans-serif\">Em 06 de maio de 1966 foi criado o Departamento de F\u00edsico-Qu\u00edmica na Faculdade Estadual de Farm\u00e1cia e Bioqu\u00edmica de Ponta Grossa. Em 1967 o Departamento de F\u00edsico-Qu\u00edmica \u00e9 renomeado como <strong>Departamento de Qu\u00edmica<\/strong>, sob a lideran\u00e7a do Professor <strong>Alfredo Berger<\/strong>.<\/p>\n<\/div>\n\t\t<\/div><\/div><\/div><div id=\"pg-493-3\"  class=\"panel-grid panel-no-style\" ><div id=\"pgc-493-3-0\"  class=\"panel-grid-cell\" ><div id=\"panel-493-3-0-0\" class=\"so-panel widget widget_text panel-first-child panel-last-child\" data-index=\"4\" >\t\t\t<div class=\"textwidget\"><p><strong style=\"font-weight: 800;line-height: 1.3em;color: #0070c0;font-size: 60px;font-family: 'Arial Black', sans-serif\">1968<\/strong><\/p>\n<p class=\"sow-sub-headline\" style=\"font-weight: 400;line-height: 1.4em;text-align: justify;color: #595959;font-size: 20px;font-family: 'Open Sans', sans-serif\">Reforma do Ensino Superior no Brasil. Cria\u00e7\u00e3o de Normas de Organiza\u00e7\u00e3o e funcionamento das Universidades.<\/p>\n<\/div>\n\t\t<\/div><\/div><div id=\"pgc-493-3-1\"  class=\"panel-grid-cell\" ><div id=\"panel-493-3-1-0\" class=\"so-panel widget widget_sow-image panel-first-child panel-last-child\" data-index=\"5\" ><div\n\t\t\t\n\t\t\tclass=\"so-widget-sow-image so-widget-sow-image-default-d6014b76747a-493\"\n\t\t\t\n\t\t>\n\n<div class=\"sow-image-container\">\n\t\t<img src=\"https:\/\/www2.uepg.br\/dequim\/wp-content\/uploads\/sites\/233\/2025\/04\/1968-reforma-universita\u0301ria.jpg\" width=\"1181\" height=\"988\" sizes=\"(max-width: 1181px) 100vw, 1181px\" title=\"1968 reforma universita\u0301ria\" alt=\"\" loading=\"lazy\" \t\tclass=\"so-widget-image\"\/>\n\t<\/div>\n\n<\/div><\/div><\/div><\/div><div id=\"pg-493-4\"  class=\"panel-grid panel-no-style\" ><div id=\"pgc-493-4-0\"  class=\"panel-grid-cell\" ><div id=\"panel-493-4-0-0\" class=\"so-panel widget widget_sow-image panel-first-child panel-last-child\" data-index=\"6\" ><div\n\t\t\t\n\t\t\tclass=\"so-widget-sow-image so-widget-sow-image-default-d6014b76747a-493\"\n\t\t\t\n\t\t>\n\n<div class=\"sow-image-container\">\n\t\t<img src=\"https:\/\/www2.uepg.br\/dequim\/wp-content\/uploads\/sites\/233\/2025\/04\/1970.jpg\" width=\"1570\" height=\"1153\" sizes=\"(max-width: 1570px) 100vw, 1570px\" alt=\"\" loading=\"lazy\" \t\tclass=\"so-widget-image\"\/>\n\t<\/div>\n\n<\/div><\/div><\/div><div id=\"pgc-493-4-1\"  class=\"panel-grid-cell\" ><div id=\"panel-493-4-1-0\" class=\"so-panel widget widget_text panel-first-child panel-last-child\" data-index=\"7\" >\t\t\t<div class=\"textwidget\"><p><strong style=\"font-weight: 800;line-height: 1.3em;color: #0070c0;font-size: 60px;font-family: 'Arial Black', sans-serif\">1970<\/strong><\/p>\n<p class=\"sow-sub-headline\" style=\"font-weight: 400;line-height: 1.4em;text-align: justify;color: #595959;font-size: 20px;font-family: 'Open Sans', sans-serif\">Em 06 de novembro, foi<strong> criada<\/strong> a Universidade Estadual de Ponta Grossa (<strong>UEPG<\/strong>), que incorpora a Faculdade de Farm\u00e1cia e Bioqu\u00edmica, incluindo o Departamento de Qu\u00edmica.<\/p>\n<\/div>\n\t\t<\/div><\/div><\/div><div id=\"pg-493-5\"  class=\"panel-grid panel-no-style\" ><div id=\"pgc-493-5-0\"  class=\"panel-grid-cell\" ><div id=\"panel-493-5-0-0\" class=\"so-panel widget widget_text panel-first-child panel-last-child\" data-index=\"8\" >\t\t\t<div class=\"textwidget\"><p><strong style=\"font-weight: 800;line-height: 1.3em;color: #0070c0;font-size: 60px;font-family: 'Arial Black', sans-serif\">1972<\/strong><\/p>\n<p class=\"sow-sub-headline\" style=\"font-weight: 400;line-height: 1.4em;text-align: justify;color: #595959;font-size: 20px;font-family: 'Open Sans', sans-serif\">Integra\u00e7\u00e3o do <strong>DEQUIM<\/strong> ao Setor de Ci\u00eancias Exatas e Naturais (SEXATAS).<\/p>\n<\/div>\n\t\t<\/div><\/div><div id=\"pgc-493-5-1\"  class=\"panel-grid-cell\" ><div id=\"panel-493-5-1-0\" class=\"so-panel widget widget_sow-image panel-first-child panel-last-child\" data-index=\"9\" ><div\n\t\t\t\n\t\t\tclass=\"so-widget-sow-image so-widget-sow-image-default-d6014b76747a-493\"\n\t\t\t\n\t\t>\n\n<div class=\"sow-image-container\">\n\t\t<img src=\"https:\/\/www2.uepg.br\/dequim\/wp-content\/uploads\/sites\/233\/2025\/04\/1972.jpg\" width=\"1559\" height=\"1118\" sizes=\"(max-width: 1559px) 100vw, 1559px\" alt=\"\" loading=\"lazy\" \t\tclass=\"so-widget-image\"\/>\n\t<\/div>\n\n<\/div><\/div><\/div><\/div><div id=\"pg-493-6\"  class=\"panel-grid panel-no-style\" ><div id=\"pgc-493-6-0\"  class=\"panel-grid-cell\" ><div id=\"panel-493-6-0-0\" class=\"so-panel widget widget_sow-image panel-first-child panel-last-child\" data-index=\"10\" ><div\n\t\t\t\n\t\t\tclass=\"so-widget-sow-image so-widget-sow-image-default-d6014b76747a-493\"\n\t\t\t\n\t\t>\n\n<div class=\"sow-image-container\">\n\t\t<img src=\"https:\/\/www2.uepg.br\/dequim\/wp-content\/uploads\/sites\/233\/2025\/04\/1973.jpg\" width=\"1569\" height=\"1280\" sizes=\"(max-width: 1569px) 100vw, 1569px\" alt=\"\" loading=\"lazy\" \t\tclass=\"so-widget-image\"\/>\n\t<\/div>\n\n<\/div><\/div><\/div><div id=\"pgc-493-6-1\"  class=\"panel-grid-cell\" ><div id=\"panel-493-6-1-0\" class=\"so-panel widget widget_text panel-first-child panel-last-child\" data-index=\"11\" >\t\t\t<div class=\"textwidget\"><p><strong style=\"font-weight: 800;line-height: 1.3em;color: #0070c0;font-size: 60px;font-family: 'Arial Black', sans-serif\">1973<\/strong><\/p>\n<p class=\"sow-sub-headline\" style=\"font-weight: 400;line-height: 1.4em;text-align: justify;color: #595959;font-size: 20px;font-family: 'Open Sans', sans-serif\">Prof. <strong>Alfredo Berger<\/strong> \u00e9 o primeiro chefe eleito do DEQUIM.<\/p>\n<\/div>\n\t\t<\/div><\/div><\/div><div id=\"pg-493-7\"  class=\"panel-grid panel-no-style\" ><div id=\"pgc-493-7-0\"  class=\"panel-grid-cell\" ><div id=\"panel-493-7-0-0\" class=\"so-panel widget widget_text panel-first-child panel-last-child\" data-index=\"12\" >\t\t\t<div class=\"textwidget\"><p><strong style=\"font-weight: 800;line-height: 1.3em;color: #0070c0;font-size: 60px;font-family: 'Arial Black', sans-serif\">1978<\/strong><\/p>\n<p class=\"sow-sub-headline\" style=\"font-weight: 400;line-height: 1.4em;text-align: justify;color: #595959;font-size: 20px;font-family: 'Open Sans', sans-serif\"><strong>Kamal Tebcherani<\/strong> torna-se o o primeiro professor do DEQUIM a obter o t\u00edtulo de mestrado.<\/p>\n<\/div>\n\t\t<\/div><\/div><div id=\"pgc-493-7-1\"  class=\"panel-grid-cell\" ><div id=\"panel-493-7-1-0\" class=\"so-panel widget widget_sow-image panel-first-child panel-last-child\" data-index=\"13\" ><div\n\t\t\t\n\t\t\tclass=\"so-widget-sow-image so-widget-sow-image-default-d6014b76747a-493\"\n\t\t\t\n\t\t>\n\n<div class=\"sow-image-container\">\n\t\t<img src=\"https:\/\/www2.uepg.br\/dequim\/wp-content\/uploads\/sites\/233\/2025\/04\/1978.jpg\" width=\"1413\" height=\"1167\" sizes=\"(max-width: 1413px) 100vw, 1413px\" alt=\"\" loading=\"lazy\" \t\tclass=\"so-widget-image\"\/>\n\t<\/div>\n\n<\/div><\/div><\/div><\/div><div id=\"pg-493-8\"  class=\"panel-grid panel-no-style\" ><div id=\"pgc-493-8-0\"  class=\"panel-grid-cell\" ><div id=\"panel-493-8-0-0\" class=\"so-panel widget widget_sow-image panel-first-child panel-last-child\" data-index=\"14\" ><div\n\t\t\t\n\t\t\tclass=\"so-widget-sow-image so-widget-sow-image-default-d6014b76747a-493\"\n\t\t\t\n\t\t>\n\n<div class=\"sow-image-container\">\n\t\t<img src=\"https:\/\/www2.uepg.br\/dequim\/wp-content\/uploads\/sites\/233\/2025\/04\/1983.jpg\" width=\"1457\" height=\"1046\" sizes=\"(max-width: 1457px) 100vw, 1457px\" alt=\"\" loading=\"lazy\" \t\tclass=\"so-widget-image\"\/>\n\t<\/div>\n\n<\/div><\/div><\/div><div id=\"pgc-493-8-1\"  class=\"panel-grid-cell\" ><div id=\"panel-493-8-1-0\" class=\"so-panel widget widget_text panel-first-child panel-last-child\" data-index=\"15\" >\t\t\t<div class=\"textwidget\"><p><strong style=\"font-weight: 800;line-height: 1.3em;color: #0070c0;font-size: 60px;font-family: 'Arial Black', sans-serif\">1983<\/strong><\/p>\n<p class=\"sow-sub-headline\" style=\"font-weight: 400;line-height: 1.4em;text-align: justify;color: #595959;font-size: 20px;font-family: 'Open Sans', sans-serif\">Oferta do curso de Licenciatura em Ci\u00eancias \u2013 Habilita\u00e7\u00e3o em Qu\u00edmica.<\/p>\n<\/div>\n\t\t<\/div><\/div><\/div><div id=\"pg-493-9\"  class=\"panel-grid panel-no-style\" ><div id=\"pgc-493-9-0\"  class=\"panel-grid-cell\" ><div id=\"panel-493-9-0-0\" class=\"so-panel widget widget_text panel-first-child panel-last-child\" data-index=\"16\" >\t\t\t<div class=\"textwidget\"><p><strong style=\"font-weight: 800;line-height: 1.3em;color: #0070c0;font-size: 60px;font-family: 'Arial Black', sans-serif\">1991<\/strong><\/p>\n<p class=\"sow-sub-headline\" style=\"font-weight: 400;line-height: 1.4em;text-align: justify;color: #595959;font-size: 20px;font-family: 'Open Sans', sans-serif\"><strong>Paulo Irajara Borba Carneiro<\/strong> torna-se o <strong>primeiro professor doutor<\/strong> do DEQUIM.<\/p>\n<\/div>\n\t\t<\/div><\/div><div id=\"pgc-493-9-1\"  class=\"panel-grid-cell\" ><div id=\"panel-493-9-1-0\" class=\"so-panel widget widget_sow-image panel-first-child panel-last-child\" data-index=\"17\" ><div\n\t\t\t\n\t\t\tclass=\"so-widget-sow-image so-widget-sow-image-default-d6014b76747a-493\"\n\t\t\t\n\t\t>\n\n<div class=\"sow-image-container\">\n\t\t<img src=\"https:\/\/www2.uepg.br\/dequim\/wp-content\/uploads\/sites\/233\/2025\/04\/1991-1.jpg\" width=\"1476\" height=\"1241\" sizes=\"(max-width: 1476px) 100vw, 1476px\" title=\"1991\" alt=\"\" loading=\"lazy\" \t\tclass=\"so-widget-image\"\/>\n\t<\/div>\n\n<\/div><\/div><\/div><\/div><div id=\"pg-493-10\"  class=\"panel-grid panel-no-style\" ><div id=\"pgc-493-10-0\"  class=\"panel-grid-cell\" ><div id=\"panel-493-10-0-0\" class=\"so-panel widget widget_sow-image panel-first-child panel-last-child\" data-index=\"18\" ><div\n\t\t\t\n\t\t\tclass=\"so-widget-sow-image so-widget-sow-image-default-d6014b76747a-493\"\n\t\t\t\n\t\t>\n\n<div class=\"sow-image-container\">\n\t\t<img src=\"https:\/\/www2.uepg.br\/dequim\/wp-content\/uploads\/sites\/233\/2025\/04\/1993.jpg\" width=\"1572\" height=\"1048\" sizes=\"(max-width: 1572px) 100vw, 1572px\" alt=\"\" loading=\"lazy\" \t\tclass=\"so-widget-image\"\/>\n\t<\/div>\n\n<\/div><\/div><\/div><div id=\"pgc-493-10-1\"  class=\"panel-grid-cell\" ><div id=\"panel-493-10-1-0\" class=\"so-panel widget widget_text panel-first-child panel-last-child\" data-index=\"19\" >\t\t\t<div class=\"textwidget\"><p><strong style=\"font-weight: 800;line-height: 1.3em;color: #0070c0;font-size: 60px;font-family: 'Arial Black', sans-serif\">1993<\/strong><\/p>\n<p class=\"sow-sub-headline\" style=\"font-weight: 400;line-height: 1.4em;text-align: justify;color: #595959;font-size: 20px;font-family: 'Open Sans', sans-serif\"><strong>Transfer\u00eancia<\/strong> do DEQUIM do Campus Central para o <strong>Campus Uvaranas<\/strong>, Bloco M.<\/p>\n<\/div>\n\t\t<\/div><\/div><\/div><div id=\"pg-493-11\"  class=\"panel-grid panel-no-style\" ><div id=\"pgc-493-11-0\"  class=\"panel-grid-cell\" ><div id=\"panel-493-11-0-0\" class=\"so-panel widget widget_text panel-first-child panel-last-child\" data-index=\"20\" >\t\t\t<div class=\"textwidget\"><p><strong style=\"font-weight: 800;line-height: 1.3em;color: #0070c0;font-size: 60px;font-family: 'Arial Black', sans-serif\">1994<\/strong><\/p>\n<p class=\"sow-sub-headline\" style=\"font-weight: 400;line-height: 1.4em;text-align: justify;color: #595959;font-size: 20px;font-family: 'Open Sans', sans-serif\">Oferta do curso de <strong>Licenciatura em Qu\u00edmica<\/strong>, primeiro curso inteiramente vinculado ao DEQUIM.<\/p>\n<\/div>\n\t\t<\/div><\/div><div id=\"pgc-493-11-1\"  class=\"panel-grid-cell\" ><div id=\"panel-493-11-1-0\" class=\"so-panel widget widget_sow-image panel-first-child panel-last-child\" data-index=\"21\" ><div\n\t\t\t\n\t\t\tclass=\"so-widget-sow-image so-widget-sow-image-default-d6014b76747a-493\"\n\t\t\t\n\t\t>\n\n<div class=\"sow-image-container\">\n\t\t<img src=\"https:\/\/www2.uepg.br\/dequim\/wp-content\/uploads\/sites\/233\/2025\/04\/1994.jpg\" width=\"1572\" height=\"1020\" sizes=\"(max-width: 1572px) 100vw, 1572px\" alt=\"\" loading=\"lazy\" \t\tclass=\"so-widget-image\"\/>\n\t<\/div>\n\n<\/div><\/div><\/div><\/div><div id=\"pg-493-12\"  class=\"panel-grid panel-no-style\" ><div id=\"pgc-493-12-0\"  class=\"panel-grid-cell\" ><div id=\"panel-493-12-0-0\" class=\"so-panel widget widget_sow-image panel-first-child panel-last-child\" data-index=\"22\" ><div\n\t\t\t\n\t\t\tclass=\"so-widget-sow-image so-widget-sow-image-default-d6014b76747a-493\"\n\t\t\t\n\t\t>\n\n<div class=\"sow-image-container\">\n\t\t<img src=\"https:\/\/www2.uepg.br\/dequim\/wp-content\/uploads\/sites\/233\/2025\/04\/2000.jpg\" width=\"1554\" height=\"1131\" sizes=\"(max-width: 1554px) 100vw, 1554px\" alt=\"\" loading=\"lazy\" \t\tclass=\"so-widget-image\"\/>\n\t<\/div>\n\n<\/div><\/div><\/div><div id=\"pgc-493-12-1\"  class=\"panel-grid-cell\" ><div id=\"panel-493-12-1-0\" class=\"so-panel widget widget_text panel-first-child panel-last-child\" data-index=\"23\" >\t\t\t<div class=\"textwidget\"><p><strong style=\"font-weight: 800;line-height: 1.3em;color: #0070c0;font-size: 60px;font-family: 'Arial Black', sans-serif\">2000<\/strong><\/p>\n<p class=\"sow-sub-headline\" style=\"font-weight: 400;line-height: 1.4em;text-align: justify;color: #595959;font-size: 20px;font-family: 'Open Sans', sans-serif\">O DEQUIM passa a contar com \u00e1rea no Bloco L, Setor de Ci\u00eancias Exatas e Naturais, para <strong>instala\u00e7\u00e3o de tr\u00eas laborat\u00f3rios de pesquisa<\/strong> e salas de perman\u00eancia.<\/p>\n<\/div>\n\t\t<\/div><\/div><\/div><div id=\"pg-493-13\"  class=\"panel-grid panel-no-style\" ><div id=\"pgc-493-13-0\"  class=\"panel-grid-cell\" ><div id=\"panel-493-13-0-0\" class=\"so-panel widget widget_text panel-first-child panel-last-child\" data-index=\"24\" >\t\t\t<div class=\"textwidget\"><p><strong style=\"font-weight: 800;line-height: 1.3em;color: #0070c0;font-size: 60px;font-family: 'Arial Black', sans-serif\">2003<\/strong><\/p>\n<p class=\"sow-sub-headline\" style=\"font-weight: 400;line-height: 1.4em;text-align: justify;color: #595959;font-size: 20px;font-family: 'Open Sans', sans-serif\">Oferta do <strong>Curso de Bacharelado em Qu\u00edmica<\/strong> com \u00eanfase em Qu\u00edmica Ambiental.<\/p>\n<\/div>\n\t\t<\/div><\/div><div id=\"pgc-493-13-1\"  class=\"panel-grid-cell\" ><div id=\"panel-493-13-1-0\" class=\"so-panel widget widget_sow-image panel-first-child panel-last-child\" data-index=\"25\" ><div\n\t\t\t\n\t\t\tclass=\"so-widget-sow-image so-widget-sow-image-default-d6014b76747a-493\"\n\t\t\t\n\t\t>\n\n<div class=\"sow-image-container\">\n\t\t<img src=\"https:\/\/www2.uepg.br\/dequim\/wp-content\/uploads\/sites\/233\/2025\/04\/2003.jpg\" width=\"921\" height=\"653\" sizes=\"(max-width: 921px) 100vw, 921px\" alt=\"\" loading=\"lazy\" \t\tclass=\"so-widget-image\"\/>\n\t<\/div>\n\n<\/div><\/div><\/div><\/div><div id=\"pg-493-14\"  class=\"panel-grid panel-no-style\" ><div id=\"pgc-493-14-0\"  class=\"panel-grid-cell\" ><div id=\"panel-493-14-0-0\" class=\"so-panel widget widget_sow-image panel-first-child panel-last-child\" data-index=\"26\" ><div\n\t\t\t\n\t\t\tclass=\"so-widget-sow-image so-widget-sow-image-default-d6014b76747a-493\"\n\t\t\t\n\t\t>\n\n<div class=\"sow-image-container\">\n\t\t<img src=\"https:\/\/www2.uepg.br\/dequim\/wp-content\/uploads\/sites\/233\/2025\/04\/2005.png\" width=\"967\" height=\"705\" sizes=\"(max-width: 967px) 100vw, 967px\" alt=\"\" loading=\"lazy\" \t\tclass=\"so-widget-image\"\/>\n\t<\/div>\n\n<\/div><\/div><\/div><div id=\"pgc-493-14-1\"  class=\"panel-grid-cell\" ><div id=\"panel-493-14-1-0\" class=\"so-panel widget widget_text panel-first-child panel-last-child\" data-index=\"27\" >\t\t\t<div class=\"textwidget\"><p><strong style=\"font-weight: 800;line-height: 1.3em;color: #0070c0;font-size: 60px;font-family: 'Arial Black', sans-serif\">2005<\/strong><\/p>\n<p class=\"sow-sub-headline\" style=\"font-weight: 400;line-height: 1.4em;text-align: justify;color: #595959;font-size: 20px;font-family: 'Open Sans', sans-serif\">In\u00edcio do programa de <strong>P\u00f3s-Gradua\u00e7\u00e3o em Qu\u00edmica Aplicada<\/strong> \u2013 Mestrado Acad\u00eamico da UEPG, sob a coordena\u00e7\u00e3o do professor <strong>Jos\u00e9 Caetano Zurita da Silva<\/strong>.<\/p>\n<\/div>\n\t\t<\/div><\/div><\/div><div id=\"pg-493-15\"  class=\"panel-grid panel-no-style\" ><div id=\"pgc-493-15-0\"  class=\"panel-grid-cell\" ><div id=\"panel-493-15-0-0\" class=\"so-panel widget widget_text panel-first-child panel-last-child\" data-index=\"28\" >\t\t\t<div class=\"textwidget\"><p><strong style=\"font-weight: 800;line-height: 1.3em;color: #0070c0;font-size: 60px;font-family: 'Arial Black', sans-serif\">2008<\/strong><\/p>\n<p class=\"sow-sub-headline\" style=\"font-weight: 400;line-height: 1.4em;text-align: justify;color: #595959;font-size: 20px;font-family: 'Open Sans', sans-serif\">In\u00edcio do <strong>Programa de Doutorado em Qu\u00edmica na UEPG<\/strong>, na forma de Associa\u00e7\u00e3o Ampla entre os Programas de P\u00f3s-Gradua\u00e7\u00e3o em Qu\u00edmica da UEL, UEPG e UNICENTRO. Neste ano ocorre a transfer\u00eancia definitiva do curso de qu\u00edmica para o bloco L.<\/p>\n<\/div>\n\t\t<\/div><\/div><div id=\"pgc-493-15-1\"  class=\"panel-grid-cell\" ><div id=\"panel-493-15-1-0\" class=\"so-panel widget widget_sow-image panel-first-child panel-last-child\" data-index=\"29\" ><div\n\t\t\t\n\t\t\tclass=\"so-widget-sow-image so-widget-sow-image-default-d6014b76747a-493\"\n\t\t\t\n\t\t>\n\n<div class=\"sow-image-container\">\n\t\t<img src=\"https:\/\/www2.uepg.br\/dequim\/wp-content\/uploads\/sites\/233\/2025\/04\/2008.jpeg\" width=\"465\" height=\"390\" sizes=\"(max-width: 465px) 100vw, 465px\" alt=\"\" loading=\"lazy\" \t\tclass=\"so-widget-image\"\/>\n\t<\/div>\n\n<\/div><\/div><\/div><\/div><div id=\"pg-493-16\"  class=\"panel-grid panel-no-style\" ><div id=\"pgc-493-16-0\"  class=\"panel-grid-cell\" ><div id=\"panel-493-16-0-0\" class=\"so-panel widget widget_sow-image panel-first-child panel-last-child\" data-index=\"30\" ><div\n\t\t\t\n\t\t\tclass=\"so-widget-sow-image so-widget-sow-image-default-d6014b76747a-493\"\n\t\t\t\n\t\t>\n\n<div class=\"sow-image-container\">\n\t\t<img src=\"https:\/\/www2.uepg.br\/dequim\/wp-content\/uploads\/sites\/233\/2025\/04\/2009.jpg\" width=\"1541\" height=\"1052\" sizes=\"(max-width: 1541px) 100vw, 1541px\" title=\"OLYMPUS DIGITAL CAMERA\" alt=\"\" loading=\"lazy\" \t\tclass=\"so-widget-image\"\/>\n\t<\/div>\n\n<\/div><\/div><\/div><div id=\"pgc-493-16-1\"  class=\"panel-grid-cell\" ><div id=\"panel-493-16-1-0\" class=\"so-panel widget widget_text panel-first-child panel-last-child\" data-index=\"31\" >\t\t\t<div class=\"textwidget\"><p><strong style=\"font-weight: 800;line-height: 1.3em;color: #0070c0;font-size: 60px;font-family: 'Arial Black', sans-serif\">2009<\/strong><\/p>\n<p class=\"sow-sub-headline\" style=\"font-weight: 400;line-height: 1.4em;text-align: justify;color: #595959;font-size: 20px;font-family: 'Open Sans', sans-serif\">Realiza\u00e7\u00e3o pelo DEQUIM do <strong>1\u00ba Simp\u00f3sio de Gradua\u00e7\u00e3o e P\u00f3s-Gradua\u00e7\u00e3o em Qu\u00edmica<\/strong> da UEPG (SimpoQuim).<\/p>\n<\/div>\n\t\t<\/div><\/div><\/div><div id=\"pg-493-17\"  class=\"panel-grid panel-no-style\" ><div id=\"pgc-493-17-0\"  class=\"panel-grid-cell\" ><div id=\"panel-493-17-0-0\" class=\"so-panel widget widget_text panel-first-child panel-last-child\" data-index=\"32\" >\t\t\t<div class=\"textwidget\"><p><strong style=\"font-weight: 800;line-height: 1.3em;color: #0070c0;font-size: 60px;font-family: 'Arial Black', sans-serif\">2019<\/strong><\/p>\n<p class=\"sow-sub-headline\" style=\"font-weight: 400;line-height: 1.4em;text-align: justify;color: #595959;font-size: 20px;font-family: 'Open Sans', sans-serif\">In\u00edcio do <strong>Programa de P\u00f3s-Gradua\u00e7\u00e3o em Qu\u00edmica<\/strong> \u2013 PPGQ da UEPG, compreendendo os n\u00edveis de Mestrado e Doutorado.<br \/>\n.<\/p>\n<\/div>\n\t\t<\/div><\/div><div id=\"pgc-493-17-1\"  class=\"panel-grid-cell\" ><div id=\"panel-493-17-1-0\" class=\"so-panel widget widget_sow-image panel-first-child panel-last-child\" data-index=\"33\" ><div\n\t\t\t\n\t\t\tclass=\"so-widget-sow-image so-widget-sow-image-default-d6014b76747a-493\"\n\t\t\t\n\t\t>\n\n<div class=\"sow-image-container\">\n\t\t<img src=\"https:\/\/www2.uepg.br\/dequim\/wp-content\/uploads\/sites\/233\/2025\/04\/2019.jpg\" width=\"433\" height=\"433\" sizes=\"(max-width: 433px) 100vw, 433px\" alt=\"\" loading=\"lazy\" \t\tclass=\"so-widget-image\"\/>\n\t<\/div>\n\n<\/div><\/div><\/div><\/div><div id=\"pg-493-18\"  class=\"panel-grid panel-no-style\" ><div id=\"pgc-493-18-0\"  class=\"panel-grid-cell panel-grid-cell-empty\" ><\/div><div id=\"pgc-493-18-1\"  class=\"panel-grid-cell\" ><div id=\"panel-493-18-1-0\" class=\"so-panel widget widget_text panel-first-child panel-last-child\" data-index=\"34\" >\t\t\t<div class=\"textwidget\"><p><strong style=\"font-weight: 800;line-height: 1.3em;color: #0070c0;font-size: 60px;font-family: 'Arial Black', sans-serif\">A hist\u00f3ria escrita&#8230;<\/strong><\/p>\n<p class=\"sow-sub-headline\" style=\"font-weight: 400;line-height: 1.4em;text-align: justify;color: #595959;font-size: 20px;font-family: 'Open Sans', sans-serif\">Atualmente o <strong>DEQUIM<\/strong> possui <strong>29<\/strong> professores <strong>Doutores<\/strong>, oferece disciplinas para 16 cursos de gradua\u00e7\u00e3o e para os cursos de Licenciatura e Bacharelado em Qu\u00edmica. Al\u00e9m do nosso programa de P\u00f3s-Gradua\u00e7\u00e3o, <strong>nossos professores contribuem<\/strong> com outros Programas de P\u00f3s-Gradua\u00e7\u00e3o (Engenharia e Ci\u00eancia de Materiais, Ci\u00eancia e Tecnologia de Alimentos e Bioenergia).<\/p>\n<\/div>\n\t\t<\/div><\/div><\/div><\/div>","protected":false},"excerpt":{"rendered":"<p>&#8220;A hist\u00f3ria do DEQUIM \u00e9 a hist\u00f3ria de profissionais que, ontem e hoje, v\u00eam dedicando o melhor de si ao ensino \u00e0 pesquisa em Qu\u00edmica, preocupados com a organiza\u00e7\u00e3o de suas disciplinas, com o planejamento de suas aulas valorizando cada resultado obtido em seus laborat\u00f3rios, as conquistas de seus alunos, toda e qualquer melhoria em&nbsp;&hellip;<\/p>\n","protected":false},"author":720,"featured_media":514,"parent":0,"menu_order":2,"comment_status":"closed","ping_status":"closed","template":"","meta":[],"_links":{"self":[{"href":"https:\/\/www2.uepg.br\/dequim\/wp-json\/wp\/v2\/pages\/493"}],"collection":[{"href":"https:\/\/www2.uepg.br\/dequim\/wp-json\/wp\/v2\/pages"}],"about":[{"href":"https:\/\/www2.uepg.br\/dequim\/wp-json\/wp\/v2\/types\/page"}],"author":[{"embeddable":true,"href":"https:\/\/www2.uepg.br\/dequim\/wp-json\/wp\/v2\/users\/720"}],"replies":[{"embeddable":true,"href":"https:\/\/www2.uepg.br\/dequim\/wp-json\/wp\/v2\/comments?post=493"}],"version-history":[{"count":19,"href":"https:\/\/www2.uepg.br\/dequim\/wp-json\/wp\/v2\/pages\/493\/revisions"}],"predecessor-version":[{"id":877,"href":"https:\/\/www2.uepg.br\/dequim\/wp-json\/wp\/v2\/pages\/493\/revisions\/877"}],"wp:featuredmedia":[{"embeddable":true,"href":"https:\/\/www2.uepg.br\/dequim\/wp-json\/wp\/v2\/media\/514"}],"wp:attachment":[{"href":"https:\/\/www2.uepg.br\/dequim\/wp-json\/wp\/v2\/media?parent=493"}],"curies":[{"name":"wp","href":"https:\/\/api.w.org\/{rel}","templated":true}]}}