{"id":497,"date":"2025-04-13T16:10:38","date_gmt":"2025-04-13T19:10:38","guid":{"rendered":"https:\/\/www2.uepg.br\/dequim\/?page_id=497"},"modified":"2025-05-22T14:27:44","modified_gmt":"2025-05-22T17:27:44","slug":"mercado-de-trabalho","status":"publish","type":"page","link":"https:\/\/www2.uepg.br\/dequim\/mercado-de-trabalho\/","title":{"rendered":"Mercado de Trabalho"},"content":{"rendered":"<div id=\"pl-497\"  class=\"panel-layout\" ><div id=\"pg-497-0\"  class=\"panel-grid panel-no-style\" ><div id=\"pgc-497-0-0\"  class=\"panel-grid-cell\" ><div id=\"panel-497-0-0-0\" class=\"so-panel widget widget_sow-editor panel-first-child panel-last-child\" data-index=\"0\" ><div\n\t\t\t\n\t\t\tclass=\"so-widget-sow-editor so-widget-sow-editor-base\"\n\t\t\t\n\t\t>\n<div class=\"siteorigin-widget-tinymce textwidget\">\n\t<p><img loading=\"lazy\" class=\"alignnone wp-image-875 size-full\" src=\"https:\/\/www2.uepg.br\/dequim\/wp-content\/uploads\/sites\/233\/2025\/04\/medium-shot-woman-working-beer-factory.jpg\" alt=\"\" width=\"8000\" height=\"5333\" \/><\/p>\n<\/div>\n<\/div><\/div><\/div><div id=\"pgc-497-0-1\"  class=\"panel-grid-cell\" ><div id=\"panel-497-0-1-0\" class=\"so-panel widget widget_text panel-first-child panel-last-child\" data-index=\"1\" >\t\t\t<div class=\"textwidget\"><div style=\"text-align: left; width: 100%;\">\n<p><strong style=\"font-weight: 800; line-height: 1.3em; color: #000000; font-size: 22px; font-family: 'Open Sans', sans-serif;\">Ind\u00fastria Qu\u00edmica<\/strong><\/p>\n<\/div>\n<p>&nbsp;<\/p>\n<p>&nbsp;<\/p>\n<div style=\"text-align: left; width: 100%;\">\n<p class=\"sow-sub-headline\" style=\"font-weight: 400; line-height: 1.4em; text-align: justify; color: #595959; font-size: 16px; font-family: 'Open Sans', sans-serif;\">Os qu\u00edmicos desempenham um papel essencial na ind\u00fastria qu\u00edmica, participando da formula\u00e7\u00e3o, produ\u00e7\u00e3o e controle de qualidade de diversos produtos, como pol\u00edmeros, tintas, fertilizantes, adesivos e detergentes. Al\u00e9m disso, trabalham no desenvolvimento de processos industriais mais eficientes e sustent\u00e1veis, garantindo a seguran\u00e7a e o cumprimento das regulamenta\u00e7\u00f5es ambientais.<\/p>\n<\/div>\n<\/div>\n\t\t<\/div><\/div><\/div><div id=\"pg-497-1\"  class=\"panel-grid panel-no-style\" ><div id=\"pgc-497-1-0\"  class=\"panel-grid-cell\" ><div id=\"panel-497-1-0-0\" class=\"so-panel widget widget_text panel-first-child panel-last-child\" data-index=\"2\" >\t\t\t<div class=\"textwidget\"><div style=\"text-align: left;width: 100%\">\n<p><strong style=\"font-weight: 800;line-height: 1.3em;color: #000000;font-size: 22px;font-family: 'Open Sans', sans-serif\">Ind\u00fastria Farmac\u00eautica<\/strong><\/p>\n<\/div>\n<p>&nbsp;<\/p>\n<p>&nbsp;<\/p>\n<div style=\"text-align: left;width: 100%\">\n<p class=\"sow-sub-headline\" style=\"font-weight: 400;line-height: 1.4em;text-align: justify;color: #595959;font-size: 16px;font-family: 'Open Sans', sans-serif\">No setor farmac\u00eautico, os qu\u00edmicos atuam na pesquisa e desenvolvimento de novos medicamentos, desde a s\u00edntese de princ\u00edpios ativos at\u00e9 os testes de efic\u00e1cia e seguran\u00e7a. Tamb\u00e9m trabalham no controle de qualidade para garantir a pureza e estabilidade dos produtos, al\u00e9m de atuar na regulamenta\u00e7\u00e3o sanit\u00e1ria para atender \u00e0s normas da Anvisa e de \u00f3rg\u00e3os internacionais.\n<\/p>\n<\/div>\n<\/div>\n\t\t<\/div><\/div><div id=\"pgc-497-1-1\"  class=\"panel-grid-cell\" ><div id=\"panel-497-1-1-0\" class=\"so-panel widget widget_media_image panel-first-child panel-last-child\" data-index=\"3\" ><img width=\"2874\" height=\"2090\" src=\"https:\/\/www2.uepg.br\/dequim\/wp-content\/uploads\/sites\/233\/2025\/04\/man-working-as-pharmacist.jpg\" class=\"image wp-image-880  attachment-full size-full\" alt=\"\" loading=\"lazy\" style=\"max-width: 100%; height: auto;\" \/><\/div><\/div><\/div><div id=\"pg-497-2\"  class=\"panel-grid panel-no-style\" ><div id=\"pgc-497-2-0\"  class=\"panel-grid-cell\" ><div id=\"panel-497-2-0-0\" class=\"so-panel widget widget_media_image panel-first-child panel-last-child\" data-index=\"4\" ><img width=\"6000\" height=\"4000\" src=\"https:\/\/www2.uepg.br\/dequim\/wp-content\/uploads\/sites\/233\/2025\/04\/close-up-scientist-watering-plant.jpg\" class=\"image wp-image-881  attachment-full size-full\" alt=\"\" loading=\"lazy\" style=\"max-width: 100%; height: auto;\" \/><\/div><\/div><div id=\"pgc-497-2-1\"  class=\"panel-grid-cell\" ><div id=\"panel-497-2-1-0\" class=\"so-panel widget widget_text panel-first-child panel-last-child\" data-index=\"5\" >\t\t\t<div class=\"textwidget\"><div style=\"text-align: left;width: 100%\">\n<p><strong style=\"font-weight: 800;line-height: 1.3em;color: #000000;font-size: 22px;font-family: 'Open Sans', sans-serif\">Meio Ambiente<\/strong><\/p>\n<\/div>\n<p>&nbsp;<\/p>\n<p>&nbsp;<\/p>\n<div style=\"text-align: left;width: 100%\">\n<p class=\"sow-sub-headline\" style=\"font-weight: 400;line-height: 1.4em;text-align: justify;color: #595959;font-size: 16px;font-family: 'Open Sans', sans-serif\">A preocupa\u00e7\u00e3o com o meio ambiente tem aumentado a demanda por qu\u00edmicos especializados em monitoramento ambiental e tratamento de res\u00edduos. Profissionais da \u00e1rea atuam na an\u00e1lise da qualidade da \u00e1gua, do solo e do ar, desenvolvem tecnologias para reciclagem e redu\u00e7\u00e3o de impactos ambientais e colaboram com ind\u00fastrias para minimizar emiss\u00f5es poluentes e otimizar processos sustent\u00e1veis.\n<\/p>\n<\/div>\n<\/div>\n\t\t<\/div><\/div><\/div><div id=\"pg-497-3\"  class=\"panel-grid panel-no-style\" ><div id=\"pgc-497-3-0\"  class=\"panel-grid-cell\" ><div id=\"panel-497-3-0-0\" class=\"so-panel widget widget_text panel-first-child panel-last-child\" data-index=\"6\" >\t\t\t<div class=\"textwidget\"><div style=\"text-align: left;width: 100%\">\n<p><strong style=\"font-weight: 800;line-height: 1.3em;color: #000000;font-size: 22px;font-family: 'Open Sans', sans-serif\">Petroqu\u00edmica &amp; Energias Renov\u00e1veis<\/strong><\/p>\n<\/div>\n<p>&nbsp;<\/p>\n<p>&nbsp;<\/p>\n<div style=\"text-align: left;width: 100%\">\n<p class=\"sow-sub-headline\" style=\"font-weight: 400;line-height: 1.4em;text-align: justify;color: #595959;font-size: 16px;font-family: 'Open Sans', sans-serif\">A ind\u00fastria petroqu\u00edmica emprega qu\u00edmicos na extra\u00e7\u00e3o e refinamento do petr\u00f3leo, produ\u00e7\u00e3o de combust\u00edveis e derivados, como pl\u00e1sticos e solventes. Al\u00e9m disso, com o crescimento das energias renov\u00e1veis, esses profissionais est\u00e3o envolvidos na pesquisa e desenvolvimento de biocombust\u00edveis, hidrog\u00eanio verde e baterias mais eficientes para reduzir a depend\u00eancia dos combust\u00edveis f\u00f3sseis.\n<\/p>\n<\/div>\n<\/div>\n\t\t<\/div><\/div><div id=\"pgc-497-3-1\"  class=\"panel-grid-cell\" ><div id=\"panel-497-3-1-0\" class=\"so-panel widget widget_media_image panel-first-child panel-last-child\" data-index=\"7\" ><img width=\"4977\" height=\"3657\" src=\"https:\/\/www2.uepg.br\/dequim\/wp-content\/uploads\/sites\/233\/2025\/04\/environmental-pollution-industry-exterior-daylight.jpg\" class=\"image wp-image-883  attachment-full size-full\" alt=\"\" loading=\"lazy\" style=\"max-width: 100%; height: auto;\" \/><\/div><\/div><\/div><div id=\"pg-497-4\"  class=\"panel-grid panel-no-style\" ><div id=\"pgc-497-4-0\"  class=\"panel-grid-cell\" ><div id=\"panel-497-4-0-0\" class=\"so-panel widget widget_media_image panel-first-child panel-last-child\" data-index=\"8\" ><img width=\"1547\" height=\"1031\" src=\"https:\/\/www2.uepg.br\/dequim\/wp-content\/uploads\/sites\/233\/2025\/04\/microbiologist-scientist.jpg\" class=\"image wp-image-884  attachment-full size-full\" alt=\"\" loading=\"lazy\" style=\"max-width: 100%; height: auto;\" \/><\/div><\/div><div id=\"pgc-497-4-1\"  class=\"panel-grid-cell\" ><div id=\"panel-497-4-1-0\" class=\"so-panel widget widget_text panel-first-child panel-last-child\" data-index=\"9\" >\t\t\t<div class=\"textwidget\"><div style=\"text-align: left;width: 100%\">\n<p><strong style=\"font-weight: 800;line-height: 1.3em;color: #000000;font-size: 22px;font-family: 'Open Sans', sans-serif\">Per\u00edcia Criminal<\/strong><\/p>\n<\/div>\n<p>&nbsp;<\/p>\n<p>&nbsp;<\/p>\n<div style=\"text-align: left;width: 100%\">\n<p class=\"sow-sub-headline\" style=\"font-weight: 400;line-height: 1.4em;text-align: justify;color: #595959;font-size: 16px;font-family: 'Open Sans', sans-serif\">Os qu\u00edmicos forenses aplicam seus conhecimentos na investiga\u00e7\u00e3o de crimes, analisando amostras de sangue, drogas, res\u00edduos de explosivos, tintas e outros vest\u00edgios qu\u00edmicos encontrados em cenas criminais. Trabalham em laborat\u00f3rios de per\u00edcia criminal auxiliando investiga\u00e7\u00f5es policiais e judiciais, colaborando na elucida\u00e7\u00e3o de casos por meio da ci\u00eancia.\n<\/p>\n<\/div>\n<\/div>\n\t\t<\/div><\/div><\/div><div id=\"pg-497-5\"  class=\"panel-grid panel-no-style\" ><div id=\"pgc-497-5-0\"  class=\"panel-grid-cell\" ><div id=\"panel-497-5-0-0\" class=\"so-panel widget widget_text panel-first-child panel-last-child\" data-index=\"10\" >\t\t\t<div class=\"textwidget\"><div style=\"text-align: left;width: 100%\">\n<p><strong style=\"font-weight: 800;line-height: 1.3em;color: #000000;font-size: 22px;font-family: 'Open Sans', sans-serif\">Controle de Qualidade &amp; An\u00e1lises Laboratoriais<\/strong><\/p>\n<\/div>\n<p>&nbsp;<\/p>\n<p>&nbsp;<\/p>\n<div style=\"text-align: left;width: 100%\">\n<p class=\"sow-sub-headline\" style=\"font-weight: 400;line-height: 1.4em;text-align: justify;color: #595959;font-size: 16px;font-family: 'Open Sans', sans-serif\">No setor de controle de qualidade, qu\u00edmicos realizam testes laboratoriais para garantir que produtos como alimentos, medicamentos, cosm\u00e9ticos e produtos industriais atendam a rigorosos padr\u00f5es de qualidade. Eles utilizam t\u00e9cnicas avan\u00e7adas, como cromatografia e espectroscopia, para identificar impurezas e garantir a seguran\u00e7a dos produtos antes de chegarem ao mercado.\n<\/p>\n<\/div>\n<\/div>\n\t\t<\/div><\/div><div id=\"pgc-497-5-1\"  class=\"panel-grid-cell\" ><div id=\"panel-497-5-1-0\" class=\"so-panel widget widget_media_image panel-first-child panel-last-child\" data-index=\"11\" ><img width=\"3645\" height=\"2749\" src=\"https:\/\/www2.uepg.br\/dequim\/wp-content\/uploads\/sites\/233\/2025\/04\/scientific-chemist-doctor-analyzing-virus-disease-developing-infection-treatment-1.jpg\" class=\"image wp-image-886  attachment-full size-full\" alt=\"\" loading=\"lazy\" style=\"max-width: 100%; height: auto;\" \/><\/div><\/div><\/div><div id=\"pg-497-6\"  class=\"panel-grid panel-no-style\" ><div id=\"pgc-497-6-0\"  class=\"panel-grid-cell\" ><div id=\"panel-497-6-0-0\" class=\"so-panel widget widget_media_image panel-first-child panel-last-child\" data-index=\"12\" ><img width=\"3964\" height=\"3032\" src=\"https:\/\/www2.uepg.br\/dequim\/wp-content\/uploads\/sites\/233\/2025\/04\/front-view-flask-science-concept-2.jpg\" class=\"image wp-image-887  attachment-full size-full\" alt=\"\" loading=\"lazy\" style=\"max-width: 100%; height: auto;\" \/><\/div><\/div><div id=\"pgc-497-6-1\"  class=\"panel-grid-cell\" ><div id=\"panel-497-6-1-0\" class=\"so-panel widget widget_text panel-first-child panel-last-child\" data-index=\"13\" >\t\t\t<div class=\"textwidget\"><div style=\"text-align: left;width: 100%\">\n<p><strong style=\"font-weight: 800;line-height: 1.3em;color: #000000;font-size: 22px;font-family: 'Open Sans', sans-serif\">Ensino &amp; Pesquisa Acad\u00eamica<\/strong><\/p>\n<\/div>\n<p>&nbsp;<\/p>\n<p>&nbsp;<\/p>\n<div style=\"text-align: left;width: 100%\">\n<p class=\"sow-sub-headline\" style=\"font-weight: 400;line-height: 1.4em;text-align: justify;color: #595959;font-size: 16px;font-family: 'Open Sans', sans-serif\">Muitos qu\u00edmicos seguem carreira na doc\u00eancia e pesquisa acad\u00eamica, lecionando em escolas, universidades e centros t\u00e9cnicos. Al\u00e9m do ensino, eles desenvolvem pesquisas cient\u00edficas inovadoras em \u00e1reas como qu\u00edmica org\u00e2nica, inorg\u00e2nica, bioqu\u00edmica e nanotecnologia, contribuindo para o avan\u00e7o do conhecimento e o desenvolvimento de novas tecnologias.<\/p>\n<\/div>\n<\/div>\n\t\t<\/div><\/div><\/div><div id=\"pg-497-7\"  class=\"panel-grid panel-no-style\" ><div id=\"pgc-497-7-0\"  class=\"panel-grid-cell\" ><div id=\"panel-497-7-0-0\" class=\"so-panel widget widget_text panel-first-child panel-last-child\" data-index=\"14\" >\t\t\t<div class=\"textwidget\"><div style=\"text-align: left;width: 100%\">\n<p><strong style=\"font-weight: 800;line-height: 1.3em;color: #000000;font-size: 22px;font-family: 'Open Sans', sans-serif\">Ind\u00fastria de Alimentos &amp; Bebidas<\/strong><\/p>\n<\/div>\n<p>&nbsp;<\/p>\n<p>&nbsp;<\/p>\n<div style=\"text-align: left;width: 100%\">\n<p class=\"sow-sub-headline\" style=\"font-weight: 400;line-height: 1.4em;text-align: justify;color: #595959;font-size: 16px;font-family: 'Open Sans', sans-serif\">Os qu\u00edmicos desempenham um papel fundamental na ind\u00fastria aliment\u00edcia, atuando no desenvolvimento de novos produtos, na formula\u00e7\u00e3o de corantes e conservantes naturais e no controle de qualidade para garantir a seguran\u00e7a alimentar. Al\u00e9m disso, eles s\u00e3o respons\u00e1veis por testes sensoriais e por garantir que os alimentos sigam padr\u00f5es rigorosos de composi\u00e7\u00e3o e validade.\n<\/p>\n<\/div>\n<\/div>\n\t\t<\/div><\/div><div id=\"pgc-497-7-1\"  class=\"panel-grid-cell\" ><div id=\"panel-497-7-1-0\" class=\"so-panel widget widget_media_image panel-first-child panel-last-child\" data-index=\"15\" ><img width=\"3543\" height=\"2653\" src=\"https:\/\/www2.uepg.br\/dequim\/wp-content\/uploads\/sites\/233\/2025\/04\/view-delicious-glazed-donuts-factory.jpg\" class=\"image wp-image-888  attachment-full size-full\" alt=\"\" loading=\"lazy\" style=\"max-width: 100%; height: auto;\" \/><\/div><\/div><\/div><\/div>","protected":false},"excerpt":{"rendered":"<p>Ind\u00fastria Qu\u00edmica &nbsp; &nbsp; Os qu\u00edmicos desempenham um papel essencial na ind\u00fastria qu\u00edmica, participando da formula\u00e7\u00e3o, produ\u00e7\u00e3o e controle de qualidade de diversos produtos, como pol\u00edmeros, tintas, fertilizantes, adesivos e detergentes. Al\u00e9m disso, trabalham no desenvolvimento de processos industriais mais eficientes e sustent\u00e1veis, garantindo a seguran\u00e7a e o cumprimento das regulamenta\u00e7\u00f5es ambientais. Ind\u00fastria Farmac\u00eautica &nbsp;&nbsp;&hellip;<\/p>\n","protected":false},"author":720,"featured_media":866,"parent":0,"menu_order":4,"comment_status":"closed","ping_status":"closed","template":"","meta":[],"_links":{"self":[{"href":"https:\/\/www2.uepg.br\/dequim\/wp-json\/wp\/v2\/pages\/497"}],"collection":[{"href":"https:\/\/www2.uepg.br\/dequim\/wp-json\/wp\/v2\/pages"}],"about":[{"href":"https:\/\/www2.uepg.br\/dequim\/wp-json\/wp\/v2\/types\/page"}],"author":[{"embeddable":true,"href":"https:\/\/www2.uepg.br\/dequim\/wp-json\/wp\/v2\/users\/720"}],"replies":[{"embeddable":true,"href":"https:\/\/www2.uepg.br\/dequim\/wp-json\/wp\/v2\/comments?post=497"}],"version-history":[{"count":16,"href":"https:\/\/www2.uepg.br\/dequim\/wp-json\/wp\/v2\/pages\/497\/revisions"}],"predecessor-version":[{"id":1103,"href":"https:\/\/www2.uepg.br\/dequim\/wp-json\/wp\/v2\/pages\/497\/revisions\/1103"}],"wp:featuredmedia":[{"embeddable":true,"href":"https:\/\/www2.uepg.br\/dequim\/wp-json\/wp\/v2\/media\/866"}],"wp:attachment":[{"href":"https:\/\/www2.uepg.br\/dequim\/wp-json\/wp\/v2\/media?parent=497"}],"curies":[{"name":"wp","href":"https:\/\/api.w.org\/{rel}","templated":true}]}}