{"id":119,"date":"2021-04-20T16:20:04","date_gmt":"2021-04-20T19:20:04","guid":{"rendered":"https:\/\/www2.uepg.br\/deservi\/?page_id=119"},"modified":"2023-07-04T18:42:27","modified_gmt":"2023-07-04T21:42:27","slug":"contato","status":"publish","type":"page","link":"https:\/\/www2.uepg.br\/deservi\/contato\/","title":{"rendered":"Contato"},"content":{"rendered":"<p style=\"text-align: center\"><strong><img loading=\"lazy\" class=\"aligncenter\" src=\"http:\/\/www2.uepg.br\/deservi\/wp-content\/uploads\/sites\/185\/2020\/04\/logo-uepg-2018.png\" width=\"310\" height=\"74\" \/><\/strong><\/p>\n<p style=\"text-align: center\"><span style=\"color: #003366\"><strong>DEPARTAMENTO DE SERVI\u00c7O SOCIAL<\/strong><\/span><\/p>\n<h5 style=\"text-align: center\"><span style=\"color: #003366\"><strong>Campus do Centro &#8211; Bloco &#8211; A &#8211; T\u00e9rreo<\/strong><\/span><br \/>\n<span style=\"color: #003366\"><strong>Pra\u00e7a Santos Andrade, n.\u00ba 01 &#8211; Centro &#8211; CEP 84010-919 &#8211; Ponta Grossa &#8211; PR<\/strong><\/span><br \/>\n<span style=\"color: #003366\">Fone: (42)3220-3387<\/span><br \/>\n<a href=\"mailto:deservi@uepg.br\">deservi@uepg.br<\/a><\/h5>\n<p>&nbsp;<\/p>\n<p>&nbsp;<\/p>\n<p style=\"text-align: center\"><span style=\"color: #003366\"><strong>COLEGIADO DE CURSO DE SERVI\u00c7O SOCIAL<\/strong><\/span><\/p>\n<h5 style=\"text-align: center\"><span style=\"color: #003366\">Fone: (42) 3220-3357<\/span><br \/>\n<a href=\"mailto:colsocial@uepg.br\">colsocial@uepg.br<\/a><\/h5>\n<p>&nbsp;<\/p>\n<h6 style=\"text-align: left\"><span style=\"color: #000000\">\u00a0 \u00a0 <\/span><\/h6>\n<h6 style=\"text-align: left\"><\/h6>\n","protected":false},"excerpt":{"rendered":"<p>DEPARTAMENTO DE SERVI\u00c7O SOCIAL Campus do Centro &#8211; Bloco &#8211; A &#8211; T\u00e9rreo Pra\u00e7a Santos Andrade, n.\u00ba 01 &#8211; Centro &#8211; CEP 84010-919 &#8211; Ponta Grossa &#8211; PR Fone: (42)3220-3387 deservi@uepg.br &nbsp; &nbsp; COLEGIADO DE CURSO DE SERVI\u00c7O SOCIAL Fone: (42) 3220-3357 colsocial@uepg.br &nbsp; \u00a0 \u00a0<\/p>\n","protected":false},"author":305,"featured_media":0,"parent":0,"menu_order":0,"comment_status":"closed","ping_status":"closed","template":"","meta":[],"_links":{"self":[{"href":"https:\/\/www2.uepg.br\/deservi\/wp-json\/wp\/v2\/pages\/119"}],"collection":[{"href":"https:\/\/www2.uepg.br\/deservi\/wp-json\/wp\/v2\/pages"}],"about":[{"href":"https:\/\/www2.uepg.br\/deservi\/wp-json\/wp\/v2\/types\/page"}],"author":[{"embeddable":true,"href":"https:\/\/www2.uepg.br\/deservi\/wp-json\/wp\/v2\/users\/305"}],"replies":[{"embeddable":true,"href":"https:\/\/www2.uepg.br\/deservi\/wp-json\/wp\/v2\/comments?post=119"}],"version-history":[{"count":14,"href":"https:\/\/www2.uepg.br\/deservi\/wp-json\/wp\/v2\/pages\/119\/revisions"}],"predecessor-version":[{"id":385,"href":"https:\/\/www2.uepg.br\/deservi\/wp-json\/wp\/v2\/pages\/119\/revisions\/385"}],"wp:attachment":[{"href":"https:\/\/www2.uepg.br\/deservi\/wp-json\/wp\/v2\/media?parent=119"}],"curies":[{"name":"wp","href":"https:\/\/api.w.org\/{rel}","templated":true}]}}