{"id":121,"date":"2021-04-20T16:20:17","date_gmt":"2021-04-20T19:20:17","guid":{"rendered":"https:\/\/www2.uepg.br\/deservi\/?page_id=121"},"modified":"2021-04-22T08:47:55","modified_gmt":"2021-04-22T11:47:55","slug":"links","status":"publish","type":"page","link":"https:\/\/www2.uepg.br\/deservi\/links\/","title":{"rendered":"Links"},"content":{"rendered":"<p align=\"center\"><strong><span style=\"font-size: small;\">LINKS \u00daTEIS<\/span><\/strong><\/p>\n<table border=\"1\" width=\"100%\" cellspacing=\"0\" cellpadding=\"0\" align=\"left\">\n<tbody>\n<tr>\n<td valign=\"top\" width=\"814\">\n<ul>\n<li>ABEPSS<\/li>\n<\/ul>\n<\/td>\n<td valign=\"top\" width=\"683\"><a href=\"http:\/\/www.servicosocial.ufpe.br\/abepss\/%20\" target=\"_blank\" rel=\"noopener\">http:\/\/www.servicosocial.ufpe.br\/abepss\/<\/a><\/td>\n<\/tr>\n<tr>\n<td valign=\"top\" width=\"814\">\n<ul>\n<li>CAPES<\/li>\n<\/ul>\n<\/td>\n<td valign=\"top\" width=\"683\"><a href=\"http:\/\/www.capes.gov.br\/capes\/portal\/\" target=\"_blank\" rel=\"noopener\">http:\/\/www.capes.gov.br\/capes\/portal\/<\/a><\/td>\n<\/tr>\n<tr>\n<td valign=\"top\" width=\"814\">\n<ul>\n<li>CFESS<\/li>\n<\/ul>\n<\/td>\n<td valign=\"top\" width=\"683\"><a href=\"http:\/\/www.cfess.org.br\/\" target=\"_blank\" rel=\"noopener\">http:\/\/www.cfess.org.br\/<\/a><\/td>\n<\/tr>\n<tr>\n<td valign=\"top\" width=\"814\">\n<ul>\n<li>COMISS\u00c3O PASTORAL DA TERRA<\/li>\n<\/ul>\n<\/td>\n<td valign=\"top\" width=\"683\"><a href=\"http:\/\/www.cptnac.com.br\/\" target=\"_blank\" rel=\"noopener\">http:\/\/www.cptnac.com.br\/<\/a><\/td>\n<\/tr>\n<tr>\n<td valign=\"top\" width=\"814\">\n<ul>\n<li>CONSEJO LATINOAMERICANO DE CIENCIAS SOCIALES \u2013 CLASCO<\/li>\n<\/ul>\n<\/td>\n<td valign=\"top\" width=\"683\"><a href=\"http:\/\/www.clacso.org\/\" target=\"_blank\" rel=\"noopener\">http:\/\/www.clacso.org\/<\/a><\/td>\n<\/tr>\n<tr>\n<td valign=\"top\" width=\"814\">\n<ul>\n<li>Conselho Nacional de Desenvolvimento Cient\u00edfico e Tecnol\u00f3gico<\/li>\n<\/ul>\n<\/td>\n<td valign=\"top\" width=\"683\"><a href=\"http:\/\/www.cnpq.br\/\" target=\"_blank\" rel=\"noopener\">http:\/\/www.cnpq.br\/<\/a><\/td>\n<\/tr>\n<tr>\n<td valign=\"top\" width=\"814\">\n<ul>\n<li>Conselho Regional de Servi\u00e7o Social \u2013 11\u00aa Regi\u00e3o \u2013 Paran\u00e1<\/li>\n<\/ul>\n<\/td>\n<td valign=\"top\" width=\"683\"><a href=\"http:\/\/www.cresspr.org.br\/\" target=\"_blank\" rel=\"noopener\">http:\/\/www.cresspr.org.br\/<\/a><\/td>\n<\/tr>\n<tr>\n<td valign=\"top\" width=\"814\">\n<ul>\n<li>DATASUS<\/li>\n<\/ul>\n<\/td>\n<td valign=\"top\" width=\"683\"><a href=\"http:\/\/www.datasus.gov.br\/\" target=\"_blank\" rel=\"noopener\">http:\/\/www.datasus.gov.br\/<\/a><\/td>\n<\/tr>\n<tr>\n<td valign=\"top\" width=\"814\">\n<ul>\n<li>EDITORA CORTEZ<\/li>\n<\/ul>\n<\/td>\n<td valign=\"top\" width=\"683\"><a href=\"http:\/\/www.cortezeditora.com.br\/\" target=\"_blank\" rel=\"noopener\">http:\/\/www.cortezeditora.com.br\/<\/a><\/td>\n<\/tr>\n<tr>\n<td valign=\"top\" width=\"814\">\n<ul>\n<li>EDITORA EXPRESS\u00c3O POPULAR<\/li>\n<\/ul>\n<\/td>\n<td valign=\"top\" width=\"683\"><a href=\"http:\/\/www.expressaopopular.com.br\/\" target=\"_blank\" rel=\"noopener\">http:\/\/www.expressaopopular.com.br\/<\/a><\/td>\n<\/tr>\n<tr>\n<td valign=\"top\" width=\"814\">\n<ul>\n<li>EDITORA VERAS<\/li>\n<\/ul>\n<\/td>\n<td valign=\"top\" width=\"683\"><a href=\"http:\/\/www.veraseditora.com.br\/\" target=\"_blank\" rel=\"noopener\">http:\/\/www.veraseditora.com.br\/<\/a><\/td>\n<\/tr>\n<tr>\n<td valign=\"top\" width=\"814\">\n<ul>\n<li>Escuela de Trabajo Social &#8211; Universidad da Costa Rica<\/li>\n<\/ul>\n<\/td>\n<td valign=\"top\" width=\"683\"><a href=\"http:\/\/www.ts.ucr.ac.cr\/\" target=\"_blank\" rel=\"noopener\">http:\/\/www.ts.ucr.ac.cr\/<\/a><\/td>\n<\/tr>\n<tr>\n<td valign=\"top\" width=\"814\">\n<ul>\n<li>F\u00d3RUM SOCIAL MUNDIAL<\/li>\n<\/ul>\n<\/td>\n<td valign=\"top\" width=\"683\"><a href=\"http:\/\/www.forumsocialmundial.org.br\/\" target=\"_blank\" rel=\"noopener\">http:\/\/www.forumsocialmundial.org.br\/<\/a><\/td>\n<\/tr>\n<tr>\n<td valign=\"top\" width=\"814\">\n<ul>\n<li>FUNDA\u00c7\u00c3O ARAUC\u00c1RIA<\/li>\n<\/ul>\n<\/td>\n<td valign=\"top\" width=\"683\"><a href=\"http:\/\/www.fundacaoaraucaria.org.br\/\" target=\"_blank\" rel=\"noopener\">http:\/\/www.fundacaoaraucaria.org.br\/<\/a><\/td>\n<\/tr>\n<tr>\n<td valign=\"top\" width=\"814\">\n<ul>\n<li>Google acad\u00eamico<\/li>\n<\/ul>\n<\/td>\n<td valign=\"top\" width=\"683\"><a href=\"http:\/\/scholar.google.com.br\/\" target=\"_blank\" rel=\"noopener\">http:\/\/scholar.google.com.br\/<\/a><\/td>\n<\/tr>\n<tr>\n<td valign=\"top\" width=\"814\">\n<ul>\n<li>IBASE<\/li>\n<\/ul>\n<\/td>\n<td valign=\"top\" width=\"683\"><a href=\"http:\/\/www.ibase.br\/\" target=\"_blank\" rel=\"noopener\">http:\/\/www.ibase.br\/<\/a><\/td>\n<\/tr>\n<tr>\n<td valign=\"top\" width=\"814\">\n<ul>\n<li>IBGE<\/li>\n<\/ul>\n<\/td>\n<td valign=\"top\" width=\"683\"><a href=\"http:\/\/www1.ibge.gov.br\/ibge\/default.php\" target=\"_blank\" rel=\"noopener\">http:\/\/www1.ibge.gov.br\/ibge\/default.php<\/a><\/td>\n<\/tr>\n<tr>\n<td valign=\"top\" width=\"814\">\n<ul>\n<li>IPEA<\/li>\n<\/ul>\n<\/td>\n<td valign=\"top\" width=\"683\"><a href=\"http:\/\/www.ipea.gov.br\/\" target=\"_blank\" rel=\"noopener\">www.ipea.gov.br<\/a><\/td>\n<\/tr>\n<tr>\n<td valign=\"top\" width=\"814\">\n<ul>\n<li>JORNAL BRASIL DE FATO<\/li>\n<\/ul>\n<\/td>\n<td valign=\"top\" width=\"683\"><a href=\"http:\/\/www.brasildefato.com.br\/\" target=\"_blank\" rel=\"noopener\">http:\/\/www.brasildefato.com.br\/<\/a><\/td>\n<\/tr>\n<tr>\n<td valign=\"top\" width=\"814\">\n<ul>\n<li>Minist\u00e9rio da Previd\u00eancia Social<\/li>\n<\/ul>\n<\/td>\n<td valign=\"top\" width=\"683\"><a href=\"http:\/\/www.mpas.gov.br\/\" target=\"_blank\" rel=\"noopener\">http:\/\/www.mpas.gov.br\/<\/a><\/td>\n<\/tr>\n<tr>\n<td valign=\"top\" width=\"814\">\n<ul>\n<li>MINIST\u00c9RIO DA SA\u00daDE<\/li>\n<\/ul>\n<\/td>\n<td valign=\"top\" width=\"683\"><a href=\"http:\/\/www.saude.gov.br\/\" target=\"_blank\" rel=\"noopener\">http:\/\/www.saude.gov.br\/<\/a><\/td>\n<\/tr>\n<tr>\n<td valign=\"top\" width=\"814\">\n<ul>\n<li>MINIST\u00c9RIO DO DESENVOLVIMENTO SOCIAL E COMBATE A FOME<\/li>\n<\/ul>\n<\/td>\n<td valign=\"top\" width=\"683\"><a href=\"http:\/\/www.assistenciasocial.gov.br\/\" target=\"_blank\" rel=\"noopener\">http:\/\/www.assistenciasocial.gov.br\/<\/a><\/td>\n<\/tr>\n<tr>\n<td valign=\"top\" width=\"814\">\n<ul>\n<li>MOVIMENTOS DOS TRABALHADORES RURAIS SEM TERRA \u2013 MST<\/li>\n<\/ul>\n<\/td>\n<td valign=\"top\" width=\"683\"><a href=\"http:\/\/www.mst.org.br\/\" target=\"_blank\" rel=\"noopener\">www.mst.org.br<\/a><\/td>\n<\/tr>\n<tr>\n<td valign=\"top\" width=\"814\">\n<ul>\n<li>Plataforma Lattes<\/li>\n<\/ul>\n<\/td>\n<td valign=\"top\" width=\"683\"><a href=\"http:\/\/lattes.cnpq.br\/index.htm\" target=\"_blank\" rel=\"noopener\">http:\/\/lattes.cnpq.br\/index.htm<\/a><\/td>\n<\/tr>\n<tr>\n<td valign=\"top\" width=\"814\">\n<ul>\n<li>Portal Peri\u00f3dicos da CAPES<\/li>\n<\/ul>\n<\/td>\n<td valign=\"top\" width=\"683\"><a href=\"http:\/\/www.periodicos.capes.gov.br\/\" target=\"_blank\" rel=\"noopener\">http:\/\/www.periodicos.capes.gov.br\/<\/a><\/td>\n<\/tr>\n<tr>\n<td valign=\"top\" width=\"814\">\n<ul>\n<li>PROGRAMA DAS NA\u00c7\u00d5ES UNIDAS PARA O DESENVOLVIMENTO \u2013 PNDU-BRASIL<\/li>\n<\/ul>\n<\/td>\n<td valign=\"top\" width=\"683\"><a href=\"http:\/\/www.pnud.org.br\/home\/\" target=\"_blank\" rel=\"noopener\">http:\/\/www.pnud.org.br\/home\/<\/a><\/td>\n<\/tr>\n<tr>\n<td valign=\"top\" width=\"814\">\n<ul>\n<li>REDE DE INFORMA\u00c7\u00d5ES DO TERCEIRO SETOR<\/li>\n<\/ul>\n<\/td>\n<td valign=\"top\" width=\"683\"><a href=\"http:\/\/www.rits.org.br\/\" target=\"_blank\" rel=\"noopener\">http:\/\/www.rits.org.br\/<\/a><\/td>\n<\/tr>\n<tr>\n<td valign=\"top\" width=\"814\">\n<ul>\n<li>REVISTA CAROS AMIGOS<\/li>\n<\/ul>\n<\/td>\n<td valign=\"top\" width=\"683\"><a href=\"http:\/\/carosamigos.terra.com.br\/\" target=\"_blank\" rel=\"noopener\">http:\/\/carosamigos.terra.com.br\/<\/a><\/td>\n<\/tr>\n<tr>\n<td valign=\"top\" width=\"814\">\n<ul>\n<li>SCIELO<\/li>\n<\/ul>\n<\/td>\n<td valign=\"top\" width=\"683\"><a href=\"http:\/\/www.scielo.br\/scielo.php\/script_sci_home\/lng_pt\/nrm_iso\" target=\"_blank\" rel=\"noopener\">http:\/\/www.scielo.br\/scielo.php\/script_sci_home\/lng_pt\/nrm_iso<\/a><\/td>\n<\/tr>\n<tr>\n<td valign=\"top\" width=\"814\">\n<ul>\n<li>UNICEF \u2013 BRASIL<\/li>\n<\/ul>\n<\/td>\n<td valign=\"top\" width=\"683\"><a href=\"http:\/\/www.unicef.org\/brazil\" target=\"_blank\" rel=\"noopener\">www.unicef.org\/brazil<\/a><\/td>\n<\/tr>\n<\/tbody>\n<\/table>\n","protected":false},"excerpt":{"rendered":"<p>LINKS \u00daTEIS ABEPSS http:\/\/www.servicosocial.ufpe.br\/abepss\/ CAPES http:\/\/www.capes.gov.br\/capes\/portal\/ CFESS http:\/\/www.cfess.org.br\/ COMISS\u00c3O PASTORAL DA TERRA http:\/\/www.cptnac.com.br\/ CONSEJO LATINOAMERICANO DE CIENCIAS SOCIALES \u2013 CLASCO http:\/\/www.clacso.org\/ Conselho Nacional de Desenvolvimento Cient\u00edfico e Tecnol\u00f3gico http:\/\/www.cnpq.br\/ Conselho Regional de Servi\u00e7o Social \u2013 11\u00aa Regi\u00e3o \u2013 Paran\u00e1 http:\/\/www.cresspr.org.br\/ DATASUS http:\/\/www.datasus.gov.br\/ EDITORA CORTEZ http:\/\/www.cortezeditora.com.br\/ EDITORA EXPRESS\u00c3O POPULAR http:\/\/www.expressaopopular.com.br\/ EDITORA VERAS http:\/\/www.veraseditora.com.br\/ Escuela de Trabajo&nbsp;&hellip;<\/p>\n","protected":false},"author":305,"featured_media":0,"parent":0,"menu_order":0,"comment_status":"closed","ping_status":"closed","template":"","meta":[],"_links":{"self":[{"href":"https:\/\/www2.uepg.br\/deservi\/wp-json\/wp\/v2\/pages\/121"}],"collection":[{"href":"https:\/\/www2.uepg.br\/deservi\/wp-json\/wp\/v2\/pages"}],"about":[{"href":"https:\/\/www2.uepg.br\/deservi\/wp-json\/wp\/v2\/types\/page"}],"author":[{"embeddable":true,"href":"https:\/\/www2.uepg.br\/deservi\/wp-json\/wp\/v2\/users\/305"}],"replies":[{"embeddable":true,"href":"https:\/\/www2.uepg.br\/deservi\/wp-json\/wp\/v2\/comments?post=121"}],"version-history":[{"count":2,"href":"https:\/\/www2.uepg.br\/deservi\/wp-json\/wp\/v2\/pages\/121\/revisions"}],"predecessor-version":[{"id":172,"href":"https:\/\/www2.uepg.br\/deservi\/wp-json\/wp\/v2\/pages\/121\/revisions\/172"}],"wp:attachment":[{"href":"https:\/\/www2.uepg.br\/deservi\/wp-json\/wp\/v2\/media?parent=121"}],"curies":[{"name":"wp","href":"https:\/\/api.w.org\/{rel}","templated":true}]}}