{"id":125,"date":"2021-04-20T16:20:57","date_gmt":"2021-04-20T19:20:57","guid":{"rendered":"https:\/\/www2.uepg.br\/deservi\/?page_id=125"},"modified":"2025-10-30T15:29:49","modified_gmt":"2025-10-30T18:29:49","slug":"estrutura","status":"publish","type":"page","link":"https:\/\/www2.uepg.br\/deservi\/estrutura\/","title":{"rendered":"Estrutura"},"content":{"rendered":"<p style=\"text-align: center\" align=\"center\"><strong><span style=\"color: #000000\">Chefe do Departamento<\/span><\/strong><br \/>\n<span style=\"color: #000000\">Peterson Alexandre Marino\u00a0<\/span><\/p>\n<p align=\"center\"><strong><span style=\"color: #000000\">Chefe Adjunto<\/span><\/strong><br \/>\n<span style=\"color: #000000\">Ros\u00e2ngela Bujokas de Siqueira\u00a0<\/span><\/p>\n<p align=\"center\"><strong><span style=\"color: #000000\">Secret\u00e1ria<\/span><\/strong><br \/>\n<span style=\"color: #000000\">Tereza Ap\u00aa Lopes<\/span><\/p>\n<p style=\"text-align: center\" align=\"center\"><strong><span style=\"color: #000000\">Coordenadora do Curso<\/span><\/strong><br \/>\n<span style=\"color: #000000\">Silmara Carneiro e Silva<\/span><\/p>\n<p style=\"text-align: center\" align=\"center\"><strong><span style=\"color: #000000\">Vice Coordenadora\u00a0<\/span><\/strong><br \/>\n<span style=\"color: #000000\">Lenir Ap\u00aa Mainardes da Silva<\/span><\/p>\n<p align=\"center\"><strong><span style=\"color: #000000\">Coordenadora do N\u00facleo Docente Estruturante &#8211; NDE<\/span><\/strong><br \/>\n<span style=\"color: #000000\">Jussara Ayres Bourguignon<\/span><\/p>\n<p align=\"center\"><strong>Membro do NDE<\/strong> &#8211; Danuta Estrufika Cant\u00f3ia Luiz, Reidy Rolim de Moura e Roseni In\u00eas Marconato Pinto<\/p>\n<p align=\"center\"><strong>Representante Docente junto ao NDE<\/strong> &#8211; Luiza Bittencourt Krainski<\/p>\n<p align=\"center\"><strong><span style=\"color: #000000\">Coordenadora de Est\u00e1gio<\/span><\/strong><br \/>\n<span style=\"color: #000000\">Ros\u00e2ngela Bujokas de Siqueira<\/span><\/p>\n<p align=\"center\"><strong><span style=\"color: #000000\">Coordenador de TCC<\/span><\/strong><br \/>\n<span style=\"color: #000000\">Peterson Alexandre Marino<\/span><\/p>\n<p align=\"center\"><span style=\"color: #000000\"><strong>Coordenador de Extens\u00e3o<\/strong><br \/>\n\u00c9dina Schimanski\u00a0<\/span><\/p>\n<p align=\"center\">\n","protected":false},"excerpt":{"rendered":"<p>Chefe do Departamento Peterson Alexandre Marino\u00a0 Chefe Adjunto Ros\u00e2ngela Bujokas de Siqueira\u00a0 Secret\u00e1ria Tereza Ap\u00aa Lopes Coordenadora do Curso Silmara Carneiro e Silva Vice Coordenadora\u00a0 Lenir Ap\u00aa Mainardes da Silva Coordenadora do N\u00facleo Docente Estruturante &#8211; NDE Jussara Ayres Bourguignon Membro do NDE &#8211; Danuta Estrufika Cant\u00f3ia Luiz, Reidy Rolim de Moura e Roseni In\u00eas&nbsp;&hellip;<\/p>\n","protected":false},"author":305,"featured_media":0,"parent":0,"menu_order":0,"comment_status":"closed","ping_status":"closed","template":"","meta":[],"_links":{"self":[{"href":"https:\/\/www2.uepg.br\/deservi\/wp-json\/wp\/v2\/pages\/125"}],"collection":[{"href":"https:\/\/www2.uepg.br\/deservi\/wp-json\/wp\/v2\/pages"}],"about":[{"href":"https:\/\/www2.uepg.br\/deservi\/wp-json\/wp\/v2\/types\/page"}],"author":[{"embeddable":true,"href":"https:\/\/www2.uepg.br\/deservi\/wp-json\/wp\/v2\/users\/305"}],"replies":[{"embeddable":true,"href":"https:\/\/www2.uepg.br\/deservi\/wp-json\/wp\/v2\/comments?post=125"}],"version-history":[{"count":46,"href":"https:\/\/www2.uepg.br\/deservi\/wp-json\/wp\/v2\/pages\/125\/revisions"}],"predecessor-version":[{"id":518,"href":"https:\/\/www2.uepg.br\/deservi\/wp-json\/wp\/v2\/pages\/125\/revisions\/518"}],"wp:attachment":[{"href":"https:\/\/www2.uepg.br\/deservi\/wp-json\/wp\/v2\/media?parent=125"}],"curies":[{"name":"wp","href":"https:\/\/api.w.org\/{rel}","templated":true}]}}