{"id":131,"date":"2021-04-20T16:21:44","date_gmt":"2021-04-20T19:21:44","guid":{"rendered":"https:\/\/www2.uepg.br\/deservi\/?page_id=131"},"modified":"2024-08-23T16:19:21","modified_gmt":"2024-08-23T19:19:21","slug":"onde-atua","status":"publish","type":"page","link":"https:\/\/www2.uepg.br\/deservi\/onde-atua\/","title":{"rendered":"ENSINO"},"content":{"rendered":"<div align=\"justify\">\n<h4 style=\"text-align: center\">GRADUA\u00c7\u00c3O<\/h4>\n<ul>\n<li><a href=\"https:\/\/www2.uepg.br\/deservi\/\">SERVI\u00c7O SOCIAL<\/a><\/li>\n<\/ul>\n<h4 style=\"text-align: center\">P\u00d3S-GRADUA\u00c7\u00c3O<\/h4>\n<ul>\n<li><a href=\"https:\/\/sites.uepg.br\/ppgcsa\/\" target=\"_blank\" rel=\"noopener\">PROGRAMA DE P\u00d3S-GRADUA\u00c7\u00c3O EM CIENCIAS SOCIAIS APLICADAS<\/a><br \/>\n<a href=\"https:\/\/sites.uepg.br\/ppgcsa\/\" target=\"_blank\" rel=\"noopener\">Mestrado e Doutorado<\/a><br \/>\nCoordenadora: Dra. Lislei Teresinha Preuss<br \/>\nVice Coordenadora: Dr. Gon\u00e7alo Cassins Moreira do Carmo<\/li>\n<\/ul>\n<p>Obs: Clique sobre os cursos para obter informa\u00e7\u00f5es referentes a grade curricular, \u00e1reas de atua\u00e7\u00e3o, entre outras informa\u00e7\u00f5es.<\/p>\n<div align=\"justify\"><\/div>\n<p align=\"center\">\n<\/div>\n","protected":false},"excerpt":{"rendered":"<p>GRADUA\u00c7\u00c3O SERVI\u00c7O SOCIAL P\u00d3S-GRADUA\u00c7\u00c3O PROGRAMA DE P\u00d3S-GRADUA\u00c7\u00c3O EM CIENCIAS SOCIAIS APLICADAS Mestrado e Doutorado Coordenadora: Dra. Lislei Teresinha Preuss Vice Coordenadora: Dr. Gon\u00e7alo Cassins Moreira do Carmo Obs: Clique sobre os cursos para obter informa\u00e7\u00f5es referentes a grade curricular, \u00e1reas de atua\u00e7\u00e3o, entre outras informa\u00e7\u00f5es.<\/p>\n","protected":false},"author":305,"featured_media":0,"parent":0,"menu_order":0,"comment_status":"closed","ping_status":"closed","template":"","meta":[],"_links":{"self":[{"href":"https:\/\/www2.uepg.br\/deservi\/wp-json\/wp\/v2\/pages\/131"}],"collection":[{"href":"https:\/\/www2.uepg.br\/deservi\/wp-json\/wp\/v2\/pages"}],"about":[{"href":"https:\/\/www2.uepg.br\/deservi\/wp-json\/wp\/v2\/types\/page"}],"author":[{"embeddable":true,"href":"https:\/\/www2.uepg.br\/deservi\/wp-json\/wp\/v2\/users\/305"}],"replies":[{"embeddable":true,"href":"https:\/\/www2.uepg.br\/deservi\/wp-json\/wp\/v2\/comments?post=131"}],"version-history":[{"count":14,"href":"https:\/\/www2.uepg.br\/deservi\/wp-json\/wp\/v2\/pages\/131\/revisions"}],"predecessor-version":[{"id":477,"href":"https:\/\/www2.uepg.br\/deservi\/wp-json\/wp\/v2\/pages\/131\/revisions\/477"}],"wp:attachment":[{"href":"https:\/\/www2.uepg.br\/deservi\/wp-json\/wp\/v2\/media?parent=131"}],"curies":[{"name":"wp","href":"https:\/\/api.w.org\/{rel}","templated":true}]}}