{"id":133,"date":"2021-04-20T16:21:59","date_gmt":"2021-04-20T19:21:59","guid":{"rendered":"https:\/\/www2.uepg.br\/deservi\/?page_id=133"},"modified":"2025-07-25T14:32:01","modified_gmt":"2025-07-25T17:32:01","slug":"eventos","status":"publish","type":"page","link":"https:\/\/www2.uepg.br\/deservi\/eventos\/","title":{"rendered":"EXTENS\u00c3O"},"content":{"rendered":"<p style=\"text-align: left\" align=\"center\"><span style=\"color: #000080\">SUSTENTABILIDADE, QUEST\u00c3O AMBIENTAL E ECONOMIA SOLID\u00c1RIA: FORTALECENDO E DIVULGANDO&#8230;<\/span><br \/>\n<span style=\"color: #000080\">Coordenadora: Reidy Rolim de Moura<\/span><\/p>\n<p style=\"text-align: left\" align=\"center\"><span style=\"color: #000080\">INCUBADORA DE EMPREENDIMENTOS SOLID\u00c1RIOS\u00a0 &#8211; IESOL\u00a0<\/span><br \/>\n<span style=\"color: #000080\">Coordenadora: Reidy Rolim de Moura<\/span><\/p>\n<p style=\"text-align: left\" align=\"center\"><span style=\"color: #000080\">EDUCA\u00c7\u00c3O PARA A CIDADANIA: ECONOMIA SOLID\u00c1RIA, COOPERA\u00c7\u00c3O E RESPEITO \u00c0 NATUREZA\u00a0<\/span><br \/>\n<span style=\"color: #000080\">Coordenadora: Reidy Rolim de Moura<\/span><\/p>\n<p style=\"text-align: left\" align=\"center\"><span style=\"color: #000080\">VIVENDO E CONVIVENDO &#8211; NASJEPI\u00a0<\/span><br \/>\n<span style=\"color: #000080\">Coordenadora: Maria Iolanda de Oliveira<\/span><\/p>\n<p style=\"text-align: left\" align=\"center\"><span style=\"color: #000080\">NUMAPE\u00a0<\/span><br \/>\n<span style=\"color: #000080\">Coordenadora: Roseni In\u00eas Marcona<\/span><\/p>\n<div align=\"justify\">\n<p><span style=\"color: #000080\">N\u00daCLEO<\/span> <span style=\"color: #000080\">DE<\/span> <span style=\"color: #000080\">ATENDIMENTO \u00c0S PESSOAS COM MONITORA\u00c7\u00c3O ELETR\u00d4NICA E A VARA DE EXECU\u00c7\u00c3O<br \/>\nCoordenadora: Silmara Carneiro e Silva<\/span><\/p>\n<p><span style=\"color: #000080\">N\u00daCLEO DE ESTUDOS E DEFESA DOS DIREITOS DA INF\u00c2NCIA E JUVENTUDE<br \/>\nCoordenadora: Cleide Lavoratti<\/span><\/p>\n<p><span style=\"color: #000080\">NUMAPE \u2013 UEPG<\/span><br \/>\n<span style=\"color: #000080\">Coordenadora : Roseni In\u00eas Marconato Pinto<\/span><\/p>\n<p><span style=\"color: #000080\">PROCESSOS MIGRAT\u00d3RIOS E INTERC\u00c2MBIO: INCLUS\u00c3O SOCIAL E DIVERSIDADE CULTURAL<br \/>\nCoordenadora: Lenir Ap\u00aa Mainardes da Silva<\/span><\/p>\n<p><span style=\"color: #000080\">RECONHECIMENTO E VALORIZA\u00c7\u00c3O DO TRABALHO DAS MULHERES NA CATA\u00c7\u00c3O E RECICLAGEM MIGRAT\u00d3RIOS E INTERC\u00c2MBIO: INCLUS\u00c3O SOCIAL E DIVERSIDADE CULTURAL<br \/>\nCoordenadora: Lenir Ap\u00aa Mainardes da Silva<\/span><\/p>\n<p><span style=\"color: #000080\">TECENDO DIREITOS HUMANOS: UM DI\u00c1LOGO ENTRE COMUNIDADE E UNIVERSIDADE<br \/>\nCoordenadora: Lislei Teresinha Preuss<\/span><\/p>\n<p><span style=\"color: #000080\">TECENDO A DE PROTE\u00c7\u00c3O \u00c0S CRIAN\u00c7AS E ADOLESCENTES V\u00cdTIMAS DE VIOL\u00caNCIAS NO MUNIC\u00cdPIO DE PONTA GROSSA<\/span><br \/>\n<span style=\"color: #000080\">Coordenadora : Cleide Lavoratti<\/span><\/p>\n<p><span style=\"color: #000080\">PROGRAMA DE EXTENS\u00c3O AURORA \u2013 UEPG<\/span><br \/>\n<span style=\"color: #000080\">Coordenadora : Ros\u00e2ngela Bujokas Siqueira<\/span><\/p>\n<p><span style=\"color: #000080\">PROGRAMA DE EXTENS\u00c3O: INCUBADORA DE EMPREENDIMENTOS SOLID\u00c1RIOS-IESOL<\/span><br \/>\n<span style=\"color: #000080\">Coordenadora : Reidy Rolim de Moura<\/span><\/p>\n<p><span style=\"color: #000080\">PROGRAMA: N\u00daCLEO DE ESTUDOS, PESQUISA, EXTENS\u00c3O E ASSESSORIA SOBRE INF\u00c2NCIA E ADOLESCENTES \u2013 NEPIA<\/span><br \/>\n<span style=\"color: #000080\">Coordenadora: Danuta Estrufika Cant\u00f3ia Luiz<\/span><\/p>\n<p>&nbsp;<\/p>\n<p>&nbsp;<\/p>\n<\/div>\n","protected":false},"excerpt":{"rendered":"<p>SUSTENTABILIDADE, QUEST\u00c3O AMBIENTAL E ECONOMIA SOLID\u00c1RIA: FORTALECENDO E DIVULGANDO&#8230; Coordenadora: Reidy Rolim de Moura INCUBADORA DE EMPREENDIMENTOS SOLID\u00c1RIOS\u00a0 &#8211; IESOL\u00a0 Coordenadora: Reidy Rolim de Moura EDUCA\u00c7\u00c3O PARA A CIDADANIA: ECONOMIA SOLID\u00c1RIA, COOPERA\u00c7\u00c3O E RESPEITO \u00c0 NATUREZA\u00a0 Coordenadora: Reidy Rolim de Moura VIVENDO E CONVIVENDO &#8211; NASJEPI\u00a0 Coordenadora: Maria Iolanda de Oliveira NUMAPE\u00a0 Coordenadora: Roseni In\u00eas&nbsp;&hellip;<\/p>\n","protected":false},"author":305,"featured_media":0,"parent":0,"menu_order":0,"comment_status":"closed","ping_status":"closed","template":"","meta":[],"_links":{"self":[{"href":"https:\/\/www2.uepg.br\/deservi\/wp-json\/wp\/v2\/pages\/133"}],"collection":[{"href":"https:\/\/www2.uepg.br\/deservi\/wp-json\/wp\/v2\/pages"}],"about":[{"href":"https:\/\/www2.uepg.br\/deservi\/wp-json\/wp\/v2\/types\/page"}],"author":[{"embeddable":true,"href":"https:\/\/www2.uepg.br\/deservi\/wp-json\/wp\/v2\/users\/305"}],"replies":[{"embeddable":true,"href":"https:\/\/www2.uepg.br\/deservi\/wp-json\/wp\/v2\/comments?post=133"}],"version-history":[{"count":30,"href":"https:\/\/www2.uepg.br\/deservi\/wp-json\/wp\/v2\/pages\/133\/revisions"}],"predecessor-version":[{"id":493,"href":"https:\/\/www2.uepg.br\/deservi\/wp-json\/wp\/v2\/pages\/133\/revisions\/493"}],"wp:attachment":[{"href":"https:\/\/www2.uepg.br\/deservi\/wp-json\/wp\/v2\/media?parent=133"}],"curies":[{"name":"wp","href":"https:\/\/api.w.org\/{rel}","templated":true}]}}