{"id":135,"date":"2021-04-20T16:22:10","date_gmt":"2021-04-20T19:22:10","guid":{"rendered":"https:\/\/www2.uepg.br\/deservi\/?page_id=135"},"modified":"2025-08-04T11:47:09","modified_gmt":"2025-08-04T14:47:09","slug":"pesquisa","status":"publish","type":"page","link":"https:\/\/www2.uepg.br\/deservi\/pesquisa\/","title":{"rendered":"Pesquisa"},"content":{"rendered":"<h5><span style=\"color: #003366\"><strong>PROJETO:<\/strong><\/span><\/h5>\n<ul>\n<li>VULNERABILIDADE SOCIOAMBIENTAL E VIGIL\u00c2NCIA SOCIOASSISTENCIAL: ELEMENTOS PARA DEBATE NA POL\u00cdTICADE ASSISTENCIA SOCIAL<br \/>\nCoordenadora: Ros\u00e2ngela Bujokas de Siqueira<\/li>\n<\/ul>\n<p>&nbsp;<\/p>\n<ul>\n<li>PLANEJAMENTO E GEST\u00c3O DE POL\u00cdTICAS P\u00daBLICAS E PRODU\u00c7\u00c3O ESPACIAL<br \/>\nCoordenadora: Sandra Maria Scheffer<\/li>\n<\/ul>\n<p>&nbsp;<\/p>\n<ul>\n<li>SEGURIDADE SOCIAL NO BRASIL E NA ARGENTINA: MUDAN\u00c7AS NO SISTEMA DE PROTE\u00c7\u00c3O SOCIAL NO CONTEXTO DE\u00a0 (P\u00d3S) PANDEMIA<br \/>\nCoordenadora: Lislei Teresinha Preuss<\/li>\n<\/ul>\n<h5><strong><span style=\"color: #003366\">PESQUISA CONTINUADA:<\/span><\/strong><\/h5>\n<ul>\n<li>CIDADANIA E PROTE\u00c7\u00c3O SOCIAL<br \/>\n&#8211; Cleide Lavoratti<br \/>\n&#8211; Lenir Ap\u00aa Mainardes da Silva<br \/>\n&#8211; Reidy Rolim de Moura<br \/>\n&#8211; Silmara Carneiro e Silva<\/li>\n<li>N\u00daCLEO DE ESTUDOS E PESQUISA: ESTADO, POL\u00cdTICAS P\u00daBLICAS E PR\u00c1TICAS SOCIAIS<br \/>\n&#8211; Danuta Estrufika Cant\u00f3ia Luiz<br \/>\n&#8211; Jussara Ayres Bourguignon<br \/>\n&#8211; Reidy Rolim de Moura<br \/>\n&#8211; Silmara Carneiro e Silva<\/li>\n<li>QUEST\u00c3O AMBIENTAL, G\u00caNERO E CONDI\u00c7\u00c3O DE PROBREZA<br \/>\nComponente: \u00c9dina Schimanski<\/li>\n<\/ul>\n","protected":false},"excerpt":{"rendered":"<p>PROJETO: VULNERABILIDADE SOCIOAMBIENTAL E VIGIL\u00c2NCIA SOCIOASSISTENCIAL: ELEMENTOS PARA DEBATE NA POL\u00cdTICADE ASSISTENCIA SOCIAL Coordenadora: Ros\u00e2ngela Bujokas de Siqueira &nbsp; PLANEJAMENTO E GEST\u00c3O DE POL\u00cdTICAS P\u00daBLICAS E PRODU\u00c7\u00c3O ESPACIAL Coordenadora: Sandra Maria Scheffer &nbsp; SEGURIDADE SOCIAL NO BRASIL E NA ARGENTINA: MUDAN\u00c7AS NO SISTEMA DE PROTE\u00c7\u00c3O SOCIAL NO CONTEXTO DE\u00a0 (P\u00d3S) PANDEMIA Coordenadora: Lislei Teresinha Preuss&nbsp;&hellip;<\/p>\n","protected":false},"author":305,"featured_media":0,"parent":0,"menu_order":0,"comment_status":"closed","ping_status":"closed","template":"","meta":[],"_links":{"self":[{"href":"https:\/\/www2.uepg.br\/deservi\/wp-json\/wp\/v2\/pages\/135"}],"collection":[{"href":"https:\/\/www2.uepg.br\/deservi\/wp-json\/wp\/v2\/pages"}],"about":[{"href":"https:\/\/www2.uepg.br\/deservi\/wp-json\/wp\/v2\/types\/page"}],"author":[{"embeddable":true,"href":"https:\/\/www2.uepg.br\/deservi\/wp-json\/wp\/v2\/users\/305"}],"replies":[{"embeddable":true,"href":"https:\/\/www2.uepg.br\/deservi\/wp-json\/wp\/v2\/comments?post=135"}],"version-history":[{"count":18,"href":"https:\/\/www2.uepg.br\/deservi\/wp-json\/wp\/v2\/pages\/135\/revisions"}],"predecessor-version":[{"id":498,"href":"https:\/\/www2.uepg.br\/deservi\/wp-json\/wp\/v2\/pages\/135\/revisions\/498"}],"wp:attachment":[{"href":"https:\/\/www2.uepg.br\/deservi\/wp-json\/wp\/v2\/media?parent=135"}],"curies":[{"name":"wp","href":"https:\/\/api.w.org\/{rel}","templated":true}]}}