{"id":137,"date":"2021-04-20T16:22:22","date_gmt":"2021-04-20T19:22:22","guid":{"rendered":"https:\/\/www2.uepg.br\/deservi\/?page_id=137"},"modified":"2025-07-25T16:05:19","modified_gmt":"2025-07-25T19:05:19","slug":"extensao","status":"publish","type":"page","link":"https:\/\/www2.uepg.br\/deservi\/extensao\/","title":{"rendered":"REGULAMENTOS"},"content":{"rendered":"<h5 style=\"text-align: center\"><strong>EST\u00c1GIO DO CURSO\u00a0<\/strong><\/h5>\n<div align=\"left\">\n<ul>\n<li><a href=\"http:\/\/www2.uepg.br\/deservi\/wp-content\/uploads\/sites\/185\/2021\/04\/ResCEPE085_Reg.-de-ESTAGIO-CURSO-S.SOCIAL.pdf\" target=\"_blank\" rel=\"noopener\">RESOLU\u00c7\u00c3O CEPE N\u00ba. 085, DE 14 DE DEZEMBRO DE 2011\u00a0 \u2013 Regulamento de Est\u00e1gio (pdf)<\/a><\/li>\n<li><a href=\"http:\/\/www2.uepg.br\/deservi\/wp-content\/uploads\/sites\/185\/2021\/04\/ANEXOS_-REGULAMENTO-DE-ESTAGIO_ResCA-No.-85-.-12-2011.pdf\" target=\"_blank\" rel=\"noopener\">\u2013 Anexos (pdf)<\/a><\/li>\n<li><a href=\"http:\/\/www2.uepg.br\/deservi\/wp-content\/uploads\/sites\/185\/2021\/04\/FICHA_DE_AVALIACAO_ATIVIDADES_CARACTERIZACAO_DE_ESTAGIO_SUPERVISIONADO.doc\" target=\"_blank\" rel=\"noopener\">Ficha de avalia\u00e7\u00e3o final de est\u00e1gio supervisionado (doc)<\/a><\/li>\n<li><a href=\"http:\/\/www2.uepg.br\/deservi\/wp-content\/uploads\/sites\/185\/2021\/04\/Declaracao-de-estagio-para-o-CRESS.doc\">Declara\u00e7\u00e3o de est\u00e1gio para o CRESS (doc)<\/a><\/li>\n<\/ul>\n<\/div>\n<p>&nbsp;<\/p>\n<p style=\"text-align: center\"><strong>TCC<\/strong><\/p>\n<ul>\n<li><a href=\"https:\/\/legislacao.apps.uepg.br\/documentosPublico\/1152011-03-2223.pdf\">RESOLU\u00c7\u00c3O CEPE N\u00ba. 015, DE 22 DE MAR\u00c7O DE 2011-Regulamento de TCC.pdf<\/a><\/li>\n<\/ul>\n<p>&nbsp;<\/p>\n","protected":false},"excerpt":{"rendered":"<p>EST\u00c1GIO DO CURSO\u00a0 RESOLU\u00c7\u00c3O CEPE N\u00ba. 085, DE 14 DE DEZEMBRO DE 2011\u00a0 \u2013 Regulamento de Est\u00e1gio (pdf) \u2013 Anexos (pdf) Ficha de avalia\u00e7\u00e3o final de est\u00e1gio supervisionado (doc) Declara\u00e7\u00e3o de est\u00e1gio para o CRESS (doc) &nbsp; TCC RESOLU\u00c7\u00c3O CEPE N\u00ba. 015, DE 22 DE MAR\u00c7O DE 2011-Regulamento de TCC.pdf &nbsp;<\/p>\n","protected":false},"author":305,"featured_media":0,"parent":0,"menu_order":0,"comment_status":"closed","ping_status":"closed","template":"","meta":[],"_links":{"self":[{"href":"https:\/\/www2.uepg.br\/deservi\/wp-json\/wp\/v2\/pages\/137"}],"collection":[{"href":"https:\/\/www2.uepg.br\/deservi\/wp-json\/wp\/v2\/pages"}],"about":[{"href":"https:\/\/www2.uepg.br\/deservi\/wp-json\/wp\/v2\/types\/page"}],"author":[{"embeddable":true,"href":"https:\/\/www2.uepg.br\/deservi\/wp-json\/wp\/v2\/users\/305"}],"replies":[{"embeddable":true,"href":"https:\/\/www2.uepg.br\/deservi\/wp-json\/wp\/v2\/comments?post=137"}],"version-history":[{"count":27,"href":"https:\/\/www2.uepg.br\/deservi\/wp-json\/wp\/v2\/pages\/137\/revisions"}],"predecessor-version":[{"id":495,"href":"https:\/\/www2.uepg.br\/deservi\/wp-json\/wp\/v2\/pages\/137\/revisions\/495"}],"wp:attachment":[{"href":"https:\/\/www2.uepg.br\/deservi\/wp-json\/wp\/v2\/media?parent=137"}],"curies":[{"name":"wp","href":"https:\/\/api.w.org\/{rel}","templated":true}]}}