{"id":139,"date":"2021-04-20T16:22:37","date_gmt":"2021-04-20T19:22:37","guid":{"rendered":"https:\/\/www2.uepg.br\/deservi\/?page_id=139"},"modified":"2023-08-03T19:51:18","modified_gmt":"2023-08-03T22:51:18","slug":"laboratorios","status":"publish","type":"page","link":"https:\/\/www2.uepg.br\/deservi\/laboratorios\/","title":{"rendered":"Laborat\u00f3rios"},"content":{"rendered":"<p align=\"center\"><strong><span style=\"font-size: small\">LABORAT\u00d3RIOS<\/span><\/strong><\/p>\n<div align=\"left\">\n<ul>\n<li>Laborat\u00f3rio de Inform\u00e1tica do Curso de Servi\u00e7o Social<\/li>\n<\/ul>\n<\/div>\n<h1 class=\"title\"><\/h1>\n","protected":false},"excerpt":{"rendered":"<p>LABORAT\u00d3RIOS Laborat\u00f3rio de Inform\u00e1tica do Curso de Servi\u00e7o Social<\/p>\n","protected":false},"author":305,"featured_media":0,"parent":0,"menu_order":0,"comment_status":"closed","ping_status":"closed","template":"","meta":[],"_links":{"self":[{"href":"https:\/\/www2.uepg.br\/deservi\/wp-json\/wp\/v2\/pages\/139"}],"collection":[{"href":"https:\/\/www2.uepg.br\/deservi\/wp-json\/wp\/v2\/pages"}],"about":[{"href":"https:\/\/www2.uepg.br\/deservi\/wp-json\/wp\/v2\/types\/page"}],"author":[{"embeddable":true,"href":"https:\/\/www2.uepg.br\/deservi\/wp-json\/wp\/v2\/users\/305"}],"replies":[{"embeddable":true,"href":"https:\/\/www2.uepg.br\/deservi\/wp-json\/wp\/v2\/comments?post=139"}],"version-history":[{"count":5,"href":"https:\/\/www2.uepg.br\/deservi\/wp-json\/wp\/v2\/pages\/139\/revisions"}],"predecessor-version":[{"id":446,"href":"https:\/\/www2.uepg.br\/deservi\/wp-json\/wp\/v2\/pages\/139\/revisions\/446"}],"wp:attachment":[{"href":"https:\/\/www2.uepg.br\/deservi\/wp-json\/wp\/v2\/media?parent=139"}],"curies":[{"name":"wp","href":"https:\/\/api.w.org\/{rel}","templated":true}]}}