{"id":143,"date":"2021-04-20T16:23:04","date_gmt":"2021-04-20T19:23:04","guid":{"rendered":"https:\/\/www2.uepg.br\/deservi\/?page_id=143"},"modified":"2023-07-19T19:16:24","modified_gmt":"2023-07-19T22:16:24","slug":"estagio","status":"publish","type":"page","link":"https:\/\/www2.uepg.br\/deservi\/estagio\/","title":{"rendered":"EVENTOS"},"content":{"rendered":"<h5><strong>EVENTOS\u00a0<\/strong><\/h5>\n<p>\u21d2\u00a0 Dia do Assistente Social: (realizado anualmente no m\u00eas de maio)<br \/>\nTradicionalmente o Curso de Servi\u00e7o Social realiza comemora\u00e7\u00e3o do Dia do Assistente Social (15 de maio), que al\u00e9m de espa\u00e7o de discuss\u00e3o de temas pertinentes e atuais da profiss\u00e3o \u00e9 um momento de confraterniza\u00e7\u00e3o entre professores e alunos de Servi\u00e7o Social com os profissionais.<\/p>\n<p>\u21d2\u00a0 Jornada de Est\u00e1gio de Servi\u00e7o Social<br \/>\nRealizado anualmente em meados do segundo semestre letivo, trata-se de um espa\u00e7o de socializa\u00e7\u00e3o das pr\u00e1ticas de est\u00e1gio de Servi\u00e7o Social.<\/p>\n<p>\u21d2\u00a0 Dia 18 de maio<br \/>\nAnualmente o Departamento realiza evento e atividades alusivo ao Dia Nacional de combate a abuso e explora\u00e7\u00e3o sexual contra a crian\u00e7a e o adolescente.<\/p>\n<p>\u21d2\u00a0 Dia 15 de maio<br \/>\nCampanha alusiva ao Dia Nacional de sensibiliza\u00e7\u00e3o contra a viol\u00eancia \u00e0 pessoa idosa<\/p>\n<p>\u21d2\u00a0 2\u00ba Semestre<br \/>\nO curso de Servi\u00e7o Social promove diversas palestras e outros espa\u00e7os de debate acad\u00eamico ao longo do ano letivo. Destacando os eventos realizados em parceria principalmente com o Mestrado em Ci\u00eancias Sociais e lan\u00e7amento de publica\u00e7\u00f5es do corpo docente do Curso e da Revista Emancipa\u00e7\u00e3o.<\/p>\n<p>&nbsp;<\/p>\n","protected":false},"excerpt":{"rendered":"<p>EVENTOS\u00a0 \u21d2\u00a0 Dia do Assistente Social: (realizado anualmente no m\u00eas de maio) Tradicionalmente o Curso de Servi\u00e7o Social realiza comemora\u00e7\u00e3o do Dia do Assistente Social (15 de maio), que al\u00e9m de espa\u00e7o de discuss\u00e3o de temas pertinentes e atuais da profiss\u00e3o \u00e9 um momento de confraterniza\u00e7\u00e3o entre professores e alunos de Servi\u00e7o Social com os&nbsp;&hellip;<\/p>\n","protected":false},"author":305,"featured_media":0,"parent":0,"menu_order":0,"comment_status":"closed","ping_status":"closed","template":"","meta":[],"_links":{"self":[{"href":"https:\/\/www2.uepg.br\/deservi\/wp-json\/wp\/v2\/pages\/143"}],"collection":[{"href":"https:\/\/www2.uepg.br\/deservi\/wp-json\/wp\/v2\/pages"}],"about":[{"href":"https:\/\/www2.uepg.br\/deservi\/wp-json\/wp\/v2\/types\/page"}],"author":[{"embeddable":true,"href":"https:\/\/www2.uepg.br\/deservi\/wp-json\/wp\/v2\/users\/305"}],"replies":[{"embeddable":true,"href":"https:\/\/www2.uepg.br\/deservi\/wp-json\/wp\/v2\/comments?post=143"}],"version-history":[{"count":9,"href":"https:\/\/www2.uepg.br\/deservi\/wp-json\/wp\/v2\/pages\/143\/revisions"}],"predecessor-version":[{"id":431,"href":"https:\/\/www2.uepg.br\/deservi\/wp-json\/wp\/v2\/pages\/143\/revisions\/431"}],"wp:attachment":[{"href":"https:\/\/www2.uepg.br\/deservi\/wp-json\/wp\/v2\/media?parent=143"}],"curies":[{"name":"wp","href":"https:\/\/api.w.org\/{rel}","templated":true}]}}