{"id":145,"date":"2022-04-19T13:25:48","date_gmt":"2022-04-19T16:25:48","guid":{"rendered":"https:\/\/www2.uepg.br\/desolo\/?page_id=145"},"modified":"2022-04-19T14:02:12","modified_gmt":"2022-04-19T17:02:12","slug":"historico","status":"publish","type":"page","link":"https:\/\/www2.uepg.br\/desolo\/historico\/","title":{"rendered":"Hist\u00f3rico"},"content":{"rendered":"<p>O Departamento de Ci\u00eancia do Solo e Engenharia Agr\u00edcola, foi criado pela Res.CA. n\u00ba 173 de 28 de dezembro de 1992.<\/p>\n","protected":false},"excerpt":{"rendered":"<p>O Departamento de Ci\u00eancia do Solo e Engenharia Agr\u00edcola, foi criado pela Res.CA. n\u00ba 173 de 28 de dezembro de 1992.<\/p>\n","protected":false},"author":378,"featured_media":0,"parent":0,"menu_order":0,"comment_status":"closed","ping_status":"closed","template":"","meta":[],"_links":{"self":[{"href":"https:\/\/www2.uepg.br\/desolo\/wp-json\/wp\/v2\/pages\/145"}],"collection":[{"href":"https:\/\/www2.uepg.br\/desolo\/wp-json\/wp\/v2\/pages"}],"about":[{"href":"https:\/\/www2.uepg.br\/desolo\/wp-json\/wp\/v2\/types\/page"}],"author":[{"embeddable":true,"href":"https:\/\/www2.uepg.br\/desolo\/wp-json\/wp\/v2\/users\/378"}],"replies":[{"embeddable":true,"href":"https:\/\/www2.uepg.br\/desolo\/wp-json\/wp\/v2\/comments?post=145"}],"version-history":[{"count":2,"href":"https:\/\/www2.uepg.br\/desolo\/wp-json\/wp\/v2\/pages\/145\/revisions"}],"predecessor-version":[{"id":203,"href":"https:\/\/www2.uepg.br\/desolo\/wp-json\/wp\/v2\/pages\/145\/revisions\/203"}],"wp:attachment":[{"href":"https:\/\/www2.uepg.br\/desolo\/wp-json\/wp\/v2\/media?parent=145"}],"curies":[{"name":"wp","href":"https:\/\/api.w.org\/{rel}","templated":true}]}}