{"id":148,"date":"2022-04-19T13:25:48","date_gmt":"2022-04-19T16:25:48","guid":{"rendered":"https:\/\/www2.uepg.br\/desolo\/?page_id=148"},"modified":"2022-04-19T14:39:57","modified_gmt":"2022-04-19T17:39:57","slug":"professores","status":"publish","type":"page","link":"https:\/\/www2.uepg.br\/desolo\/professores\/","title":{"rendered":"Professores"},"content":{"rendered":"<table border=\"0\" width=\"100%\" cellspacing=\"0\" cellpadding=\"0\">\n<tbody>\n<tr>\n<td align=\"center\">Pedro Henrique Weirich Neto<\/td>\n<\/tr>\n<tr>\n<td align=\"center\">Chefe do Departamento de Ci\u00eancias do Solo e Eng. Agr\u00edcola<\/td>\n<\/tr>\n<\/tbody>\n<\/table>\n<p>&nbsp;<\/p>\n<table border=\"0\" width=\"100%\" cellspacing=\"0\" cellpadding=\"0\">\n<tbody>\n<tr>\n<td align=\"center\">Carlos Hugo Rocha<\/td>\n<\/tr>\n<tr>\n<td align=\"center\">Chefe Adjunto<\/td>\n<\/tr>\n<\/tbody>\n<\/table>\n<p>&nbsp;<\/p>\n<table border=\"0\" width=\"100%\" cellspacing=\"0\" cellpadding=\"0\">\n<tbody>\n<tr>\n<td align=\"center\">Endere\u00e7o: Av. Carlos Cavalcanti, 4748 &#8211; Uvaranas &#8211; Ponta Grossa &#8211; PR &#8211; CEP: 84.030-900<\/td>\n<\/tr>\n<tr>\n<td align=\"center\">Telefone: (42) 3220-3090<\/td>\n<\/tr>\n<tr>\n<td align=\"center\">Site Oficial:\u00a0<a href=\"http:\/\/pitangui.uepg.br\/departamentos\/desolo\/\" target=\"_blank\" rel=\"noopener\">http:\/\/pitangui.uepg.br\/departamentos\/desolo\/<\/a><\/td>\n<\/tr>\n<tr>\n<td align=\"center\">E-Mail:\u00a0<a href=\"mailto:dsolos@uepg.br\" target=\"_blank\" rel=\"noopener\">dsolos@uepg.br<\/a><\/td>\n<\/tr>\n<tr>\n<td align=\"center\">Hor\u00e1rio de Atendimento: 08:00 \u00e0s 12:00 e das 13:00 \u00e0s 17:00<\/td>\n<\/tr>\n<\/tbody>\n<\/table>\n<p>&nbsp;<\/p>\n<table border=\"0\" width=\"100%\" cellspacing=\"0\" cellpadding=\"0\">\n<tbody>\n<tr>\n<td align=\"center\">Servidores Lotados<\/td>\n<\/tr>\n<\/tbody>\n<\/table>\n<p>&nbsp;<\/p>\n<table border=\"0\" width=\"100%\" cellspacing=\"0\" cellpadding=\"0\">\n<tbody>\n<tr>\n<td align=\"center\" width=\"35%\">Nome<\/td>\n<td align=\"center\" width=\"35%\">Cargo<\/td>\n<td align=\"center\" width=\"15%\">Titula\u00e7\u00e3o<\/td>\n<td align=\"center\" width=\"15%\">Carga Hor\u00e1ria<\/td>\n<\/tr>\n<\/tbody>\n<\/table>\n<p>&nbsp;<\/p>\n<table border=\"1\" width=\"100%\" cellspacing=\"0\" cellpadding=\"0\">\n<tbody>\n<tr>\n<td align=\"left\" width=\"35%\">Adriel Ferreira da Fonseca<\/td>\n<td align=\"left\" width=\"35%\">Professor de Ensino Superior &#8211; Carreira<\/td>\n<td align=\"left\" width=\"15%\">Doutorado<\/td>\n<td align=\"left\" width=\"15%\">Dedica\u00e7\u00e3o Excl.<\/td>\n<\/tr>\n<tr>\n<td align=\"left\" width=\"35%\">Andr\u00e9 Belmont Pereira<\/td>\n<td align=\"left\" width=\"35%\">Professor de Ensino Superior &#8211; Carreira<\/td>\n<td align=\"left\" width=\"15%\">Doutorado<\/td>\n<td align=\"left\" width=\"15%\">Dedica\u00e7\u00e3o Excl.<\/td>\n<\/tr>\n<tr>\n<td align=\"left\" width=\"35%\">Carlos Hugo Rocha<\/td>\n<td align=\"left\" width=\"35%\">Professor de Ensino Superior &#8211; Carreira<\/td>\n<td align=\"left\" width=\"15%\">Doutorado<\/td>\n<td align=\"left\" width=\"15%\">Dedica\u00e7\u00e3o Excl.<\/td>\n<\/tr>\n<tr>\n<td align=\"left\" width=\"35%\">Daniel Ruiz Potma Gon\u00e7alves<\/td>\n<td align=\"left\" width=\"35%\">Professor de Ens. Superior &#8211; Colaborador<\/td>\n<td align=\"left\" width=\"15%\">Doutorado<\/td>\n<td align=\"left\" width=\"15%\">40 Horas<\/td>\n<\/tr>\n<tr>\n<td align=\"left\" width=\"35%\">Eduardo Augusto Agnellos Barbosa<\/td>\n<td align=\"left\" width=\"35%\">Professor de Ensino Superior &#8211; Carreira<\/td>\n<td align=\"left\" width=\"15%\">Doutorado<\/td>\n<td align=\"left\" width=\"15%\">Dedica\u00e7\u00e3o Excl.<\/td>\n<\/tr>\n<tr>\n<td align=\"left\" width=\"35%\">Eduardo F\u00e1vero Caires<\/td>\n<td align=\"left\" width=\"35%\">Professor de Ensino Superior &#8211; Carreira<\/td>\n<td align=\"left\" width=\"15%\">Doutorado<\/td>\n<td align=\"left\" width=\"15%\">Dedica\u00e7\u00e3o Excl.<\/td>\n<\/tr>\n<tr>\n<td align=\"left\" width=\"35%\">Fabricio Tondello Barbosa<\/td>\n<td align=\"left\" width=\"35%\">Professor de Ensino Superior &#8211; Carreira<\/td>\n<td align=\"left\" width=\"15%\">Doutorado<\/td>\n<td align=\"left\" width=\"15%\">Dedica\u00e7\u00e3o Excl.<\/td>\n<\/tr>\n<tr>\n<td align=\"left\" width=\"35%\">Jaime Alberti Gomes<\/td>\n<td align=\"left\" width=\"35%\">Professor de Ens. Superior &#8211; Colaborador<\/td>\n<td align=\"left\" width=\"15%\">Doutorado<\/td>\n<td align=\"left\" width=\"15%\">40 Horas<\/td>\n<\/tr>\n<tr>\n<td align=\"left\" width=\"35%\">Luis Miguel Schiebelbein<\/td>\n<td align=\"left\" width=\"35%\">Professor de Ens. Superior &#8211; Colaborador<\/td>\n<td align=\"left\" width=\"15%\">Doutorado<\/td>\n<td align=\"left\" width=\"15%\">40 Horas<\/td>\n<\/tr>\n<tr>\n<td align=\"left\" width=\"35%\">Luiz Claudio Garcia<\/td>\n<td align=\"left\" width=\"35%\">Professor de Ensino Superior &#8211; Carreira<\/td>\n<td align=\"left\" width=\"15%\">Doutorado<\/td>\n<td align=\"left\" width=\"15%\">Dedica\u00e7\u00e3o Excl.<\/td>\n<\/tr>\n<tr>\n<td align=\"left\" width=\"35%\">N\u00e1tali Maidl de Souza<\/td>\n<td align=\"left\" width=\"35%\">Professor de Ens. Superior &#8211; Colaborador<\/td>\n<td align=\"left\" width=\"15%\">Doutorado<\/td>\n<td align=\"left\" width=\"15%\">40 Horas<\/td>\n<\/tr>\n<tr>\n<td align=\"left\" width=\"35%\">Neyde Fabiola Balarezo Giarola<\/td>\n<td align=\"left\" width=\"35%\">Professor de Ensino Superior &#8211; Carreira<\/td>\n<td align=\"left\" width=\"15%\">Doutorado<\/td>\n<td align=\"left\" width=\"15%\">Dedica\u00e7\u00e3o Excl.<\/td>\n<\/tr>\n<tr>\n<td align=\"left\" width=\"35%\">Paulo Ferreira Carrilho<\/td>\n<td align=\"left\" width=\"35%\">Professor de Ensino Superior &#8211; Carreira<\/td>\n<td align=\"left\" width=\"15%\">Mestrado<\/td>\n<td align=\"left\" width=\"15%\">Dedica\u00e7\u00e3o Excl.<\/td>\n<\/tr>\n<tr>\n<td align=\"left\" width=\"35%\">Pedro Henrique Weirich Neto<\/td>\n<td align=\"left\" width=\"35%\">Professor de Ensino Superior &#8211; Carreira<\/td>\n<td align=\"left\" width=\"15%\">Doutorado<\/td>\n<td align=\"left\" width=\"15%\">Dedica\u00e7\u00e3o Excl.<\/td>\n<\/tr>\n<\/tbody>\n<\/table>\n<p>14 Professores<\/p>\n","protected":false},"excerpt":{"rendered":"<p>Pedro Henrique Weirich Neto Chefe do Departamento de Ci\u00eancias do Solo e Eng. Agr\u00edcola &nbsp; Carlos Hugo Rocha Chefe Adjunto &nbsp; Endere\u00e7o: Av. Carlos Cavalcanti, 4748 &#8211; Uvaranas &#8211; Ponta Grossa &#8211; PR &#8211; CEP: 84.030-900 Telefone: (42) 3220-3090 Site Oficial:\u00a0http:\/\/pitangui.uepg.br\/departamentos\/desolo\/ E-Mail:\u00a0dsolos@uepg.br Hor\u00e1rio de Atendimento: 08:00 \u00e0s 12:00 e das 13:00 \u00e0s 17:00 &nbsp; Servidores&nbsp;&hellip;<\/p>\n","protected":false},"author":378,"featured_media":0,"parent":0,"menu_order":0,"comment_status":"closed","ping_status":"closed","template":"","meta":[],"_links":{"self":[{"href":"https:\/\/www2.uepg.br\/desolo\/wp-json\/wp\/v2\/pages\/148"}],"collection":[{"href":"https:\/\/www2.uepg.br\/desolo\/wp-json\/wp\/v2\/pages"}],"about":[{"href":"https:\/\/www2.uepg.br\/desolo\/wp-json\/wp\/v2\/types\/page"}],"author":[{"embeddable":true,"href":"https:\/\/www2.uepg.br\/desolo\/wp-json\/wp\/v2\/users\/378"}],"replies":[{"embeddable":true,"href":"https:\/\/www2.uepg.br\/desolo\/wp-json\/wp\/v2\/comments?post=148"}],"version-history":[{"count":2,"href":"https:\/\/www2.uepg.br\/desolo\/wp-json\/wp\/v2\/pages\/148\/revisions"}],"predecessor-version":[{"id":205,"href":"https:\/\/www2.uepg.br\/desolo\/wp-json\/wp\/v2\/pages\/148\/revisions\/205"}],"wp:attachment":[{"href":"https:\/\/www2.uepg.br\/desolo\/wp-json\/wp\/v2\/media?parent=148"}],"curies":[{"name":"wp","href":"https:\/\/api.w.org\/{rel}","templated":true}]}}