{"id":149,"date":"2022-04-19T13:25:48","date_gmt":"2022-04-19T16:25:48","guid":{"rendered":"https:\/\/www2.uepg.br\/desolo\/?page_id=149"},"modified":"2022-04-19T14:50:20","modified_gmt":"2022-04-19T17:50:20","slug":"onde-atua","status":"publish","type":"page","link":"https:\/\/www2.uepg.br\/desolo\/onde-atua\/","title":{"rendered":"Onde Atua"},"content":{"rendered":"<div align=\"justify\">\n<p align=\"center\">O Departamento de Ci\u00eancias do Solo e Engenharia Agr\u00edcola atua com seus docentes junto aos Cursos de:<\/p>\n<p align=\"center\"><strong><span style=\"font-size: small;\">GRADUA\u00c7\u00c3O<\/span><\/strong><\/p>\n<ul>\n<li><a href=\"https:\/\/www.uepg.br\/colegiados\/colagro\/home.html\" target=\"_blank\" rel=\"noopener\">Agronomia<\/a><\/li>\n<li><a href=\"https:\/\/www2.uepg.br\/portaldaslicenciaturas\/ciencias-biologicas\/\" target=\"_blank\" rel=\"noopener\">Licenciatura em Ci\u00eancias Biol\u00f3gicas<\/a><\/li>\n<li><a href=\"https:\/\/www2.uepg.br\/zootecnia\/\" target=\"_blank\" rel=\"noopener\">Zootecnia<\/a><\/li>\n<\/ul>\n<\/div>\n<p>&nbsp;<\/p>\n<p align=\"center\"><strong><span style=\"font-size: small;\">MESTRADO<\/span><\/strong><\/p>\n<ul>\n<li><a href=\"https:\/\/ppgagro.sites.uepg.br\/\" target=\"_blank\" rel=\"noopener\">Mestrado em Agronomia<\/a><\/li>\n<li><a href=\"https:\/\/www2.uepg.br\/ppgb\/\" target=\"_blank\" rel=\"noopener\">Mestrado em Bioenergia<\/a><\/li>\n<li><a href=\"https:\/\/www2.uepg.br\/computacaoaplicada\/\" target=\"_blank\" rel=\"noopener\">Mestrado em Computa\u00e7\u00e3o Aplicada<\/a><\/li>\n<\/ul>\n<p>&nbsp;<\/p>\n<p align=\"justify\">Obs: Clique sobre os cursos para obter informa\u00e7\u00f5es referentes a grade curricular, \u00e1reas de atua\u00e7\u00e3o, entre outras informa\u00e7\u00f5es.<\/p>\n","protected":false},"excerpt":{"rendered":"<p>O Departamento de Ci\u00eancias do Solo e Engenharia Agr\u00edcola atua com seus docentes junto aos Cursos de: GRADUA\u00c7\u00c3O Agronomia Licenciatura em Ci\u00eancias Biol\u00f3gicas Zootecnia &nbsp; MESTRADO Mestrado em Agronomia Mestrado em Bioenergia Mestrado em Computa\u00e7\u00e3o Aplicada &nbsp; Obs: Clique sobre os cursos para obter informa\u00e7\u00f5es referentes a grade curricular, \u00e1reas de atua\u00e7\u00e3o, entre outras informa\u00e7\u00f5es.<\/p>\n","protected":false},"author":378,"featured_media":0,"parent":0,"menu_order":0,"comment_status":"closed","ping_status":"closed","template":"","meta":[],"_links":{"self":[{"href":"https:\/\/www2.uepg.br\/desolo\/wp-json\/wp\/v2\/pages\/149"}],"collection":[{"href":"https:\/\/www2.uepg.br\/desolo\/wp-json\/wp\/v2\/pages"}],"about":[{"href":"https:\/\/www2.uepg.br\/desolo\/wp-json\/wp\/v2\/types\/page"}],"author":[{"embeddable":true,"href":"https:\/\/www2.uepg.br\/desolo\/wp-json\/wp\/v2\/users\/378"}],"replies":[{"embeddable":true,"href":"https:\/\/www2.uepg.br\/desolo\/wp-json\/wp\/v2\/comments?post=149"}],"version-history":[{"count":6,"href":"https:\/\/www2.uepg.br\/desolo\/wp-json\/wp\/v2\/pages\/149\/revisions"}],"predecessor-version":[{"id":210,"href":"https:\/\/www2.uepg.br\/desolo\/wp-json\/wp\/v2\/pages\/149\/revisions\/210"}],"wp:attachment":[{"href":"https:\/\/www2.uepg.br\/desolo\/wp-json\/wp\/v2\/media?parent=149"}],"curies":[{"name":"wp","href":"https:\/\/api.w.org\/{rel}","templated":true}]}}