{"id":151,"date":"2022-04-19T13:25:48","date_gmt":"2022-04-19T16:25:48","guid":{"rendered":"https:\/\/www2.uepg.br\/desolo\/?page_id=151"},"modified":"2022-04-19T14:52:42","modified_gmt":"2022-04-19T17:52:42","slug":"pesquisa","status":"publish","type":"page","link":"https:\/\/www2.uepg.br\/desolo\/pesquisa\/","title":{"rendered":"Pesquisa"},"content":{"rendered":"<ul>\n<li>AVALIAC\u00c3O E DESENVOLVIMENTO DE M\u00c1QUINAS E IMPLEMENTOS AGR\u00cdCOLAS<br \/>\nProf. Altair Justino<\/li>\n<li>AGROMETEOROLOGIA<br \/>\nProf. Andr\u00e9 Belmont Pereira<\/li>\n<li>FERTILIDADE DO SOLO E NUTRIC\u00c3O DE PLANTAS<br \/>\nProf. Eduardo F\u00e1vero Caires<\/li>\n<li>DIN\u00c2MICA DA MAT\u00c9RIA ORG\u00c2NICA, RECICLAGEM DE NUTRIENTES E MANEJO DA FERTILIDADE DO SOLO NO SISTEMA PLANTIO DIRETO<br \/>\nProf. Jo\u00e3o Carlos de Moraes S\u00e1<\/li>\n<\/ul>\n","protected":false},"excerpt":{"rendered":"<p>AVALIAC\u00c3O E DESENVOLVIMENTO DE M\u00c1QUINAS E IMPLEMENTOS AGR\u00cdCOLAS Prof. Altair Justino AGROMETEOROLOGIA Prof. Andr\u00e9 Belmont Pereira FERTILIDADE DO SOLO E NUTRIC\u00c3O DE PLANTAS Prof. Eduardo F\u00e1vero Caires DIN\u00c2MICA DA MAT\u00c9RIA ORG\u00c2NICA, RECICLAGEM DE NUTRIENTES E MANEJO DA FERTILIDADE DO SOLO NO SISTEMA PLANTIO DIRETO Prof. Jo\u00e3o Carlos de Moraes S\u00e1<\/p>\n","protected":false},"author":378,"featured_media":0,"parent":0,"menu_order":0,"comment_status":"closed","ping_status":"closed","template":"","meta":[],"_links":{"self":[{"href":"https:\/\/www2.uepg.br\/desolo\/wp-json\/wp\/v2\/pages\/151"}],"collection":[{"href":"https:\/\/www2.uepg.br\/desolo\/wp-json\/wp\/v2\/pages"}],"about":[{"href":"https:\/\/www2.uepg.br\/desolo\/wp-json\/wp\/v2\/types\/page"}],"author":[{"embeddable":true,"href":"https:\/\/www2.uepg.br\/desolo\/wp-json\/wp\/v2\/users\/378"}],"replies":[{"embeddable":true,"href":"https:\/\/www2.uepg.br\/desolo\/wp-json\/wp\/v2\/comments?post=151"}],"version-history":[{"count":3,"href":"https:\/\/www2.uepg.br\/desolo\/wp-json\/wp\/v2\/pages\/151\/revisions"}],"predecessor-version":[{"id":212,"href":"https:\/\/www2.uepg.br\/desolo\/wp-json\/wp\/v2\/pages\/151\/revisions\/212"}],"wp:attachment":[{"href":"https:\/\/www2.uepg.br\/desolo\/wp-json\/wp\/v2\/media?parent=151"}],"curies":[{"name":"wp","href":"https:\/\/api.w.org\/{rel}","templated":true}]}}