{"id":153,"date":"2022-04-19T13:25:48","date_gmt":"2022-04-19T16:25:48","guid":{"rendered":"https:\/\/www2.uepg.br\/desolo\/?page_id=153"},"modified":"2022-04-19T14:53:57","modified_gmt":"2022-04-19T17:53:57","slug":"laboratorios","status":"publish","type":"page","link":"https:\/\/www2.uepg.br\/desolo\/laboratorios\/","title":{"rendered":"Laborat\u00f3rios"},"content":{"rendered":"<ul>\n<li>Laborat\u00f3rio de F\u00edsica do Solo<strong><br \/>\n<\/strong>Respons\u00e1vel: Prof\u00aa. Neyde Fab\u00edola Balarezo Giarola<br \/>\nCampus de Uvaranas &#8211; Bloco F &#8211; sala 19<\/li>\n<li>Laborat\u00f3rio de Fertilidade do Solo<strong><br \/>\n<\/strong>Respons\u00e1vel: Prof. Eduardo F\u00e1vero Caires<br \/>\nCampus de Uvaranas &#8211; Bloco F &#8211; sala 28<\/li>\n<li>Laborat\u00f3rio de Mecaniza\u00e7\u00e3o Agr\u00edcola<strong><br \/>\n<\/strong>Respons\u00e1vel: Pedro Henrique Weirich Neto<strong><br \/>\n<\/strong>Campus de Uvaranas &#8211; Bloco F \u2013 sala 31<\/li>\n<li>Laborat\u00f3rio da Din\u00e2mica da Mat\u00e9ria Org\u00e2nica<strong><br \/>\n<\/strong>Respons\u00e1vel: Prof. Jo\u00e3o Carlos de Moraes S\u00e1<br \/>\nCampus de Uvaranas &#8211; Bloco F &#8211; sala 20<\/li>\n<li><a href=\"http:\/\/www.nutricaodeplantas.com.br\/\" target=\"_blank\" rel=\"noopener\">Laborat\u00f3rio de Nutri\u00e7\u00e3o de Plantas<\/a><strong><br \/>\n<\/strong>Respons\u00e1vel: Prof. Adriel Ferreira da Fonseca<br \/>\nCampus de Uvaranas &#8211; Bloco F &#8211; sala 29<\/li>\n<li>Laborat\u00f3rio de Tecnologia<strong><br \/>\n<\/strong>Respons\u00e1vel: Altair Justino<strong><br \/>\n<\/strong>Campus de Uvaranas &#8211; Bloco F \u2013 sala 34<\/li>\n<\/ul>\n","protected":false},"excerpt":{"rendered":"<p>Laborat\u00f3rio de F\u00edsica do Solo Respons\u00e1vel: Prof\u00aa. Neyde Fab\u00edola Balarezo Giarola Campus de Uvaranas &#8211; Bloco F &#8211; sala 19 Laborat\u00f3rio de Fertilidade do Solo Respons\u00e1vel: Prof. Eduardo F\u00e1vero Caires Campus de Uvaranas &#8211; Bloco F &#8211; sala 28 Laborat\u00f3rio de Mecaniza\u00e7\u00e3o Agr\u00edcola Respons\u00e1vel: Pedro Henrique Weirich Neto Campus de Uvaranas &#8211; Bloco F \u2013&nbsp;&hellip;<\/p>\n","protected":false},"author":378,"featured_media":0,"parent":0,"menu_order":0,"comment_status":"closed","ping_status":"closed","template":"","meta":[],"_links":{"self":[{"href":"https:\/\/www2.uepg.br\/desolo\/wp-json\/wp\/v2\/pages\/153"}],"collection":[{"href":"https:\/\/www2.uepg.br\/desolo\/wp-json\/wp\/v2\/pages"}],"about":[{"href":"https:\/\/www2.uepg.br\/desolo\/wp-json\/wp\/v2\/types\/page"}],"author":[{"embeddable":true,"href":"https:\/\/www2.uepg.br\/desolo\/wp-json\/wp\/v2\/users\/378"}],"replies":[{"embeddable":true,"href":"https:\/\/www2.uepg.br\/desolo\/wp-json\/wp\/v2\/comments?post=153"}],"version-history":[{"count":3,"href":"https:\/\/www2.uepg.br\/desolo\/wp-json\/wp\/v2\/pages\/153\/revisions"}],"predecessor-version":[{"id":214,"href":"https:\/\/www2.uepg.br\/desolo\/wp-json\/wp\/v2\/pages\/153\/revisions\/214"}],"wp:attachment":[{"href":"https:\/\/www2.uepg.br\/desolo\/wp-json\/wp\/v2\/media?parent=153"}],"curies":[{"name":"wp","href":"https:\/\/api.w.org\/{rel}","templated":true}]}}