{"id":156,"date":"2022-04-19T13:25:48","date_gmt":"2022-04-19T16:25:48","guid":{"rendered":"https:\/\/www2.uepg.br\/desolo\/?page_id=156"},"modified":"2022-04-19T15:48:01","modified_gmt":"2022-04-19T18:48:01","slug":"contato","status":"publish","type":"page","link":"https:\/\/www2.uepg.br\/desolo\/contato\/","title":{"rendered":"Contato"},"content":{"rendered":"<p align=\"center\"><strong><span style=\"font-size: small;\">DEPARTAMENTO DE\u00a0<\/span><\/strong><strong><span style=\"font-size: small;\">CI\u00caNCIA DO SOLO E ENGENHARIA AGR\u00cdCOLA<\/span><\/strong><br \/>\nda Universidade Estadual de Ponta Grossa<\/p>\n<p align=\"center\">O hor\u00e1rio de atendimento \u00e9 das 08:00 \u00e0s 12:00 e das 13:00 \u00e0s 17:00 horas<\/p>\n<p align=\"center\">Campus Uvaranas &#8211; Bloco F &#8211; sala 07<br \/>\nAvenida General Carlos Cavalcanti, 4748 Ponta Grossa PR<br \/>\nFones: 42-3220 3089 \/ 3220-3090 \/ 3220-3091 \/ 3220-3092<br \/>\n<a href=\"mailto:dsolos@uepg.br\">dsolos@uepg.br<\/a><\/p>\n<p align=\"center\">Colegiado de Agronomia<br \/>\n<a href=\"mailto:%20colagro@uepg.br\">colagro@uepg.br<\/a><\/p>\n","protected":false},"excerpt":{"rendered":"<p>DEPARTAMENTO DE\u00a0CI\u00caNCIA DO SOLO E ENGENHARIA AGR\u00cdCOLA da Universidade Estadual de Ponta Grossa O hor\u00e1rio de atendimento \u00e9 das 08:00 \u00e0s 12:00 e das 13:00 \u00e0s 17:00 horas Campus Uvaranas &#8211; Bloco F &#8211; sala 07 Avenida General Carlos Cavalcanti, 4748 Ponta Grossa PR Fones: 42-3220 3089 \/ 3220-3090 \/ 3220-3091 \/ 3220-3092 dsolos@uepg.br Colegiado&nbsp;&hellip;<\/p>\n","protected":false},"author":378,"featured_media":0,"parent":0,"menu_order":0,"comment_status":"closed","ping_status":"closed","template":"","meta":[],"_links":{"self":[{"href":"https:\/\/www2.uepg.br\/desolo\/wp-json\/wp\/v2\/pages\/156"}],"collection":[{"href":"https:\/\/www2.uepg.br\/desolo\/wp-json\/wp\/v2\/pages"}],"about":[{"href":"https:\/\/www2.uepg.br\/desolo\/wp-json\/wp\/v2\/types\/page"}],"author":[{"embeddable":true,"href":"https:\/\/www2.uepg.br\/desolo\/wp-json\/wp\/v2\/users\/378"}],"replies":[{"embeddable":true,"href":"https:\/\/www2.uepg.br\/desolo\/wp-json\/wp\/v2\/comments?post=156"}],"version-history":[{"count":2,"href":"https:\/\/www2.uepg.br\/desolo\/wp-json\/wp\/v2\/pages\/156\/revisions"}],"predecessor-version":[{"id":215,"href":"https:\/\/www2.uepg.br\/desolo\/wp-json\/wp\/v2\/pages\/156\/revisions\/215"}],"wp:attachment":[{"href":"https:\/\/www2.uepg.br\/desolo\/wp-json\/wp\/v2\/media?parent=156"}],"curies":[{"name":"wp","href":"https:\/\/api.w.org\/{rel}","templated":true}]}}