{"id":137,"date":"2023-09-18T09:02:13","date_gmt":"2023-09-18T12:02:13","guid":{"rendered":"https:\/\/www2.uepg.br\/desp\/?page_id=137"},"modified":"2026-03-30T11:41:35","modified_gmt":"2026-03-30T14:41:35","slug":"estrutura","status":"publish","type":"page","link":"https:\/\/www2.uepg.br\/desp\/estrutura\/","title":{"rendered":"Estrutura"},"content":{"rendered":"<p style=\"text-align: center\"><strong>ESTRUTURA ADMINISTRATIVA<\/strong><\/p>\n<p style=\"text-align: center\"><strong>Chefe do Departamento<\/strong><\/p>\n<p style=\"text-align: center\">Erildo Vicente Muller<\/p>\n<p>&nbsp;<\/p>\n<p style=\"text-align: center\"><strong>Chefe Adjunto<\/strong><\/p>\n<p style=\"text-align: center\">Pollyanna Kassia de Oliveira Borges<\/p>\n<p>&nbsp;<\/p>\n<p style=\"text-align: center\"><strong>Secret\u00e1ria<\/strong><\/p>\n<p style=\"text-align: center\">Susana Maria Csecalski de Albuquerque<\/p>\n<p>&nbsp;<\/p>\n<p>&nbsp;<\/p>\n<p style=\"text-align: center\"><strong>Laborat\u00f3rio de Sa\u00fade Ambiental<\/strong><\/p>\n<p style=\"text-align: center\"><strong>Respons\u00e1vel T\u00e9cnica<\/strong><\/p>\n<p style=\"text-align: center\">Mariele Katherine Jungles<\/p>\n<p>&nbsp;<\/p>\n<p style=\"text-align: center\"><strong>T\u00e9cnica Respons\u00e1vel<\/strong><\/p>\n<p style=\"text-align: center\">Sandra Mara Wolff Campelo<\/p>\n<p>&nbsp;<\/p>\n<p>&nbsp;<\/p>\n<p style=\"text-align: center\"><strong>Laborat\u00f3rio de Recursos H\u00eddricos<\/strong><\/p>\n<p style=\"text-align: center\"><strong>Respons\u00e1vel T\u00e9cnica<\/strong><\/p>\n<p style=\"text-align: center\">Mariele Katherine Jungles<\/p>\n<p>&nbsp;<\/p>\n<p style=\"text-align: center\"><strong>T\u00e9cnicos de laborat\u00f3rio<\/strong><\/p>\n<p style=\"text-align: center\">Aur\u00e9lio Rodrigues<\/p>\n<p style=\"text-align: center\">Edelor Ingl\u00eas da Luz<\/p>\n<p style=\"text-align: center\">Wilson de Moraes<\/p>\n<p>&nbsp;<\/p>\n<p style=\"text-align: center\">\n","protected":false},"excerpt":{"rendered":"<p>ESTRUTURA ADMINISTRATIVA Chefe do Departamento Erildo Vicente Muller &nbsp; Chefe Adjunto Pollyanna Kassia de Oliveira Borges &nbsp; Secret\u00e1ria Susana Maria Csecalski de Albuquerque &nbsp; &nbsp; Laborat\u00f3rio de Sa\u00fade Ambiental Respons\u00e1vel T\u00e9cnica Mariele Katherine Jungles &nbsp; T\u00e9cnica Respons\u00e1vel Sandra Mara Wolff Campelo &nbsp; &nbsp; Laborat\u00f3rio de Recursos H\u00eddricos Respons\u00e1vel T\u00e9cnica Mariele Katherine Jungles &nbsp; T\u00e9cnicos de&nbsp;&hellip;<\/p>\n","protected":false},"author":661,"featured_media":0,"parent":0,"menu_order":0,"comment_status":"closed","ping_status":"closed","template":"","meta":[],"_links":{"self":[{"href":"https:\/\/www2.uepg.br\/desp\/wp-json\/wp\/v2\/pages\/137"}],"collection":[{"href":"https:\/\/www2.uepg.br\/desp\/wp-json\/wp\/v2\/pages"}],"about":[{"href":"https:\/\/www2.uepg.br\/desp\/wp-json\/wp\/v2\/types\/page"}],"author":[{"embeddable":true,"href":"https:\/\/www2.uepg.br\/desp\/wp-json\/wp\/v2\/users\/661"}],"replies":[{"embeddable":true,"href":"https:\/\/www2.uepg.br\/desp\/wp-json\/wp\/v2\/comments?post=137"}],"version-history":[{"count":5,"href":"https:\/\/www2.uepg.br\/desp\/wp-json\/wp\/v2\/pages\/137\/revisions"}],"predecessor-version":[{"id":346,"href":"https:\/\/www2.uepg.br\/desp\/wp-json\/wp\/v2\/pages\/137\/revisions\/346"}],"wp:attachment":[{"href":"https:\/\/www2.uepg.br\/desp\/wp-json\/wp\/v2\/media?parent=137"}],"curies":[{"name":"wp","href":"https:\/\/api.w.org\/{rel}","templated":true}]}}