{"id":141,"date":"2023-09-18T10:09:22","date_gmt":"2023-09-18T13:09:22","guid":{"rendered":"https:\/\/www2.uepg.br\/desp\/?page_id=141"},"modified":"2026-03-30T11:38:36","modified_gmt":"2026-03-30T14:38:36","slug":"professores","status":"publish","type":"page","link":"https:\/\/www2.uepg.br\/desp\/professores\/","title":{"rendered":"Professores"},"content":{"rendered":"<p>&nbsp;<\/p>\n<table border=\"1\" width=\"100%\" cellspacing=\"0\" cellpadding=\"0\">\n<tbody>\n<tr>\n<td align=\"center\" width=\"35%\">Nome<\/td>\n<td align=\"center\" width=\"35%\">Cargo<\/td>\n<td align=\"center\" width=\"15%\">Titula\u00e7\u00e3o<\/td>\n<td align=\"center\" width=\"15%\">Carga Hor\u00e1ria<\/td>\n<\/tr>\n<tr>\n<td align=\"left\" width=\"35%\">Carlos Eduardo Coradassi<\/td>\n<td align=\"left\" width=\"35%\">Professor de Ensino Superior<\/td>\n<td align=\"left\" width=\"15%\">Doutorado<\/td>\n<td align=\"left\" width=\"15%\">Dedica\u00e7\u00e3o Excl.<\/td>\n<\/tr>\n<tr>\n<td align=\"left\" width=\"35%\">Emilia Ferro de Melo<\/td>\n<td align=\"left\" width=\"35%\">Professor de Ensino Superior<\/td>\n<td align=\"left\" width=\"15%\">Mestrado<\/td>\n<td align=\"left\" width=\"15%\">20 horas<\/td>\n<\/tr>\n<tr>\n<td align=\"left\" width=\"35%\">Erildo Vicente M\u00fcller<\/td>\n<td align=\"left\" width=\"35%\">Professor de Ensino Superior<\/td>\n<td align=\"left\" width=\"15%\">Doutorado<\/td>\n<td align=\"left\" width=\"15%\">Dedica\u00e7\u00e3o Excl.<\/td>\n<\/tr>\n<tr>\n<td align=\"left\" width=\"35%\">Mariele Katherine Jungles<\/td>\n<td align=\"left\" width=\"35%\">Professor de Ensino Superior<\/td>\n<td align=\"left\" width=\"15%\">Doutorado<\/td>\n<td align=\"left\" width=\"15%\">Dedica\u00e7\u00e3o Excl.<\/td>\n<\/tr>\n<tr>\n<td align=\"left\" width=\"35%\">Milene Zanoni da Silva<\/td>\n<td align=\"left\" width=\"35%\">Professor de Ensino Superior<\/td>\n<td align=\"left\" width=\"15%\">Doutorado<\/td>\n<td align=\"left\" width=\"15%\">Dedica\u00e7\u00e3o Excl.<\/td>\n<\/tr>\n<tr>\n<td align=\"left\" width=\"35%\">Pollyanna K\u00e1ssia da Silva<\/td>\n<td align=\"left\" width=\"35%\">Professor de Ensino Superior<\/td>\n<td align=\"left\" width=\"15%\">Doutorado<\/td>\n<td align=\"left\" width=\"15%\">Dedica\u00e7\u00e3o Excl.<\/td>\n<\/tr>\n<tr>\n<td align=\"left\" width=\"35%\">Iaponira Sales de Oliveira<\/td>\n<td align=\"left\" width=\"35%\">Professor de Ensino Superior<\/td>\n<td align=\"left\" width=\"15%\">Doutorado<\/td>\n<td align=\"left\" width=\"15%\">Dedica\u00e7\u00e3o Excl.<\/td>\n<\/tr>\n<tr>\n<td align=\"left\" width=\"35%\">Nayara Cristina Milane<\/td>\n<td align=\"left\" width=\"35%\">Professor de Ensino Superior<\/td>\n<td align=\"left\" width=\"15%\">Doutorado<\/td>\n<td align=\"left\" width=\"15%\">40 horas<\/td>\n<\/tr>\n<tr>\n<td align=\"left\" width=\"35%\">Leticia Simeoni Avais<\/td>\n<td align=\"left\" width=\"35%\">Professor de Ensino Superior<\/td>\n<td align=\"left\" width=\"15%\">Doutorado<\/td>\n<td align=\"left\" width=\"15%\">20 horas<\/td>\n<\/tr>\n<tr>\n<td align=\"left\" width=\"35%\">Lucia Aparecida Lebioda Camilo<\/td>\n<td align=\"left\" width=\"35%\">Professor de Ensino Superior<\/td>\n<td align=\"left\" width=\"15%\">Mestrado<\/td>\n<td align=\"left\" width=\"15%\">20 horas<\/td>\n<\/tr>\n<tr>\n<td align=\"left\" width=\"35%\">Vivian Cristina Ito<\/td>\n<td align=\"left\" width=\"35%\">Professor de Ensino Superior<\/td>\n<td align=\"left\" width=\"15%\">Doutorado<\/td>\n<td align=\"left\" width=\"15%\">20 horas<\/td>\n<\/tr>\n<tr>\n<td align=\"left\" width=\"35%\"><\/td>\n<td align=\"left\" width=\"35%\"><\/td>\n<td align=\"left\" width=\"15%\"><\/td>\n<td align=\"left\" width=\"15%\"><\/td>\n<\/tr>\n<\/tbody>\n<\/table>\n<p>&nbsp;<\/p>\n","protected":false},"excerpt":{"rendered":"<p>&nbsp; Nome Cargo Titula\u00e7\u00e3o Carga Hor\u00e1ria Carlos Eduardo Coradassi Professor de Ensino Superior Doutorado Dedica\u00e7\u00e3o Excl. Emilia Ferro de Melo Professor de Ensino Superior Mestrado 20 horas Erildo Vicente M\u00fcller Professor de Ensino Superior Doutorado Dedica\u00e7\u00e3o Excl. Mariele Katherine Jungles Professor de Ensino Superior Doutorado Dedica\u00e7\u00e3o Excl. Milene Zanoni da Silva Professor de Ensino Superior&nbsp;&hellip;<\/p>\n","protected":false},"author":661,"featured_media":0,"parent":0,"menu_order":0,"comment_status":"closed","ping_status":"closed","template":"","meta":[],"_links":{"self":[{"href":"https:\/\/www2.uepg.br\/desp\/wp-json\/wp\/v2\/pages\/141"}],"collection":[{"href":"https:\/\/www2.uepg.br\/desp\/wp-json\/wp\/v2\/pages"}],"about":[{"href":"https:\/\/www2.uepg.br\/desp\/wp-json\/wp\/v2\/types\/page"}],"author":[{"embeddable":true,"href":"https:\/\/www2.uepg.br\/desp\/wp-json\/wp\/v2\/users\/661"}],"replies":[{"embeddable":true,"href":"https:\/\/www2.uepg.br\/desp\/wp-json\/wp\/v2\/comments?post=141"}],"version-history":[{"count":20,"href":"https:\/\/www2.uepg.br\/desp\/wp-json\/wp\/v2\/pages\/141\/revisions"}],"predecessor-version":[{"id":345,"href":"https:\/\/www2.uepg.br\/desp\/wp-json\/wp\/v2\/pages\/141\/revisions\/345"}],"wp:attachment":[{"href":"https:\/\/www2.uepg.br\/desp\/wp-json\/wp\/v2\/media?parent=141"}],"curies":[{"name":"wp","href":"https:\/\/api.w.org\/{rel}","templated":true}]}}