{"id":158,"date":"2023-09-18T10:32:14","date_gmt":"2023-09-18T13:32:14","guid":{"rendered":"https:\/\/www2.uepg.br\/desp\/?page_id=158"},"modified":"2026-03-30T13:19:00","modified_gmt":"2026-03-30T16:19:00","slug":"onde-atua","status":"publish","type":"page","link":"https:\/\/www2.uepg.br\/desp\/onde-atua\/","title":{"rendered":"Onde Atua"},"content":{"rendered":"<p style=\"text-align: center\">O Departamento de Sa\u00fade P\u00fablica atua com seus docentes junto aos cursos de:<\/p>\n<p style=\"text-align: center\"><strong>GRADUA\u00c7\u00c3O<\/strong><\/p>\n<p style=\"text-align: center\"><a href=\"https:\/\/www.uepg.br\/bacharelado-em-ciencias-biologicas\/\" target=\"_blank\" rel=\"noopener\">Bacharelado em Ci\u00eancias Biol\u00f3gicas<\/a><\/p>\n<p style=\"text-align: center\"><a href=\"https:\/\/www.uepg.br\/bacharelado-em-educacao-fisica\/\">Bacharelado em Educa\u00e7\u00e3o F\u00edsica<\/a><\/p>\n<p style=\"text-align: center\"><a href=\"https:\/\/www.uepg.br\/enfermagem\/\" target=\"_blank\" rel=\"noopener\">Enfermagem<\/a><\/p>\n<p style=\"text-align: center\"><a style=\"text-align: center\" href=\"https:\/\/www.uepg.br\/farmacia\/\" target=\"_blank\" rel=\"noopener\">Farm\u00e1cia<\/a><\/p>\n<p style=\"text-align: center\"><a href=\"https:\/\/www.uepg.br\/medicina\" target=\"_blank\" rel=\"noopener\">Medicina<\/a><\/p>\n<p style=\"text-align: center\"><a href=\"https:\/\/www.uepg.br\/odontologia\/\" target=\"_blank\" rel=\"noopener\">Odontologia<\/a><\/p>\n<p>\u00a0 \u00a0 \u00a0 \u00a0 \u00a0 \u00a0 \u00a0 \u00a0 \u00a0 \u00a0 \u00a0 \u00a0 \u00a0 \u00a0 \u00a0 \u00a0 \u00a0 \u00a0 \u00a0 \u00a0 \u00a0 \u00a0 \u00a0 \u00a0 \u00a0 \u00a0 \u00a0 \u00a0 \u00a0 \u00a0 \u00a0 \u00a0 \u00a0 \u00a0 \u00a0 \u00a0 \u00a0 \u00a0 \u00a0 \u00a0 \u00a0 \u00a0 \u00a0 \u00a0 \u00a0 \u00a0 \u00a0 \u00a0 \u00a0 \u00a0 \u00a0 \u00a0 \u00a0 \u00a0 \u00a0 \u00a0 \u00a0 \u00a0 \u00a0 \u00a0 \u00a0 \u00a0 \u00a0 \u00a0 \u00a0 \u00a0 \u00a0 \u00a0 \u00a0 \u00a0 \u00a0 \u00a0 \u00a0 \u00a0 \u00a0 \u00a0 \u00a0 \u00a0 \u00a0 \u00a0 \u00a0 \u00a0 \u00a0 \u00a0 \u00a0 \u00a0 \u00a0 \u00a0 \u00a0 \u00a0 \u00a0 \u00a0 \u00a0 \u00a0 \u00a0 \u00a0 \u00a0 \u00a0 \u00a0 \u00a0 \u00a0 \u00a0 \u00a0 \u00a0 \u00a0 \u00a0 \u00a0 \u00a0 \u00a0 \u00a0 \u00a0 \u00a0 \u00a0 <span style=\"color: #0000ff\">\u00a0 \u00a0 \u00a0 \u00a0Psicologia<\/span><\/p>\n<p><span style=\"color: #0000ff\">\u00a0 \u00a0 \u00a0 \u00a0 \u00a0 \u00a0 \u00a0 \u00a0 \u00a0 \u00a0 \u00a0 \u00a0 \u00a0 \u00a0 \u00a0 \u00a0 \u00a0 \u00a0 \u00a0 \u00a0 \u00a0 \u00a0 \u00a0 \u00a0 \u00a0 \u00a0 \u00a0 \u00a0 \u00a0 \u00a0 \u00a0 \u00a0 \u00a0 \u00a0 \u00a0 \u00a0 \u00a0 \u00a0 \u00a0 \u00a0 \u00a0 \u00a0 \u00a0 \u00a0 \u00a0 \u00a0 \u00a0 \u00a0 \u00a0 \u00a0 \u00a0 \u00a0 \u00a0 \u00a0 \u00a0 \u00a0 \u00a0 \u00a0 \u00a0 \u00a0 \u00a0 \u00a0 \u00a0 \u00a0 \u00a0 \u00a0 \u00a0 \u00a0 \u00a0 \u00a0 \u00a0 \u00a0 \u00a0 \u00a0 \u00a0 \u00a0 \u00a0 \u00a0 \u00a0 \u00a0 \u00a0 \u00a0 \u00a0 \u00a0 \u00a0 \u00a0 \u00a0 \u00a0 \u00a0 \u00a0 \u00a0 \u00a0 \u00a0 \u00a0 \u00a0 \u00a0 \u00a0 \u00a0 \u00a0 \u00a0 \u00a0 \u00a0 \u00a0 \u00a0 \u00a0 \u00a0 \u00a0 \u00a0 \u00a0 \u00a0 \u00a0 \u00a0 \u00a0 \u00a0 \u00a0 \u00a0 \u00a0 Nutri\u00e7\u00e3o<\/span><\/p>\n<p>&nbsp;<\/p>\n","protected":false},"excerpt":{"rendered":"<p>O Departamento de Sa\u00fade P\u00fablica atua com seus docentes junto aos cursos de: GRADUA\u00c7\u00c3O Bacharelado em Ci\u00eancias Biol\u00f3gicas Bacharelado em Educa\u00e7\u00e3o F\u00edsica Enfermagem Farm\u00e1cia Medicina Odontologia \u00a0 \u00a0 \u00a0 \u00a0 \u00a0 \u00a0 \u00a0 \u00a0 \u00a0 \u00a0 \u00a0 \u00a0 \u00a0 \u00a0 \u00a0 \u00a0 \u00a0 \u00a0 \u00a0 \u00a0 \u00a0 \u00a0 \u00a0 \u00a0 \u00a0 \u00a0 \u00a0 \u00a0 \u00a0&nbsp;&hellip;<\/p>\n","protected":false},"author":661,"featured_media":0,"parent":0,"menu_order":0,"comment_status":"closed","ping_status":"closed","template":"","meta":[],"_links":{"self":[{"href":"https:\/\/www2.uepg.br\/desp\/wp-json\/wp\/v2\/pages\/158"}],"collection":[{"href":"https:\/\/www2.uepg.br\/desp\/wp-json\/wp\/v2\/pages"}],"about":[{"href":"https:\/\/www2.uepg.br\/desp\/wp-json\/wp\/v2\/types\/page"}],"author":[{"embeddable":true,"href":"https:\/\/www2.uepg.br\/desp\/wp-json\/wp\/v2\/users\/661"}],"replies":[{"embeddable":true,"href":"https:\/\/www2.uepg.br\/desp\/wp-json\/wp\/v2\/comments?post=158"}],"version-history":[{"count":5,"href":"https:\/\/www2.uepg.br\/desp\/wp-json\/wp\/v2\/pages\/158\/revisions"}],"predecessor-version":[{"id":348,"href":"https:\/\/www2.uepg.br\/desp\/wp-json\/wp\/v2\/pages\/158\/revisions\/348"}],"wp:attachment":[{"href":"https:\/\/www2.uepg.br\/desp\/wp-json\/wp\/v2\/media?parent=158"}],"curies":[{"name":"wp","href":"https:\/\/api.w.org\/{rel}","templated":true}]}}