{"id":162,"date":"2023-09-18T10:36:44","date_gmt":"2023-09-18T13:36:44","guid":{"rendered":"https:\/\/www2.uepg.br\/desp\/?page_id=162"},"modified":"2023-09-18T10:42:59","modified_gmt":"2023-09-18T13:42:59","slug":"pesquisa","status":"publish","type":"page","link":"https:\/\/www2.uepg.br\/desp\/pesquisa\/","title":{"rendered":"Pesquisa"},"content":{"rendered":"<ul>\n<li style=\"text-align: left\"><strong>CALL CENTER COVID LONGA SALA M-72PROJETO CALMA NA CRISE PARA ESTUDANTES E COMUNIDADE<\/strong><\/li>\n<li style=\"text-align: left\"><strong>FORMA\u00c7\u00c3O DE GESTORES E PROFISSIONAIS DE SA\u00daDE DA APS DO ESTADO DO PARAN\u00c1 NO ENFRENTAMENTO DE OBESIDADE E FATORES ASSOCIADO: AN\u00c1LISE DE EFETIVIDADE A PARTIR DA ABORDAGEM QUALI-QUANTITATIVA<\/strong><\/li>\n<li style=\"text-align: left\"><strong>PANDEMIA DA COVID-19: CARACTER\u00cdSTICAS E RESPOSTAS DO SISTEMA \u00daNICO DE SA\u00daDE E VIGIL\u00c2NCIA DA COVID-LONGA EM MUNIC\u00cdPIO DE M\u00c9DIO PORTE<\/strong><\/li>\n<li style=\"text-align: left\"><strong>PREVAL\u00caNCIA DA S\u00cdNDROME METAB\u00d3LICA E DO N\u00cdVEL DE ATIVIDADE F\u00cdSICA EM PACIENTES HIV\/AIDS EM TRATAMENTO ANTIRRETROVIRALINTERNAMENTOS DE REC\u00c9M NASCIDOS ATENDIDOS EM UNIDADES DE TERAPIA INTENSIVA NEONATAL DOS CAMPOS GERAIS, PARAN\u00c1, BRASIL<\/strong><\/li>\n<li style=\"text-align: left\"><strong>AN\u00c1LISE ESPACIAL E EPIDEMIOL\u00d3GICA DA S\u00cdNDROME DA IMUNODEFICI\u00caNCIA ADQUIRIDA EM MUNIC\u00cdPIO DO CENTRO SUL DO BRASIL E SEUS DIFERENCIAIS SOCIOECON\u00d4MICOS.<\/strong><\/li>\n<li style=\"text-align: left\"><strong>PREVAL\u00caNCIA DE ANSIEDADE E DEPRESS\u00c3O P\u00d3S-PARTO E FATORES ASSOCIADOS<\/strong><\/li>\n<li style=\"text-align: left\"><strong>TEND\u00caNCIA TEMPORAL E AN\u00c1LISE ESPACIAL DOS DETERMINANTES SOCIOECON\u00d4MICOS DAS CES\u00c1REAS NO ESTADO DO PARAN\u00c1, 2003 A 2014<\/strong><\/li>\n<li style=\"text-align: left\"><strong>DIN\u00c2MICAS DE ARTICULA\u00c7\u00c3O INTERSETORIAL ENTRE REDE DE ATEN\u00c7\u00c3O \u00c0 SA\u00daDE E UNIDADES DE ATENDIMENTO SOCIOEDUCATIVO NO ESTADO DO PARAN\u00c1<\/strong><\/li>\n<li style=\"text-align: left\"><strong>ESTUDOS SOBRE VIGIL\u00c2NCIA EM SA\u00daDE, MORTALIDADE E EPIDEMIOLOGIA HOSPITALAR<\/strong><\/li>\n<li style=\"text-align: left\"><strong>COHORTS CONSORTIUM OF LATIN AMERICA AND THE CARIBBEAN (CC-LAC)<\/strong><\/li>\n<li style=\"text-align: left\"><strong>CHEFE DE AMBULAT\u00d3RIO, JUNTO \u00c0 PRORH DA UNIVERSIDADE<\/strong><\/li>\n<\/ul>\n","protected":false},"excerpt":{"rendered":"<p>CALL CENTER COVID LONGA SALA M-72PROJETO CALMA NA CRISE PARA ESTUDANTES E COMUNIDADE FORMA\u00c7\u00c3O DE GESTORES E PROFISSIONAIS DE SA\u00daDE DA APS DO ESTADO DO PARAN\u00c1 NO ENFRENTAMENTO DE OBESIDADE E FATORES ASSOCIADO: AN\u00c1LISE DE EFETIVIDADE A PARTIR DA ABORDAGEM QUALI-QUANTITATIVA PANDEMIA DA COVID-19: CARACTER\u00cdSTICAS E RESPOSTAS DO SISTEMA \u00daNICO DE SA\u00daDE E VIGIL\u00c2NCIA DA&nbsp;&hellip;<\/p>\n","protected":false},"author":661,"featured_media":0,"parent":0,"menu_order":0,"comment_status":"closed","ping_status":"closed","template":"","meta":[],"_links":{"self":[{"href":"https:\/\/www2.uepg.br\/desp\/wp-json\/wp\/v2\/pages\/162"}],"collection":[{"href":"https:\/\/www2.uepg.br\/desp\/wp-json\/wp\/v2\/pages"}],"about":[{"href":"https:\/\/www2.uepg.br\/desp\/wp-json\/wp\/v2\/types\/page"}],"author":[{"embeddable":true,"href":"https:\/\/www2.uepg.br\/desp\/wp-json\/wp\/v2\/users\/661"}],"replies":[{"embeddable":true,"href":"https:\/\/www2.uepg.br\/desp\/wp-json\/wp\/v2\/comments?post=162"}],"version-history":[{"count":5,"href":"https:\/\/www2.uepg.br\/desp\/wp-json\/wp\/v2\/pages\/162\/revisions"}],"predecessor-version":[{"id":175,"href":"https:\/\/www2.uepg.br\/desp\/wp-json\/wp\/v2\/pages\/162\/revisions\/175"}],"wp:attachment":[{"href":"https:\/\/www2.uepg.br\/desp\/wp-json\/wp\/v2\/media?parent=162"}],"curies":[{"name":"wp","href":"https:\/\/api.w.org\/{rel}","templated":true}]}}