{"id":170,"date":"2023-09-18T10:38:22","date_gmt":"2023-09-18T13:38:22","guid":{"rendered":"https:\/\/www2.uepg.br\/desp\/?page_id=170"},"modified":"2023-09-18T10:39:29","modified_gmt":"2023-09-18T13:39:29","slug":"extensao","status":"publish","type":"page","link":"https:\/\/www2.uepg.br\/desp\/extensao\/","title":{"rendered":"Extens\u00e3o"},"content":{"rendered":"<ul>\n<li style=\"text-align: left\"><strong>EDUCANDO E TRATANDO O TABAGISMO<\/strong><\/li>\n<li style=\"text-align: left\"><strong>LIGA ACAD\u00caMICA DE SA\u00daDE DA FAM\u00cdLIA E COMUNIDADE<\/strong><\/li>\n<li style=\"text-align: left\"><strong>AS PR\u00c1TICAS INTEGRATIVAS EM SA\u00daDE E TERAPIA COMUNIT\u00c1RIA INTEGRATIVA COMO ESTRAT\u00c9GIA PARA PROMO\u00c7\u00c3O DO FLORESCIMENTO HUMANO NO CONTEXTO DA PANDEMIA DO NOVO CORONAV\u00cdRUS E P\u00d3S-PANDEMIA<\/strong><\/li>\n<li style=\"text-align: left\"><strong>LIGA ACAD\u00caMICA DE PR\u00c1TICAS INTEGRATIVAS EM SA\u00daDE<\/strong><\/li>\n<\/ul>\n","protected":false},"excerpt":{"rendered":"<p>EDUCANDO E TRATANDO O TABAGISMO LIGA ACAD\u00caMICA DE SA\u00daDE DA FAM\u00cdLIA E COMUNIDADE AS PR\u00c1TICAS INTEGRATIVAS EM SA\u00daDE E TERAPIA COMUNIT\u00c1RIA INTEGRATIVA COMO ESTRAT\u00c9GIA PARA PROMO\u00c7\u00c3O DO FLORESCIMENTO HUMANO NO CONTEXTO DA PANDEMIA DO NOVO CORONAV\u00cdRUS E P\u00d3S-PANDEMIA LIGA ACAD\u00caMICA DE PR\u00c1TICAS INTEGRATIVAS EM SA\u00daDE<\/p>\n","protected":false},"author":661,"featured_media":0,"parent":0,"menu_order":0,"comment_status":"closed","ping_status":"closed","template":"","meta":[],"_links":{"self":[{"href":"https:\/\/www2.uepg.br\/desp\/wp-json\/wp\/v2\/pages\/170"}],"collection":[{"href":"https:\/\/www2.uepg.br\/desp\/wp-json\/wp\/v2\/pages"}],"about":[{"href":"https:\/\/www2.uepg.br\/desp\/wp-json\/wp\/v2\/types\/page"}],"author":[{"embeddable":true,"href":"https:\/\/www2.uepg.br\/desp\/wp-json\/wp\/v2\/users\/661"}],"replies":[{"embeddable":true,"href":"https:\/\/www2.uepg.br\/desp\/wp-json\/wp\/v2\/comments?post=170"}],"version-history":[{"count":3,"href":"https:\/\/www2.uepg.br\/desp\/wp-json\/wp\/v2\/pages\/170\/revisions"}],"predecessor-version":[{"id":172,"href":"https:\/\/www2.uepg.br\/desp\/wp-json\/wp\/v2\/pages\/170\/revisions\/172"}],"wp:attachment":[{"href":"https:\/\/www2.uepg.br\/desp\/wp-json\/wp\/v2\/media?parent=170"}],"curies":[{"name":"wp","href":"https:\/\/api.w.org\/{rel}","templated":true}]}}