{"id":208,"date":"2023-09-18T11:23:04","date_gmt":"2023-09-18T14:23:04","guid":{"rendered":"https:\/\/www2.uepg.br\/desp\/?page_id=208"},"modified":"2023-09-18T11:23:34","modified_gmt":"2023-09-18T14:23:34","slug":"disciplinas","status":"publish","type":"page","link":"https:\/\/www2.uepg.br\/desp\/disciplinas\/","title":{"rendered":"Disciplinas"},"content":{"rendered":"<p>&nbsp;<\/p>\n<p style=\"text-align: center\"><strong>Disciplinas ministradas por professores do DESP<\/strong><\/p>\n<p>&nbsp;<\/p>\n<table border=\"1\" width=\"100%\" cellspacing=\"0\" cellpadding=\"0\">\n<thead>\n<tr>\n<td align=\"center\" width=\"25%\">C\u00f3digo<\/td>\n<td align=\"center\" width=\"50%\">Disciplina<\/td>\n<td align=\"center\" width=\"25%\">Curso<\/td>\n<\/tr>\n<\/thead>\n<tbody>\n<tr>\n<td align=\"left\" width=\"25%\">306051<\/td>\n<td align=\"left\" width=\"50%\">Sa\u00fade Coletiva<\/td>\n<td align=\"left\" width=\"25%\">Medicina<\/td>\n<\/tr>\n<tr>\n<td align=\"left\" width=\"25%\">306026<\/td>\n<td align=\"left\" width=\"50%\">Sa\u00fade Coletiva e Atividade F\u00edsica<\/td>\n<td align=\"left\" width=\"25%\">Bacharelado em Educa\u00e7\u00e3o F\u00edsica<\/td>\n<\/tr>\n<tr>\n<td align=\"left\" width=\"25%\">306050<\/td>\n<td align=\"left\" width=\"50%\">Gest\u00e3o de Servi\u00e7os de Sa\u00fade<\/td>\n<td align=\"left\" width=\"25%\">Medicina<\/td>\n<\/tr>\n<tr>\n<td align=\"left\" width=\"25%\">306528<\/td>\n<td align=\"left\" width=\"50%\">Planejamento e Avalia\u00e7\u00e3o em Sa\u00fade<\/td>\n<td align=\"left\" width=\"25%\">Enfermagem<\/td>\n<\/tr>\n<tr>\n<td align=\"left\" width=\"25%\">306540<\/td>\n<td align=\"left\" width=\"50%\">Tecnologias Emergentes para Educa\u00e7\u00e3o em Sa\u00fade<\/td>\n<td align=\"left\" width=\"25%\">Enfermagem<\/td>\n<\/tr>\n<tr>\n<td align=\"left\" width=\"25%\">306022<\/td>\n<td align=\"left\" width=\"50%\">Epidemiologia<\/td>\n<td align=\"left\" width=\"25%\">Farm\u00e1cia<\/td>\n<\/tr>\n<tr>\n<td align=\"left\" width=\"25%\">306049<\/td>\n<td align=\"left\" width=\"50%\">Epidemiologia<\/td>\n<td align=\"left\" width=\"25%\">Medicina<\/td>\n<\/tr>\n<tr>\n<td align=\"left\" width=\"25%\">306025<\/td>\n<td align=\"left\" width=\"50%\">Planejamento, Gerrenciamento e Financiamento em Servi\u00e7os de Sa\u00fade<\/td>\n<td align=\"left\" width=\"25%\">Farm\u00e1cia<\/td>\n<\/tr>\n<tr>\n<td align=\"left\" width=\"25%\">303541<\/td>\n<td align=\"left\" width=\"50%\">OTCC I<\/td>\n<td align=\"left\" width=\"25%\">Bacharelado em Ci\u00eancias Biol\u00f3gicas<\/td>\n<\/tr>\n<tr>\n<td align=\"left\" width=\"25%\">306023<\/td>\n<td align=\"left\" width=\"50%\">Sa\u00fade Ambiental<\/td>\n<td align=\"left\" width=\"25%\">Farm\u00e1cia<\/td>\n<\/tr>\n<tr>\n<td align=\"left\" width=\"25%\">303542<\/td>\n<td align=\"left\" width=\"50%\">OTCC II<\/td>\n<td align=\"left\" width=\"25%\">Bacharelado em Ci\u00eancias Biol\u00f3gicas<\/td>\n<\/tr>\n<tr>\n<td align=\"left\" width=\"25%\">306527<\/td>\n<td align=\"left\" width=\"50%\">Sa\u00fade e Meio Ambiente<\/td>\n<td align=\"left\" width=\"25%\">Enfermagem<\/td>\n<\/tr>\n<tr>\n<td align=\"left\" width=\"25%\">306024<\/td>\n<td align=\"left\" width=\"50%\">Educa\u00e7\u00e3o em Sa\u00fade<\/td>\n<td align=\"left\" width=\"25%\">Farm\u00e1cia<\/td>\n<\/tr>\n<tr>\n<td align=\"left\" width=\"25%\">306021<\/td>\n<td align=\"left\" width=\"50%\">Hist\u00f3ria e Paradigmas em Sa\u00fade<\/td>\n<td align=\"left\" width=\"25%\">Farm\u00e1cia<\/td>\n<\/tr>\n<tr>\n<td align=\"left\" width=\"25%\">306503<\/td>\n<td align=\"left\" width=\"50%\">Sa\u00fade Coletiva I<\/td>\n<td align=\"left\" width=\"25%\">Enfermagem<\/td>\n<\/tr>\n<\/tbody>\n<\/table>\n<p>&nbsp;<\/p>\n","protected":false},"excerpt":{"rendered":"<p>&nbsp; Disciplinas ministradas por professores do DESP &nbsp; C\u00f3digo Disciplina Curso 306051 Sa\u00fade Coletiva Medicina 306026 Sa\u00fade Coletiva e Atividade F\u00edsica Bacharelado em Educa\u00e7\u00e3o F\u00edsica 306050 Gest\u00e3o de Servi\u00e7os de Sa\u00fade Medicina 306528 Planejamento e Avalia\u00e7\u00e3o em Sa\u00fade Enfermagem 306540 Tecnologias Emergentes para Educa\u00e7\u00e3o em Sa\u00fade Enfermagem 306022 Epidemiologia Farm\u00e1cia 306049 Epidemiologia Medicina 306025 Planejamento,&nbsp;&hellip;<\/p>\n","protected":false},"author":661,"featured_media":0,"parent":0,"menu_order":0,"comment_status":"closed","ping_status":"closed","template":"","meta":[],"_links":{"self":[{"href":"https:\/\/www2.uepg.br\/desp\/wp-json\/wp\/v2\/pages\/208"}],"collection":[{"href":"https:\/\/www2.uepg.br\/desp\/wp-json\/wp\/v2\/pages"}],"about":[{"href":"https:\/\/www2.uepg.br\/desp\/wp-json\/wp\/v2\/types\/page"}],"author":[{"embeddable":true,"href":"https:\/\/www2.uepg.br\/desp\/wp-json\/wp\/v2\/users\/661"}],"replies":[{"embeddable":true,"href":"https:\/\/www2.uepg.br\/desp\/wp-json\/wp\/v2\/comments?post=208"}],"version-history":[{"count":3,"href":"https:\/\/www2.uepg.br\/desp\/wp-json\/wp\/v2\/pages\/208\/revisions"}],"predecessor-version":[{"id":212,"href":"https:\/\/www2.uepg.br\/desp\/wp-json\/wp\/v2\/pages\/208\/revisions\/212"}],"wp:attachment":[{"href":"https:\/\/www2.uepg.br\/desp\/wp-json\/wp\/v2\/media?parent=208"}],"curies":[{"name":"wp","href":"https:\/\/api.w.org\/{rel}","templated":true}]}}