{"id":102,"date":"2019-12-05T09:15:50","date_gmt":"2019-12-05T12:15:50","guid":{"rendered":"http:\/\/www2.uepg.br\/dezoo\/?page_id=102"},"modified":"2019-12-05T09:58:57","modified_gmt":"2019-12-05T12:58:57","slug":"associacao-atletica-sumatras","status":"publish","type":"page","link":"https:\/\/www2.uepg.br\/dezoo\/diretorio-academico\/associacao-atletica-sumatras\/","title":{"rendered":"Associa\u00e7\u00e3o Atl\u00e9tica &#8211; Sumatras"},"content":{"rendered":"<p><a href=\"https:\/\/www.facebook.com\/XIIIdeMaioSumatras\/\"><strong>ASSOCIA\u00c7\u00c3O ATL\u00c9TICA ACAD\u00caMICA XIII DE MAIO<\/strong><\/a><strong> &#8211; SUMATRAS<\/strong><\/p>\n<p><img loading=\"lazy\" class=\"wp-image-106 alignleft\" src=\"http:\/\/www2.uepg.br\/dezoo\/wp-content\/uploads\/sites\/46\/2019\/12\/logo_sumatra.jpg\" alt=\"\" width=\"153\" height=\"153\" srcset=\"https:\/\/www2.uepg.br\/dezoo\/wp-content\/uploads\/sites\/46\/2019\/12\/logo_sumatra.jpg 225w, https:\/\/www2.uepg.br\/dezoo\/wp-content\/uploads\/sites\/46\/2019\/12\/logo_sumatra-150x150.jpg 150w\" sizes=\"(max-width: 153px) 100vw, 153px\" \/><\/p>\n<p style=\"text-align: right\">Criada dia 30 de agosto de 2016 \u00e9 uma entidade respons\u00e1vel por promover e coordenar tanto a parte esportiva quanto eventos relacionados, com a finalidade de proporcionar a integra\u00e7\u00e3o dos acad\u00eamicos do curso de zootecnia e a comunidade acad\u00eamica dos Campos Gerais. A atl\u00e9tica iniciou suas atividades no \u00e2mbito esportivo no ano de 2017 em que participou de seu primeiro evento esportivo (Pr\u00e9-JOIA), onde obtivemos coloca\u00e7\u00f5es muito boas, entre elas o primeiro lugar no handebol masculino e o segundo lugar geral na competi\u00e7\u00e3o.<\/p>\n<p>Al\u00e9m das competi\u00e7\u00f5es esportivas a atl\u00e9tica tamb\u00e9m tem seu lado social. Em setembro de 2019 participamos da primeira edi\u00e7\u00e3o do evento \u201cFesta da Primavera\u201d, promovido pela \u201cAssocia\u00e7\u00e3o Abrace o HU\u201d que \u00e9 uma entidade que apoia as atividades do Hospital Universit\u00e1rio buscando obter recursos que possam auxiliar na viabiliza\u00e7\u00e3o das demandas emergentes no dia a dia do hospital, bem como suporte a familiares de pacientes, principalmente em situa\u00e7\u00e3o de vulnerabilidade social, aux\u00edlio nas necessidades essenciais do paciente em fase de transi\u00e7\u00e3o hospital e moradia, cadeiras de rodas, banho apoio de projetos de humaniza\u00e7\u00e3o, mob\u00edlia para a futura casa da acolhida, tudo de forma geral que possam ser viabilizadas com uma forma menos burocr\u00e1tica. Com a parceria das atl\u00e9ticas dos cursos da UEPG e de diversos projetos de extens\u00e3o da universidade, a festa contou com diversas atividades recreativas, esportivas e culturais, pra\u00e7a de alimenta\u00e7\u00e3o e servi\u00e7os \u00e0 popula\u00e7\u00e3o como atendimento da Ag\u00eancia do Trabalhador, orienta\u00e7\u00f5es jur\u00eddicas, cortes de cabelo gratuitos, exames laboratoriais b\u00e1sicos, entre outros.<\/p>\n<p><strong>Dire\u00e7\u00e3o Ano de 2019\u00a0\u00a0<\/strong><\/p>\n<p>William Treml (<em>Presidente<\/em>)<\/p>\n<p>Gabriel Pivovar (<em>Vice-Presidente<\/em>)<\/p>\n<p>Fernando Bittarello (<em>Dir. Geral<\/em>)<\/p>\n<p>Amanda Hofman (<em>Secret\u00e1ria<\/em>)<\/p>\n<p>Thais Pivovar (<em>Dir. Financeiro<\/em>)<\/p>\n<p>Paola Paulovski (<em>Dir. Artes e Produtos<\/em>)<\/p>\n<p>Gabriele Preisner (<em>Dir. Esportes<\/em>)<\/p>\n<p>No ano de 2019 a atl\u00e9tica voltou a participar de uma competi\u00e7\u00e3o esportiva, dessa vez abrangendo um publico muito maior devido a propor\u00e7\u00e3o do evento. O evento em quest\u00e3o foi o JOIA 2019 &#8211; Jogos Inter Atl\u00e9ticas de Ponta Grossa\/PR, o qual \u00e9 promovido pela Liga das Atl\u00e9ticas de Ponta Grossa &#8211; LAPG que foi fundada no in\u00edcio de 2011 e \u00e9 respons\u00e1vel pela organiza\u00e7\u00e3o e mantimento do JOIA PG. Nesta edi\u00e7\u00e3o , a\u00a0atl\u00e9tica SUMATRAS participou da segunda divis\u00e3o da competi\u00e7\u00e3o para buscar acesso a primeira divis\u00e3o, novamente tivemos resultados muito satisfat\u00f3rios os quais iremos listar a seguir:<\/p>\n<ul>\n<li>2\u00b0 lugar no Handebol Masculino;<\/li>\n<li>2\u00b0 lugar no V\u00f4lei Feminino;<\/li>\n<li>3\u00b0 lugar no V\u00f4lei Masculino,<\/li>\n<li>3\u00b0 lugar no T\u00eanis de mesa Masculino;<\/li>\n<li>3\u00b0 lugar no V\u00f4lei de Areia Feminino.<\/li>\n<\/ul>\n\n\t\t<style type=\"text\/css\">\n\t\t\t#gallery-1 {\n\t\t\t\tmargin: auto;\n\t\t\t}\n\t\t\t#gallery-1 .gallery-item {\n\t\t\t\tfloat: left;\n\t\t\t\tmargin-top: 10px;\n\t\t\t\ttext-align: center;\n\t\t\t\twidth: 33%;\n\t\t\t}\n\t\t\t#gallery-1 img {\n\t\t\t\tborder: 2px solid #cfcfcf;\n\t\t\t}\n\t\t\t#gallery-1 .gallery-caption {\n\t\t\t\tmargin-left: 0;\n\t\t\t}\n\t\t\t\/* see gallery_shortcode() in wp-includes\/media.php *\/\n\t\t<\/style>\n\t\t<div id='gallery-1' class='gallery galleryid-102 gallery-columns-3 gallery-size-thumbnail'><dl class='gallery-item'>\n\t\t\t<dt class='gallery-icon landscape'>\n\t\t\t\t<a href='https:\/\/www2.uepg.br\/dezoo\/diretorio-academico\/associacao-atletica-sumatras\/handebol\/'><img width=\"150\" height=\"150\" src=\"https:\/\/www2.uepg.br\/dezoo\/wp-content\/uploads\/sites\/46\/2019\/12\/Handebol-150x150.jpg\" class=\"attachment-thumbnail size-thumbnail\" alt=\"\" loading=\"lazy\" aria-describedby=\"gallery-1-114\" \/><\/a>\n\t\t\t<\/dt>\n\t\t\t\t<dd class='wp-caption-text gallery-caption' id='gallery-1-114'>\n\t\t\t\tHandebol Masculino\n\t\t\t\t<\/dd><\/dl><dl class='gallery-item'>\n\t\t\t<dt class='gallery-icon landscape'>\n\t\t\t\t<a href='https:\/\/www2.uepg.br\/dezoo\/diretorio-academico\/associacao-atletica-sumatras\/futsal-feminino\/'><img width=\"150\" height=\"150\" src=\"https:\/\/www2.uepg.br\/dezoo\/wp-content\/uploads\/sites\/46\/2019\/12\/futsal-feminino-150x150.jpg\" class=\"attachment-thumbnail size-thumbnail\" alt=\"\" loading=\"lazy\" aria-describedby=\"gallery-1-112\" \/><\/a>\n\t\t\t<\/dt>\n\t\t\t\t<dd class='wp-caption-text gallery-caption' id='gallery-1-112'>\n\t\t\t\tFutsal Feminino\n\t\t\t\t<\/dd><\/dl><dl class='gallery-item'>\n\t\t\t<dt class='gallery-icon landscape'>\n\t\t\t\t<a href='https:\/\/www2.uepg.br\/dezoo\/diretorio-academico\/associacao-atletica-sumatras\/premiacoes2\/'><img width=\"150\" height=\"150\" src=\"https:\/\/www2.uepg.br\/dezoo\/wp-content\/uploads\/sites\/46\/2019\/12\/Premia\u00e7\u00f5es2-150x150.jpg\" class=\"attachment-thumbnail size-thumbnail\" alt=\"\" loading=\"lazy\" \/><\/a>\n\t\t\t<\/dt><\/dl><br style=\"clear: both\" \/>\n\t\t<\/div>\n\n","protected":false},"excerpt":{"rendered":"<p>ASSOCIA\u00c7\u00c3O ATL\u00c9TICA ACAD\u00caMICA XIII DE MAIO &#8211; SUMATRAS Criada dia 30 de agosto de 2016 \u00e9 uma entidade respons\u00e1vel por promover e coordenar tanto a parte esportiva quanto eventos relacionados, com a finalidade de proporcionar a integra\u00e7\u00e3o dos acad\u00eamicos do curso de zootecnia e a comunidade acad\u00eamica dos Campos Gerais. A atl\u00e9tica iniciou suas atividades&nbsp;&hellip;<\/p>\n","protected":false},"author":71,"featured_media":0,"parent":25,"menu_order":0,"comment_status":"closed","ping_status":"closed","template":"","meta":[],"_links":{"self":[{"href":"https:\/\/www2.uepg.br\/dezoo\/wp-json\/wp\/v2\/pages\/102"}],"collection":[{"href":"https:\/\/www2.uepg.br\/dezoo\/wp-json\/wp\/v2\/pages"}],"about":[{"href":"https:\/\/www2.uepg.br\/dezoo\/wp-json\/wp\/v2\/types\/page"}],"author":[{"embeddable":true,"href":"https:\/\/www2.uepg.br\/dezoo\/wp-json\/wp\/v2\/users\/71"}],"replies":[{"embeddable":true,"href":"https:\/\/www2.uepg.br\/dezoo\/wp-json\/wp\/v2\/comments?post=102"}],"version-history":[{"count":4,"href":"https:\/\/www2.uepg.br\/dezoo\/wp-json\/wp\/v2\/pages\/102\/revisions"}],"predecessor-version":[{"id":466,"href":"https:\/\/www2.uepg.br\/dezoo\/wp-json\/wp\/v2\/pages\/102\/revisions\/466"}],"up":[{"embeddable":true,"href":"https:\/\/www2.uepg.br\/dezoo\/wp-json\/wp\/v2\/pages\/25"}],"wp:attachment":[{"href":"https:\/\/www2.uepg.br\/dezoo\/wp-json\/wp\/v2\/media?parent=102"}],"curies":[{"name":"wp","href":"https:\/\/api.w.org\/{rel}","templated":true}]}}