{"id":13,"date":"2019-11-20T10:48:44","date_gmt":"2019-11-20T13:48:44","guid":{"rendered":"http:\/\/www2.uepg.br\/dezoo\/?page_id=13"},"modified":"2023-08-22T23:53:25","modified_gmt":"2023-08-23T02:53:25","slug":"administracao","status":"publish","type":"page","link":"https:\/\/www2.uepg.br\/dezoo\/administracao\/","title":{"rendered":"Administra\u00e7\u00e3o"},"content":{"rendered":"<p style=\"text-align: center\"><strong>Chefia do Departamento de Zootecnia<\/strong><\/p>\n<p style=\"text-align: center\">Cheila Roberta Lehnen<\/p>\n<p style=\"text-align: center\">Ver\u00f4nica Oliveira Vianna<\/p>\n<div style=\"text-align: center\">Marilene Margarida Sidoski Hilgemberg<\/div>\n<div style=\"text-align: center\">Secret\u00e1ria do Departamento de Zootecnia<\/div>\n<div><\/div>\n<p style=\"text-align: center\"><strong>Coordena\u00e7\u00e3o do Programa de P\u00f3s-gradua\u00e7\u00e3o em Zootecnia<\/strong><\/p>\n<p style=\"text-align: center\">Adriana de Souza Martins<\/p>\n<p style=\"text-align: center\">Cheila Roberta Lehnen<\/p>\n<p>&nbsp;<\/p>\n<p style=\"text-align: center\"><strong>Coordena\u00e7\u00e3o do Curso de Zootecnia<\/strong><\/p>\n<p style=\"text-align: center\">Luciana da Silva Leal Karolewski<\/p>\n<p style=\"text-align: center\">Cheila Roberta Lehnen<\/p>\n<p>&nbsp;<\/p>\n<p style=\"text-align: center\"><b>Centro Mesorregional de Excel\u00eancia em Tecnologia do Leite<\/b><\/p>\n<p style=\"text-align: center\">Adriana de Souza Martins (Vice-coordenadora)<\/p>\n<p>&nbsp;<\/p>\n<p style=\"text-align: center\"><strong>Diretora de Avalia\u00e7\u00e3o Institucional<\/strong><\/p>\n<p style=\"text-align: center\">Raquel Abdallah da Rocha Oliveira<\/p>\n<p>&nbsp;<\/p>\n<p style=\"text-align: center\"><strong>Comiss\u00e3o de \u00c9tica no Uso de Animais<\/strong><\/p>\n<p style=\"text-align: center\">Wilson Massamitu Furuya<\/p>\n<p style=\"text-align: center\">Maria Marta Loddi<\/p>\n<p>&nbsp;<\/p>\n<p style=\"text-align: center\"><strong>Comiss\u00e3o de Avalia\u00e7\u00e3o de Atividade de Ensino, Pesquisa e Extens\u00e3o\/DEZOO<\/strong><\/p>\n<p style=\"text-align: center\">Luciana da Silva Leal Karolewski<\/p>\n<p style=\"text-align: center\">Wilson Massamitu Furuya<\/p>\n<p style=\"text-align: center\">Valeria Rossetto Barriviera Furuya<\/p>\n<p style=\"text-align: center\">Raquel Abdallah da Rocha Oliveira<\/p>\n<p style=\"text-align: center\">Jo\u00e3o Ricardo Alves Pereira<\/p>\n<p>&nbsp;<\/p>\n<p style=\"text-align: center\"><strong>N\u00facleo Docente Estruturante do Curso de Zootecnia<\/strong><\/p>\n<p style=\"text-align: center\">Cheila Roberta Lehnen<\/p>\n<p style=\"text-align: center\">Luciana da Silva Leal Karolewski<\/p>\n<p style=\"text-align: center\">Jo\u00e3o Ricardo Alves Pereira<\/p>\n<p style=\"text-align: center\">Valeria Rossetto Barriviera Furuya<\/p>\n<p style=\"text-align: center\">Ver\u00f4nica Oliveira Vianna<\/p>\n<p>&nbsp;<\/p>\n<p style=\"text-align: center\"><strong>Corpo T\u00e9cnico Administrativo<\/strong><\/p>\n<p style=\"text-align: center\">Ant\u00f4nio do Esp\u00edrito Santo Prado<\/p>\n<p style=\"text-align: center\">Bianca Let\u00edcia Barbosa<\/p>\n<p style=\"text-align: center\">Valqu\u00edria Martins Nanuncio<\/p>\n<p>&nbsp;<\/p>\n<p style=\"text-align: center\">\n","protected":false},"excerpt":{"rendered":"<p>Chefia do Departamento de Zootecnia Cheila Roberta Lehnen Ver\u00f4nica Oliveira Vianna Marilene Margarida Sidoski Hilgemberg Secret\u00e1ria do Departamento de Zootecnia Coordena\u00e7\u00e3o do Programa de P\u00f3s-gradua\u00e7\u00e3o em Zootecnia Adriana de Souza Martins Cheila Roberta Lehnen &nbsp; Coordena\u00e7\u00e3o do Curso de Zootecnia Luciana da Silva Leal Karolewski Cheila Roberta Lehnen &nbsp; Centro Mesorregional de Excel\u00eancia em Tecnologia&nbsp;&hellip;<\/p>\n","protected":false},"author":24,"featured_media":0,"parent":0,"menu_order":0,"comment_status":"closed","ping_status":"closed","template":"","meta":[],"_links":{"self":[{"href":"https:\/\/www2.uepg.br\/dezoo\/wp-json\/wp\/v2\/pages\/13"}],"collection":[{"href":"https:\/\/www2.uepg.br\/dezoo\/wp-json\/wp\/v2\/pages"}],"about":[{"href":"https:\/\/www2.uepg.br\/dezoo\/wp-json\/wp\/v2\/types\/page"}],"author":[{"embeddable":true,"href":"https:\/\/www2.uepg.br\/dezoo\/wp-json\/wp\/v2\/users\/24"}],"replies":[{"embeddable":true,"href":"https:\/\/www2.uepg.br\/dezoo\/wp-json\/wp\/v2\/comments?post=13"}],"version-history":[{"count":13,"href":"https:\/\/www2.uepg.br\/dezoo\/wp-json\/wp\/v2\/pages\/13\/revisions"}],"predecessor-version":[{"id":539,"href":"https:\/\/www2.uepg.br\/dezoo\/wp-json\/wp\/v2\/pages\/13\/revisions\/539"}],"wp:attachment":[{"href":"https:\/\/www2.uepg.br\/dezoo\/wp-json\/wp\/v2\/media?parent=13"}],"curies":[{"name":"wp","href":"https:\/\/api.w.org\/{rel}","templated":true}]}}