{"id":21,"date":"2019-11-20T10:55:13","date_gmt":"2019-11-20T13:55:13","guid":{"rendered":"http:\/\/www2.uepg.br\/dezoo\/?page_id=21"},"modified":"2019-12-05T12:36:39","modified_gmt":"2019-12-05T15:36:39","slug":"linhas-de-pesquisa","status":"publish","type":"page","link":"https:\/\/www2.uepg.br\/dezoo\/linhas-de-pesquisa\/","title":{"rendered":"Linhas de Pesquisa"},"content":{"rendered":"<p>Avalia\u00e7\u00e3o de par\u00e2metros relacionados com a produ\u00e7\u00e3o de ruminantes e com a qualidade de produtos l\u00e1cteos e c\u00e1rneos<\/p>\n<p>Biologia integrativa e nutri\u00e7\u00e3o de n\u00e3o-ruminantes<\/p>\n<p>Melhoramento gen\u00e9tico e experimenta\u00e7\u00e3o animal<\/p>\n<p>Processo decis\u00f3rio e gest\u00e3o do agroneg\u00f3cio cooperativo<\/p>\n<p>Produ\u00e7\u00e3o de organismos aqu\u00e1ticos<\/p>\n<p>Produ\u00e7\u00e3o e profilaxia de animais de interesse zoot\u00e9cnico<\/p>\n<p>Reprodu\u00e7\u00e3o e produ\u00e7\u00e3o animal<\/p>\n","protected":false},"excerpt":{"rendered":"<p>Avalia\u00e7\u00e3o de par\u00e2metros relacionados com a produ\u00e7\u00e3o de ruminantes e com a qualidade de produtos l\u00e1cteos e c\u00e1rneos Biologia integrativa e nutri\u00e7\u00e3o de n\u00e3o-ruminantes Melhoramento gen\u00e9tico e experimenta\u00e7\u00e3o animal Processo decis\u00f3rio e gest\u00e3o do agroneg\u00f3cio cooperativo Produ\u00e7\u00e3o de organismos aqu\u00e1ticos Produ\u00e7\u00e3o e profilaxia de animais de interesse zoot\u00e9cnico Reprodu\u00e7\u00e3o e produ\u00e7\u00e3o animal<\/p>\n","protected":false},"author":24,"featured_media":0,"parent":0,"menu_order":0,"comment_status":"closed","ping_status":"closed","template":"","meta":[],"_links":{"self":[{"href":"https:\/\/www2.uepg.br\/dezoo\/wp-json\/wp\/v2\/pages\/21"}],"collection":[{"href":"https:\/\/www2.uepg.br\/dezoo\/wp-json\/wp\/v2\/pages"}],"about":[{"href":"https:\/\/www2.uepg.br\/dezoo\/wp-json\/wp\/v2\/types\/page"}],"author":[{"embeddable":true,"href":"https:\/\/www2.uepg.br\/dezoo\/wp-json\/wp\/v2\/users\/24"}],"replies":[{"embeddable":true,"href":"https:\/\/www2.uepg.br\/dezoo\/wp-json\/wp\/v2\/comments?post=21"}],"version-history":[{"count":3,"href":"https:\/\/www2.uepg.br\/dezoo\/wp-json\/wp\/v2\/pages\/21\/revisions"}],"predecessor-version":[{"id":149,"href":"https:\/\/www2.uepg.br\/dezoo\/wp-json\/wp\/v2\/pages\/21\/revisions\/149"}],"wp:attachment":[{"href":"https:\/\/www2.uepg.br\/dezoo\/wp-json\/wp\/v2\/media?parent=21"}],"curies":[{"name":"wp","href":"https:\/\/api.w.org\/{rel}","templated":true}]}}