{"id":23,"date":"2019-11-20T13:45:29","date_gmt":"2019-11-20T16:45:29","guid":{"rendered":"http:\/\/www2.uepg.br\/dezoo\/?page_id=23"},"modified":"2020-07-24T15:06:09","modified_gmt":"2020-07-24T18:06:09","slug":"laboratorios-de-ensino-e-pesquisa","status":"publish","type":"page","link":"https:\/\/www2.uepg.br\/dezoo\/laboratorios-de-ensino-e-pesquisa\/","title":{"rendered":"Laborat\u00f3rios de Ensino e Pesquisa"},"content":{"rendered":"<p><strong>Laborat\u00f3rio de Parasitologia Animal<br \/>\n<\/strong><\/p>\n<p>&nbsp;<\/p>\n<p><a href=\"http:\/\/www2.uepg.br\/dezoo\/wp-content\/uploads\/sites\/46\/2019\/12\/LaParAnimal_Principal-scaled.png\"><img loading=\"lazy\" class=\"wp-image-175 alignleft\" src=\"http:\/\/www2.uepg.br\/dezoo\/wp-content\/uploads\/sites\/46\/2019\/12\/LaParAnimal_Principal-1024x665.png\" alt=\"\" width=\"188\" height=\"122\" srcset=\"https:\/\/www2.uepg.br\/dezoo\/wp-content\/uploads\/sites\/46\/2019\/12\/LaParAnimal_Principal-1024x665.png 1024w, https:\/\/www2.uepg.br\/dezoo\/wp-content\/uploads\/sites\/46\/2019\/12\/LaParAnimal_Principal-300x195.png 300w, https:\/\/www2.uepg.br\/dezoo\/wp-content\/uploads\/sites\/46\/2019\/12\/LaParAnimal_Principal-768x499.png 768w, https:\/\/www2.uepg.br\/dezoo\/wp-content\/uploads\/sites\/46\/2019\/12\/LaParAnimal_Principal-1536x998.png 1536w, https:\/\/www2.uepg.br\/dezoo\/wp-content\/uploads\/sites\/46\/2019\/12\/LaParAnimal_Principal-2048x1330.png 2048w, https:\/\/www2.uepg.br\/dezoo\/wp-content\/uploads\/sites\/46\/2019\/12\/LaParAnimal_Principal-1232x800.png 1232w, https:\/\/www2.uepg.br\/dezoo\/wp-content\/uploads\/sites\/46\/2019\/12\/LaParAnimal_Principal-1663x1080.png 1663w\" sizes=\"(max-width: 188px) 100vw, 188px\" \/><\/a><\/p>\n<p>Neste laborat\u00f3rio s\u00e3o realizadas aulas pr\u00e1ticas da disciplina de <strong>Parasitologia Aplicada \u00e0 Zootecnia <\/strong>aos alunos do 2\u00ba ano do Curso de Zootecnia. No local, pesquisas de inicia\u00e7\u00e3o cient\u00edfica, atividades de extens\u00e3o e pesquisas de mestrado e doutorado s\u00e3o conduzidas.<\/p>\n<p>&nbsp;<\/p>\n<p>&nbsp;<\/p>\n<p><a href=\"http:\/\/www2.uepg.br\/dezoo\/wp-content\/uploads\/sites\/46\/2019\/12\/Fixa\u00e7\u00e3o-intestino_ExpJennifer.jpeg\"><img loading=\"lazy\" class=\"alignright wp-image-179 size-thumbnail\" src=\"http:\/\/www2.uepg.br\/dezoo\/wp-content\/uploads\/sites\/46\/2019\/12\/Fixa\u00e7\u00e3o-intestino_ExpJennifer-150x150.jpeg\" alt=\"\" width=\"150\" height=\"150\" \/><\/a> <a href=\"http:\/\/www2.uepg.br\/dezoo\/wp-content\/uploads\/sites\/46\/2019\/12\/Extra\u00e7\u00e3o-de-L3_fezes-e-pasto_Exp-Barbara.jpeg\"><img loading=\"lazy\" class=\"alignright wp-image-178 size-thumbnail\" src=\"http:\/\/www2.uepg.br\/dezoo\/wp-content\/uploads\/sites\/46\/2019\/12\/Extra\u00e7\u00e3o-de-L3_fezes-e-pasto_Exp-Barbara-150x150.jpeg\" alt=\"\" width=\"150\" height=\"150\" \/><\/a> <a href=\"http:\/\/www2.uepg.br\/dezoo\/wp-content\/uploads\/sites\/46\/2019\/12\/IMG-20181129-WA0034.jpg\"><img loading=\"lazy\" class=\"alignright wp-image-177 size-thumbnail\" src=\"http:\/\/www2.uepg.br\/dezoo\/wp-content\/uploads\/sites\/46\/2019\/12\/IMG-20181129-WA0034-150x150.jpg\" alt=\"\" width=\"150\" height=\"150\" \/><\/a> <a href=\"http:\/\/www2.uepg.br\/dezoo\/wp-content\/uploads\/sites\/46\/2019\/12\/20170613_135056-scaled.jpg\"><img loading=\"lazy\" class=\"alignright size-thumbnail wp-image-176\" src=\"http:\/\/www2.uepg.br\/dezoo\/wp-content\/uploads\/sites\/46\/2019\/12\/20170613_135056-150x150.jpg\" alt=\"\" width=\"150\" height=\"150\" \/><\/a><\/p>\n<p>&nbsp;<\/p>\n<p>&nbsp;<\/p>\n<p>&nbsp;<\/p>\n<p>&nbsp;<\/p>\n<p>&nbsp;<\/p>\n<p><strong>Laborat\u00f3rio de Inform\u00e1tica e Sistematiza\u00e7\u00e3o de dados<\/strong><\/p>\n<p><strong>Laborat\u00f3rio de Biotecnologia e Melhoramento animal<\/strong><\/p>\n<p>&nbsp;<\/p>\n<p><strong>Laborat\u00f3rio de Anatomia e Reprodu\u00e7\u00e3o animal <a href=\"http:\/\/www2.uepg.br\/dezoo\/laboratorios-de-ensino-e-pesquisa\/foto-laboratorio-lupa-2\/\" rel=\"attachment wp-att-303\"><img loading=\"lazy\" class=\"alignright size-thumbnail wp-image-303\" src=\"http:\/\/www2.uepg.br\/dezoo\/wp-content\/uploads\/sites\/46\/2020\/07\/Foto-laborat\u00f3rio-lupa-1-150x150.jpg\" alt=\"\" width=\"150\" height=\"150\" \/><\/a> <a href=\"http:\/\/www2.uepg.br\/dezoo\/laboratorios-de-ensino-e-pesquisa\/silagem-de-colostro\/\" rel=\"attachment wp-att-304\"><img loading=\"lazy\" class=\"alignright size-thumbnail wp-image-304\" src=\"http:\/\/www2.uepg.br\/dezoo\/wp-content\/uploads\/sites\/46\/2020\/07\/silagem-de-colostro-150x150.jpg\" alt=\"\" width=\"150\" height=\"150\" \/><\/a><a href=\"http:\/\/www2.uepg.br\/dezoo\/laboratorios-de-ensino-e-pesquisa\/foto-lab-anatomia\/\" rel=\"attachment wp-att-302\"><img loading=\"lazy\" class=\"alignright size-thumbnail wp-image-302\" src=\"http:\/\/www2.uepg.br\/dezoo\/wp-content\/uploads\/sites\/46\/2020\/07\/Foto-lab-Anatomia-150x150.jpg\" alt=\"\" width=\"150\" height=\"150\" \/><\/a><\/strong><\/p>\n<p>Atividades: realiza\u00e7\u00e3o de aulas pr\u00e1ticas com pe\u00e7as anat\u00f4micas para os discentes do curso de Zootecnia, realiza\u00e7\u00e3o de pesquisas na \u00e1rea de reprodu\u00e7\u00e3o e produ\u00e7\u00e3o animal, incluindo o desenvolvimento de Trabalhos de Conclus\u00e3o de Curso e de Inicia\u00e7\u00e3o Cient\u00edfica.<\/p>\n<p>&nbsp;<\/p>\n<p>&nbsp;<\/p>\n<p><strong>Laborat\u00f3rio de Fauna Silvestre e Aquicultura<\/strong><\/p>\n<p>Neste laborat\u00f3rio s\u00e3o ministradas aulas pr\u00e1ticas das disciplinas de <strong>Aquicultura<\/strong> e <strong>Piscicultura<\/strong> aos alunos de 3\u00b0 e 4\u00b0 ano do curso de Zootecnia. No local s\u00e3o desenvolvidas pesquisas com foco na nutri\u00e7\u00e3o de peixes de interesse comercial, especialmente til\u00e1pias com o envolvimento de alunos do ensino m\u00e9dio e gradua\u00e7\u00e3o,\u00a0 e p\u00f3s-gradua\u00e7\u00e3o.<\/p>\n<p><img loading=\"lazy\" class=\"alignright size-thumbnail wp-image-218\" src=\"http:\/\/www2.uepg.br\/dezoo\/wp-content\/uploads\/sites\/46\/2020\/06\/IMG-20191206-WA0019-150x150.jpg\" alt=\"\" width=\"150\" height=\"150\" \/><\/p>\n<p><img loading=\"lazy\" class=\"wp-image-216 size-thumbnail alignright\" src=\"http:\/\/www2.uepg.br\/dezoo\/wp-content\/uploads\/sites\/46\/2020\/06\/IMG_5292-150x150.jpg\" alt=\"\" width=\"150\" height=\"150\" \/><\/p>\n<p><img loading=\"lazy\" class=\"size-thumbnail wp-image-214 alignright\" src=\"http:\/\/www2.uepg.br\/dezoo\/wp-content\/uploads\/sites\/46\/2020\/06\/IMG_2385-150x150.jpg\" alt=\"\" width=\"150\" height=\"150\" \/><\/p>\n","protected":false},"excerpt":{"rendered":"<p>Laborat\u00f3rio de Parasitologia Animal &nbsp; Neste laborat\u00f3rio s\u00e3o realizadas aulas pr\u00e1ticas da disciplina de Parasitologia Aplicada \u00e0 Zootecnia aos alunos do 2\u00ba ano do Curso de Zootecnia. No local, pesquisas de inicia\u00e7\u00e3o cient\u00edfica, atividades de extens\u00e3o e pesquisas de mestrado e doutorado s\u00e3o conduzidas. &nbsp; &nbsp; &nbsp; &nbsp; &nbsp; &nbsp; &nbsp; Laborat\u00f3rio de Inform\u00e1tica e&nbsp;&hellip;<\/p>\n","protected":false},"author":24,"featured_media":0,"parent":0,"menu_order":0,"comment_status":"closed","ping_status":"closed","template":"","meta":[],"_links":{"self":[{"href":"https:\/\/www2.uepg.br\/dezoo\/wp-json\/wp\/v2\/pages\/23"}],"collection":[{"href":"https:\/\/www2.uepg.br\/dezoo\/wp-json\/wp\/v2\/pages"}],"about":[{"href":"https:\/\/www2.uepg.br\/dezoo\/wp-json\/wp\/v2\/types\/page"}],"author":[{"embeddable":true,"href":"https:\/\/www2.uepg.br\/dezoo\/wp-json\/wp\/v2\/users\/24"}],"replies":[{"embeddable":true,"href":"https:\/\/www2.uepg.br\/dezoo\/wp-json\/wp\/v2\/comments?post=23"}],"version-history":[{"count":11,"href":"https:\/\/www2.uepg.br\/dezoo\/wp-json\/wp\/v2\/pages\/23\/revisions"}],"predecessor-version":[{"id":305,"href":"https:\/\/www2.uepg.br\/dezoo\/wp-json\/wp\/v2\/pages\/23\/revisions\/305"}],"wp:attachment":[{"href":"https:\/\/www2.uepg.br\/dezoo\/wp-json\/wp\/v2\/media?parent=23"}],"curies":[{"name":"wp","href":"https:\/\/api.w.org\/{rel}","templated":true}]}}