{"id":25,"date":"2019-11-20T13:46:10","date_gmt":"2019-11-20T16:46:10","guid":{"rendered":"http:\/\/www2.uepg.br\/dezoo\/?page_id=25"},"modified":"2019-12-05T09:21:47","modified_gmt":"2019-12-05T12:21:47","slug":"diretorio-academico","status":"publish","type":"page","link":"https:\/\/www2.uepg.br\/dezoo\/diretorio-academico\/","title":{"rendered":"Diret\u00f3rio Acad\u00eamico"},"content":{"rendered":"<div id=\"attachment_101\" style=\"width: 310px\" class=\"wp-caption alignright\"><img aria-describedby=\"caption-attachment-101\" loading=\"lazy\" class=\"wp-image-101 size-medium\" src=\"http:\/\/www2.uepg.br\/dezoo\/wp-content\/uploads\/sites\/46\/2019\/12\/minhocario-300x225.jpg\" alt=\"\" width=\"300\" height=\"225\" srcset=\"https:\/\/www2.uepg.br\/dezoo\/wp-content\/uploads\/sites\/46\/2019\/12\/minhocario-300x225.jpg 300w, https:\/\/www2.uepg.br\/dezoo\/wp-content\/uploads\/sites\/46\/2019\/12\/minhocario.jpg 720w\" sizes=\"(max-width: 300px) 100vw, 300px\" \/><p id=\"caption-attachment-101\" class=\"wp-caption-text\">Apresenta\u00e7\u00e3o do minhoc\u00e1rio por acad\u00eamicos de Zootecnia aos alunos do Col\u00e9gio Agr\u00edcola de Palmeira\/PR<\/p><\/div>\n<p>O <strong>Centro Acad\u00eamico Walter Motta Ferreira<\/strong>, foi criado em 2002 no munic\u00edpio de Castro-PR e reinaugurado em 2017, no bloco de Zootecnia- Universidade Estadual de Ponta Grossa. Tem como miss\u00e3o representar o curso de Zootecnia perante a Universidade, contribuindo com os acad\u00eamicos do curso promovendo eventos, cursos e palestras, compreendendo o setor agropecu\u00e1rio. Tamb\u00e9m proporciona melhorias f\u00edsicas no bloco, tornando o espa\u00e7o de coniv\u00eancia entre os acad\u00eamicos mais interativo.<\/p>\n<div id=\"attachment_97\" style=\"width: 235px\" class=\"wp-caption alignleft\"><img aria-describedby=\"caption-attachment-97\" loading=\"lazy\" class=\"wp-image-97 size-medium\" src=\"http:\/\/www2.uepg.br\/dezoo\/wp-content\/uploads\/sites\/46\/2019\/12\/anato-225x300.jpg\" alt=\"\" width=\"225\" height=\"300\" srcset=\"https:\/\/www2.uepg.br\/dezoo\/wp-content\/uploads\/sites\/46\/2019\/12\/anato-225x300.jpg 225w, https:\/\/www2.uepg.br\/dezoo\/wp-content\/uploads\/sites\/46\/2019\/12\/anato-768x1023.jpg 768w, https:\/\/www2.uepg.br\/dezoo\/wp-content\/uploads\/sites\/46\/2019\/12\/anato-810x1080.jpg 810w, https:\/\/www2.uepg.br\/dezoo\/wp-content\/uploads\/sites\/46\/2019\/12\/anato.jpg 869w\" sizes=\"(max-width: 225px) 100vw, 225px\" \/><p id=\"caption-attachment-97\" class=\"wp-caption-text\">Acad\u00eamico de Zootecnia apresentando a anatomia animal para acad\u00eamicos do Col\u00e9gio Agr\u00edcola de Palmeira\/PR<\/p><\/div>\n<p>No ano de 2018, o Centro Acad\u00eamico promoveu o projeto Zooagr\u00edcola, onde alunos do Col\u00e9gio Agr\u00edcola Get\u00falio Vargas, localizado no munic\u00edpio de Palmeira-PR, dirigiram-se ao bloco de Zootecnia da UEPG para participarem de aulas te\u00f3rico-pr\u00e1ticas que abordaram os assuntos de sistema digest\u00f3rio e reprodu\u00e7\u00e3o animal, ministradas por acad\u00eamicos, mestrandos, doutorandos do curso de Zootecnia e membros do Centro Acad\u00eamico.\u00a0 Esse projetou realizou-se em dois dias (duas sextas-feiras) tendo in\u00edcio no dia 24 de agosto. Foi um evento muito gratificante para os acad\u00eamicos do curso, pois pode-se demonstrar um pouco da Zootecnia e contribuir com o conhecimento dos alunos visitantes.<\/p>\n<p>&nbsp;<\/p>\n<p>&nbsp;<\/p>\n<p>&nbsp;<\/p>\n<div id=\"attachment_98\" style=\"width: 222px\" class=\"wp-caption alignleft\"><img aria-describedby=\"caption-attachment-98\" loading=\"lazy\" class=\"wp-image-98 size-medium\" src=\"http:\/\/www2.uepg.br\/dezoo\/wp-content\/uploads\/sites\/46\/2019\/12\/evento-212x300.jpg\" alt=\"\" width=\"212\" height=\"300\" srcset=\"https:\/\/www2.uepg.br\/dezoo\/wp-content\/uploads\/sites\/46\/2019\/12\/evento-212x300.jpg 212w, https:\/\/www2.uepg.br\/dezoo\/wp-content\/uploads\/sites\/46\/2019\/12\/evento.jpg 678w\" sizes=\"(max-width: 212px) 100vw, 212px\" \/><p id=\"caption-attachment-98\" class=\"wp-caption-text\">Programa\u00e7\u00e3o do Dia do Zootecnista\/2019<\/p><\/div>\n<p>Anualmente, o centro acad\u00eamico promove o Dia Do Zootecnista, um evento em comemora\u00e7\u00e3o ao dia do profissional Zootecnista, contando com palestras dos mais diversos segmentos da profiss\u00e3o.<\/p>\n<p>\u00c9 um evento acess\u00edvel para acad\u00eamicos, profissionais, produtores e alunos do ensino m\u00e9dio, contribuindo assim, para um aperfei\u00e7oamento da comunidade em geral no setor agropecu\u00e1rio. No \u00faltimo evento, realizado no dia 13 de maio de 2019, arrecadou-se alimentos que foram doados para a institui\u00e7\u00e3o Esperan\u00e7a Cidade dos Meninos, um abrigo que recebe crian\u00e7as e adolescentes de 7 a 12 anos de idade, estando localizado no distrito de Guaragi entre Ponta Grossa e Palmeira-PR.<\/p>\n<p style=\"text-align: left\">\n<p>&nbsp;<\/p>\n<p>&nbsp;<\/p>\n<p>&nbsp;<\/p>\n<p>&nbsp;<\/p>\n","protected":false},"excerpt":{"rendered":"<p>O Centro Acad\u00eamico Walter Motta Ferreira, foi criado em 2002 no munic\u00edpio de Castro-PR e reinaugurado em 2017, no bloco de Zootecnia- Universidade Estadual de Ponta Grossa. Tem como miss\u00e3o representar o curso de Zootecnia perante a Universidade, contribuindo com os acad\u00eamicos do curso promovendo eventos, cursos e palestras, compreendendo o setor agropecu\u00e1rio. Tamb\u00e9m proporciona&nbsp;&hellip;<\/p>\n","protected":false},"author":24,"featured_media":0,"parent":0,"menu_order":0,"comment_status":"closed","ping_status":"closed","template":"","meta":[],"_links":{"self":[{"href":"https:\/\/www2.uepg.br\/dezoo\/wp-json\/wp\/v2\/pages\/25"}],"collection":[{"href":"https:\/\/www2.uepg.br\/dezoo\/wp-json\/wp\/v2\/pages"}],"about":[{"href":"https:\/\/www2.uepg.br\/dezoo\/wp-json\/wp\/v2\/types\/page"}],"author":[{"embeddable":true,"href":"https:\/\/www2.uepg.br\/dezoo\/wp-json\/wp\/v2\/users\/24"}],"replies":[{"embeddable":true,"href":"https:\/\/www2.uepg.br\/dezoo\/wp-json\/wp\/v2\/comments?post=25"}],"version-history":[{"count":5,"href":"https:\/\/www2.uepg.br\/dezoo\/wp-json\/wp\/v2\/pages\/25\/revisions"}],"predecessor-version":[{"id":105,"href":"https:\/\/www2.uepg.br\/dezoo\/wp-json\/wp\/v2\/pages\/25\/revisions\/105"}],"wp:attachment":[{"href":"https:\/\/www2.uepg.br\/dezoo\/wp-json\/wp\/v2\/media?parent=25"}],"curies":[{"name":"wp","href":"https:\/\/api.w.org\/{rel}","templated":true}]}}