{"id":27,"date":"2019-11-20T13:46:24","date_gmt":"2019-11-20T16:46:24","guid":{"rendered":"http:\/\/www2.uepg.br\/dezoo\/?page_id=27"},"modified":"2019-12-06T10:54:08","modified_gmt":"2019-12-06T13:54:08","slug":"ctz","status":"publish","type":"page","link":"https:\/\/www2.uepg.br\/dezoo\/ctz\/","title":{"rendered":"Consultoria T\u00e9cnica de Zootecnia"},"content":{"rendered":"<p>A<strong> EMPRESA J\u00daNIOR DE ZOOTECNIA UEPG<\/strong><\/p>\n<p><img loading=\"lazy\" class=\"alignright wp-image-127\" src=\"http:\/\/www2.uepg.br\/dezoo\/wp-content\/uploads\/sites\/46\/2019\/12\/ctz-150x150.png\" alt=\"\" width=\"234\" height=\"234\" srcset=\"https:\/\/www2.uepg.br\/dezoo\/wp-content\/uploads\/sites\/46\/2019\/12\/ctz-150x150.png 150w, https:\/\/www2.uepg.br\/dezoo\/wp-content\/uploads\/sites\/46\/2019\/12\/ctz-300x300.png 300w, https:\/\/www2.uepg.br\/dezoo\/wp-content\/uploads\/sites\/46\/2019\/12\/ctz.png 400w\" sizes=\"(max-width: 234px) 100vw, 234px\" \/><\/p>\n<p>&nbsp;<\/p>\n<p style=\"text-align: left\">Consultoria T\u00e9cnica de Zootecnia (CTZ), \u00e9 uma associa\u00e7\u00e3o civil sem fins lucrativos e com prazo de dura\u00e7\u00e3o indeterminado, com sede e foro nesta cidade de Ponta Grossa, Estado do Paran\u00e1, \u00e0 Universidade Estadual de Ponta Grossa \u2013 UEPG, com sede no Departamento Acad\u00eamico Zootecnia da UEPG campus Uvaranas, Av. General Carlos Cavalcanti, 4748 &#8211; CEP 84030-900, fone (042) 3220-3082.<\/p>\n<p>A CTZ tem por finalidade:<\/p>\n<ul>\n<li>Proporcionar a seus Membros Efetivos as condi\u00e7\u00f5es necess\u00e1rias \u00e0 aplica\u00e7\u00e3o de conhecimentos te\u00f3ricos relativos \u00e0 \u00e1rea de forma\u00e7\u00e3o profissional do Zootecnista;<\/li>\n<li>Realizar estudos e elaborar diagn\u00f3sticos e relat\u00f3rios sobre assuntos inseridos na \u00e1rea de atua\u00e7\u00e3o do<br \/>\nZootecnista;<\/li>\n<li>Assessorar a implanta\u00e7\u00e3o de solu\u00e7\u00f5es indicadas para os problemas diagnosticados;<\/li>\n<li>Prestar servi\u00e7os de interesse socioecon\u00f4mico e de extens\u00e3o rural que importe na realiza\u00e7\u00e3o de empreendimentos da \u00e1rea zoot\u00e9cnica;<\/li>\n<li>Proporcionar uma maior integra\u00e7\u00e3o entre Universidade e comunidade;<\/li>\n<li>Melhorar a qualidade de forma\u00e7\u00e3o profissional do acad\u00eamico.<\/li>\n<li>Adaptar o ensino superior \u00e0 realidade da vida.<\/li>\n<li>Promover cursos, semin\u00e1rios, palestras, simp\u00f3sios, <em>workshops<\/em>, dias-de-campo e similares;<\/li>\n<li>Promover cursos e viagens t\u00e9cnicas visando maior capacita\u00e7\u00e3o de seus membros;<\/li>\n<li>Propiciar o desenvolvimento do curso de Zootecnia da UEPG em aspectos de forma\u00e7\u00e3o e credibilidade.<\/li>\n<\/ul>\n<p>&nbsp;<\/p>\n<div id=\"attachment_150\" style=\"width: 761px\" class=\"wp-caption aligncenter\"><a href=\"http:\/\/www2.uepg.br\/dezoo\/wp-content\/uploads\/sites\/46\/2019\/12\/IMG_9136-1-1-scaled.jpg\"><img aria-describedby=\"caption-attachment-150\" loading=\"lazy\" class=\"wp-image-150\" src=\"http:\/\/www2.uepg.br\/dezoo\/wp-content\/uploads\/sites\/46\/2019\/12\/IMG_9136-1-1-1024x683.jpg\" alt=\"\" width=\"751\" height=\"501\" srcset=\"https:\/\/www2.uepg.br\/dezoo\/wp-content\/uploads\/sites\/46\/2019\/12\/IMG_9136-1-1-1024x683.jpg 1024w, https:\/\/www2.uepg.br\/dezoo\/wp-content\/uploads\/sites\/46\/2019\/12\/IMG_9136-1-1-300x200.jpg 300w, https:\/\/www2.uepg.br\/dezoo\/wp-content\/uploads\/sites\/46\/2019\/12\/IMG_9136-1-1-768x512.jpg 768w, https:\/\/www2.uepg.br\/dezoo\/wp-content\/uploads\/sites\/46\/2019\/12\/IMG_9136-1-1-1536x1024.jpg 1536w, https:\/\/www2.uepg.br\/dezoo\/wp-content\/uploads\/sites\/46\/2019\/12\/IMG_9136-1-1-2048x1365.jpg 2048w, https:\/\/www2.uepg.br\/dezoo\/wp-content\/uploads\/sites\/46\/2019\/12\/IMG_9136-1-1-1232x821.jpg 1232w, https:\/\/www2.uepg.br\/dezoo\/wp-content\/uploads\/sites\/46\/2019\/12\/IMG_9136-1-1-1620x1080.jpg 1620w\" sizes=\"(max-width: 751px) 100vw, 751px\" \/><\/a><p id=\"caption-attachment-150\" class=\"wp-caption-text\">Dia de Campo sobre Manejo de Rebanho com C\u00e3es Pastores na Fazenda Escola Cap\u00e3o da On\u00e7a<\/p><\/div>\n<p>Membros:<\/p>\n<p>Rita Carolina Gaia (<em>Presidente<\/em>)<\/p>\n<p>Alana de Carvalho Domingues (<em>Vice-presidente<\/em>)<\/p>\n<p>Rafaela Hilgemberg (<em>Dir. Recursos humanos<\/em>)<\/p>\n<p>Milena Antunes Padilha (<em>Dir. Financeira<\/em>)<\/p>\n<p>Isabela de Andrade Lemes (<em>Dir. Administrativa<\/em>)<\/p>\n<p>Camila Santana da Silva (<em>Dir. Comunica\u00e7\u00e3o<\/em>)<\/p>\n<p>Luiz Eduardo da Luz (<em>Dir. Projetos e consultorias<\/em>)<\/p>\n<p>Ana Luara Rodrigues (<em>Dir. Marketing<\/em>)<\/p>\n<p>Trainee: Isabelle Caroline de Almeida Stefanczak,\u00a0Ver\u00f4nica Sophia Degger,\u00a0 Eduarda Aparecida Rubik,\u00a0 Larissa Pereira Yamamoto,\u00a0Dayane Cheritt Batista<\/p>\n","protected":false},"excerpt":{"rendered":"<p>A EMPRESA J\u00daNIOR DE ZOOTECNIA UEPG &nbsp; Consultoria T\u00e9cnica de Zootecnia (CTZ), \u00e9 uma associa\u00e7\u00e3o civil sem fins lucrativos e com prazo de dura\u00e7\u00e3o indeterminado, com sede e foro nesta cidade de Ponta Grossa, Estado do Paran\u00e1, \u00e0 Universidade Estadual de Ponta Grossa \u2013 UEPG, com sede no Departamento Acad\u00eamico Zootecnia da UEPG campus Uvaranas,&nbsp;&hellip;<\/p>\n","protected":false},"author":24,"featured_media":0,"parent":0,"menu_order":0,"comment_status":"closed","ping_status":"closed","template":"","meta":[],"_links":{"self":[{"href":"https:\/\/www2.uepg.br\/dezoo\/wp-json\/wp\/v2\/pages\/27"}],"collection":[{"href":"https:\/\/www2.uepg.br\/dezoo\/wp-json\/wp\/v2\/pages"}],"about":[{"href":"https:\/\/www2.uepg.br\/dezoo\/wp-json\/wp\/v2\/types\/page"}],"author":[{"embeddable":true,"href":"https:\/\/www2.uepg.br\/dezoo\/wp-json\/wp\/v2\/users\/24"}],"replies":[{"embeddable":true,"href":"https:\/\/www2.uepg.br\/dezoo\/wp-json\/wp\/v2\/comments?post=27"}],"version-history":[{"count":12,"href":"https:\/\/www2.uepg.br\/dezoo\/wp-json\/wp\/v2\/pages\/27\/revisions"}],"predecessor-version":[{"id":465,"href":"https:\/\/www2.uepg.br\/dezoo\/wp-json\/wp\/v2\/pages\/27\/revisions\/465"}],"wp:attachment":[{"href":"https:\/\/www2.uepg.br\/dezoo\/wp-json\/wp\/v2\/media?parent=27"}],"curies":[{"name":"wp","href":"https:\/\/api.w.org\/{rel}","templated":true}]}}