{"id":29,"date":"2019-11-20T13:46:45","date_gmt":"2019-11-20T16:46:45","guid":{"rendered":"http:\/\/www2.uepg.br\/dezoo\/?page_id=29"},"modified":"2023-09-28T10:19:51","modified_gmt":"2023-09-28T13:19:51","slug":"grupos-de-estudos","status":"publish","type":"page","link":"https:\/\/www2.uepg.br\/dezoo\/grupos-de-estudos\/","title":{"rendered":"Grupos de Estudos"},"content":{"rendered":"<p style=\"text-align: center\"><a href=\"https:\/\/www2.uepg.br\/biomodel\/\"><strong>BioModel &#8211; <\/strong><strong>Biologia integrativa e modelagem na produ\u00e7\u00e3o de n\u00e3o ruminantes<\/strong><\/a><\/p>\n<p>O<a href=\"https:\/\/www2.uepg.br\/biomodel\/\"><img loading=\"lazy\" class=\"alignleft wp-image-182\" src=\"http:\/\/www2.uepg.br\/dezoo\/wp-content\/uploads\/sites\/46\/2019\/12\/LogoBiomodel-scaled.png\" alt=\"\" width=\"239\" height=\"71\" srcset=\"https:\/\/www2.uepg.br\/dezoo\/wp-content\/uploads\/sites\/46\/2019\/12\/LogoBiomodel-scaled.png 2560w, https:\/\/www2.uepg.br\/dezoo\/wp-content\/uploads\/sites\/46\/2019\/12\/LogoBiomodel-300x89.png 300w, https:\/\/www2.uepg.br\/dezoo\/wp-content\/uploads\/sites\/46\/2019\/12\/LogoBiomodel-1024x304.png 1024w, https:\/\/www2.uepg.br\/dezoo\/wp-content\/uploads\/sites\/46\/2019\/12\/LogoBiomodel-768x228.png 768w, https:\/\/www2.uepg.br\/dezoo\/wp-content\/uploads\/sites\/46\/2019\/12\/LogoBiomodel-1536x456.png 1536w, https:\/\/www2.uepg.br\/dezoo\/wp-content\/uploads\/sites\/46\/2019\/12\/LogoBiomodel-2048x609.png 2048w, https:\/\/www2.uepg.br\/dezoo\/wp-content\/uploads\/sites\/46\/2019\/12\/LogoBiomodel-1232x366.png 1232w, https:\/\/www2.uepg.br\/dezoo\/wp-content\/uploads\/sites\/46\/2019\/12\/LogoBiomodel-1920x571.png 1920w\" sizes=\"(max-width: 239px) 100vw, 239px\" \/><\/a> BioModel \u00e9 um grupo de pesquisa de car\u00e1ter interdisciplinar e multi-institucional certificado pelo CNPq. O grupo de pesquisa BioModel tem a colabora\u00e7\u00e3o de v\u00e1rios professores de diferentes institui\u00e7\u00f5es de ensino e pesquisa do Brasil os quais definiram v\u00e1rias estrat\u00e9gias para desenvolver a biologia integrativa e modelagem. Diante disso, um dos principais objetivos do grupo \u00e9 fomentar e capacitar alunos de gradua\u00e7\u00e3o e p\u00f3s-gradua\u00e7\u00e3o para atuar em pesquisas com biologia integrativa e modelagem na produ\u00e7\u00e3o animal. As pesquisas s\u00e3o voltadas a suinocultura e avicultura com foco em avalia\u00e7\u00e3o de aditivos e nutri\u00e7\u00e3o atrav\u00e9s de experimentos <em>in vivo,<\/em> sistematiza\u00e7\u00e3o de dados, meta-an\u00e1lise e modelagem.<\/p>\n<p><a href=\"http:\/\/www2.uepg.br\/dezoo\/grupos-de-estudos\/indice2\/\" rel=\"attachment wp-att-285\"><img loading=\"lazy\" class=\"alignright size-thumbnail wp-image-285\" src=\"http:\/\/www2.uepg.br\/dezoo\/wp-content\/uploads\/sites\/46\/2020\/07\/\u00edndice2-150x150.jpg\" alt=\"\" width=\"150\" height=\"150\" \/><\/a> <a href=\"http:\/\/www2.uepg.br\/dezoo\/grupos-de-estudos\/bem-estar\/\" rel=\"attachment wp-att-283\"><img loading=\"lazy\" class=\"alignright size-thumbnail wp-image-283\" src=\"http:\/\/www2.uepg.br\/dezoo\/wp-content\/uploads\/sites\/46\/2020\/07\/Bem-estar-150x150.jpg\" alt=\"\" width=\"150\" height=\"150\" \/><\/a> <a href=\"http:\/\/www2.uepg.br\/dezoo\/grupos-de-estudos\/ajus_biomodel\/\" rel=\"attachment wp-att-286\"><img loading=\"lazy\" class=\"alignright wp-image-286 \" src=\"http:\/\/www2.uepg.br\/dezoo\/wp-content\/uploads\/sites\/46\/2020\/07\/ajus_biomodel-rotated-e1595609783428-300x180.jpg\" alt=\"\" width=\"247\" height=\"148\" srcset=\"https:\/\/www2.uepg.br\/dezoo\/wp-content\/uploads\/sites\/46\/2020\/07\/ajus_biomodel-rotated-e1595609783428-300x180.jpg 300w, https:\/\/www2.uepg.br\/dezoo\/wp-content\/uploads\/sites\/46\/2020\/07\/ajus_biomodel-rotated-e1595609783428-1024x615.jpg 1024w, https:\/\/www2.uepg.br\/dezoo\/wp-content\/uploads\/sites\/46\/2020\/07\/ajus_biomodel-rotated-e1595609783428-768x461.jpg 768w, https:\/\/www2.uepg.br\/dezoo\/wp-content\/uploads\/sites\/46\/2020\/07\/ajus_biomodel-rotated-e1595609783428.jpg 1097w\" sizes=\"(max-width: 247px) 100vw, 247px\" \/><\/a><a href=\"http:\/\/www2.uepg.br\/dezoo\/grupos-de-estudos\/whatsapp-image-2019-08-05-at-10-43-45-2-2\/\" rel=\"attachment wp-att-287\"><img loading=\"lazy\" class=\"alignright size-thumbnail wp-image-287\" src=\"http:\/\/www2.uepg.br\/dezoo\/wp-content\/uploads\/sites\/46\/2020\/07\/WhatsApp-Image-2019-08-05-at-10.43.45-2-150x150.jpeg\" alt=\"\" width=\"150\" height=\"150\" \/><\/a><\/p>\n<p>&nbsp;<\/p>\n<p>&nbsp;<\/p>\n<p>&nbsp;<\/p>\n<p>&nbsp;<\/p>\n<p>&nbsp;<\/p>\n<p>&nbsp;<\/p>\n<p style=\"text-align: center\"><strong>Laborat\u00f3rio de Parasitologia Animal<br \/>\n<\/strong><\/p>\n<p>Lab.05, Bloco Zootecnia<\/p>\n<p>&nbsp;<\/p>\n<p>Neste laborat\u00f3rio s\u00e3o realizadas aulas pr\u00e1ticas da disciplina de <strong>Parasitologia Aplicada \u00e0 Zootecnia <\/strong>aos alunos do 2\u00ba ano do Curso de Zootecnia. No local, pesquisas de inicia\u00e7\u00e3o cient\u00edfica, atividades de extens\u00e3o e pesquisas de mestrado e doutorado s\u00e3o conduzidas.<\/p>\n<p><a href=\"http:\/\/www2.uepg.br\/dezoo\/wp-content\/uploads\/sites\/46\/2019\/12\/Fixa\u00e7\u00e3o-intestino_ExpJennifer.jpeg\"><img loading=\"lazy\" class=\"alignright wp-image-179 size-thumbnail\" src=\"http:\/\/www2.uepg.br\/dezoo\/wp-content\/uploads\/sites\/46\/2019\/12\/Fixa\u00e7\u00e3o-intestino_ExpJennifer-150x150.jpeg\" alt=\"\" width=\"150\" height=\"150\" \/><\/a> <a href=\"http:\/\/www2.uepg.br\/dezoo\/wp-content\/uploads\/sites\/46\/2019\/12\/Extra\u00e7\u00e3o-de-L3_fezes-e-pasto_Exp-Barbara.jpeg\"><img loading=\"lazy\" class=\"alignright wp-image-178 size-thumbnail\" src=\"http:\/\/www2.uepg.br\/dezoo\/wp-content\/uploads\/sites\/46\/2019\/12\/Extra\u00e7\u00e3o-de-L3_fezes-e-pasto_Exp-Barbara-150x150.jpeg\" alt=\"\" width=\"150\" height=\"150\" \/><\/a> <a href=\"http:\/\/www2.uepg.br\/dezoo\/wp-content\/uploads\/sites\/46\/2019\/12\/IMG-20181129-WA0034.jpg\"><img loading=\"lazy\" class=\"alignright wp-image-177 size-thumbnail\" src=\"http:\/\/www2.uepg.br\/dezoo\/wp-content\/uploads\/sites\/46\/2019\/12\/IMG-20181129-WA0034-150x150.jpg\" alt=\"\" width=\"150\" height=\"150\" \/><\/a> <a href=\"http:\/\/www2.uepg.br\/dezoo\/wp-content\/uploads\/sites\/46\/2019\/12\/20170613_135056-scaled.jpg\"><img loading=\"lazy\" class=\"alignright size-thumbnail wp-image-176\" src=\"http:\/\/www2.uepg.br\/dezoo\/wp-content\/uploads\/sites\/46\/2019\/12\/20170613_135056-150x150.jpg\" alt=\"\" width=\"150\" height=\"150\" \/><\/a><\/p>\n<p>&nbsp;<\/p>\n<p><a href=\"http:\/\/www2.uepg.br\/dezoo\/wp-content\/uploads\/sites\/46\/2019\/12\/LaParAnimal_Principal-scaled.png\"><img loading=\"lazy\" class=\"wp-image-175 alignright\" src=\"http:\/\/www2.uepg.br\/dezoo\/wp-content\/uploads\/sites\/46\/2019\/12\/LaParAnimal_Principal-1024x665.png\" alt=\"\" width=\"231\" height=\"150\" srcset=\"https:\/\/www2.uepg.br\/dezoo\/wp-content\/uploads\/sites\/46\/2019\/12\/LaParAnimal_Principal-1024x665.png 1024w, https:\/\/www2.uepg.br\/dezoo\/wp-content\/uploads\/sites\/46\/2019\/12\/LaParAnimal_Principal-300x195.png 300w, https:\/\/www2.uepg.br\/dezoo\/wp-content\/uploads\/sites\/46\/2019\/12\/LaParAnimal_Principal-768x499.png 768w, https:\/\/www2.uepg.br\/dezoo\/wp-content\/uploads\/sites\/46\/2019\/12\/LaParAnimal_Principal-1536x998.png 1536w, https:\/\/www2.uepg.br\/dezoo\/wp-content\/uploads\/sites\/46\/2019\/12\/LaParAnimal_Principal-2048x1330.png 2048w, https:\/\/www2.uepg.br\/dezoo\/wp-content\/uploads\/sites\/46\/2019\/12\/LaParAnimal_Principal-1232x800.png 1232w, https:\/\/www2.uepg.br\/dezoo\/wp-content\/uploads\/sites\/46\/2019\/12\/LaParAnimal_Principal-1663x1080.png 1663w\" sizes=\"(max-width: 231px) 100vw, 231px\" \/><\/a><\/p>\n<p>&nbsp;<\/p>\n<p>&nbsp;<\/p>\n<p>&nbsp;<\/p>\n<p>&nbsp;<\/p>\n<p>&nbsp;<\/p>\n<p>&nbsp;<\/p>\n<p style=\"text-align: center\"><strong>Fish Nutrition<\/strong><\/p>\n<p><img loading=\"lazy\" class=\"wp-image-221 size-full alignleft\" src=\"http:\/\/www2.uepg.br\/dezoo\/wp-content\/uploads\/sites\/46\/2020\/06\/Logo-Furuya-e1591648617286.jpg\" alt=\"\" width=\"200\" height=\"82\" \/><\/p>\n<p>O\u00a0grupo\u00a0\u00a0de pesquisa \u201c<em>Fish Nutrition<\/em>\u201d tem como miss\u00e3o a forma\u00e7\u00e3o de recursos humanos qualificados com foco na nutri\u00e7\u00e3o de peixes em pesquisas sobre a avalia\u00e7\u00e3o de de alimentos, \u00a0avalia\u00e7\u00e3o e desenvolvimento de aditivos e determina\u00e7\u00e3o das exig\u00eancias nutricionais, considerando o desempenho, sa\u00fade e qualidade da carne. As pesquisas s\u00e3o realizadas buscando produ\u00e7\u00e3o sustent\u00e1vel e produ\u00e7\u00e3o de\u00a0alimentos seguros para consumo humano.<\/p>\n<p><img loading=\"lazy\" class=\"alignright size-thumbnail wp-image-215\" src=\"http:\/\/www2.uepg.br\/dezoo\/wp-content\/uploads\/sites\/46\/2020\/06\/IMG_4436-150x150.jpg\" alt=\"\" width=\"150\" height=\"150\" \/><\/p>\n<p><img loading=\"lazy\" class=\"alignright size-thumbnail wp-image-222\" src=\"http:\/\/www2.uepg.br\/dezoo\/wp-content\/uploads\/sites\/46\/2020\/06\/dca6fc6c-d472-4bc2-9925-9ebf75002cea-1-150x150.jpg\" alt=\"\" width=\"150\" height=\"150\" \/> <img loading=\"lazy\" class=\"alignright size-thumbnail wp-image-223\" src=\"http:\/\/www2.uepg.br\/dezoo\/wp-content\/uploads\/sites\/46\/2020\/06\/IMG_2385-1-150x150.jpg\" alt=\"\" width=\"150\" height=\"150\" \/> <img loading=\"lazy\" class=\"alignright size-thumbnail wp-image-224\" src=\"http:\/\/www2.uepg.br\/dezoo\/wp-content\/uploads\/sites\/46\/2020\/06\/IMG_3528-1-1-150x150.jpg\" alt=\"\" width=\"150\" height=\"150\" \/><\/p>\n<p>&nbsp;<\/p>\n<p>&nbsp;<\/p>\n<p>&nbsp;<\/p>\n<p>&nbsp;<\/p>\n<p>&nbsp;<\/p>\n<p>&nbsp;<\/p>\n<p style=\"text-align: center\"><strong>VITA \u2013 Estudos em Reprodu\u00e7\u00e3o Animal<br \/>\n<\/strong><\/p>\n<p><a href=\"http:\/\/www2.uepg.br\/dezoo\/grupos-de-estudos\/vita\/\" rel=\"attachment wp-att-275\"><img loading=\"lazy\" class=\"alignleft wp-image-275 size-thumbnail\" src=\"http:\/\/www2.uepg.br\/dezoo\/wp-content\/uploads\/sites\/46\/2020\/07\/Vita-150x150.jpg\" alt=\"\" width=\"150\" height=\"150\" srcset=\"https:\/\/www2.uepg.br\/dezoo\/wp-content\/uploads\/sites\/46\/2020\/07\/Vita-150x150.jpg 150w, https:\/\/www2.uepg.br\/dezoo\/wp-content\/uploads\/sites\/46\/2020\/07\/Vita-300x300.jpg 300w, https:\/\/www2.uepg.br\/dezoo\/wp-content\/uploads\/sites\/46\/2020\/07\/Vita-768x768.jpg 768w, https:\/\/www2.uepg.br\/dezoo\/wp-content\/uploads\/sites\/46\/2020\/07\/Vita.jpg 1024w\" sizes=\"(max-width: 150px) 100vw, 150px\" \/><\/a>Juntamente com a nutri\u00e7\u00e3o, a gen\u00e9tica e a sanidade, <strong>a reprodu\u00e7\u00e3o <\/strong>\u00e9 um dos pilares para a produ\u00e7\u00e3o animal eficiente. O grupo VITA tem o prop\u00f3sito de realizar pesquisas e discuss\u00f5es a respeito de temas relacionados \u00e0 reprodu\u00e7\u00e3o animal. As pesquisas s\u00e3o aplicadas \u00e0 campo e incluem aspectos relacionados \u00e0 endocrinologia e fisiologia da reprodu\u00e7\u00e3o, investiga\u00e7\u00e3o da fertilidade feminina e masculina, estudos sobre a gesta\u00e7\u00e3o, neonatologia, entre outros. Quando poss\u00edvel, esses assuntos s\u00e3o relacionados ao desempenho animal, no que tange a produ\u00e7\u00e3o animal, buscando associar tamb\u00e9m pr\u00e1ticas que preservem o bem-estar animal. O grupo VITA pretende contribuir com a forma\u00e7\u00e3o de alunos(as) mais capacitados(as) na \u00e1rea espec\u00edfica.<\/p>\n<p><a href=\"http:\/\/www2.uepg.br\/dezoo\/grupos-de-estudos\/foto-medidas-corporais\/\" rel=\"attachment wp-att-278\"><img loading=\"lazy\" class=\"alignright wp-image-278 size-thumbnail\" src=\"http:\/\/www2.uepg.br\/dezoo\/wp-content\/uploads\/sites\/46\/2020\/07\/Foto-medidas-corporais-150x150.jpg\" alt=\"\" width=\"150\" height=\"150\" \/><\/a><a href=\"http:\/\/www2.uepg.br\/dezoo\/grupos-de-estudos\/foto-perimetro-escrotal\/\" rel=\"attachment wp-att-276\"><img loading=\"lazy\" class=\"alignright wp-image-276 size-thumbnail\" src=\"http:\/\/www2.uepg.br\/dezoo\/wp-content\/uploads\/sites\/46\/2020\/07\/Foto-per\u00edmetro-escrotal-150x150.jpg\" alt=\"\" width=\"150\" height=\"150\" \/><\/a> <a href=\"http:\/\/www2.uepg.br\/dezoo\/grupos-de-estudos\/foto-com-bezerro\/\" rel=\"attachment wp-att-281\"><img loading=\"lazy\" class=\"alignright size-thumbnail wp-image-281\" src=\"http:\/\/www2.uepg.br\/dezoo\/wp-content\/uploads\/sites\/46\/2020\/07\/Foto-com-bezerro-150x150.jpg\" alt=\"\" width=\"150\" height=\"150\" \/><\/a><a href=\"http:\/\/www2.uepg.br\/dezoo\/grupos-de-estudos\/foto-laboratorio-lupa\/\" rel=\"attachment wp-att-280\"><img loading=\"lazy\" class=\"alignright size-thumbnail wp-image-280\" src=\"http:\/\/www2.uepg.br\/dezoo\/wp-content\/uploads\/sites\/46\/2020\/07\/Foto-laborat\u00f3rio-lupa-150x150.jpg\" alt=\"\" width=\"150\" height=\"150\" \/><\/a><\/p>\n","protected":false},"excerpt":{"rendered":"<p>BioModel &#8211; Biologia integrativa e modelagem na produ\u00e7\u00e3o de n\u00e3o ruminantes O BioModel \u00e9 um grupo de pesquisa de car\u00e1ter interdisciplinar e multi-institucional certificado pelo CNPq. O grupo de pesquisa BioModel tem a colabora\u00e7\u00e3o de v\u00e1rios professores de diferentes institui\u00e7\u00f5es de ensino e pesquisa do Brasil os quais definiram v\u00e1rias estrat\u00e9gias para desenvolver a biologia&nbsp;&hellip;<\/p>\n","protected":false},"author":24,"featured_media":0,"parent":0,"menu_order":0,"comment_status":"closed","ping_status":"closed","template":"","meta":[],"_links":{"self":[{"href":"https:\/\/www2.uepg.br\/dezoo\/wp-json\/wp\/v2\/pages\/29"}],"collection":[{"href":"https:\/\/www2.uepg.br\/dezoo\/wp-json\/wp\/v2\/pages"}],"about":[{"href":"https:\/\/www2.uepg.br\/dezoo\/wp-json\/wp\/v2\/types\/page"}],"author":[{"embeddable":true,"href":"https:\/\/www2.uepg.br\/dezoo\/wp-json\/wp\/v2\/users\/24"}],"replies":[{"embeddable":true,"href":"https:\/\/www2.uepg.br\/dezoo\/wp-json\/wp\/v2\/comments?post=29"}],"version-history":[{"count":11,"href":"https:\/\/www2.uepg.br\/dezoo\/wp-json\/wp\/v2\/pages\/29\/revisions"}],"predecessor-version":[{"id":220,"href":"https:\/\/www2.uepg.br\/dezoo\/wp-json\/wp\/v2\/pages\/29\/revisions\/220"}],"wp:attachment":[{"href":"https:\/\/www2.uepg.br\/dezoo\/wp-json\/wp\/v2\/media?parent=29"}],"curies":[{"name":"wp","href":"https:\/\/api.w.org\/{rel}","templated":true}]}}