{"id":9,"date":"2019-11-20T10:44:17","date_gmt":"2019-11-20T13:44:17","guid":{"rendered":"http:\/\/www2.uepg.br\/dezoo\/?page_id=9"},"modified":"2019-12-03T11:29:11","modified_gmt":"2019-12-03T14:29:11","slug":"inicio","status":"publish","type":"page","link":"https:\/\/www2.uepg.br\/dezoo\/","title":{"rendered":"In\u00edcio"},"content":{"rendered":"<div id=\"pl-9\"  class=\"panel-layout\" ><div id=\"pg-9-0\"  class=\"panel-grid panel-no-style\" ><div id=\"pgc-9-0-0\"  class=\"panel-grid-cell\" ><div id=\"panel-9-0-0-0\" class=\"so-panel widget widget_sow-editor panel-first-child panel-last-child\" data-index=\"0\" ><div id=\"class-noticias\" class=\"panel-widget-style panel-widget-style-for-9-0-0-0\" ><div\n\t\t\t\n\t\t\tclass=\"so-widget-sow-editor so-widget-sow-editor-base\"\n\t\t\t\n\t\t><h3 class=\"widget-title\">\u00daltimas Not\u00edcias<\/h3>\n<div class=\"siteorigin-widget-tinymce textwidget\">\n\t<p style=\"text-align: center\">\t\t<div class=\"wppsac-slick-carousel-wrp wppsac-clearfix \">\r\n\t\t\t<div id=\"wppsac-post-carousel-1\" class=\"wppsac-post-slider-init wppsac-post-carousel design-1\">\r\n\t\t\t\t\r\n<div class=\"wppsac-carousel-slides\">\r\n\t\t<div class=\"wppsac-post-content-position\">\r\n\t\t\t\t\t<div class=\"wppsac-post-categories\"><ul class=\"wppsac-post-categories-list\"><li><a href=\"https:\/\/www2.uepg.br\/dezoo\/category\/noticias\/\" rel=\"category\"> Not\u00edcias <\/a><\/li><\/ul><\/div>\r\n\t\t\t  \t<h2 class=\"wppsac-post-title\">\r\n\t\t\t<a href=\"https:\/\/www2.uepg.br\/dezoo\/zootecnia-da-uepg-e-4-estrelas-no-guia-da-faculdade-do-estadao\/\">Zootecnia da UEPG \u00e9 4 estrelas no guia da faculdade do Estad\u00e3o!<\/a>\r\n\t\t<\/h2>\r\n\t\t\t\t\t<div class=\"wppsac-post-date\">\r\n\t\t\t\t24 de outubro de 2023\t\t\t<\/div>\r\n\t\t\t\t\t<\/div>\r\n<\/div>\r\n<div class=\"wppsac-carousel-slides\">\r\n\t\t\t<div class=\"wppsac-post-image-bg\">\r\n\t\t\t<a href=\"https:\/\/www2.uepg.br\/dezoo\/professor-do-curso-de-zootecnia-da-uepg-divulgam-pesquisa-em-evento-internacional\/\">\r\n\t\t\t\t<img class=\"wppsac-post-image-bg\"  src=\"https:\/\/www2.uepg.br\/dezoo\/wp-content\/uploads\/sites\/46\/2023\/10\/IMG-20231006-WA0009.jpg\" alt=\"Professor do curso de Zootecnia da UEPG divulgam pesquisa em evento internacional\" \/>\r\n\t\t\t<\/a>\r\n\t\t<\/div>\r\n\t\t<div class=\"wppsac-post-content-position\">\r\n\t\t\t\t\t<div class=\"wppsac-post-categories\"><ul class=\"wppsac-post-categories-list\"><li><a href=\"https:\/\/www2.uepg.br\/dezoo\/category\/noticias\/\" rel=\"category\"> Not\u00edcias <\/a><\/li><\/ul><\/div>\r\n\t\t\t  \t<h2 class=\"wppsac-post-title\">\r\n\t\t\t<a href=\"https:\/\/www2.uepg.br\/dezoo\/professor-do-curso-de-zootecnia-da-uepg-divulgam-pesquisa-em-evento-internacional\/\">Professor do curso de Zootecnia da UEPG divulgam pesquisa em evento internacional<\/a>\r\n\t\t<\/h2>\r\n\t\t\t\t\t<div class=\"wppsac-post-date\">\r\n\t\t\t\t6 de outubro de 2023\t\t\t<\/div>\r\n\t\t\t\t\t<\/div>\r\n<\/div>\r\n<div class=\"wppsac-carousel-slides\">\r\n\t\t\t<div class=\"wppsac-post-image-bg\">\r\n\t\t\t<a href=\"https:\/\/www2.uepg.br\/dezoo\/professora-recebe-homenagem-por-servicos-prestados-a-zootecnia-brasileira\/\">\r\n\t\t\t\t<img class=\"wppsac-post-image-bg\"  src=\"https:\/\/www2.uepg.br\/dezoo\/wp-content\/uploads\/sites\/46\/2023\/10\/veronica-2-1.png\" alt=\"Professora recebe homenagem por servi\u00e7os prestados \u00e0 Zootecnia\u00a0Brasileira.\" \/>\r\n\t\t\t<\/a>\r\n\t\t<\/div>\r\n\t\t<div class=\"wppsac-post-content-position\">\r\n\t\t\t\t\t<div class=\"wppsac-post-categories\"><ul class=\"wppsac-post-categories-list\"><li><a href=\"https:\/\/www2.uepg.br\/dezoo\/category\/noticias\/\" rel=\"category\"> Not\u00edcias <\/a><\/li><\/ul><\/div>\r\n\t\t\t  \t<h2 class=\"wppsac-post-title\">\r\n\t\t\t<a href=\"https:\/\/www2.uepg.br\/dezoo\/professora-recebe-homenagem-por-servicos-prestados-a-zootecnia-brasileira\/\">Professora recebe homenagem por servi\u00e7os prestados \u00e0 Zootecnia\u00a0Brasileira.<\/a>\r\n\t\t<\/h2>\r\n\t\t\t\t\t<div class=\"wppsac-post-date\">\r\n\t\t\t\t4 de outubro de 2023\t\t\t<\/div>\r\n\t\t\t\t\t<\/div>\r\n<\/div>\r\n<div class=\"wppsac-carousel-slides\">\r\n\t\t\t<div class=\"wppsac-post-image-bg\">\r\n\t\t\t<a href=\"https:\/\/www2.uepg.br\/dezoo\/uepg-inaugura-jardim-do-mel-com-abelhas-nativas-sem-ferrao\/\">\r\n\t\t\t\t<img class=\"wppsac-post-image-bg\"  src=\"https:\/\/www2.uepg.br\/dezoo\/wp-content\/uploads\/sites\/46\/2023\/05\/jardim-do-mel-AJ_55-1232x821-1.jpg\" alt=\"UEPG inaugura Jardim do Mel com abelhas nativas sem ferr\u00e3o\" \/>\r\n\t\t\t<\/a>\r\n\t\t<\/div>\r\n\t\t<div class=\"wppsac-post-content-position\">\r\n\t\t\t\t\t<div class=\"wppsac-post-categories\"><ul class=\"wppsac-post-categories-list\"><li><a href=\"https:\/\/www2.uepg.br\/dezoo\/category\/noticias\/\" rel=\"category\"> Not\u00edcias <\/a><\/li><\/ul><\/div>\r\n\t\t\t  \t<h2 class=\"wppsac-post-title\">\r\n\t\t\t<a href=\"https:\/\/www2.uepg.br\/dezoo\/uepg-inaugura-jardim-do-mel-com-abelhas-nativas-sem-ferrao\/\">UEPG inaugura Jardim do Mel com abelhas nativas sem ferr\u00e3o<\/a>\r\n\t\t<\/h2>\r\n\t\t\t\t\t<div class=\"wppsac-post-date\">\r\n\t\t\t\t29 de maio de 2023\t\t\t<\/div>\r\n\t\t\t\t\t<\/div>\r\n<\/div>\r\n<div class=\"wppsac-carousel-slides\">\r\n\t\t\t<div class=\"wppsac-post-image-bg\">\r\n\t\t\t<a href=\"https:\/\/www2.uepg.br\/dezoo\/zootecnia-uepg-comemora-profissao-com-saida-de-campo-e-debate-cientifico\/\">\r\n\t\t\t\t<img class=\"wppsac-post-image-bg\"  src=\"https:\/\/www2.uepg.br\/dezoo\/wp-content\/uploads\/sites\/46\/2023\/05\/dia-do-zootecnista-fazenda-escola-ovelhas-vacas-porcos-moura-15-1232x821-1.jpg\" alt=\"Zootecnia UEPG comemora profiss\u00e3o com sa\u00edda de campo e debate cient\u00edfico\" \/>\r\n\t\t\t<\/a>\r\n\t\t<\/div>\r\n\t\t<div class=\"wppsac-post-content-position\">\r\n\t\t\t\t\t<div class=\"wppsac-post-categories\"><ul class=\"wppsac-post-categories-list\"><li><a href=\"https:\/\/www2.uepg.br\/dezoo\/category\/noticias\/\" rel=\"category\"> Not\u00edcias <\/a><\/li><\/ul><\/div>\r\n\t\t\t  \t<h2 class=\"wppsac-post-title\">\r\n\t\t\t<a href=\"https:\/\/www2.uepg.br\/dezoo\/zootecnia-uepg-comemora-profissao-com-saida-de-campo-e-debate-cientifico\/\">Zootecnia UEPG comemora profiss\u00e3o com sa\u00edda de campo e debate cient\u00edfico<\/a>\r\n\t\t<\/h2>\r\n\t\t\t\t\t<div class=\"wppsac-post-date\">\r\n\t\t\t\t29 de maio de 2023\t\t\t<\/div>\r\n\t\t\t\t\t<\/div>\r\n<\/div>\r\n<div class=\"wppsac-carousel-slides\">\r\n\t\t\t<div class=\"wppsac-post-image-bg\">\r\n\t\t\t<a href=\"https:\/\/www2.uepg.br\/dezoo\/uepg-e-premiada-em-pesquisa-com-parceria-da-uem\/\">\r\n\t\t\t\t<img class=\"wppsac-post-image-bg\"  src=\"https:\/\/www2.uepg.br\/dezoo\/wp-content\/uploads\/sites\/46\/2023\/04\/zootecnia-J-2-1232x821-1.jpg\" alt=\"UEPG \u00e9 premiada em pesquisa com parceria da UEM\" \/>\r\n\t\t\t<\/a>\r\n\t\t<\/div>\r\n\t\t<div class=\"wppsac-post-content-position\">\r\n\t\t\t\t\t<div class=\"wppsac-post-categories\"><ul class=\"wppsac-post-categories-list\"><li><a href=\"https:\/\/www2.uepg.br\/dezoo\/category\/noticias\/\" rel=\"category\"> Not\u00edcias <\/a><\/li><\/ul><\/div>\r\n\t\t\t  \t<h2 class=\"wppsac-post-title\">\r\n\t\t\t<a href=\"https:\/\/www2.uepg.br\/dezoo\/uepg-e-premiada-em-pesquisa-com-parceria-da-uem\/\">UEPG \u00e9 premiada em pesquisa com parceria da UEM<\/a>\r\n\t\t<\/h2>\r\n\t\t\t\t\t<div class=\"wppsac-post-date\">\r\n\t\t\t\t1 de abril de 2023\t\t\t<\/div>\r\n\t\t\t\t\t<\/div>\r\n<\/div>\r\n<div class=\"wppsac-carousel-slides\">\r\n\t\t\t<div class=\"wppsac-post-image-bg\">\r\n\t\t\t<a href=\"https:\/\/www2.uepg.br\/dezoo\/professora-associada-do-departamento-de-zootecnia-e-palestrante-do-congresso-brasileiro-de-zootecnia-zootec\/\">\r\n\t\t\t\t<img class=\"wppsac-post-image-bg\"  src=\"https:\/\/www2.uepg.br\/dezoo\/wp-content\/uploads\/sites\/46\/2022\/05\/Manejo-de-crocodilianos-em-cativeiro.png\" alt=\"Professora Associada do Departamento de Zootecnia \u00e9 palestrante do Congresso Brasileiro de Zootecnia (ZOOTEC)\" \/>\r\n\t\t\t<\/a>\r\n\t\t<\/div>\r\n\t\t<div class=\"wppsac-post-content-position\">\r\n\t\t\t\t\t<div class=\"wppsac-post-categories\"><ul class=\"wppsac-post-categories-list\"><li><a href=\"https:\/\/www2.uepg.br\/dezoo\/category\/noticias\/\" rel=\"category\"> Not\u00edcias <\/a><\/li><\/ul><\/div>\r\n\t\t\t  \t<h2 class=\"wppsac-post-title\">\r\n\t\t\t<a href=\"https:\/\/www2.uepg.br\/dezoo\/professora-associada-do-departamento-de-zootecnia-e-palestrante-do-congresso-brasileiro-de-zootecnia-zootec\/\">Professora Associada do Departamento de Zootecnia \u00e9 palestrante do Congresso Brasileiro de Zootecnia (ZOOTEC)<\/a>\r\n\t\t<\/h2>\r\n\t\t\t\t\t<div class=\"wppsac-post-date\">\r\n\t\t\t\t24 de maio de 2022\t\t\t<\/div>\r\n\t\t\t\t\t<\/div>\r\n<\/div>\r\n<div class=\"wppsac-carousel-slides\">\r\n\t\t\t<div class=\"wppsac-post-image-bg\">\r\n\t\t\t<a href=\"https:\/\/www2.uepg.br\/dezoo\/professor-titular-do-departamento-de-zootecnia-e-palestrante-do-cbna-em-aquacultura-2022\/\">\r\n\t\t\t\t<img class=\"wppsac-post-image-bg\"  src=\"https:\/\/www2.uepg.br\/dezoo\/wp-content\/uploads\/sites\/46\/2022\/05\/Folder.jpg\" alt=\"Professor Titular do Departamento de Zootecnia \u00e9 palestrante do CBNA em Aquacultura 2022\" \/>\r\n\t\t\t<\/a>\r\n\t\t<\/div>\r\n\t\t<div class=\"wppsac-post-content-position\">\r\n\t\t\t\t\t<div class=\"wppsac-post-categories\"><ul class=\"wppsac-post-categories-list\"><li><a href=\"https:\/\/www2.uepg.br\/dezoo\/category\/noticias\/\" rel=\"category\"> Not\u00edcias <\/a><\/li><\/ul><\/div>\r\n\t\t\t  \t<h2 class=\"wppsac-post-title\">\r\n\t\t\t<a href=\"https:\/\/www2.uepg.br\/dezoo\/professor-titular-do-departamento-de-zootecnia-e-palestrante-do-cbna-em-aquacultura-2022\/\">Professor Titular do Departamento de Zootecnia \u00e9 palestrante do CBNA em Aquacultura 2022<\/a>\r\n\t\t<\/h2>\r\n\t\t\t\t\t<div class=\"wppsac-post-date\">\r\n\t\t\t\t6 de maio de 2022\t\t\t<\/div>\r\n\t\t\t\t\t<\/div>\r\n<\/div>\r\n<div class=\"wppsac-carousel-slides\">\r\n\t\t\t<div class=\"wppsac-post-image-bg\">\r\n\t\t\t<a href=\"https:\/\/www2.uepg.br\/dezoo\/486-2\/\">\r\n\t\t\t\t<img class=\"wppsac-post-image-bg\"  src=\"https:\/\/www2.uepg.br\/dezoo\/wp-content\/uploads\/sites\/46\/2022\/04\/Victor_aula_IFAs.jpeg\" alt=\"\" \/>\r\n\t\t\t<\/a>\r\n\t\t<\/div>\r\n\t\t<div class=\"wppsac-post-content-position\">\r\n\t\t\t\t\t<div class=\"wppsac-post-categories\"><ul class=\"wppsac-post-categories-list\"><li><a href=\"https:\/\/www2.uepg.br\/dezoo\/category\/noticias\/\" rel=\"category\"> Not\u00edcias <\/a><\/li><\/ul><\/div>\r\n\t\t\t  \t<h2 class=\"wppsac-post-title\">\r\n\t\t\t<a href=\"https:\/\/www2.uepg.br\/dezoo\/486-2\/\"><\/a>\r\n\t\t<\/h2>\r\n\t\t\t\t\t<div class=\"wppsac-post-date\">\r\n\t\t\t\t1 de abril de 2022\t\t\t<\/div>\r\n\t\t\t\t\t<\/div>\r\n<\/div>\r\n<div class=\"wppsac-carousel-slides\">\r\n\t\t\t<div class=\"wppsac-post-image-bg\">\r\n\t\t\t<a href=\"https:\/\/www2.uepg.br\/dezoo\/programa-de-pos-graduacao-em-zootecnia-abre-processo-seletivo-para-o-mestrado-em-2022\/\">\r\n\t\t\t\t<img class=\"wppsac-post-image-bg\"  src=\"https:\/\/www2.uepg.br\/dezoo\/wp-content\/uploads\/sites\/46\/2021\/12\/Mestrado-em-Zootecnia-1-1.png\" alt=\"Programa de P\u00f3s Gradua\u00e7\u00e3o em Zootecnia abre processo seletivo para o Mestrado em 2022\" \/>\r\n\t\t\t<\/a>\r\n\t\t<\/div>\r\n\t\t<div class=\"wppsac-post-content-position\">\r\n\t\t\t\t\t<div class=\"wppsac-post-categories\"><ul class=\"wppsac-post-categories-list\"><li><a href=\"https:\/\/www2.uepg.br\/dezoo\/category\/noticias\/\" rel=\"category\"> Not\u00edcias <\/a><\/li><\/ul><\/div>\r\n\t\t\t  \t<h2 class=\"wppsac-post-title\">\r\n\t\t\t<a href=\"https:\/\/www2.uepg.br\/dezoo\/programa-de-pos-graduacao-em-zootecnia-abre-processo-seletivo-para-o-mestrado-em-2022\/\">Programa de P\u00f3s Gradua\u00e7\u00e3o em Zootecnia abre processo seletivo para o Mestrado em 2022<\/a>\r\n\t\t<\/h2>\r\n\t\t\t\t\t<div class=\"wppsac-post-date\">\r\n\t\t\t\t27 de dezembro de 2021\t\t\t<\/div>\r\n\t\t\t\t\t<\/div>\r\n<\/div>\r\n<div class=\"wppsac-carousel-slides\">\r\n\t\t\t<div class=\"wppsac-post-image-bg\">\r\n\t\t\t<a href=\"https:\/\/www2.uepg.br\/dezoo\/eaic-comemora-30-anos-e-zootecnia-e-destaque-na-premiacao-em-ciencia-agrarias\/\">\r\n\t\t\t\t<img class=\"wppsac-post-image-bg\"  src=\"https:\/\/www2.uepg.br\/dezoo\/wp-content\/uploads\/sites\/46\/2021\/12\/MG_8343-scaled-1.jpg\" alt=\"EAIC comemora 30 anos e Zootecnia \u00e9 destaque na Premia\u00e7\u00e3o em Ci\u00eancias Agr\u00e1rias\" \/>\r\n\t\t\t<\/a>\r\n\t\t<\/div>\r\n\t\t<div class=\"wppsac-post-content-position\">\r\n\t\t\t\t\t<div class=\"wppsac-post-categories\"><ul class=\"wppsac-post-categories-list\"><li><a href=\"https:\/\/www2.uepg.br\/dezoo\/category\/noticias\/\" rel=\"category\"> Not\u00edcias <\/a><\/li><\/ul><\/div>\r\n\t\t\t  \t<h2 class=\"wppsac-post-title\">\r\n\t\t\t<a href=\"https:\/\/www2.uepg.br\/dezoo\/eaic-comemora-30-anos-e-zootecnia-e-destaque-na-premiacao-em-ciencia-agrarias\/\">EAIC comemora 30 anos e Zootecnia \u00e9 destaque na Premia\u00e7\u00e3o em Ci\u00eancias Agr\u00e1rias<\/a>\r\n\t\t<\/h2>\r\n\t\t\t\t\t<div class=\"wppsac-post-date\">\r\n\t\t\t\t16 de dezembro de 2021\t\t\t<\/div>\r\n\t\t\t\t\t<\/div>\r\n<\/div>\r\n<div class=\"wppsac-carousel-slides\">\r\n\t\t\t<div class=\"wppsac-post-image-bg\">\r\n\t\t\t<a href=\"https:\/\/www2.uepg.br\/dezoo\/professora-dra-veronica-oliveira-vianna-e-nomeada-para-a-comissao-nacional-de-animais-selvagens-do-cfmv\/\">\r\n\t\t\t\t<img class=\"wppsac-post-image-bg\"  src=\"https:\/\/www2.uepg.br\/dezoo\/wp-content\/uploads\/sites\/46\/2021\/08\/Veronica_ajus.jpeg\" alt=\"Professora Dra.  Veronica Oliveira Vianna \u00e9 nomeada para a Comiss\u00e3o Nacional de Animais Selvagens do CFMV\" \/>\r\n\t\t\t<\/a>\r\n\t\t<\/div>\r\n\t\t<div class=\"wppsac-post-content-position\">\r\n\t\t\t\t\t<div class=\"wppsac-post-categories\"><ul class=\"wppsac-post-categories-list\"><li><a href=\"https:\/\/www2.uepg.br\/dezoo\/category\/noticias\/\" rel=\"category\"> Not\u00edcias <\/a><\/li><\/ul><\/div>\r\n\t\t\t  \t<h2 class=\"wppsac-post-title\">\r\n\t\t\t<a href=\"https:\/\/www2.uepg.br\/dezoo\/professora-dra-veronica-oliveira-vianna-e-nomeada-para-a-comissao-nacional-de-animais-selvagens-do-cfmv\/\">Professora Dra.  Veronica Oliveira Vianna \u00e9 nomeada para a Comiss\u00e3o Nacional de Animais Selvagens do CFMV<\/a>\r\n\t\t<\/h2>\r\n\t\t\t\t\t<div class=\"wppsac-post-date\">\r\n\t\t\t\t23 de agosto de 2021\t\t\t<\/div>\r\n\t\t\t\t\t<\/div>\r\n<\/div>\r\n<div class=\"wppsac-carousel-slides\">\r\n\t\t\t<div class=\"wppsac-post-image-bg\">\r\n\t\t\t<a href=\"https:\/\/www2.uepg.br\/dezoo\/academica-da-zootecnia-da-uepg-e-indicada-ao-premio-nacional-estudante-dez-da-associacao-brasileira-de-zootecnistas\/\">\r\n\t\t\t\t<img class=\"wppsac-post-image-bg\"  src=\"https:\/\/www2.uepg.br\/dezoo\/wp-content\/uploads\/sites\/46\/2021\/04\/WhatsApp-Image-2021-04-17-at-09.20.32.jpeg\" alt=\"Acad\u00eamica da Zootecnia da UEPG \u00e9 indicada ao pr\u00eamio nacional Estudante DEZ da Associa\u00e7\u00e3o Brasileira de Zootecnistas\" \/>\r\n\t\t\t<\/a>\r\n\t\t<\/div>\r\n\t\t<div class=\"wppsac-post-content-position\">\r\n\t\t\t\t\t<div class=\"wppsac-post-categories\"><ul class=\"wppsac-post-categories-list\"><li><a href=\"https:\/\/www2.uepg.br\/dezoo\/category\/noticias\/\" rel=\"category\"> Not\u00edcias <\/a><\/li><\/ul><\/div>\r\n\t\t\t  \t<h2 class=\"wppsac-post-title\">\r\n\t\t\t<a href=\"https:\/\/www2.uepg.br\/dezoo\/academica-da-zootecnia-da-uepg-e-indicada-ao-premio-nacional-estudante-dez-da-associacao-brasileira-de-zootecnistas\/\">Acad\u00eamica da Zootecnia da UEPG \u00e9 indicada ao pr\u00eamio nacional Estudante DEZ da Associa\u00e7\u00e3o Brasileira de Zootecnistas<\/a>\r\n\t\t<\/h2>\r\n\t\t\t\t\t<div class=\"wppsac-post-date\">\r\n\t\t\t\t17 de abril de 2021\t\t\t<\/div>\r\n\t\t\t\t\t<\/div>\r\n<\/div>\r\n<div class=\"wppsac-carousel-slides\">\r\n\t\t\t<div class=\"wppsac-post-image-bg\">\r\n\t\t\t<a href=\"https:\/\/www2.uepg.br\/dezoo\/curso-de-zootecnia-da-uepg-e-o-5o-no-brasil-e-o-1o-da-regiao-sul\/\">\r\n\t\t\t\t<img class=\"wppsac-post-image-bg\"  src=\"https:\/\/www2.uepg.br\/dezoo\/wp-content\/uploads\/sites\/46\/2020\/10\/zoo_enad.jpg\" alt=\"Curso de Zootecnia da UEPG \u00e9 o 5\u00ba no Brasil e o 1\u00ba da regi\u00e3o Sul\" \/>\r\n\t\t\t<\/a>\r\n\t\t<\/div>\r\n\t\t<div class=\"wppsac-post-content-position\">\r\n\t\t\t\t\t<div class=\"wppsac-post-categories\"><ul class=\"wppsac-post-categories-list\"><li><a href=\"https:\/\/www2.uepg.br\/dezoo\/category\/noticias\/\" rel=\"category\"> Not\u00edcias <\/a><\/li><\/ul><\/div>\r\n\t\t\t  \t<h2 class=\"wppsac-post-title\">\r\n\t\t\t<a href=\"https:\/\/www2.uepg.br\/dezoo\/curso-de-zootecnia-da-uepg-e-o-5o-no-brasil-e-o-1o-da-regiao-sul\/\">Curso de Zootecnia da UEPG \u00e9 o 5\u00ba no Brasil e o 1\u00ba da regi\u00e3o Sul<\/a>\r\n\t\t<\/h2>\r\n\t\t\t\t\t<div class=\"wppsac-post-date\">\r\n\t\t\t\t24 de outubro de 2020\t\t\t<\/div>\r\n\t\t\t\t\t<\/div>\r\n<\/div>\r\n<div class=\"wppsac-carousel-slides\">\r\n\t\t\t<div class=\"wppsac-post-image-bg\">\r\n\t\t\t<a href=\"https:\/\/www2.uepg.br\/dezoo\/15-de-outubro-dia-do-professor\/\">\r\n\t\t\t\t<img class=\"wppsac-post-image-bg\"  src=\"https:\/\/www2.uepg.br\/dezoo\/wp-content\/uploads\/sites\/46\/2020\/10\/zoo_bloco.png\" alt=\"15 de Outubro &#8211; Dia do Professor\" \/>\r\n\t\t\t<\/a>\r\n\t\t<\/div>\r\n\t\t<div class=\"wppsac-post-content-position\">\r\n\t\t\t\t\t<div class=\"wppsac-post-categories\"><ul class=\"wppsac-post-categories-list\"><li><a href=\"https:\/\/www2.uepg.br\/dezoo\/category\/noticias\/\" rel=\"category\"> Not\u00edcias <\/a><\/li><\/ul><\/div>\r\n\t\t\t  \t<h2 class=\"wppsac-post-title\">\r\n\t\t\t<a href=\"https:\/\/www2.uepg.br\/dezoo\/15-de-outubro-dia-do-professor\/\">15 de Outubro &#8211; Dia do Professor<\/a>\r\n\t\t<\/h2>\r\n\t\t\t\t\t<div class=\"wppsac-post-date\">\r\n\t\t\t\t15 de outubro de 2020\t\t\t<\/div>\r\n\t\t\t\t\t<\/div>\r\n<\/div>\t\t\t<\/div>\r\n\t\t\t<div class=\"wppsac-carousel-conf wppsac-hide\" data-conf=\"{&quot;slides_to_show&quot;:&quot;4&quot;,&quot;slides_to_scroll&quot;:1,&quot;dots&quot;:&quot;false&quot;,&quot;arrows&quot;:&quot;true&quot;,&quot;autoplay&quot;:&quot;true&quot;,&quot;autoplay_interval&quot;:&quot;19500&quot;,&quot;speed&quot;:500,&quot;rtl&quot;:&quot;false&quot;,&quot;lazyload&quot;:&quot;&quot;}\"><\/div>\r\n\t\t<\/div>\r\n\t<\/p>\n<\/div>\n<\/div><\/div><\/div><\/div><\/div><div id=\"pg-9-1\"  class=\"panel-grid panel-no-style\" ><div id=\"pgc-9-1-0\"  class=\"panel-grid-cell\" ><div id=\"panel-9-1-0-0\" class=\"so-panel widget widget_sow-button panel-first-child panel-last-child\" data-index=\"1\" ><div class=\"panel-widget-style panel-widget-style-for-9-1-0-0\" ><div\n\t\t\t\n\t\t\tclass=\"so-widget-sow-button so-widget-sow-button-atom-aa140fb95214-415\"\n\t\t\t\n\t\t><div class=\"ow-button-base ow-button-align-center\">\n\t<a href=\"https:\/\/www2.uepg.br\/dezoo\/noticias\/\" class=\"ow-icon-placement-left ow-button-hover\" \t\t>\n\t\t<span>\n\t\t\t\n\t\t\tveja todas as not\u00edcias\t\t<\/span>\n\t<\/a>\n<\/div>\n<\/div><\/div><\/div><\/div><\/div><div id=\"pg-9-2\"  class=\"panel-grid panel-no-style\" ><div id=\"pgc-9-2-0\"  class=\"panel-grid-cell panel-grid-cell-empty\" ><\/div><\/div><\/div>","protected":false},"excerpt":{"rendered":"<p>\u00daltimas Not\u00edcias<\/p>\n","protected":false},"author":24,"featured_media":0,"parent":0,"menu_order":0,"comment_status":"closed","ping_status":"closed","template":"","meta":[],"_links":{"self":[{"href":"https:\/\/www2.uepg.br\/dezoo\/wp-json\/wp\/v2\/pages\/9"}],"collection":[{"href":"https:\/\/www2.uepg.br\/dezoo\/wp-json\/wp\/v2\/pages"}],"about":[{"href":"https:\/\/www2.uepg.br\/dezoo\/wp-json\/wp\/v2\/types\/page"}],"author":[{"embeddable":true,"href":"https:\/\/www2.uepg.br\/dezoo\/wp-json\/wp\/v2\/users\/24"}],"replies":[{"embeddable":true,"href":"https:\/\/www2.uepg.br\/dezoo\/wp-json\/wp\/v2\/comments?post=9"}],"version-history":[{"count":5,"href":"https:\/\/www2.uepg.br\/dezoo\/wp-json\/wp\/v2\/pages\/9\/revisions"}],"predecessor-version":[{"id":81,"href":"https:\/\/www2.uepg.br\/dezoo\/wp-json\/wp\/v2\/pages\/9\/revisions\/81"}],"wp:attachment":[{"href":"https:\/\/www2.uepg.br\/dezoo\/wp-json\/wp\/v2\/media?parent=9"}],"curies":[{"name":"wp","href":"https:\/\/api.w.org\/{rel}","templated":true}]}}