{"id":26,"date":"2018-10-09T17:02:04","date_gmt":"2018-10-09T17:02:04","guid":{"rendered":"http:\/\/www2.uepg.br\/dicion\/?page_id=26"},"modified":"2022-05-03T17:15:06","modified_gmt":"2022-05-03T17:15:06","slug":"informacoes-institucionais","status":"publish","type":"page","link":"https:\/\/www2.uepg.br\/dicion\/informacoes-institucionais\/","title":{"rendered":"INFORMA\u00c7\u00d5ES INSTITUCIONAIS"},"content":{"rendered":"<div><\/div>\n<table border=\"0\" width=\"75%\" cellspacing=\"0\" cellpadding=\"0\" align=\"center\">\n<tbody>\n<tr>\n<td class=\"texto\">\n<div class=\"texto\" align=\"center\">\n<p><strong>INFORMA\u00c7\u00d5ES INSTITUCIONAIS<\/strong><\/p>\n<p>&nbsp;<\/p>\n<p class=\"dados\"><strong>\u00d3RG\u00c3O PROPONENTE<\/strong><br \/>\nDepartamento de Hist\u00f3ria da Universidade Estadual de Ponta Grossa<\/p>\n<p class=\"dados\"><strong>COORDENADOR<\/strong><br \/>\nProf. Dr. Jos\u00e9 Augusto Leandro &#8211; DEHIS\/UEPG<\/p>\n<p><span class=\"dados\"><strong>OPERACIONALIZA\u00c7\u00c3O T\u00c9CNICA<\/strong><\/span><\/p>\n<p>Equipe do N\u00facleo de Tecnologia da Informa\u00e7\u00e3o &#8211; NTI-UEPG<\/p>\n<p><span class=\"dados\"><strong>LOCAL DE ATUA\u00c7\u00c3O<\/strong><br \/>\nMunic\u00edpios da regi\u00e3o dos Campos Gerais sob a abrang\u00eancia da UEPG<\/span><\/p>\n<p>&nbsp;<\/p>\n<\/div>\n<\/td>\n<\/tr>\n<\/tbody>\n<\/table>\n","protected":false},"excerpt":{"rendered":"<p>INFORMA\u00c7\u00d5ES INSTITUCIONAIS &nbsp; \u00d3RG\u00c3O PROPONENTE Departamento de Hist\u00f3ria da Universidade Estadual de Ponta Grossa COORDENADOR Prof. Dr. Jos\u00e9 Augusto Leandro &#8211; DEHIS\/UEPG OPERACIONALIZA\u00c7\u00c3O T\u00c9CNICA Equipe do N\u00facleo de Tecnologia da Informa\u00e7\u00e3o &#8211; NTI-UEPG LOCAL DE ATUA\u00c7\u00c3O Munic\u00edpios da regi\u00e3o dos Campos Gerais sob a abrang\u00eancia da UEPG &nbsp;<\/p>\n","protected":false},"author":17,"featured_media":0,"parent":0,"menu_order":0,"comment_status":"closed","ping_status":"closed","template":"","meta":[],"_links":{"self":[{"href":"https:\/\/www2.uepg.br\/dicion\/wp-json\/wp\/v2\/pages\/26"}],"collection":[{"href":"https:\/\/www2.uepg.br\/dicion\/wp-json\/wp\/v2\/pages"}],"about":[{"href":"https:\/\/www2.uepg.br\/dicion\/wp-json\/wp\/v2\/types\/page"}],"author":[{"embeddable":true,"href":"https:\/\/www2.uepg.br\/dicion\/wp-json\/wp\/v2\/users\/17"}],"replies":[{"embeddable":true,"href":"https:\/\/www2.uepg.br\/dicion\/wp-json\/wp\/v2\/comments?post=26"}],"version-history":[{"count":17,"href":"https:\/\/www2.uepg.br\/dicion\/wp-json\/wp\/v2\/pages\/26\/revisions"}],"predecessor-version":[{"id":1170,"href":"https:\/\/www2.uepg.br\/dicion\/wp-json\/wp\/v2\/pages\/26\/revisions\/1170"}],"wp:attachment":[{"href":"https:\/\/www2.uepg.br\/dicion\/wp-json\/wp\/v2\/media?parent=26"}],"curies":[{"name":"wp","href":"https:\/\/api.w.org\/{rel}","templated":true}]}}