{"id":59,"date":"2018-10-09T19:10:36","date_gmt":"2018-10-09T19:10:36","guid":{"rendered":"http:\/\/www2.uepg.br\/dicion\/?page_id=59"},"modified":"2022-02-08T16:24:20","modified_gmt":"2022-02-08T16:24:20","slug":"alphabetic","status":"publish","type":"page","link":"https:\/\/www2.uepg.br\/dicion\/alphabetic\/","title":{"rendered":"\u00cdNDICE ALFAB\u00c9TICO"},"content":{"rendered":"<div id=\"indice\"><\/div>\n<style>\n\n<\/style><div id=\"a-z-listing-1\" class=\"az-listing\">\n\t<div class=\"az-letters-wrap\">\n\t\t<div class=\"az-letters\">\n\t\t\t<ul class=\"az-links\"><li class=\"first odd has-posts\"><a href=\"#a-z-listing-letter-A-1\"><span>A<\/span><\/a><\/li><li class=\"even no-posts\"><span>B<\/span><\/li><li class=\"odd has-posts\"><a href=\"#a-z-listing-letter-C-1\"><span>C<\/span><\/a><\/li><li class=\"even no-posts\"><span>D<\/span><\/li><li class=\"odd has-posts\"><a href=\"#a-z-listing-letter-E-1\"><span>E<\/span><\/a><\/li><li class=\"even has-posts\"><a href=\"#a-z-listing-letter-F-1\"><span>F<\/span><\/a><\/li><li class=\"odd has-posts\"><a href=\"#a-z-listing-letter-G-1\"><span>G<\/span><\/a><\/li><li class=\"even has-posts\"><a href=\"#a-z-listing-letter-H-1\"><span>H<\/span><\/a><\/li><li class=\"odd has-posts\"><a href=\"#a-z-listing-letter-I-1\"><span>I<\/span><\/a><\/li><li class=\"even no-posts\"><span>J<\/span><\/li><li class=\"odd no-posts\"><span>K<\/span><\/li><li class=\"even no-posts\"><span>L<\/span><\/li><li class=\"odd has-posts\"><a href=\"#a-z-listing-letter-M-1\"><span>M<\/span><\/a><\/li><li class=\"even has-posts\"><a href=\"#a-z-listing-letter-N-1\"><span>N<\/span><\/a><\/li><li class=\"odd has-posts\"><a href=\"#a-z-listing-letter-O-1\"><span>O<\/span><\/a><\/li><li class=\"even has-posts\"><a href=\"#a-z-listing-letter-P-1\"><span>P<\/span><\/a><\/li><li class=\"odd no-posts\"><span>Q<\/span><\/li><li class=\"even has-posts\"><a href=\"#a-z-listing-letter-R-1\"><span>R<\/span><\/a><\/li><li class=\"odd no-posts\"><span>S<\/span><\/li><li class=\"even no-posts\"><span>T<\/span><\/li><li class=\"odd has-posts\"><a href=\"#a-z-listing-letter-U-1\"><span>U<\/span><\/a><\/li><li class=\"even no-posts\"><span>V<\/span><\/li><li class=\"odd no-posts\"><span>W<\/span><\/li><li class=\"even no-posts\"><span>X<\/span><\/li><li class=\"odd no-posts\"><span>Y<\/span><\/li><li class=\"last even no-posts\"><span>Z<\/span><\/li><\/ul>\t\t<\/div>\n\t<\/div>\n\t\t<div class=\"items-outer\">\n\t\t<div class=\"items-inner\">\n\t\t\t\t\t\t\t\t\t\t\t\t\t\t\t\t\t<div class=\"letter-section\" id=\"a-z-listing-letter-A-1\">\n\t\t\t\t\t\t<h2 class=\"letter-title\">\n\t\t\t\t\t\t\t<span>\n\t\t\t\t\t\t\t\tA\t\t\t\t\t\t\t<\/span>\n\t\t\t\t\t\t<\/h2>\n\t\t\t\t\t\t\t\t\t\t\t\t<ul class=\"az-columns max-1-columns\">\n\t\t\t\t\t\t\t\t\t\t\t\t\t\t\t<li>\n\t\t\t\t\t\t\t\t\t<a href=\"https:\/\/www2.uepg.br\/dicion\/absenteismo-do-proprietario-e-administracao-do-capataz-o-caso-da-fazenda-caxambu-no-relato-de-saint-hilaire\/\">\n\t\t\t\t\t\t\t\t\t\tAbsente\u00edsmo do fazendeiro e administra\u00e7\u00e3o do capataz: o caso da Fazenda Caxambu no relato de Saint-Hilaire\t\t\t\t\t\t\t\t\t<\/a>\n\t\t\t\t\t\t\t\t<\/li>\n\t\t\t\t\t\t\t\t\t\t\t\t\t\t\t<li>\n\t\t\t\t\t\t\t\t\t<a href=\"https:\/\/www2.uepg.br\/dicion\/alemaes-do-volga-estabelecimento-na-vila-de-palmeira\/\">\n\t\t\t\t\t\t\t\t\t\tAlem\u00e3es do Volga, estabelecimento em Palmeira\t\t\t\t\t\t\t\t\t<\/a>\n\t\t\t\t\t\t\t\t<\/li>\n\t\t\t\t\t\t\t\t\t\t\t\t\t\t\t<li>\n\t\t\t\t\t\t\t\t\t<a href=\"https:\/\/www2.uepg.br\/dicion\/alemaes-em-ponta-grossa-segunda-guerra-mundial\/\">\n\t\t\t\t\t\t\t\t\t\tAlem\u00e3es em Ponta Grossa no contexto do in\u00edcio da Segunda Guerra Mundial\t\t\t\t\t\t\t\t\t<\/a>\n\t\t\t\t\t\t\t\t<\/li>\n\t\t\t\t\t\t\t\t\t\t\t\t\t\t\t<li>\n\t\t\t\t\t\t\t\t\t<a href=\"https:\/\/www2.uepg.br\/dicion\/aproaut-associacao-de-protecao-dos-autistas\/\">\n\t\t\t\t\t\t\t\t\t\tAproaut, Associa\u00e7\u00e3o de Prote\u00e7\u00e3o dos Autistas\t\t\t\t\t\t\t\t\t<\/a>\n\t\t\t\t\t\t\t\t<\/li>\n\t\t\t\t\t\t\t\t\t\t\t\t\t\t\t<li>\n\t\t\t\t\t\t\t\t\t<a href=\"https:\/\/www2.uepg.br\/dicion\/araucaria-na-narrativa-de-saint-hilaire\/\">\n\t\t\t\t\t\t\t\t\t\tArauc\u00e1ria na narrativa de Saint-Hilaire.\t\t\t\t\t\t\t\t\t<\/a>\n\t\t\t\t\t\t\t\t<\/li>\n\t\t\t\t\t\t\t\t\t\t\t\t\t\t\t<li>\n\t\t\t\t\t\t\t\t\t<a href=\"https:\/\/www2.uepg.br\/dicion\/a-historia-e-atuacao-das-mulheres-na-politica-de-ponta-grossa\/\">\n\t\t\t\t\t\t\t\t\t\tA Hist\u00f3ria e atua\u00e7\u00e3o das mulheres na pol\u00edtica de Ponta Grossa.\u00a0\t\t\t\t\t\t\t\t\t<\/a>\n\t\t\t\t\t\t\t\t<\/li>\n\t\t\t\t\t\t\t\t\t\t\t\t\t\t\t<li>\n\t\t\t\t\t\t\t\t\t<a href=\"https:\/\/www2.uepg.br\/dicion\/a-literatura-em-ponta-grossa-a-contribuicao-de-anita-philipovsky\/\">\n\t\t\t\t\t\t\t\t\t\tA Literatura em Ponta Grossa: A contribui\u00e7\u00e3o de Anita Philipovsky\t\t\t\t\t\t\t\t\t<\/a>\n\t\t\t\t\t\t\t\t<\/li>\n\t\t\t\t\t\t\t\t\t\t\t\t\t\t\t<li>\n\t\t\t\t\t\t\t\t\t<a href=\"https:\/\/www2.uepg.br\/dicion\/a-trajetoria-indigena-nos-campos-gerais\/\">\n\t\t\t\t\t\t\t\t\t\tA Trajet\u00f3ria Ind\u00edgena nos Campos Gerais\t\t\t\t\t\t\t\t\t<\/a>\n\t\t\t\t\t\t\t\t<\/li>\n\t\t\t\t\t\t\t\t\t\t\t\t\t<\/ul>\n\n\t\t\t\t\t\t<div class=\"back-to-top\">\n\t\t\t\t\t\t\t<a href=\"#a-z-listing-1\">\n\t\t\t\t\t\t\t\tBack to top\t\t\t\t\t\t\t<\/a>\n\t\t\t\t\t\t<\/div>\n\t\t\t\t\t<\/div>\n\t\t\t\t\t\t\t\t\t\t\t\t\t\t\t\t\t\t\t\t\t\t\t<div class=\"letter-section\" id=\"a-z-listing-letter-C-1\">\n\t\t\t\t\t\t<h2 class=\"letter-title\">\n\t\t\t\t\t\t\t<span>\n\t\t\t\t\t\t\t\tC\t\t\t\t\t\t\t<\/span>\n\t\t\t\t\t\t<\/h2>\n\t\t\t\t\t\t\t\t\t\t\t\t<ul class=\"az-columns max-2-columns\">\n\t\t\t\t\t\t\t\t\t\t\t\t\t\t\t<li>\n\t\t\t\t\t\t\t\t\t<a href=\"https:\/\/www2.uepg.br\/dicion\/caminhos-de-tropas-no-parana-seculo-xix\/\">\n\t\t\t\t\t\t\t\t\t\tCaminhos de Tropas no Paran\u00e1 \u2013 s\u00e9culo XIX\t\t\t\t\t\t\t\t\t<\/a>\n\t\t\t\t\t\t\t\t<\/li>\n\t\t\t\t\t\t\t\t\t\t\t\t\t\t\t<li>\n\t\t\t\t\t\t\t\t\t<a href=\"https:\/\/www2.uepg.br\/dicion\/carnaval-em-ponta-grossa\/\">\n\t\t\t\t\t\t\t\t\t\tCarnaval em Ponta Grossa\t\t\t\t\t\t\t\t\t<\/a>\n\t\t\t\t\t\t\t\t<\/li>\n\t\t\t\t\t\t\t\t\t\t\t\t\t\t\t<li>\n\t\t\t\t\t\t\t\t\t<a href=\"https:\/\/www2.uepg.br\/dicion\/casa-da-memoria-parana\/\">\n\t\t\t\t\t\t\t\t\t\tCasa da Mem\u00f3ria Paran\u00e1\t\t\t\t\t\t\t\t\t<\/a>\n\t\t\t\t\t\t\t\t<\/li>\n\t\t\t\t\t\t\t\t\t\t\t\t\t\t\t<li>\n\t\t\t\t\t\t\t\t\t<a href=\"https:\/\/www2.uepg.br\/dicion\/casa-do-divino\/\">\n\t\t\t\t\t\t\t\t\t\tCasa do Divino\t\t\t\t\t\t\t\t\t<\/a>\n\t\t\t\t\t\t\t\t<\/li>\n\t\t\t\t\t\t\t\t\t\t\t\t\t\t\t<li>\n\t\t\t\t\t\t\t\t\t<a href=\"https:\/\/www2.uepg.br\/dicion\/adriatica-cervejaria\/\">\n\t\t\t\t\t\t\t\t\t\tCervejaria Adri\u00e1tica\t\t\t\t\t\t\t\t\t<\/a>\n\t\t\t\t\t\t\t\t<\/li>\n\t\t\t\t\t\t\t\t\t\t\t\t\t\t\t<li>\n\t\t\t\t\t\t\t\t\t<a href=\"https:\/\/www2.uepg.br\/dicion\/cerveja-na-cidade-de-ponta-grossa-o-saber-fazer\/\">\n\t\t\t\t\t\t\t\t\t\tCerveja na cidade de Ponta Grossa, o saber-fazer\t\t\t\t\t\t\t\t\t<\/a>\n\t\t\t\t\t\t\t\t<\/li>\n\t\t\t\t\t\t\t\t\t\t\t\t\t\t\t<li>\n\t\t\t\t\t\t\t\t\t<a href=\"https:\/\/www2.uepg.br\/dicion\/cinemas-em-ponta-grossa\/\">\n\t\t\t\t\t\t\t\t\t\tCinemas em Ponta Grossa\t\t\t\t\t\t\t\t\t<\/a>\n\t\t\t\t\t\t\t\t<\/li>\n\t\t\t\t\t\t\t\t\t\t\t\t\t\t\t<li>\n\t\t\t\t\t\t\t\t\t<a href=\"https:\/\/www2.uepg.br\/dicion\/cine-teatro-renascenca-e-a-presenca-russa-alema-em-ponta-grossa\/\">\n\t\t\t\t\t\t\t\t\t\tCine Teatro Renascen\u00e7a e a presen\u00e7a russa-alem\u00e3 em Ponta Grossa\t\t\t\t\t\t\t\t\t<\/a>\n\t\t\t\t\t\t\t\t<\/li>\n\t\t\t\t\t\t\t\t\t\t\t\t\t\t\t<li>\n\t\t\t\t\t\t\t\t\t<a href=\"https:\/\/www2.uepg.br\/dicion\/clube-literario-e-recreativo-treze-de-maio-e-outras-representacoes-do-movimento-negro-na-cidade\/\">\n\t\t\t\t\t\t\t\t\t\tClube Liter\u00e1rio e Recreativo Treze de Maio e outras representa\u00e7\u00f5es do Movimento Negro na cidade\t\t\t\t\t\t\t\t\t<\/a>\n\t\t\t\t\t\t\t\t<\/li>\n\t\t\t\t\t\t\t\t\t\t\t\t\t\t\t<li>\n\t\t\t\t\t\t\t\t\t<a href=\"https:\/\/www2.uepg.br\/dicion\/clube-treze-de-maio-espaco-de-sociabilidade-cultura-e-resistencia-negra-em-ponta-grossa\/\">\n\t\t\t\t\t\t\t\t\t\tClube Treze de Maio: espa\u00e7o de sociabilidade, cultura e resist\u00eancia negra em Ponta Grossa\t\t\t\t\t\t\t\t\t<\/a>\n\t\t\t\t\t\t\t\t<\/li>\n\t\t\t\t\t\t\t\t\t\t\t\t\t\t\t<li>\n\t\t\t\t\t\t\t\t\t<a href=\"https:\/\/www2.uepg.br\/dicion\/colonia-octavio-e-a-presenca-dos-alemaes-do-volga-em-ponta-grossa\/\">\n\t\t\t\t\t\t\t\t\t\tCol\u00f4nia Oct\u00e1vio e a presen\u00e7a dos alem\u00e3es do Volga em Ponta Grossa\t\t\t\t\t\t\t\t\t<\/a>\n\t\t\t\t\t\t\t\t<\/li>\n\t\t\t\t\t\t\t\t\t\t\t\t\t\t\t<li>\n\t\t\t\t\t\t\t\t\t<a href=\"https:\/\/www2.uepg.br\/dicion\/colonia-terra-nova-castro\/\">\n\t\t\t\t\t\t\t\t\t\tCol\u00f4nia Terra Nova, Castro\t\t\t\t\t\t\t\t\t<\/a>\n\t\t\t\t\t\t\t\t<\/li>\n\t\t\t\t\t\t\t\t\t\t\t\t\t\t\t<li>\n\t\t\t\t\t\t\t\t\t<a href=\"https:\/\/www2.uepg.br\/dicion\/cultura-popular-e-religiosidade-o-caso-de-corina-portugal\/\">\n\t\t\t\t\t\t\t\t\t\tCultura Popular e Religiosidade: O caso de Corina Portugal\t\t\t\t\t\t\t\t\t<\/a>\n\t\t\t\t\t\t\t\t<\/li>\n\t\t\t\t\t\t\t\t\t\t\t\t\t<\/ul>\n\n\t\t\t\t\t\t<div class=\"back-to-top\">\n\t\t\t\t\t\t\t<a href=\"#a-z-listing-1\">\n\t\t\t\t\t\t\t\tBack to top\t\t\t\t\t\t\t<\/a>\n\t\t\t\t\t\t<\/div>\n\t\t\t\t\t<\/div>\n\t\t\t\t\t\t\t\t\t\t\t\t\t\t\t\t\t\t\t\t\t\t\t<div class=\"letter-section\" id=\"a-z-listing-letter-E-1\">\n\t\t\t\t\t\t<h2 class=\"letter-title\">\n\t\t\t\t\t\t\t<span>\n\t\t\t\t\t\t\t\tE\t\t\t\t\t\t\t<\/span>\n\t\t\t\t\t\t<\/h2>\n\t\t\t\t\t\t\t\t\t\t\t\t<ul class=\"az-columns max-1-columns\">\n\t\t\t\t\t\t\t\t\t\t\t\t\t\t\t<li>\n\t\t\t\t\t\t\t\t\t<a href=\"https:\/\/www2.uepg.br\/dicion\/vila-hilda-mansao\/\">\n\t\t\t\t\t\t\t\t\t\tEcletismo arquitet\u00f4nico em Ponta Grossa, a mans\u00e3o Vila Hilda\t\t\t\t\t\t\t\t\t<\/a>\n\t\t\t\t\t\t\t\t<\/li>\n\t\t\t\t\t\t\t\t\t\t\t\t\t\t\t<li>\n\t\t\t\t\t\t\t\t\t<a href=\"https:\/\/www2.uepg.br\/dicion\/escolas-etnicas\/\">\n\t\t\t\t\t\t\t\t\t\tEscolas \u00e9tnicas\t\t\t\t\t\t\t\t\t<\/a>\n\t\t\t\t\t\t\t\t<\/li>\n\t\t\t\t\t\t\t\t\t\t\t\t\t\t\t<li>\n\t\t\t\t\t\t\t\t\t<a href=\"https:\/\/www2.uepg.br\/dicion\/escolas-publicas-de-ponta-grossa-atraves-dos-anos\/\">\n\t\t\t\t\t\t\t\t\t\tEscolas p\u00fablicas de Ponta Grossa atrav\u00e9s dos anos\t\t\t\t\t\t\t\t\t<\/a>\n\t\t\t\t\t\t\t\t<\/li>\n\t\t\t\t\t\t\t\t\t\t\t\t\t\t\t<li>\n\t\t\t\t\t\t\t\t\t<a href=\"https:\/\/www2.uepg.br\/dicion\/escola-da-comunidade-evangelica-luterana-de-imbituva\/\">\n\t\t\t\t\t\t\t\t\t\tEscola da Comunidade Evang\u00e9lica Luterana de Imbituva\t\t\t\t\t\t\t\t\t<\/a>\n\t\t\t\t\t\t\t\t<\/li>\n\t\t\t\t\t\t\t\t\t\t\t\t\t\t\t<li>\n\t\t\t\t\t\t\t\t\t<a href=\"https:\/\/www2.uepg.br\/dicion\/escola-polonesa-ponta-grossa\/\">\n\t\t\t\t\t\t\t\t\t\tEscola Polonesa, Ponta Grossa\t\t\t\t\t\t\t\t\t<\/a>\n\t\t\t\t\t\t\t\t<\/li>\n\t\t\t\t\t\t\t\t\t\t\t\t\t\t\t<li>\n\t\t\t\t\t\t\t\t\t<a href=\"https:\/\/www2.uepg.br\/dicion\/escravidao-nos-campos-gerais\/\">\n\t\t\t\t\t\t\t\t\t\tEscravid\u00e3o nos Campos Gerais\t\t\t\t\t\t\t\t\t<\/a>\n\t\t\t\t\t\t\t\t<\/li>\n\t\t\t\t\t\t\t\t\t\t\t\t\t\t\t<li>\n\t\t\t\t\t\t\t\t\t<a href=\"https:\/\/www2.uepg.br\/dicion\/escravos-dos-campos-gerais-na-primeira-metade-do-seculo-xix-a-presenca-e-a-resistencia\/\">\n\t\t\t\t\t\t\t\t\t\tEscravos dos Campos Gerais na primeira metade do s\u00e9culo XIX, a presen\u00e7a e a resist\u00eancia\t\t\t\t\t\t\t\t\t<\/a>\n\t\t\t\t\t\t\t\t<\/li>\n\t\t\t\t\t\t\t\t\t\t\t\t\t<\/ul>\n\n\t\t\t\t\t\t<div class=\"back-to-top\">\n\t\t\t\t\t\t\t<a href=\"#a-z-listing-1\">\n\t\t\t\t\t\t\t\tBack to top\t\t\t\t\t\t\t<\/a>\n\t\t\t\t\t\t<\/div>\n\t\t\t\t\t<\/div>\n\t\t\t\t\t\t\t\t\t\t\t\t\t\t\t\t\t\t\t<div class=\"letter-section\" id=\"a-z-listing-letter-F-1\">\n\t\t\t\t\t\t<h2 class=\"letter-title\">\n\t\t\t\t\t\t\t<span>\n\t\t\t\t\t\t\t\tF\t\t\t\t\t\t\t<\/span>\n\t\t\t\t\t\t<\/h2>\n\t\t\t\t\t\t\t\t\t\t\t\t<ul class=\"az-columns max-1-columns\">\n\t\t\t\t\t\t\t\t\t\t\t\t\t\t\t<li>\n\t\t\t\t\t\t\t\t\t<a href=\"https:\/\/www2.uepg.br\/dicion\/fenata-festival-nacional-de-teatro-amador-na-decada-de-1970\/\">\n\t\t\t\t\t\t\t\t\t\tFenata \u2013 Festival Nacional de Teatro Amador \u2013 na d\u00e9cada de 1970\t\t\t\t\t\t\t\t\t<\/a>\n\t\t\t\t\t\t\t\t<\/li>\n\t\t\t\t\t\t\t\t\t\t\t\t\t\t\t<li>\n\t\t\t\t\t\t\t\t\t<a href=\"https:\/\/www2.uepg.br\/dicion\/ferrovias-e-urbanizacao-em-ponta-grossa\/\">\n\t\t\t\t\t\t\t\t\t\tFerrovias e Urbaniza\u00e7\u00e3o em Ponta Grossa\t\t\t\t\t\t\t\t\t<\/a>\n\t\t\t\t\t\t\t\t<\/li>\n\t\t\t\t\t\t\t\t\t\t\t\t\t\t\t<li>\n\t\t\t\t\t\t\t\t\t<a href=\"https:\/\/www2.uepg.br\/dicion\/formacao-militar-de-ponta-grossa-e-o-contexto-nacional\/\">\n\t\t\t\t\t\t\t\t\t\tForma\u00e7\u00e3o militar de Ponta Grossa e o contexto nacional\t\t\t\t\t\t\t\t\t<\/a>\n\t\t\t\t\t\t\t\t<\/li>\n\t\t\t\t\t\t\t\t\t\t\t\t\t\t\t<li>\n\t\t\t\t\t\t\t\t\t<a href=\"https:\/\/www2.uepg.br\/dicion\/foto-bianchi-inicio-do-estabelecimento\/\">\n\t\t\t\t\t\t\t\t\t\tFoto Bianchi, in\u00edcio do est\u00fadio\t\t\t\t\t\t\t\t\t<\/a>\n\t\t\t\t\t\t\t\t<\/li>\n\t\t\t\t\t\t\t\t\t\t\t\t\t<\/ul>\n\n\t\t\t\t\t\t<div class=\"back-to-top\">\n\t\t\t\t\t\t\t<a href=\"#a-z-listing-1\">\n\t\t\t\t\t\t\t\tBack to top\t\t\t\t\t\t\t<\/a>\n\t\t\t\t\t\t<\/div>\n\t\t\t\t\t<\/div>\n\t\t\t\t\t\t\t\t\t\t\t\t\t\t\t\t\t\t\t<div class=\"letter-section\" id=\"a-z-listing-letter-G-1\">\n\t\t\t\t\t\t<h2 class=\"letter-title\">\n\t\t\t\t\t\t\t<span>\n\t\t\t\t\t\t\t\tG\t\t\t\t\t\t\t<\/span>\n\t\t\t\t\t\t<\/h2>\n\t\t\t\t\t\t\t\t\t\t\t\t<ul class=\"az-columns max-1-columns\">\n\t\t\t\t\t\t\t\t\t\t\t\t\t\t\t<li>\n\t\t\t\t\t\t\t\t\t<a href=\"https:\/\/www2.uepg.br\/dicion\/gripe-espanhola-em-ponta-grossa\/\">\n\t\t\t\t\t\t\t\t\t\tGripe Espanhola em Ponta Grossa\t\t\t\t\t\t\t\t\t<\/a>\n\t\t\t\t\t\t\t\t<\/li>\n\t\t\t\t\t\t\t\t\t\t\t\t\t<\/ul>\n\n\t\t\t\t\t\t<div class=\"back-to-top\">\n\t\t\t\t\t\t\t<a href=\"#a-z-listing-1\">\n\t\t\t\t\t\t\t\tBack to top\t\t\t\t\t\t\t<\/a>\n\t\t\t\t\t\t<\/div>\n\t\t\t\t\t<\/div>\n\t\t\t\t\t\t\t\t\t\t\t\t\t\t\t\t\t\t\t<div class=\"letter-section\" id=\"a-z-listing-letter-H-1\">\n\t\t\t\t\t\t<h2 class=\"letter-title\">\n\t\t\t\t\t\t\t<span>\n\t\t\t\t\t\t\t\tH\t\t\t\t\t\t\t<\/span>\n\t\t\t\t\t\t<\/h2>\n\t\t\t\t\t\t\t\t\t\t\t\t<ul class=\"az-columns max-1-columns\">\n\t\t\t\t\t\t\t\t\t\t\t\t\t\t\t<li>\n\t\t\t\t\t\t\t\t\t<a href=\"https:\/\/www2.uepg.br\/dicion\/historia-da-historiografia-local-regional-i-o-projeto-de-frederico-martinho-bahls\/\">\n\t\t\t\t\t\t\t\t\t\tHist\u00f3ria da historiografia local\/regional (I): O projeto de Frederico Martinho Bahls\t\t\t\t\t\t\t\t\t<\/a>\n\t\t\t\t\t\t\t\t<\/li>\n\t\t\t\t\t\t\t\t\t\t\t\t\t\t\t<li>\n\t\t\t\t\t\t\t\t\t<a href=\"https:\/\/www2.uepg.br\/dicion\/hospital-da-crianca-de-ponta-grossa\/\">\n\t\t\t\t\t\t\t\t\t\tHospital da Crian\u00e7a de Ponta Grossa\t\t\t\t\t\t\t\t\t<\/a>\n\t\t\t\t\t\t\t\t<\/li>\n\t\t\t\t\t\t\t\t\t\t\t\t\t<\/ul>\n\n\t\t\t\t\t\t<div class=\"back-to-top\">\n\t\t\t\t\t\t\t<a href=\"#a-z-listing-1\">\n\t\t\t\t\t\t\t\tBack to top\t\t\t\t\t\t\t<\/a>\n\t\t\t\t\t\t<\/div>\n\t\t\t\t\t<\/div>\n\t\t\t\t\t\t\t\t\t\t\t\t\t\t\t\t\t\t\t<div class=\"letter-section\" id=\"a-z-listing-letter-I-1\">\n\t\t\t\t\t\t<h2 class=\"letter-title\">\n\t\t\t\t\t\t\t<span>\n\t\t\t\t\t\t\t\tI\t\t\t\t\t\t\t<\/span>\n\t\t\t\t\t\t<\/h2>\n\t\t\t\t\t\t\t\t\t\t\t\t<ul class=\"az-columns max-1-columns\">\n\t\t\t\t\t\t\t\t\t\t\t\t\t\t\t<li>\n\t\t\t\t\t\t\t\t\t<a href=\"https:\/\/www2.uepg.br\/dicion\/teste\/\">\n\t\t\t\t\t\t\t\t\t\tImigra\u00e7\u00e3o holandesa e a funda\u00e7\u00e3o de cooperativas nos Campos Gerais\t\t\t\t\t\t\t\t\t<\/a>\n\t\t\t\t\t\t\t\t<\/li>\n\t\t\t\t\t\t\t\t\t\t\t\t\t\t\t<li>\n\t\t\t\t\t\t\t\t\t<a href=\"https:\/\/www2.uepg.br\/dicion\/imigrantes-alemaes-em-castro-primeiros\/\">\n\t\t\t\t\t\t\t\t\t\tImigrantes em Castro, primeiros grupos\t\t\t\t\t\t\t\t\t<\/a>\n\t\t\t\t\t\t\t\t<\/li>\n\t\t\t\t\t\t\t\t\t\t\t\t\t\t\t<li>\n\t\t\t\t\t\t\t\t\t<a href=\"https:\/\/www2.uepg.br\/dicion\/imigrantes-japoneses-nos-campos-gerais\/\">\n\t\t\t\t\t\t\t\t\t\tImigrantes japoneses nos Campos Gerais\t\t\t\t\t\t\t\t\t<\/a>\n\t\t\t\t\t\t\t\t<\/li>\n\t\t\t\t\t\t\t\t\t\t\t\t\t\t\t<li>\n\t\t\t\t\t\t\t\t\t<a href=\"https:\/\/www2.uepg.br\/dicion\/imprensa-ucraniana\/\">\n\t\t\t\t\t\t\t\t\t\tImprensa ucraniana no in\u00edcio do s\u00e9culo XX\t\t\t\t\t\t\t\t\t<\/a>\n\t\t\t\t\t\t\t\t<\/li>\n\t\t\t\t\t\t\t\t\t\t\t\t\t\t\t<li>\n\t\t\t\t\t\t\t\t\t<a href=\"https:\/\/www2.uepg.br\/dicion\/indios-coroados-na-narrativa-de-saint-hilaire-2\/\">\n\t\t\t\t\t\t\t\t\t\tInd\u00edgenas Coroados na narrativa de Saint-Hilaire\t\t\t\t\t\t\t\t\t<\/a>\n\t\t\t\t\t\t\t\t<\/li>\n\t\t\t\t\t\t\t\t\t\t\t\t\t\t\t<li>\n\t\t\t\t\t\t\t\t\t<a href=\"https:\/\/www2.uepg.br\/dicion\/integralismo-no-parana-e-em-ponta-grossa\/\">\n\t\t\t\t\t\t\t\t\t\tIntegralismo no Paran\u00e1 e em Ponta Grossa\t\t\t\t\t\t\t\t\t<\/a>\n\t\t\t\t\t\t\t\t<\/li>\n\t\t\t\t\t\t\t\t\t\t\t\t\t<\/ul>\n\n\t\t\t\t\t\t<div class=\"back-to-top\">\n\t\t\t\t\t\t\t<a href=\"#a-z-listing-1\">\n\t\t\t\t\t\t\t\tBack to top\t\t\t\t\t\t\t<\/a>\n\t\t\t\t\t\t<\/div>\n\t\t\t\t\t<\/div>\n\t\t\t\t\t\t\t\t\t\t\t\t\t\t\t\t\t\t\t\t\t\t\t\t\t\t\t\t\t\t\t<div class=\"letter-section\" id=\"a-z-listing-letter-M-1\">\n\t\t\t\t\t\t<h2 class=\"letter-title\">\n\t\t\t\t\t\t\t<span>\n\t\t\t\t\t\t\t\tM\t\t\t\t\t\t\t<\/span>\n\t\t\t\t\t\t<\/h2>\n\t\t\t\t\t\t\t\t\t\t\t\t<ul class=\"az-columns max-1-columns\">\n\t\t\t\t\t\t\t\t\t\t\t\t\t\t\t<li>\n\t\t\t\t\t\t\t\t\t<a href=\"https:\/\/www2.uepg.br\/dicion\/mulheres-dos-campos-gerais-no-relato-de-saint-hilaire\/\">\n\t\t\t\t\t\t\t\t\t\tMulheres dos Campos Gerais no relato de Saint-Hilaire\t\t\t\t\t\t\t\t\t<\/a>\n\t\t\t\t\t\t\t\t<\/li>\n\t\t\t\t\t\t\t\t\t\t\t\t\t\t\t<li>\n\t\t\t\t\t\t\t\t\t<a href=\"https:\/\/www2.uepg.br\/dicion\/mulheres-em-ponta-grossa-maes-educadoras-e-trabalhadoras\/\">\n\t\t\t\t\t\t\t\t\t\tMulheres em Ponta Grossa: M\u00e3es, educadoras e trabalhadoras\t\t\t\t\t\t\t\t\t<\/a>\n\t\t\t\t\t\t\t\t<\/li>\n\t\t\t\t\t\t\t\t\t\t\t\t\t\t\t<li>\n\t\t\t\t\t\t\t\t\t<a href=\"https:\/\/www2.uepg.br\/dicion\/musica-em-ponta-grossa-durante-a-ditadura-militar\/\">\n\t\t\t\t\t\t\t\t\t\tM\u00fasica em Ponta Grossa durante a Ditadura Militar\t\t\t\t\t\t\t\t\t<\/a>\n\t\t\t\t\t\t\t\t<\/li>\n\t\t\t\t\t\t\t\t\t\t\t\t\t<\/ul>\n\n\t\t\t\t\t\t<div class=\"back-to-top\">\n\t\t\t\t\t\t\t<a href=\"#a-z-listing-1\">\n\t\t\t\t\t\t\t\tBack to top\t\t\t\t\t\t\t<\/a>\n\t\t\t\t\t\t<\/div>\n\t\t\t\t\t<\/div>\n\t\t\t\t\t\t\t\t\t\t\t\t\t\t\t\t\t\t\t<div class=\"letter-section\" id=\"a-z-listing-letter-N-1\">\n\t\t\t\t\t\t<h2 class=\"letter-title\">\n\t\t\t\t\t\t\t<span>\n\t\t\t\t\t\t\t\tN\t\t\t\t\t\t\t<\/span>\n\t\t\t\t\t\t<\/h2>\n\t\t\t\t\t\t\t\t\t\t\t\t<ul class=\"az-columns max-1-columns\">\n\t\t\t\t\t\t\t\t\t\t\t\t\t\t\t<li>\n\t\t\t\t\t\t\t\t\t<a href=\"https:\/\/www2.uepg.br\/dicion\/nucleo-31-de-marco-em-ponta-grossa\/\">\n\t\t\t\t\t\t\t\t\t\tN\u00facleo 31 de Mar\u00e7o em Ponta Grossa\t\t\t\t\t\t\t\t\t<\/a>\n\t\t\t\t\t\t\t\t<\/li>\n\t\t\t\t\t\t\t\t\t\t\t\t\t<\/ul>\n\n\t\t\t\t\t\t<div class=\"back-to-top\">\n\t\t\t\t\t\t\t<a href=\"#a-z-listing-1\">\n\t\t\t\t\t\t\t\tBack to top\t\t\t\t\t\t\t<\/a>\n\t\t\t\t\t\t<\/div>\n\t\t\t\t\t<\/div>\n\t\t\t\t\t\t\t\t\t\t\t\t\t\t\t\t\t\t\t<div class=\"letter-section\" id=\"a-z-listing-letter-O-1\">\n\t\t\t\t\t\t<h2 class=\"letter-title\">\n\t\t\t\t\t\t\t<span>\n\t\t\t\t\t\t\t\tO\t\t\t\t\t\t\t<\/span>\n\t\t\t\t\t\t<\/h2>\n\t\t\t\t\t\t\t\t\t\t\t\t<ul class=\"az-columns max-1-columns\">\n\t\t\t\t\t\t\t\t\t\t\t\t\t\t\t<li>\n\t\t\t\t\t\t\t\t\t<a href=\"https:\/\/www2.uepg.br\/dicion\/o-bairro-de-uvaranas-e-suas-caracteristicas-de-pertencimento-da-populacao\/\">\n\t\t\t\t\t\t\t\t\t\tO bairro de Uvaranas e suas caracter\u00edsticas de pertencimento da popula\u00e7\u00e3o\t\t\t\t\t\t\t\t\t<\/a>\n\t\t\t\t\t\t\t\t<\/li>\n\t\t\t\t\t\t\t\t\t\t\t\t\t\t\t<li>\n\t\t\t\t\t\t\t\t\t<a href=\"https:\/\/www2.uepg.br\/dicion\/o-futebol-na-cidade-de-ponta-grossa\/\">\n\t\t\t\t\t\t\t\t\t\tO futebol na cidade de Ponta Grossa\t\t\t\t\t\t\t\t\t<\/a>\n\t\t\t\t\t\t\t\t<\/li>\n\t\t\t\t\t\t\t\t\t\t\t\t\t<\/ul>\n\n\t\t\t\t\t\t<div class=\"back-to-top\">\n\t\t\t\t\t\t\t<a href=\"#a-z-listing-1\">\n\t\t\t\t\t\t\t\tBack to top\t\t\t\t\t\t\t<\/a>\n\t\t\t\t\t\t<\/div>\n\t\t\t\t\t<\/div>\n\t\t\t\t\t\t\t\t\t\t\t\t\t\t\t\t\t\t\t<div class=\"letter-section\" id=\"a-z-listing-letter-P-1\">\n\t\t\t\t\t\t<h2 class=\"letter-title\">\n\t\t\t\t\t\t\t<span>\n\t\t\t\t\t\t\t\tP\t\t\t\t\t\t\t<\/span>\n\t\t\t\t\t\t<\/h2>\n\t\t\t\t\t\t\t\t\t\t\t\t<ul class=\"az-columns max-1-columns\">\n\t\t\t\t\t\t\t\t\t\t\t\t\t\t\t<li>\n\t\t\t\t\t\t\t\t\t<a href=\"https:\/\/www2.uepg.br\/dicion\/patrimonios-culturais-edificados-de-ponta-grossa\/\">\n\t\t\t\t\t\t\t\t\t\tPatrim\u00f4nios Culturais Edificados de Ponta Grossa\t\t\t\t\t\t\t\t\t<\/a>\n\t\t\t\t\t\t\t\t<\/li>\n\t\t\t\t\t\t\t\t\t\t\t\t\t\t\t<li>\n\t\t\t\t\t\t\t\t\t<a href=\"https:\/\/www2.uepg.br\/dicion\/perseguicao-a-educacao-na-ditadura-em-ponta-grossa-e-regiao\/\">\n\t\t\t\t\t\t\t\t\t\tPersegui\u00e7\u00e3o a Educa\u00e7\u00e3o Durante a Ditadura Militar em Ponta Grossa e Regi\u00e3o\t\t\t\t\t\t\t\t\t<\/a>\n\t\t\t\t\t\t\t\t<\/li>\n\t\t\t\t\t\t\t\t\t\t\t\t\t\t\t<li>\n\t\t\t\t\t\t\t\t\t<a href=\"https:\/\/www2.uepg.br\/dicion\/porcadeiros-tropeirismo-de-porcos\/\">\n\t\t\t\t\t\t\t\t\t\tPorcadeiros: tropeirismo de porcos\t\t\t\t\t\t\t\t\t<\/a>\n\t\t\t\t\t\t\t\t<\/li>\n\t\t\t\t\t\t\t\t\t\t\t\t\t\t\t<li>\n\t\t\t\t\t\t\t\t\t<a href=\"https:\/\/www2.uepg.br\/dicion\/pre-assentamento-emiliano-zapata\/\">\n\t\t\t\t\t\t\t\t\t\tPr\u00e9-Assentamento Emiliano Zapata\t\t\t\t\t\t\t\t\t<\/a>\n\t\t\t\t\t\t\t\t<\/li>\n\t\t\t\t\t\t\t\t\t\t\t\t\t\t\t<li>\n\t\t\t\t\t\t\t\t\t<a href=\"https:\/\/www2.uepg.br\/dicion\/primavera-estudantil-de-2016-em-ponta-grossa\/\">\n\t\t\t\t\t\t\t\t\t\tPrimavera Estudantil de 2016 em Ponta Grossa\t\t\t\t\t\t\t\t\t<\/a>\n\t\t\t\t\t\t\t\t<\/li>\n\t\t\t\t\t\t\t\t\t\t\t\t\t\t\t<li>\n\t\t\t\t\t\t\t\t\t<a href=\"https:\/\/www2.uepg.br\/dicion\/producao-cultural-em-ponta-grossa-a-contribuicao-de-faris-michaele-na-cultura-de-ponta-grossa\/\">\n\t\t\t\t\t\t\t\t\t\tProdu\u00e7\u00e3o Cultural em Ponta Grossa: A Contribui\u00e7\u00e3o de Faris Michaele na Cultura de Ponta Grossa\t\t\t\t\t\t\t\t\t<\/a>\n\t\t\t\t\t\t\t\t<\/li>\n\t\t\t\t\t\t\t\t\t\t\t\t\t<\/ul>\n\n\t\t\t\t\t\t<div class=\"back-to-top\">\n\t\t\t\t\t\t\t<a href=\"#a-z-listing-1\">\n\t\t\t\t\t\t\t\tBack to top\t\t\t\t\t\t\t<\/a>\n\t\t\t\t\t\t<\/div>\n\t\t\t\t\t<\/div>\n\t\t\t\t\t\t\t\t\t\t\t\t\t\t\t\t\t\t\t\t\t\t\t<div class=\"letter-section\" id=\"a-z-listing-letter-R-1\">\n\t\t\t\t\t\t<h2 class=\"letter-title\">\n\t\t\t\t\t\t\t<span>\n\t\t\t\t\t\t\t\tR\t\t\t\t\t\t\t<\/span>\n\t\t\t\t\t\t<\/h2>\n\t\t\t\t\t\t\t\t\t\t\t\t<ul class=\"az-columns max-1-columns\">\n\t\t\t\t\t\t\t\t\t\t\t\t\t\t\t<li>\n\t\t\t\t\t\t\t\t\t<a href=\"https:\/\/www2.uepg.br\/dicion\/reescravizacao-de-libertos-em-ponta-grossa-o-caso-de-francisca-placidina-1854-1855\/\">\n\t\t\t\t\t\t\t\t\t\tReescraviza\u00e7\u00e3o de libertos em Ponta Grossa: o caso de Francisca Placidina, 1854-1855\t\t\t\t\t\t\t\t\t<\/a>\n\t\t\t\t\t\t\t\t<\/li>\n\t\t\t\t\t\t\t\t\t\t\t\t\t\t\t<li>\n\t\t\t\t\t\t\t\t\t<a href=\"https:\/\/www2.uepg.br\/dicion\/reviver-associacao-de-assistencia-para-pessoas-vivendo-com-hiv-e-ou-doentes-de-aids-em-ponta-grossa\/\">\n\t\t\t\t\t\t\t\t\t\tReviver, associa\u00e7\u00e3o de assist\u00eancia para pessoas vivendo com HIV e\/ou doentes de AIDS em Ponta Grossa\t\t\t\t\t\t\t\t\t<\/a>\n\t\t\t\t\t\t\t\t<\/li>\n\t\t\t\t\t\t\t\t\t\t\t\t\t\t\t<li>\n\t\t\t\t\t\t\t\t\t<a href=\"https:\/\/www2.uepg.br\/dicion\/saint-hilaire-e-os-rios-iapo-e-tibagi\/\">\n\t\t\t\t\t\t\t\t\t\tRio Iap\u00f3 e Rio Tibagi na narrativa de Saint-Hilaire\t\t\t\t\t\t\t\t\t<\/a>\n\t\t\t\t\t\t\t\t<\/li>\n\t\t\t\t\t\t\t\t\t\t\t\t\t<\/ul>\n\n\t\t\t\t\t\t<div class=\"back-to-top\">\n\t\t\t\t\t\t\t<a href=\"#a-z-listing-1\">\n\t\t\t\t\t\t\t\tBack to top\t\t\t\t\t\t\t<\/a>\n\t\t\t\t\t\t<\/div>\n\t\t\t\t\t<\/div>\n\t\t\t\t\t\t\t\t\t\t\t\t\t\t\t\t\t\t\t\t\t\t\t\t\t\t\t<div class=\"letter-section\" id=\"a-z-listing-letter-U-1\">\n\t\t\t\t\t\t<h2 class=\"letter-title\">\n\t\t\t\t\t\t\t<span>\n\t\t\t\t\t\t\t\tU\t\t\t\t\t\t\t<\/span>\n\t\t\t\t\t\t<\/h2>\n\t\t\t\t\t\t\t\t\t\t\t\t<ul class=\"az-columns max-1-columns\">\n\t\t\t\t\t\t\t\t\t\t\t\t\t\t\t<li>\n\t\t\t\t\t\t\t\t\t<a href=\"https:\/\/www2.uepg.br\/dicion\/umbanda-em-ponta-grossa\/\">\n\t\t\t\t\t\t\t\t\t\tUmbanda em Ponta Grossa\t\t\t\t\t\t\t\t\t<\/a>\n\t\t\t\t\t\t\t\t<\/li>\n\t\t\t\t\t\t\t\t\t\t\t\t\t\t\t<li>\n\t\t\t\t\t\t\t\t\t<a href=\"https:\/\/www2.uepg.br\/dicion\/urbanizacao-na-cidade-de-ponta-grossa\/\">\n\t\t\t\t\t\t\t\t\t\tUrbaniza\u00e7\u00e3o na cidade de Ponta Grossa\t\t\t\t\t\t\t\t\t<\/a>\n\t\t\t\t\t\t\t\t<\/li>\n\t\t\t\t\t\t\t\t\t\t\t\t\t\t\t<li>\n\t\t\t\t\t\t\t\t\t<a href=\"https:\/\/www2.uepg.br\/dicion\/uvaranas-bairro-de-ponta-grossa\/\">\n\t\t\t\t\t\t\t\t\t\tUvaranas, bairro de Ponta Grossa\t\t\t\t\t\t\t\t\t<\/a>\n\t\t\t\t\t\t\t\t<\/li>\n\t\t\t\t\t\t\t\t\t\t\t\t\t<\/ul>\n\n\t\t\t\t\t\t<div class=\"back-to-top\">\n\t\t\t\t\t\t\t<a href=\"#a-z-listing-1\">\n\t\t\t\t\t\t\t\tBack to top\t\t\t\t\t\t\t<\/a>\n\t\t\t\t\t\t<\/div>\n\t\t\t\t\t<\/div>\n\t\t\t\t\t\t\t\t\t\t\t\t\t\t\t\t\t\t\t\t\t\t\t\t\t\t\t<\/div>\n\t<\/div>\n\t<\/div>\n\n","protected":false},"excerpt":{"rendered":"","protected":false},"author":17,"featured_media":0,"parent":0,"menu_order":0,"comment_status":"closed","ping_status":"closed","template":"","meta":[],"_links":{"self":[{"href":"https:\/\/www2.uepg.br\/dicion\/wp-json\/wp\/v2\/pages\/59"}],"collection":[{"href":"https:\/\/www2.uepg.br\/dicion\/wp-json\/wp\/v2\/pages"}],"about":[{"href":"https:\/\/www2.uepg.br\/dicion\/wp-json\/wp\/v2\/types\/page"}],"author":[{"embeddable":true,"href":"https:\/\/www2.uepg.br\/dicion\/wp-json\/wp\/v2\/users\/17"}],"replies":[{"embeddable":true,"href":"https:\/\/www2.uepg.br\/dicion\/wp-json\/wp\/v2\/comments?post=59"}],"version-history":[{"count":21,"href":"https:\/\/www2.uepg.br\/dicion\/wp-json\/wp\/v2\/pages\/59\/revisions"}],"predecessor-version":[{"id":1147,"href":"https:\/\/www2.uepg.br\/dicion\/wp-json\/wp\/v2\/pages\/59\/revisions\/1147"}],"wp:attachment":[{"href":"https:\/\/www2.uepg.br\/dicion\/wp-json\/wp\/v2\/media?parent=59"}],"curies":[{"name":"wp","href":"https:\/\/api.w.org\/{rel}","templated":true}]}}