{"id":1378,"date":"2022-03-09T17:28:13","date_gmt":"2022-03-09T20:28:13","guid":{"rendered":"https:\/\/www2.uepg.br\/direito\/?page_id=1378"},"modified":"2022-03-16T15:00:00","modified_gmt":"2022-03-16T18:00:00","slug":"infraestrutura-do-programa","status":"publish","type":"page","link":"https:\/\/www2.uepg.br\/direito\/mestrado\/infraestrutura-do-programa\/","title":{"rendered":"Infraestrutura do Programa"},"content":{"rendered":"<div id=\"pl-1378\"  class=\"panel-layout\" ><div id=\"pg-1378-0\"  class=\"panel-grid panel-no-style\" ><div id=\"pgc-1378-0-0\"  class=\"panel-grid-cell\" ><div id=\"panel-1378-0-0-0\" class=\"so-panel widget widget_sow-editor panel-first-child panel-last-child\" data-index=\"0\" ><div\n\t\t\t\n\t\t\tclass=\"so-widget-sow-editor so-widget-sow-editor-base\"\n\t\t\t\n\t\t>\n<div class=\"siteorigin-widget-tinymce textwidget\">\n\t<p align=\"justify\"><span style=\"font-family: Times New Roman, serif;\"><span style=\"font-size: medium;\"><span style=\"color: #373737;\"><span style=\"font-family: Roboto, serif;\"><span style=\"font-size: large;\">Em seu primeiro ano de funcionamento (iniciou suas atividades em agosto de 2021), o Programa de P\u00f3s-Gradua\u00e7\u00e3o em Direito ocupa, provisoriamente, instala\u00e7\u00f5es do Setor de Ci\u00eancias Jur\u00eddicas junto ao campus da Universidade localizado no centro de Ponta Grossa.<\/span><\/span><\/span><\/span><\/span><\/p>\n<p align=\"justify\"><span style=\"font-family: Times New Roman, serif;\"><span style=\"font-size: medium;\"><span style=\"color: #373737;\"><span style=\"font-family: Roboto, serif;\"><span style=\"font-size: large;\">Estima-se que, at\u00e9 o final de 2022, o Programa de P\u00f3s-Gradua\u00e7\u00e3o se integre ao futuro <\/span><\/span><\/span><span style=\"color: #373737;\"><span style=\"font-family: Roboto, serif;\"><span style=\"font-size: large;\"><b>CEPPODI (Centro de Pesquisa e P\u00f3s-Gradua\u00e7\u00e3o em Direito)<\/b><\/span><\/span><\/span><span style=\"color: #373737;\"><span style=\"font-family: Roboto, serif;\"><span style=\"font-size: large;\">, unidade a ser instalada no complexo do Centro de Apoio T\u00e9cnico \u2013 PAX, localizado na rua Dr. Ant\u00f4nio Russo, 28, Oficinas, Ponta Grossa. <\/span><\/span><\/span><\/span><\/span><\/p>\n<p align=\"justify\"><span style=\"font-family: Times New Roman, serif;\"><span style=\"font-size: medium;\"><span style=\"color: #373737;\"><span style=\"font-family: Roboto, serif;\"><span style=\"font-size: large;\">As obras do referido Centro de Apoio T\u00e9cnico se encontram em fase de finaliza\u00e7\u00e3o, com execu\u00e7\u00e3o de contrato firmado no \u00e2mbito da Concorr\u00eancia n. 002\/2021 e previs\u00e3o de entrega da obra no 2\u00ba semestre de 2022. Nos pr\u00f3ximos meses, a UEPG envidar\u00e1 esfor\u00e7os no sentido da obten\u00e7\u00e3o de recursos para aquisi\u00e7\u00e3o e instala\u00e7\u00e3o do mobili\u00e1rio e dos equipamentos previstos para o pleno funcionamento do CEPPODI.<\/span><\/span><\/span><\/span><\/span><\/p>\n<p align=\"justify\"><span style=\"font-family: Times New Roman, serif;\"><span style=\"font-size: medium;\"><span style=\"color: #373737;\"><span style=\"font-family: Roboto, serif;\"><span style=\"font-size: large;\">J\u00e1 tendo assegurado a ocupa\u00e7\u00e3o de 2.000m2, distribu\u00eddos em dois pavimentos do referido Centro de Apoio T\u00e9cnico, o CEPPODI, cuja cria\u00e7\u00e3o representa um grande salto qualitativo na evolu\u00e7\u00e3o do Setor de Ci\u00eancias Jur\u00eddicas da UEPG, ter\u00e1 modernas e adequadas instala\u00e7\u00f5es que atender\u00e3o \u00e0s necessidades de infraestrutura dos Programa de P\u00f3s-Gradua\u00e7\u00e3o\u00a0<\/span><\/span><\/span><span style=\"color: #373737;\"><span style=\"font-family: Roboto, serif;\"><span style=\"font-size: large;\"><i>stricto sensu<\/i><\/span><\/span><\/span><span style=\"color: #373737;\"><span style=\"font-family: Roboto, serif;\"><span style=\"font-size: large;\">\u00a0e <\/span><\/span><\/span><span style=\"color: #373737;\"><span style=\"font-family: Roboto, serif;\"><span style=\"font-size: large;\"><i>lato sensu<\/i><\/span><\/span><\/span><span style=\"color: #373737;\"><span style=\"font-family: Roboto, serif;\"><span style=\"font-size: large;\"> em Direito. Abrigar\u00e1 ainda o CEPPODI-Lab, um laborat\u00f3rio de pesquisas que integrar\u00e1 a rede do Complexo de Laborat\u00f3rios multiusu\u00e1rios da UEPG (C-LABMU).<\/span><\/span><\/span><\/span><\/span><\/p>\n<p align=\"justify\"><span style=\"font-family: Times New Roman, serif;\"><span style=\"font-size: medium;\"><span style=\"color: #373737;\"><span style=\"font-family: Roboto, serif;\"><span style=\"font-size: large;\">Al\u00e9m de audit\u00f3rio pr\u00f3prio, amplas salas de aula e salas administrativas, o novo espa\u00e7o dispor\u00e1 de biblioteca especializada, gabinetes de trabalho dos docentes, para orienta\u00e7\u00e3o e pesquisa individualizados, sala de professores, salas de estudos e de reuni\u00f5es, sala de videoconfer\u00eancia e multim\u00eddia e espa\u00e7o de conviv\u00eancia para alunos e professores. <\/span><\/span><\/span><\/span><\/span><\/p>\n<p align=\"justify\"><span style=\"font-family: Times New Roman, serif;\"><span style=\"font-size: medium;\"><span style=\"color: #373737;\"><span style=\"font-family: Roboto, serif;\"><span style=\"font-size: large;\">Em suas futuras instala\u00e7\u00f5es, o Programa cumprir\u00e1, rigorosamente, todas as exig\u00eancias de infraestrutura recomendadas pela CAPES, tanto em suas diretrizes gerais quanto nos documentos divulgados pela \u00e1rea de avalia\u00e7\u00e3o do Direito. <\/span><\/span><\/span><\/span><\/span><\/p>\n<p align=\"justify\"><span style=\"font-family: Times New Roman, serif;\"><span style=\"font-size: medium;\"><span style=\"color: #373737;\"><span style=\"font-family: Roboto, serif;\"><span style=\"font-size: large;\">A ser instalado em pr\u00e9dio anexo ao Centro de Eventos PAX, vinculado \u00e0 Pr\u00f3-Reitoria de Extens\u00e3o (PROEX), e que inclui audit\u00f3rio de 900 lugares, outro audit\u00f3rio de m\u00e9dio porte e demais equipamentos de infraestrutura para realiza\u00e7\u00e3o de eventos diversos para a universidade, o CEPPODI ter\u00e1 log\u00edstica especialmente oportuna para a realiza\u00e7\u00e3o de eventos jur\u00eddicos, de pequeno, m\u00e9dio e grande porte. Essa infraestrutura ampliada, no \u00e2mbito da pr\u00f3pria UEPG, e numa \u00e1rea da cidade de f\u00e1cil deslocamento urbano e acesso rodovi\u00e1rio, com diversos hot\u00e9is e restaurantes no entorno e pr\u00f3xima das sedes da OAB e de institui\u00e7\u00f5es do sistema de justi\u00e7a, contribuir\u00e1 para dinamizar as atividades do Programa e sua intera\u00e7\u00e3o com outros p\u00fablicos acad\u00eamicos e profissionais na \u00e1rea do Direito.<\/span><\/span><\/span><\/span><\/span><\/p>\n<p align=\"justify\"><span style=\"font-family: Times New Roman, serif;\"><span style=\"font-size: medium;\"><span style=\"color: #373737;\"><span style=\"font-family: Roboto, serif;\"><span style=\"font-size: large;\">Nesta p\u00e1gina ser\u00e3o atualizadas informa\u00e7\u00f5es sobre a evolu\u00e7\u00e3o do projeto de implanta\u00e7\u00e3o f\u00edsica do CEPPODI em suas novas instala\u00e7\u00f5es.<\/span><\/span><\/span><\/span><\/span><\/p>\n<\/div>\n<\/div><\/div><\/div><\/div><div id=\"pg-1378-1\"  class=\"panel-grid panel-no-style\" ><div id=\"pgc-1378-1-0\"  class=\"panel-grid-cell\" ><div id=\"panel-1378-1-0-0\" class=\"so-panel widget widget_sow-accordion panel-first-child panel-last-child\" data-index=\"1\" ><div\n\t\t\t\n\t\t\tclass=\"so-widget-sow-accordion so-widget-sow-accordion-default-bb786459c5e7-1378\"\n\t\t\t\n\t\t><h3 class=\"widget-title\">Apresenta\u00e7\u00e3o geral do projeto de novas instala\u00e7\u00f5es do CEPPODI - Centro de Pesquisa e P\u00f3s-Gradua\u00e7\u00e3o em Direito<\/h3><div>\n\t<div class=\"sow-accordion\">\n\t\t\t<div class=\"sow-accordion-panel\"\n\t\t\t data-anchor=\"i-apresenta%c3%a7%c3%a3o-est%c3%a1tica-das-plantas-e-proje%c3%a7%c3%b5es-de-ocupa%c3%a7%c3%a3o-dos-espa%c3%a7os\">\n\t\t\t\t<div class=\"sow-accordion-panel-header-container\" role=\"heading\" aria-level=\"2\">\n\t\t\t\t\t<div class=\"sow-accordion-panel-header\" tabindex=\"0\" role=\"button\" id=\"accordion-label-i-apresenta%c3%a7%c3%a3o-est%c3%a1tica-das-plantas-e-proje%c3%a7%c3%b5es-de-ocupa%c3%a7%c3%a3o-dos-espa%c3%a7os\" aria-controls=\"accordion-content-i-apresenta%c3%a7%c3%a3o-est%c3%a1tica-das-plantas-e-proje%c3%a7%c3%b5es-de-ocupa%c3%a7%c3%a3o-dos-espa%c3%a7os\" aria-expanded=\"false\">\n\t\t\t\t\t\t<div class=\"sow-accordion-title sow-accordion-title-icon-left\">\n\t\t\t\t\t\t\t\t\t\t\t\t\t\tI ) Apresenta\u00e7\u00e3o est\u00e1tica das plantas e proje\u00e7\u00f5es de ocupa\u00e7\u00e3o dos espa\u00e7os\t\t\t\t\t\t\t\t\t\t\t\t\t<\/div>\n\t\t\t\t\t\t<div class=\"sow-accordion-open-close-button\">\n\t\t\t\t\t\t\t<div class=\"sow-accordion-open-button\">\n\t\t\t\t\t\t\t\t<span class=\"sow-icon-ionicons\" data-sow-icon=\"&#xf218;\"\n\t\t \n\t\taria-hidden=\"true\"><\/span>\t\t\t\t\t\t\t<\/div>\n\t\t\t\t\t\t\t<div class=\"sow-accordion-close-button\">\n\t\t\t\t\t\t\t\t<span class=\"sow-icon-ionicons\" data-sow-icon=\"&#xf209;\"\n\t\t \n\t\taria-hidden=\"true\"><\/span>\t\t\t\t\t\t\t<\/div>\n\t\t\t\t\t\t<\/div>\n\t\t\t\t\t<\/div>\n\t\t\t\t<\/div>\n\n\t\t\t<div\n\t\t\t\tclass=\"sow-accordion-panel-content\"\n\t\t\t\trole=\"region\"\n\t\t\t\taria-labelledby=\"accordion-label-i-apresenta%c3%a7%c3%a3o-est%c3%a1tica-das-plantas-e-proje%c3%a7%c3%b5es-de-ocupa%c3%a7%c3%a3o-dos-espa%c3%a7os\"\n\t\t\t\tid=\"accordion-content-i-apresenta%c3%a7%c3%a3o-est%c3%a1tica-das-plantas-e-proje%c3%a7%c3%b5es-de-ocupa%c3%a7%c3%a3o-dos-espa%c3%a7os\"\n\t\t\t\tstyle=\"display: none;\"\t\t\t>\n\t\t\t\t<div class=\"sow-accordion-panel-border\" tabindex=\"0\">\n\t\t\t\t\t<p><a href=\"http:\/\/www2.uepg.br\/direito\/wp-content\/uploads\/sites\/76\/2022\/03\/ANEXO-PAX-CEPPODI-apresentacao-global-do-projeto-arq.-comprimido.pdf\" target=\"_blank\" rel=\"noopener\">CEPPODI- apresenta\u00e7\u00e3o de projeto - est\u00e1tico.<\/a><\/p>\n\t\t\t\t<\/div>\n\t\t\t<\/div>\n\t\t<\/div>\n\t\t\t<div class=\"sow-accordion-panel\"\n\t\t\t data-anchor=\"ii-apresenta%c3%a7%c3%a3o-din%c3%a2mica-das-plantas-e-proje%c3%a7%c3%b5es-de-ocupa%c3%a7%c3%a3o-dos-espa%c3%a7os\">\n\t\t\t\t<div class=\"sow-accordion-panel-header-container\" role=\"heading\" aria-level=\"2\">\n\t\t\t\t\t<div class=\"sow-accordion-panel-header\" tabindex=\"0\" role=\"button\" id=\"accordion-label-ii-apresenta%c3%a7%c3%a3o-din%c3%a2mica-das-plantas-e-proje%c3%a7%c3%b5es-de-ocupa%c3%a7%c3%a3o-dos-espa%c3%a7os\" aria-controls=\"accordion-content-ii-apresenta%c3%a7%c3%a3o-din%c3%a2mica-das-plantas-e-proje%c3%a7%c3%b5es-de-ocupa%c3%a7%c3%a3o-dos-espa%c3%a7os\" aria-expanded=\"false\">\n\t\t\t\t\t\t<div class=\"sow-accordion-title sow-accordion-title-icon-left\">\n\t\t\t\t\t\t\t\t\t\t\t\t\t\tII ) Apresenta\u00e7\u00e3o din\u00e2mica das plantas e proje\u00e7\u00f5es de ocupa\u00e7\u00e3o dos espa\u00e7os\t\t\t\t\t\t\t\t\t\t\t\t\t<\/div>\n\t\t\t\t\t\t<div class=\"sow-accordion-open-close-button\">\n\t\t\t\t\t\t\t<div class=\"sow-accordion-open-button\">\n\t\t\t\t\t\t\t\t<span class=\"sow-icon-ionicons\" data-sow-icon=\"&#xf218;\"\n\t\t \n\t\taria-hidden=\"true\"><\/span>\t\t\t\t\t\t\t<\/div>\n\t\t\t\t\t\t\t<div class=\"sow-accordion-close-button\">\n\t\t\t\t\t\t\t\t<span class=\"sow-icon-ionicons\" data-sow-icon=\"&#xf209;\"\n\t\t \n\t\taria-hidden=\"true\"><\/span>\t\t\t\t\t\t\t<\/div>\n\t\t\t\t\t\t<\/div>\n\t\t\t\t\t<\/div>\n\t\t\t\t<\/div>\n\n\t\t\t<div\n\t\t\t\tclass=\"sow-accordion-panel-content\"\n\t\t\t\trole=\"region\"\n\t\t\t\taria-labelledby=\"accordion-label-ii-apresenta%c3%a7%c3%a3o-din%c3%a2mica-das-plantas-e-proje%c3%a7%c3%b5es-de-ocupa%c3%a7%c3%a3o-dos-espa%c3%a7os\"\n\t\t\t\tid=\"accordion-content-ii-apresenta%c3%a7%c3%a3o-din%c3%a2mica-das-plantas-e-proje%c3%a7%c3%b5es-de-ocupa%c3%a7%c3%a3o-dos-espa%c3%a7os\"\n\t\t\t\tstyle=\"display: none;\"\t\t\t>\n\t\t\t\t<div class=\"sow-accordion-panel-border\" tabindex=\"0\">\n\t\t\t\t\t<iframe \"align = center\" src=\"https:\/\/drive.google.com\/file\/d\/1vf3ScCXCqKJNiKpJzYtlVsMBlo-bM_kU\/preview\" width=\"640\" height=\"480\" allow=\"autoplay\"><\/iframe>\t\t\t\t<\/div>\n\t\t\t<\/div>\n\t\t<\/div>\n\t\t<\/div>\n<\/div>\n<\/div><\/div><\/div><\/div><\/div>","protected":false},"excerpt":{"rendered":"<p>Em seu primeiro ano de funcionamento (iniciou suas atividades em agosto de 2021), o Programa de P\u00f3s-Gradua\u00e7\u00e3o em Direito ocupa, provisoriamente, instala\u00e7\u00f5es do Setor de Ci\u00eancias Jur\u00eddicas junto ao campus da Universidade localizado no centro de Ponta Grossa.Estima-se que, at\u00e9 o final de 2022, o Programa de P\u00f3s-Gradua\u00e7\u00e3o se integre ao futuro CEPPODI (Centro de&nbsp;&hellip;<\/p>\n","protected":false},"author":24,"featured_media":0,"parent":441,"menu_order":0,"comment_status":"closed","ping_status":"closed","template":"","meta":[],"_links":{"self":[{"href":"https:\/\/www2.uepg.br\/direito\/wp-json\/wp\/v2\/pages\/1378"}],"collection":[{"href":"https:\/\/www2.uepg.br\/direito\/wp-json\/wp\/v2\/pages"}],"about":[{"href":"https:\/\/www2.uepg.br\/direito\/wp-json\/wp\/v2\/types\/page"}],"author":[{"embeddable":true,"href":"https:\/\/www2.uepg.br\/direito\/wp-json\/wp\/v2\/users\/24"}],"replies":[{"embeddable":true,"href":"https:\/\/www2.uepg.br\/direito\/wp-json\/wp\/v2\/comments?post=1378"}],"version-history":[{"count":8,"href":"https:\/\/www2.uepg.br\/direito\/wp-json\/wp\/v2\/pages\/1378\/revisions"}],"predecessor-version":[{"id":1412,"href":"https:\/\/www2.uepg.br\/direito\/wp-json\/wp\/v2\/pages\/1378\/revisions\/1412"}],"up":[{"embeddable":true,"href":"https:\/\/www2.uepg.br\/direito\/wp-json\/wp\/v2\/pages\/441"}],"wp:attachment":[{"href":"https:\/\/www2.uepg.br\/direito\/wp-json\/wp\/v2\/media?parent=1378"}],"curies":[{"name":"wp","href":"https:\/\/api.w.org\/{rel}","templated":true}]}}