{"id":1451,"date":"2022-04-09T14:08:56","date_gmt":"2022-04-09T17:08:56","guid":{"rendered":"https:\/\/www2.uepg.br\/direito\/?page_id=1451"},"modified":"2026-02-11T15:45:40","modified_gmt":"2026-02-11T18:45:40","slug":"normas","status":"publish","type":"page","link":"https:\/\/www2.uepg.br\/direito\/mestrado\/normas\/","title":{"rendered":"Normas"},"content":{"rendered":"<div id=\"pl-1451\"  class=\"panel-layout\" ><div id=\"pg-1451-0\"  class=\"panel-grid panel-no-style\" ><div id=\"pgc-1451-0-0\"  class=\"panel-grid-cell\" ><div id=\"panel-1451-0-0-0\" class=\"so-panel widget widget_sow-accordion panel-first-child panel-last-child\" data-index=\"0\" ><div\n\t\t\t\n\t\t\tclass=\"so-widget-sow-accordion so-widget-sow-accordion-default-bb786459c5e7-1451\"\n\t\t\t\n\t\t><div>\n\t<div class=\"sow-accordion\">\n\t\t\t<div class=\"sow-accordion-panel\"\n\t\t\t data-anchor=\"principais-regulamentos\">\n\t\t\t\t<div class=\"sow-accordion-panel-header-container\" role=\"heading\" aria-level=\"2\">\n\t\t\t\t\t<div class=\"sow-accordion-panel-header\" tabindex=\"0\" role=\"button\" id=\"accordion-label-principais-regulamentos\" aria-controls=\"accordion-content-principais-regulamentos\" aria-expanded=\"false\">\n\t\t\t\t\t\t<div class=\"sow-accordion-title sow-accordion-title-icon-left\">\n\t\t\t\t\t\t\t\t\t\t\t\t\t\tPRINCIPAIS REGULAMENTOS\t\t\t\t\t\t\t\t\t\t\t\t\t<\/div>\n\t\t\t\t\t\t<div class=\"sow-accordion-open-close-button\">\n\t\t\t\t\t\t\t<div class=\"sow-accordion-open-button\">\n\t\t\t\t\t\t\t\t<span class=\"sow-icon-ionicons\" data-sow-icon=\"&#xf218;\"\n\t\t \n\t\taria-hidden=\"true\"><\/span>\t\t\t\t\t\t\t<\/div>\n\t\t\t\t\t\t\t<div class=\"sow-accordion-close-button\">\n\t\t\t\t\t\t\t\t<span class=\"sow-icon-ionicons\" data-sow-icon=\"&#xf209;\"\n\t\t \n\t\taria-hidden=\"true\"><\/span>\t\t\t\t\t\t\t<\/div>\n\t\t\t\t\t\t<\/div>\n\t\t\t\t\t<\/div>\n\t\t\t\t<\/div>\n\n\t\t\t<div\n\t\t\t\tclass=\"sow-accordion-panel-content\"\n\t\t\t\trole=\"region\"\n\t\t\t\taria-labelledby=\"accordion-label-principais-regulamentos\"\n\t\t\t\tid=\"accordion-content-principais-regulamentos\"\n\t\t\t\tstyle=\"display: none;\"\t\t\t>\n\t\t\t\t<div class=\"sow-accordion-panel-border\" tabindex=\"0\">\n\t\t\t\t\t<p align=\"justify\"><a href=\"http:\/\/www2.uepg.br\/direito\/wp-content\/uploads\/sites\/76\/2022\/07\/Regulamento-do-Programa-de-Mestrado-Profissional-em-Direito-incorpora-alteracoes-da-Resolucao-CEPE-n.-2022.13.pdf\" target=\"_blank\" rel=\"noopener\">Atual Regulamento do Programa de Mestrado em Direito - UEPG - Incorpora altera\u00e7\u00f5es promovidas com a Resolu\u00e7\u00e3o CEPE n. 2022.13<\/a><\/p>\n<p><span style=\"color: #0000ff\"><a href=\"https:\/\/sistemas.uepg.br\/producao\/reitoria\/consulta_legislacao_normas\/telas\/consulta_atos.php?id_grupo=1&amp;id_origem_documento=23&amp;ano=2016\" target=\"_blank\" rel=\"noopener\">Resolu\u00e7\u00e3o 020-2016 CEPE-UEPG Regulamento Geral dos PPG Stricto Sensu da UEPG<\/a><\/span><\/p>\n<p align=\"justify\"><span style=\"color: #0000ff\"><a href=\"https:\/\/sistemas.uepg.br\/producao\/reitoria\/consulta_legislacao_normas\/telas\/consulta_atos.php?id_grupo=1&amp;id_origem_documento=23&amp;ano=2016\" target=\"_blank\" rel=\"noopener\">Resolu\u00e7\u00e3o 021-2016 CEPE-UEPG Regulamento do Est\u00e1gio de Doc\u00eancia de Discentes nos PPGs stricto sensu da UEPG<\/a><\/span><\/p>\n<p align=\"justify\"><span style=\"color: #0000ff\"><a href=\"https:\/\/sistemas.uepg.br\/producao\/reitoria\/consulta_legislacao_normas\/telas\/consulta_atos.php?id_grupo=1&amp;id_origem_documento=23&amp;ano=2016\" target=\"_blank\" rel=\"noopener\">Resolu\u00e7\u00e3o 030-2016 CEPE-UEPG Regulamento de Orienta\u00e7\u00e3o de Disserta\u00e7\u00e3o de Mestrado (ODM) e de Orienta\u00e7\u00e3o de Tese de Doutorado (OTD) nos PPGs stricto sensu da UEPG<\/a><\/span><\/p>\n<p align=\"justify\"><a href=\"http:\/\/www2.uepg.br\/direito\/wp-content\/uploads\/sites\/76\/2025\/05\/2018-08-21_Resolucao-CEPE-043-RED.pdf\">Resolu\u00e7\u00e3o 043-2018 CEPE-UEPG - Regulamento do Regime de Exerc\u00edcios Domiciliares para os discentes dos Cursos e Programas de P\u00f3s-Gradua\u00e7\u00e3o, da UEPG.<\/a><\/p>\n<p align=\"justify\">\n\t\t\t\t<\/div>\n\t\t\t<\/div>\n\t\t<\/div>\n\t\t\t<div class=\"sow-accordion-panel\"\n\t\t\t data-anchor=\"instru%c3%a7%c3%b5es-normativas\">\n\t\t\t\t<div class=\"sow-accordion-panel-header-container\" role=\"heading\" aria-level=\"2\">\n\t\t\t\t\t<div class=\"sow-accordion-panel-header\" tabindex=\"0\" role=\"button\" id=\"accordion-label-instru%c3%a7%c3%b5es-normativas\" aria-controls=\"accordion-content-instru%c3%a7%c3%b5es-normativas\" aria-expanded=\"false\">\n\t\t\t\t\t\t<div class=\"sow-accordion-title sow-accordion-title-icon-left\">\n\t\t\t\t\t\t\t\t\t\t\t\t\t\tINSTRU\u00c7\u00d5ES NORMATIVAS\t\t\t\t\t\t\t\t\t\t\t\t\t<\/div>\n\t\t\t\t\t\t<div class=\"sow-accordion-open-close-button\">\n\t\t\t\t\t\t\t<div class=\"sow-accordion-open-button\">\n\t\t\t\t\t\t\t\t<span class=\"sow-icon-ionicons\" data-sow-icon=\"&#xf218;\"\n\t\t \n\t\taria-hidden=\"true\"><\/span>\t\t\t\t\t\t\t<\/div>\n\t\t\t\t\t\t\t<div class=\"sow-accordion-close-button\">\n\t\t\t\t\t\t\t\t<span class=\"sow-icon-ionicons\" data-sow-icon=\"&#xf209;\"\n\t\t \n\t\taria-hidden=\"true\"><\/span>\t\t\t\t\t\t\t<\/div>\n\t\t\t\t\t\t<\/div>\n\t\t\t\t\t<\/div>\n\t\t\t\t<\/div>\n\n\t\t\t<div\n\t\t\t\tclass=\"sow-accordion-panel-content\"\n\t\t\t\trole=\"region\"\n\t\t\t\taria-labelledby=\"accordion-label-instru%c3%a7%c3%b5es-normativas\"\n\t\t\t\tid=\"accordion-content-instru%c3%a7%c3%b5es-normativas\"\n\t\t\t\tstyle=\"display: none;\"\t\t\t>\n\t\t\t\t<div class=\"sow-accordion-panel-border\" tabindex=\"0\">\n\t\t\t\t\t<p align=\"justify\"><a href=\"http:\/\/www2.uepg.br\/direito\/wp-content\/uploads\/sites\/76\/2026\/02\/ORDEM-DE-SERVICO-MSPROF-DIR-No-1-2026-2.pdf\">Instru\u00e7\u00e3o Normativa n. 13 - 2026 -\u00a0<\/a> - Regulamenta \u00a0o procedimento de assinatura de documentos relativos a Declara\u00e7\u00f5es, Atividades Complementares (Est\u00e1gios de Doc\u00eancia e Estagio de Imers\u00e3o), Documentos para entidades externas \u00e1 UEPG, especialmente aqueles relacionados a Projetos que envolvem Pesquisa em Seres Humanos.<\/p>\n<p align=\"justify\"><a href=\"http:\/\/www2.uepg.br\/direito\/wp-content\/uploads\/sites\/76\/2025\/08\/IN-Normativa-12-2025-Vagas-de-Fomento-1.pdf\">Instru\u00e7\u00e3o Normativa n.12 2025\u00a0 <\/a>- Regulamenta as vagas de fomento profissional com institui\u00e7\u00f5es parceiras para processos seletivos.<\/p>\n<p align=\"justify\"><a href=\"http:\/\/www2.uepg.br\/direito\/wp-content\/uploads\/sites\/76\/2025\/08\/Proposta-Ordem-de-Sevic\u0327o-Laborato\u0301rio-1.pdf\">Instru\u00e7\u00e3o Normativa n. 11.2025 -<\/a>\u00a0- Regulamenta uso do Laborat\u00f3rio Multiusu\u00e1rio do ceppodi -\u00a0LegalTechLab<\/p>\n<p align=\"justify\"><a href=\"http:\/\/www2.uepg.br\/direito\/wp-content\/uploads\/sites\/76\/2025\/06\/Instrucao-Normativa-n\u00b0-10-suficiencia-em-linguas.pdf\">Instru\u00e7\u00e3o Normativa n. 10-2025 <\/a>-Regulamenta a comprova\u00e7\u00e3o de sufici\u00eancia em l\u00ednguas<\/p>\n<p align=\"justify\"><a href=\"http:\/\/www2.uepg.br\/direito\/wp-content\/uploads\/sites\/76\/2025\/04\/INSTRUCAO-NORMATIVA-09.2025.pdf\">Instru\u00e7\u00e3o Normativa n. 09.2025<\/a> - Regulamenta a possibilidade de apresentar disserta\u00e7\u00f5es e trabalho final\u00a0 no formato alternativo (modelo escandinavo)<\/p>\n<p align=\"justify\"><a href=\"http:\/\/www2.uepg.br\/direito\/wp-content\/uploads\/sites\/76\/2024\/10\/Instrucao-Normativa-n.-8-2024-sobre-aproveitamento-de-disciplinas-01-10-2024.pdf\">Instru\u00e7\u00e3o Normativa n. 8-2024<\/a>\u00a0- Disp\u00f5e sobre os requisitos, condi\u00e7\u00f5es e limites para o aproveitamento de disciplinas na integraliza\u00e7\u00e3o da grade curricular do curso de Mestrado em Direito.<\/p>\n<p align=\"justify\"><a href=\"http:\/\/www2.uepg.br\/direito\/wp-content\/uploads\/sites\/76\/2024\/08\/Instrucao-Normativa-n.-7-2024-acrescenta-o-artigo-12-a-Instrucao-Normativa-n.-05-2024-15-08-2024.pdf\">Instru\u00e7\u00e3o Normativa n. 7-2024<\/a>\u00a0- Acrescenta o artigo 12 \u00e0 Instru\u00e7\u00e3o Normativa n. 5\/2024.<\/p>\n<p align=\"justify\"><a href=\"http:\/\/www2.uepg.br\/direito\/wp-content\/uploads\/sites\/76\/2024\/07\/Instrucao_Normativa_n._6_2024__sobre_contagem_de_prazos_para_conclusao_do_Mestrado___24_06_2024.pdf\">Instru\u00e7\u00e3o Normativa n. 6\/2024<\/a> - Revoga a Instru\u00e7\u00e3o Normativa n. 3\/2024 e estabelece regra para contagem de prazo de finaliza\u00e7\u00e3o do Mestrado, para alunos com ingresso a partir de 2024.<\/p>\n<p align=\"justify\"><a href=\"http:\/\/www2.uepg.br\/direito\/wp-content\/uploads\/sites\/76\/2025\/08\/Instrucao-Normativa-n-5-2024-Atividades-complementares-24-06-2024-atualizada-pela-IN-07-2024ATUALIZADA.pdf\">Instrucao-Normativa-n-5-2024-Atividades-complementares-ATUALIZADA-<\/a>Regulamenta as atividades complementares exig\u00edveis dos mestrandos para a integraliza\u00e7\u00e3o dos cr\u00e9ditos.<\/p>\n<p align=\"justify\"><a href=\"http:\/\/www2.uepg.br\/direito\/wp-content\/uploads\/sites\/76\/2024\/04\/INF0551-1.pdf\">Instru\u00e7\u00e3o Normativa n. 4\/2024<\/a>-\u00a0 Estabelece disposi\u00e7\u00f5es especiais e transit\u00f3rias, para a integraliza\u00e7\u00e3o de cr\u00e9ditos em atividades complementares, para alunos da 2\u00aa Turma do Mestrado (2022)<\/p>\n<p align=\"justify\"><a href=\"http:\/\/www2.uepg.br\/direito\/wp-content\/uploads\/sites\/76\/2024\/02\/Instrucao-Normativa-n-03-2024-31-01-2024-contagem-de-prazo-para-finalizacao-do-curso-arq.ass_..pdf\">Instru\u00e7\u00e3o Normativa n. 3\/2024<\/a> (<strong>revogada pela Instru\u00e7\u00e3o Normativa n. 06\/2024<\/strong>) - Estabelece regra de contagem de prazo para finaliza\u00e7\u00e3o do curso de Mestrado.<\/p>\n<p align=\"justify\"><a href=\"http:\/\/www2.uepg.br\/direito\/wp-content\/uploads\/sites\/76\/2022\/11\/Instrucao-Normativa-n.-02-2022-08-11-20222.docx-final.pdf\" target=\"_blank\" rel=\"noopener\">Instru\u00e7\u00e3o Normativa n. 2\/2022<\/a>\u00a0- Estabelece disposi\u00e7\u00f5es especiais e transit\u00f3rias, para a integraliza\u00e7\u00e3o de cr\u00e9ditos em atividades complementares, e modifica dispositivos da Instru\u00e7\u00e3o Normativa n. 1\/2022.<\/p>\n<p align=\"justify\"><a href=\"http:\/\/www2.uepg.br\/direito\/wp-content\/uploads\/sites\/76\/2022\/11\/Instrucao-Normativa-n.-01-2022-com-alteracoes-da-Instrucao-Normtiva-n.-02-2022-final-1.pdf\" target=\"_blank\" rel=\"noopener\">Instru\u00e7\u00e3o Normativa n. 1\/2022<\/a> (<strong>revogada pela Instru\u00e7\u00e3o Normativa n. 5\/2024<\/strong>) - Regulamenta as atividades complementares exig\u00edveis dos mestrandos para a integraliza\u00e7\u00e3o dos cr\u00e9ditos.<\/p>\n\t\t\t\t<\/div>\n\t\t\t<\/div>\n\t\t<\/div>\n\t\t\t<div class=\"sow-accordion-panel\"\n\t\t\t data-anchor=\"outros-documentos-de-institui%c3%a7%c3%a3o-do-programa\">\n\t\t\t\t<div class=\"sow-accordion-panel-header-container\" role=\"heading\" aria-level=\"2\">\n\t\t\t\t\t<div class=\"sow-accordion-panel-header\" tabindex=\"0\" role=\"button\" id=\"accordion-label-outros-documentos-de-institui%c3%a7%c3%a3o-do-programa\" aria-controls=\"accordion-content-outros-documentos-de-institui%c3%a7%c3%a3o-do-programa\" aria-expanded=\"false\">\n\t\t\t\t\t\t<div class=\"sow-accordion-title sow-accordion-title-icon-left\">\n\t\t\t\t\t\t\t\t\t\t\t\t\t\tOUTROS DOCUMENTOS DE INSTITUI\u00c7\u00c3O DO PROGRAMA\t\t\t\t\t\t\t\t\t\t\t\t\t<\/div>\n\t\t\t\t\t\t<div class=\"sow-accordion-open-close-button\">\n\t\t\t\t\t\t\t<div class=\"sow-accordion-open-button\">\n\t\t\t\t\t\t\t\t<span class=\"sow-icon-ionicons\" data-sow-icon=\"&#xf218;\"\n\t\t \n\t\taria-hidden=\"true\"><\/span>\t\t\t\t\t\t\t<\/div>\n\t\t\t\t\t\t\t<div class=\"sow-accordion-close-button\">\n\t\t\t\t\t\t\t\t<span class=\"sow-icon-ionicons\" data-sow-icon=\"&#xf209;\"\n\t\t \n\t\taria-hidden=\"true\"><\/span>\t\t\t\t\t\t\t<\/div>\n\t\t\t\t\t\t<\/div>\n\t\t\t\t\t<\/div>\n\t\t\t\t<\/div>\n\n\t\t\t<div\n\t\t\t\tclass=\"sow-accordion-panel-content\"\n\t\t\t\trole=\"region\"\n\t\t\t\taria-labelledby=\"accordion-label-outros-documentos-de-institui%c3%a7%c3%a3o-do-programa\"\n\t\t\t\tid=\"accordion-content-outros-documentos-de-institui%c3%a7%c3%a3o-do-programa\"\n\t\t\t\tstyle=\"display: none;\"\t\t\t>\n\t\t\t\t<div class=\"sow-accordion-panel-border\" tabindex=\"0\">\n\t\t\t\t\t<p><span style=\"color: #0000ff\"><a href=\"http:\/\/www2.uepg.br\/direito\/wp-content\/uploads\/sites\/76\/2021\/02\/02-Parecer-350-2020-CNE-CES-reconhecimento-PPG-Direito-Mestrado-Profissional-UEPG.pdf\" target=\"_blank\" rel=\"noopener\"><span style=\"color: #228ae6\"><span style=\"font-family: Roboto, serif\">Parecer 350-2020 CNE-CES - Reconhecimento do PPG em Direito \u2013 Mestrado Profissional UEPG<\/span><\/span><\/a><\/span><\/p>\n<p><span style=\"color: #0000ff\"><a href=\"http:\/\/www2.uepg.br\/direito\/wp-content\/uploads\/sites\/76\/2021\/02\/03-Portaria-576-2020-MEC-reconhecimento-PPG-Direito-Mestrado-Profissional-UEPG.pdf\" target=\"_blank\" rel=\"noopener\"><span style=\"color: #50a2eb\"><span style=\"font-family: Roboto, serif\">Portaria 576-2020 MEC - Reconhecimento do PPG em Direito \u2013 Mestrado Profissional UEPG<\/span><\/span><\/a><\/span><\/p>\n<p><span style=\"color: #0000ff\"><a href=\"https:\/\/www2.uepg.br\/direito\/wp-content\/uploads\/sites\/76\/2021\/02\/05-Portaria-R.-2020.548-UEPG-aprovacao-criacao-Curso-de-Mestrado-Profissional-em-Direito-UEPG.pdf\" target=\"_blank\" rel=\"noopener\"><span style=\"font-family: Roboto, serif\">Portaria R. 2020.548 UEPG - Aprova a cria\u00e7\u00e3o Curso de Mestrado Profissional em Direito UEPG<\/span><\/a><\/span><\/p>\n<p><span style=\"color: #0000ff\"><a href=\"http:\/\/www2.uepg.br\/direito\/wp-content\/uploads\/sites\/76\/2021\/02\/06-Portaria-R.-2020.549-UEPG-aprovacao-Regulamento-Programa-de-Mestrado-Profissional-em-Direito-UEPG.pdf\" target=\"_blank\" rel=\"noopener\"><span style=\"color: #228ae6\"><span style=\"font-family: Roboto, serif\">Portaria R. 2020.549 UEPG \u2013 Aprova o Regulamento do Programa de Mestrado Profissional em Direito UEPG<\/span><\/span><\/a><\/span><\/p>\n<p><span style=\"color: #0000ff\"><a href=\"http:\/\/www2.uepg.br\/direito\/wp-content\/uploads\/sites\/76\/2021\/02\/09-Resolucao-UNIV-2020-13-homologa-criacao-e-regulamento-do-curso-de-Mestrado-Profissional-em-Direito-UEPG.pdf\" target=\"_blank\" rel=\"noopener\"><span style=\"color: #228ae6\"><span style=\"font-family: Roboto, serif\">Resolu\u00e7\u00e3o UNIV 2020-13 - Homologa cria\u00e7\u00e3o e regulamento do curso de Mestrado Profissional em Direito UEPG<\/span><\/span><\/a><\/span><\/p>\n<p><span style=\"color: #0000ff\"><a href=\"http:\/\/www2.uepg.br\/direito\/wp-content\/uploads\/sites\/76\/2021\/02\/08-Portaria-R.-2020.607-UEPG-designacao-Coordenacao-e-Vice-Coordenacao-Mestrado-Profissional-em-Direito-UEPG.pdf\" target=\"_blank\" rel=\"noopener\"><span style=\"color: #228ae6\"><span style=\"font-family: Roboto, serif\">Portaria R. 2020.607 UEPG \u2013 Designa Coordenador e Vice-Coordenadora do Mestrado Profissional em Direito UEPG<\/span><\/span><\/a><\/span><\/p>\n<p>&nbsp;<\/p>\n\t\t\t\t<\/div>\n\t\t\t<\/div>\n\t\t<\/div>\n\t\t\t<div class=\"sow-accordion-panel\"\n\t\t\t data-anchor=\"normaliza%c3%a7%c3%a3o-de-trabalhos-cient%c3%adficos\">\n\t\t\t\t<div class=\"sow-accordion-panel-header-container\" role=\"heading\" aria-level=\"2\">\n\t\t\t\t\t<div class=\"sow-accordion-panel-header\" tabindex=\"0\" role=\"button\" id=\"accordion-label-normaliza%c3%a7%c3%a3o-de-trabalhos-cient%c3%adficos\" aria-controls=\"accordion-content-normaliza%c3%a7%c3%a3o-de-trabalhos-cient%c3%adficos\" aria-expanded=\"false\">\n\t\t\t\t\t\t<div class=\"sow-accordion-title sow-accordion-title-icon-left\">\n\t\t\t\t\t\t\t\t\t\t\t\t\t\tNORMALIZA\u00c7\u00c3O DE TRABALHOS CIENT\u00cdFICOS\t\t\t\t\t\t\t\t\t\t\t\t\t<\/div>\n\t\t\t\t\t\t<div class=\"sow-accordion-open-close-button\">\n\t\t\t\t\t\t\t<div class=\"sow-accordion-open-button\">\n\t\t\t\t\t\t\t\t<span class=\"sow-icon-ionicons\" data-sow-icon=\"&#xf218;\"\n\t\t \n\t\taria-hidden=\"true\"><\/span>\t\t\t\t\t\t\t<\/div>\n\t\t\t\t\t\t\t<div class=\"sow-accordion-close-button\">\n\t\t\t\t\t\t\t\t<span class=\"sow-icon-ionicons\" data-sow-icon=\"&#xf209;\"\n\t\t \n\t\taria-hidden=\"true\"><\/span>\t\t\t\t\t\t\t<\/div>\n\t\t\t\t\t\t<\/div>\n\t\t\t\t\t<\/div>\n\t\t\t\t<\/div>\n\n\t\t\t<div\n\t\t\t\tclass=\"sow-accordion-panel-content\"\n\t\t\t\trole=\"region\"\n\t\t\t\taria-labelledby=\"accordion-label-normaliza%c3%a7%c3%a3o-de-trabalhos-cient%c3%adficos\"\n\t\t\t\tid=\"accordion-content-normaliza%c3%a7%c3%a3o-de-trabalhos-cient%c3%adficos\"\n\t\t\t\tstyle=\"display: none;\"\t\t\t>\n\t\t\t\t<div class=\"sow-accordion-panel-border\" tabindex=\"0\">\n\t\t\t\t\t<p><a href=\"http:\/\/www2.uepg.br\/direito\/wp-content\/uploads\/sites\/76\/2020\/11\/LIVRO_ManualdeNormalizacao-4-ed.pdf\" target=\"_blank\" rel=\"noopener noreferrer\">Clique aqui para visualizar o Manual de Normaliza\u00e7\u00e3o<\/a><\/p>\n<p><a href=\"https:\/\/www2.uepg.br\/bicen\/normalizacao-de-trabalhos-cientificos\/\" target=\"_blank\" rel=\"noopener noreferrer\">Clique aqui para ajuda na normaliza\u00e7\u00e3o de trabalhos cient\u00edficos<\/a><\/p>\n<p>&nbsp;<\/p>\n\t\t\t\t<\/div>\n\t\t\t<\/div>\n\t\t<\/div>\n\t\t<\/div>\n<\/div>\n<\/div><\/div><\/div><\/div><\/div>","protected":false},"excerpt":{"rendered":"<p>PRINCIPAIS REGULAMENTOS Atual Regulamento do Programa de Mestrado em Direito &#8211; UEPG &#8211; Incorpora altera\u00e7\u00f5es promovidas com a Resolu\u00e7\u00e3o CEPE n. 2022.13 Resolu\u00e7\u00e3o 020-2016 CEPE-UEPG Regulamento Geral dos PPG Stricto Sensu da UEPG Resolu\u00e7\u00e3o 021-2016 CEPE-UEPG Regulamento do Est\u00e1gio de Doc\u00eancia de Discentes nos PPGs stricto sensu da UEPG Resolu\u00e7\u00e3o 030-2016 CEPE-UEPG Regulamento de Orienta\u00e7\u00e3o&nbsp;&hellip;<\/p>\n","protected":false},"author":24,"featured_media":0,"parent":441,"menu_order":0,"comment_status":"closed","ping_status":"closed","template":"","meta":[],"_links":{"self":[{"href":"https:\/\/www2.uepg.br\/direito\/wp-json\/wp\/v2\/pages\/1451"}],"collection":[{"href":"https:\/\/www2.uepg.br\/direito\/wp-json\/wp\/v2\/pages"}],"about":[{"href":"https:\/\/www2.uepg.br\/direito\/wp-json\/wp\/v2\/types\/page"}],"author":[{"embeddable":true,"href":"https:\/\/www2.uepg.br\/direito\/wp-json\/wp\/v2\/users\/24"}],"replies":[{"embeddable":true,"href":"https:\/\/www2.uepg.br\/direito\/wp-json\/wp\/v2\/comments?post=1451"}],"version-history":[{"count":43,"href":"https:\/\/www2.uepg.br\/direito\/wp-json\/wp\/v2\/pages\/1451\/revisions"}],"predecessor-version":[{"id":3923,"href":"https:\/\/www2.uepg.br\/direito\/wp-json\/wp\/v2\/pages\/1451\/revisions\/3923"}],"up":[{"embeddable":true,"href":"https:\/\/www2.uepg.br\/direito\/wp-json\/wp\/v2\/pages\/441"}],"wp:attachment":[{"href":"https:\/\/www2.uepg.br\/direito\/wp-json\/wp\/v2\/media?parent=1451"}],"curies":[{"name":"wp","href":"https:\/\/api.w.org\/{rel}","templated":true}]}}