{"id":1589,"date":"2022-07-19T15:54:32","date_gmt":"2022-07-19T18:54:32","guid":{"rendered":"https:\/\/www2.uepg.br\/direito\/?page_id=1589"},"modified":"2022-07-19T16:00:09","modified_gmt":"2022-07-19T19:00:09","slug":"fichas-de-tramites","status":"publish","type":"page","link":"https:\/\/www2.uepg.br\/direito\/setor-de-ciencias-juridicas\/fichas-de-tramites\/","title":{"rendered":"Fichas de Tr\u00e2mites"},"content":{"rendered":"<p style=\"text-align: center;\"><a href=\"http:\/\/www2.uepg.br\/direito\/wp-content\/uploads\/sites\/76\/2022\/07\/SLIDE_ficha_de_tramitacao_rev-09-05-2022.pdf\" target=\"_blank\" rel=\"noopener\">O que \u00e9 Ficha de Tramita\u00e7\u00e3o?<\/a><\/p>\n<p style=\"text-align: center;\"><a href=\"http:\/\/www2.uepg.br\/direito\/wp-content\/uploads\/sites\/76\/2022\/07\/Reitoria_PDF.pdf\" target=\"_blank\" rel=\"noopener\">Ficha de Tramita\u00e7\u00e3o &#8211; Reitoria<\/a><\/p>\n<p style=\"text-align: center;\"><a href=\"http:\/\/www2.uepg.br\/direito\/wp-content\/uploads\/sites\/76\/2022\/07\/PRAE_PDF.pdf\" target=\"_blank\" rel=\"noopener\">Ficha de Tramita\u00e7\u00e3o &#8211; PRAE<\/a><\/p>\n<p style=\"text-align: center;\"><a href=\"http:\/\/www2.uepg.br\/direito\/wp-content\/uploads\/sites\/76\/2022\/07\/PROAD_pdf.pdf\" target=\"_blank\" rel=\"noopener\">Ficha de Tramita\u00e7\u00e3o &#8211; PROAD<\/a><\/p>\n<p style=\"text-align: center;\"><a href=\"http:\/\/www2.uepg.br\/direito\/wp-content\/uploads\/sites\/76\/2022\/07\/PROGRAD_PDF.pdf\" target=\"_blank\" rel=\"noopener\">Ficha de Tramita\u00e7\u00e3o &#8211; PROGRAD<\/a><\/p>\n<p style=\"text-align: center;\"><a href=\"http:\/\/www2.uepg.br\/direito\/wp-content\/uploads\/sites\/76\/2022\/07\/PROPESP_PDF.pdf\" target=\"_blank\" rel=\"noopener\">Ficha de Tramita\u00e7\u00e3o &#8211; PROPESP<\/a><\/p>\n<p style=\"text-align: center;\"><a href=\"http:\/\/www2.uepg.br\/direito\/wp-content\/uploads\/sites\/76\/2022\/07\/PROPLAN_PDF.pdf\" target=\"_blank\" rel=\"noopener\">Ficha de Tramita\u00e7\u00e3o &#8211; PROPLAN<\/a><\/p>\n<p style=\"text-align: center;\"><a href=\"http:\/\/www2.uepg.br\/direito\/wp-content\/uploads\/sites\/76\/2022\/07\/PRORH_PDF_completo.pdf\" target=\"_blank\" rel=\"noopener\">Ficha de Tramita\u00e7\u00e3o &#8211; PRORH<\/a><\/p>\n<p style=\"text-align: center;\"><a href=\"http:\/\/www2.uepg.br\/direito\/wp-content\/uploads\/sites\/76\/2022\/07\/Outros_orgaos__PDF.pdf\" target=\"_blank\" rel=\"noopener\">Ficha de Tramita\u00e7\u00e3o &#8211; Outros Org\u00e3os<\/a><\/p>\n<p style=\"text-align: center;\">\n<p style=\"text-align: center;\">\n<p style=\"text-align: center;\">\n","protected":false},"excerpt":{"rendered":"<p>O que \u00e9 Ficha de Tramita\u00e7\u00e3o? Ficha de Tramita\u00e7\u00e3o &#8211; Reitoria Ficha de Tramita\u00e7\u00e3o &#8211; PRAE Ficha de Tramita\u00e7\u00e3o &#8211; PROAD Ficha de Tramita\u00e7\u00e3o &#8211; PROGRAD Ficha de Tramita\u00e7\u00e3o &#8211; PROPESP Ficha de Tramita\u00e7\u00e3o &#8211; PROPLAN Ficha de Tramita\u00e7\u00e3o &#8211; PRORH Ficha de Tramita\u00e7\u00e3o &#8211; Outros Org\u00e3os<\/p>\n","protected":false},"author":24,"featured_media":0,"parent":674,"menu_order":0,"comment_status":"closed","ping_status":"closed","template":"","meta":[],"_links":{"self":[{"href":"https:\/\/www2.uepg.br\/direito\/wp-json\/wp\/v2\/pages\/1589"}],"collection":[{"href":"https:\/\/www2.uepg.br\/direito\/wp-json\/wp\/v2\/pages"}],"about":[{"href":"https:\/\/www2.uepg.br\/direito\/wp-json\/wp\/v2\/types\/page"}],"author":[{"embeddable":true,"href":"https:\/\/www2.uepg.br\/direito\/wp-json\/wp\/v2\/users\/24"}],"replies":[{"embeddable":true,"href":"https:\/\/www2.uepg.br\/direito\/wp-json\/wp\/v2\/comments?post=1589"}],"version-history":[{"count":3,"href":"https:\/\/www2.uepg.br\/direito\/wp-json\/wp\/v2\/pages\/1589\/revisions"}],"predecessor-version":[{"id":1601,"href":"https:\/\/www2.uepg.br\/direito\/wp-json\/wp\/v2\/pages\/1589\/revisions\/1601"}],"up":[{"embeddable":true,"href":"https:\/\/www2.uepg.br\/direito\/wp-json\/wp\/v2\/pages\/674"}],"wp:attachment":[{"href":"https:\/\/www2.uepg.br\/direito\/wp-json\/wp\/v2\/media?parent=1589"}],"curies":[{"name":"wp","href":"https:\/\/api.w.org\/{rel}","templated":true}]}}