{"id":1602,"date":"2022-07-19T16:14:32","date_gmt":"2022-07-19T19:14:32","guid":{"rendered":"https:\/\/www2.uepg.br\/direito\/?page_id=1602"},"modified":"2024-05-10T10:49:01","modified_gmt":"2024-05-10T13:49:01","slug":"relatorio-anual-secijur","status":"publish","type":"page","link":"https:\/\/www2.uepg.br\/direito\/relatorio-anual-secijur\/","title":{"rendered":"Relat\u00f3rio Anual &#8211; SECIJUR"},"content":{"rendered":"<p>&nbsp;<\/p>\n<p>&nbsp;<\/p>\n<p style=\"text-align: center\"><a href=\"http:\/\/www2.uepg.br\/direito\/wp-content\/uploads\/sites\/76\/2024\/05\/Relatorio-Secijur-2023-1.pdf\">Relat\u00f3rio Anual 2023 &#8211; SECIJUR<\/a><\/p>\n<p style=\"text-align: center\"><a href=\"http:\/\/www2.uepg.br\/direito\/wp-content\/uploads\/sites\/76\/2023\/06\/Relatorio_Anual-SECIJUR-2022.pdf\" target=\"_blank\" rel=\"noopener\">Relat\u00f3rio Anual 2022 &#8211; SECIJUR<\/a><\/p>\n<p style=\"text-align: center\"><a href=\"http:\/\/www2.uepg.br\/direito\/wp-content\/uploads\/sites\/76\/2023\/06\/Relatorio_Anual__Secijur_2021.pdf\" target=\"_blank\" rel=\"noopener\">Relat\u00f3rio Anual 2021 &#8211; SECIJUR<\/a><\/p>\n<p style=\"text-align: center\"><a href=\"http:\/\/www2.uepg.br\/direito\/wp-content\/uploads\/sites\/76\/2022\/07\/Relatorio-Anual-2021-SECIJUR_compressed-1.pdf\" target=\"_blank\" rel=\"noopener\">Relat\u00f3rio Anual 2020 &#8211; SECIJUR<\/a><\/p>\n<p>&nbsp;<\/p>\n<p>&nbsp;<\/p>\n","protected":false},"excerpt":{"rendered":"<p>&nbsp; &nbsp; Relat\u00f3rio Anual 2023 &#8211; SECIJUR Relat\u00f3rio Anual 2022 &#8211; SECIJUR Relat\u00f3rio Anual 2021 &#8211; SECIJUR Relat\u00f3rio Anual 2020 &#8211; SECIJUR &nbsp; &nbsp;<\/p>\n","protected":false},"author":24,"featured_media":0,"parent":0,"menu_order":0,"comment_status":"closed","ping_status":"closed","template":"","meta":[],"_links":{"self":[{"href":"https:\/\/www2.uepg.br\/direito\/wp-json\/wp\/v2\/pages\/1602"}],"collection":[{"href":"https:\/\/www2.uepg.br\/direito\/wp-json\/wp\/v2\/pages"}],"about":[{"href":"https:\/\/www2.uepg.br\/direito\/wp-json\/wp\/v2\/types\/page"}],"author":[{"embeddable":true,"href":"https:\/\/www2.uepg.br\/direito\/wp-json\/wp\/v2\/users\/24"}],"replies":[{"embeddable":true,"href":"https:\/\/www2.uepg.br\/direito\/wp-json\/wp\/v2\/comments?post=1602"}],"version-history":[{"count":10,"href":"https:\/\/www2.uepg.br\/direito\/wp-json\/wp\/v2\/pages\/1602\/revisions"}],"predecessor-version":[{"id":2743,"href":"https:\/\/www2.uepg.br\/direito\/wp-json\/wp\/v2\/pages\/1602\/revisions\/2743"}],"wp:attachment":[{"href":"https:\/\/www2.uepg.br\/direito\/wp-json\/wp\/v2\/media?parent=1602"}],"curies":[{"name":"wp","href":"https:\/\/api.w.org\/{rel}","templated":true}]}}