{"id":278,"date":"2020-03-05T15:38:10","date_gmt":"2020-03-05T18:38:10","guid":{"rendered":"http:\/\/www2.uepg.br\/testes\/?page_id=278"},"modified":"2020-11-06T10:18:51","modified_gmt":"2020-11-06T13:18:51","slug":"bacharelado-em-direito-estrutura","status":"publish","type":"page","link":"https:\/\/www2.uepg.br\/direito\/bacharelado-em-direito-estrutura\/","title":{"rendered":"Bacharelado em Direito &#8211; Estrutura"},"content":{"rendered":"<p>&nbsp;<\/p>\n<p><img loading=\"lazy\" class=\" wp-image-399 aligncenter\" src=\"http:\/\/www2.uepg.br\/bacharelado-direito\/wp-content\/uploads\/sites\/76\/2020\/07\/uepg-300x156.jpg\" alt=\"\" width=\"335\" height=\"174\" srcset=\"https:\/\/www2.uepg.br\/direito\/wp-content\/uploads\/sites\/76\/2020\/07\/uepg-300x156.jpg 300w, https:\/\/www2.uepg.br\/direito\/wp-content\/uploads\/sites\/76\/2020\/07\/uepg-1024x532.jpg 1024w, https:\/\/www2.uepg.br\/direito\/wp-content\/uploads\/sites\/76\/2020\/07\/uepg-768x399.jpg 768w, https:\/\/www2.uepg.br\/direito\/wp-content\/uploads\/sites\/76\/2020\/07\/uepg.jpg 1187w\" sizes=\"(max-width: 335px) 100vw, 335px\" \/><\/p>\n<p style=\"text-align: center;\">O Curso de Direito da Universidade Estadual de Ponta Grossa conta com estrutura multidisciplinar distribu\u00edda no pr\u00e9dio do campus central, localizado na Pra\u00e7a Santos Andrade.<\/p>\n<p style=\"text-align: center;\"><a href=\"https:\/\/www.google.com\/maps\/dir\/-25.0814761,-50.1806781\/uepg+campus+central\/@-25.0852267,-50.1802896,15z\/data=!3m1!4b1!4m9!4m8!1m1!4e1!1m5!1m1!1s0x94e81a3dcec54d75:0x22a2861b6a8e32fe!2m2!1d-50.1612625!2d-25.0863494\" target=\"_blank\" rel=\"noopener noreferrer\">Clique aqui para ver a localiza\u00e7\u00e3o<\/a><\/p>\n<p>&nbsp;<\/p>\n<p><img loading=\"lazy\" class=\"alignnone size-medium wp-image-398 aligncenter\" src=\"http:\/\/www2.uepg.br\/bacharelado-direito\/wp-content\/uploads\/sites\/76\/2020\/07\/npj-300x251.jpg\" alt=\"\" width=\"300\" height=\"251\" srcset=\"https:\/\/www2.uepg.br\/direito\/wp-content\/uploads\/sites\/76\/2020\/07\/npj-300x251.jpg 300w, https:\/\/www2.uepg.br\/direito\/wp-content\/uploads\/sites\/76\/2020\/07\/npj.jpg 407w\" sizes=\"(max-width: 300px) 100vw, 300px\" \/><\/p>\n<p style=\"text-align: center;\">E no Edif\u00edcio onde funciona o N\u00facleo de Pr\u00e1tica Jur\u00eddica.<\/p>\n<p style=\"text-align: center;\"><a href=\"https:\/\/www.google.com\/maps\/place\/N%C3%BAcleo+de+Pr%C3%A1tica+Jur%C3%ADdica+NPJ+-+UEPG\/@-25.1080154,-50.1557958,15z\/data=!4m5!3m4!1s0x0:0x37caa7148b5cf50!8m2!3d-25.1080154!4d-50.1557958\" target=\"_blank\" rel=\"noopener noreferrer\">Clique aqui para ver a localiza\u00e7\u00e3o<\/a><\/p>\n","protected":false},"excerpt":{"rendered":"<p>&nbsp; O Curso de Direito da Universidade Estadual de Ponta Grossa conta com estrutura multidisciplinar distribu\u00edda no pr\u00e9dio do campus central, localizado na Pra\u00e7a Santos Andrade. Clique aqui para ver a localiza\u00e7\u00e3o &nbsp; E no Edif\u00edcio onde funciona o N\u00facleo de Pr\u00e1tica Jur\u00eddica. Clique aqui para ver a localiza\u00e7\u00e3o<\/p>\n","protected":false},"author":24,"featured_media":0,"parent":0,"menu_order":0,"comment_status":"closed","ping_status":"closed","template":"","meta":[],"_links":{"self":[{"href":"https:\/\/www2.uepg.br\/direito\/wp-json\/wp\/v2\/pages\/278"}],"collection":[{"href":"https:\/\/www2.uepg.br\/direito\/wp-json\/wp\/v2\/pages"}],"about":[{"href":"https:\/\/www2.uepg.br\/direito\/wp-json\/wp\/v2\/types\/page"}],"author":[{"embeddable":true,"href":"https:\/\/www2.uepg.br\/direito\/wp-json\/wp\/v2\/users\/24"}],"replies":[{"embeddable":true,"href":"https:\/\/www2.uepg.br\/direito\/wp-json\/wp\/v2\/comments?post=278"}],"version-history":[{"count":6,"href":"https:\/\/www2.uepg.br\/direito\/wp-json\/wp\/v2\/pages\/278\/revisions"}],"predecessor-version":[{"id":543,"href":"https:\/\/www2.uepg.br\/direito\/wp-json\/wp\/v2\/pages\/278\/revisions\/543"}],"wp:attachment":[{"href":"https:\/\/www2.uepg.br\/direito\/wp-json\/wp\/v2\/media?parent=278"}],"curies":[{"name":"wp","href":"https:\/\/api.w.org\/{rel}","templated":true}]}}