{"id":297,"date":"2020-03-05T16:21:16","date_gmt":"2020-03-05T19:21:16","guid":{"rendered":"http:\/\/www2.uepg.br\/testes\/?page_id=297"},"modified":"2022-05-17T09:36:50","modified_gmt":"2022-05-17T12:36:50","slug":"bacharelado-em-direito-atividades-complementares","status":"publish","type":"page","link":"https:\/\/www2.uepg.br\/direito\/bacharelado-em-direito-atividades-complementares\/","title":{"rendered":"Bacharelado em Direito &#8211; Atividades Complementares"},"content":{"rendered":"<p align=\"justify\"><span style=\"font-size: medium;\">Para obter a sua gradua\u00e7\u00e3o, o acad\u00eamico dever\u00e1 cumprir, no m\u00ednimo, 250 (duzentas e cinquenta) horas em Atividades Complementares, regulamentadas pelo Colegiado de Curso.<\/span><\/p>\n<p align=\"justify\"><span style=\"font-size: medium;\">O envio das Atividades Complementares dever\u00e1 ocorrer na forma prevista nas Orienta\u00e7\u00f5es para Envio, aprovadas pelo Colegiado de Curso.<\/span><\/p>\n<p><\/br><br \/>\n<\/br><\/p>\n<p align=\"center\"><span style=\"font-size: medium;\"><b>Quadro de Atividades Complementares<\/b><\/span><\/p>\n<table width=\"906\" cellspacing=\"0\" cellpadding=\"11\">\n<tbody>\n<tr valign=\"top\">\n<td style=\"background: #bfbfbf;\" bgcolor=\"#bfbfbf\" width=\"52\">\n<p align=\"center\"><b>ITEM<\/b><\/p>\n<\/td>\n<td style=\"background: #bfbfbf;\" bgcolor=\"#bfbfbf\" width=\"427\">\n<p align=\"center\"><b>EVENTO<\/b><\/p>\n<\/td>\n<td style=\"background: #bfbfbf;\" bgcolor=\"#bfbfbf\" width=\"233\">\n<p align=\"center\"><b>CARGA HOR\u00c1RIA<\/b><\/p>\n<\/td>\n<td style=\"background: #bfbfbf;\" bgcolor=\"#bfbfbf\" width=\"104\">\n<p align=\"center\"><b>LIMITE<\/b><\/p>\n<\/td>\n<\/tr>\n<tr valign=\"top\">\n<td width=\"52\">\n<p align=\"center\"><span style=\"font-size: medium;\">1<\/span><\/p>\n<\/td>\n<td width=\"427\">\n<p align=\"justify\"><span style=\"font-size: medium;\">Curso de Extens\u00e3o Universit\u00e1ria<\/span><\/p>\n<\/td>\n<td width=\"233\">\n<p align=\"center\"><span style=\"font-size: medium;\">50% frequentada<\/span><\/p>\n<\/td>\n<td width=\"104\">\n<p align=\"center\"><span style=\"font-size: medium;\">80 horas<\/span><\/p>\n<\/td>\n<\/tr>\n<tr valign=\"top\">\n<td width=\"52\">\n<p align=\"center\"><span style=\"font-size: medium;\">2<\/span><\/p>\n<\/td>\n<td width=\"427\">\n<p align=\"justify\"><span style=\"font-size: medium;\">Projeto de Extens\u00e3o Universit\u00e1ria<\/span><\/p>\n<\/td>\n<td width=\"233\">\n<p align=\"center\"><span style=\"font-size: medium;\">20% frequentada<\/span><\/p>\n<\/td>\n<td width=\"104\">\n<p align=\"center\"><span style=\"font-size: medium;\">80 horas<\/span><\/p>\n<\/td>\n<\/tr>\n<tr valign=\"top\">\n<td width=\"52\">\n<p align=\"center\"><span style=\"font-size: medium;\">3<\/span><\/p>\n<\/td>\n<td width=\"427\">\n<p align=\"justify\"><span style=\"font-size: medium;\">Projeto de Pesquisa e Projeto de Ensino<\/span><\/p>\n<\/td>\n<td width=\"233\">\n<p align=\"center\"><span style=\"font-size: medium;\">20% frequentada<\/span><\/p>\n<\/td>\n<td width=\"104\">\n<p align=\"center\"><span style=\"font-size: medium;\">80 horas<\/span><\/p>\n<\/td>\n<\/tr>\n<tr valign=\"top\">\n<td width=\"52\">\n<p align=\"center\"><span style=\"font-size: medium;\">4<\/span><\/p>\n<\/td>\n<td width=\"427\">\n<p align=\"justify\"><span style=\"font-size: medium;\">Monitoria<\/span><\/p>\n<\/td>\n<td width=\"233\">\n<p align=\"center\"><span style=\"font-size: medium;\">20% frequentada<\/span><\/p>\n<\/td>\n<td width=\"104\">\n<p align=\"center\"><span style=\"font-size: medium;\">80 horas<\/span><\/p>\n<\/td>\n<\/tr>\n<tr valign=\"top\">\n<td width=\"52\">\n<p align=\"center\"><span style=\"font-size: medium;\">5<\/span><\/p>\n<\/td>\n<td width=\"427\">\n<p align=\"justify\"><span style=\"font-size: medium;\">Congressos, Confer\u00eancias, Simp\u00f3sios, Palestras, Pain\u00e9is e Similares Presenciais<\/span><\/p>\n<\/td>\n<td width=\"233\">\n<p align=\"center\"><span style=\"font-size: medium;\">100% frequentada<\/span><\/p>\n<\/td>\n<td width=\"104\">\n<p align=\"center\"><span style=\"font-size: medium;\">Total<\/span><\/p>\n<\/td>\n<\/tr>\n<tr valign=\"top\">\n<td width=\"52\">\n<p align=\"center\"><span style=\"font-size: medium;\">6<\/span><\/p>\n<\/td>\n<td width=\"427\">\n<p align=\"justify\"><span style=\"font-size: medium;\">Congressos, Confer\u00eancias, Simp\u00f3sios, Palestras, Pain\u00e9is e Similares a dist\u00e2ncia<\/span><\/p>\n<\/td>\n<td width=\"233\">\n<p align=\"center\"><span style=\"font-size: medium;\">100% frequentada<\/span><\/p>\n<\/td>\n<td width=\"104\">\n<p align=\"center\"><span style=\"font-size: medium;\">30 horas<\/span><\/p>\n<\/td>\n<\/tr>\n<tr valign=\"top\">\n<td width=\"52\">\n<p align=\"center\"><span style=\"font-size: medium;\">7<\/span><\/p>\n<\/td>\n<td width=\"427\">\n<p align=\"justify\"><span style=\"font-size: medium;\">Est\u00e1gios Volunt\u00e1rios <\/span><\/p>\n<p align=\"justify\"><span style=\"font-size: medium;\">(reconhecidos pela Prograd-Se\u00e7\u00e3o de Est\u00e1gios)<\/span><\/p>\n<\/td>\n<td width=\"233\">\n<p align=\"center\"><span style=\"font-size: medium;\">100% frequentada<\/span><\/p>\n<\/td>\n<td width=\"104\">\n<p align=\"center\"><span style=\"font-size: medium;\">80 horas<\/span><\/p>\n<\/td>\n<\/tr>\n<tr valign=\"top\">\n<td width=\"52\">\n<p align=\"center\"><span style=\"font-size: medium;\">8<\/span><\/p>\n<\/td>\n<td width=\"427\">\n<p align=\"justify\"><span style=\"font-size: medium;\">Eventos Internacionais<\/span><\/p>\n<\/td>\n<td width=\"233\">\n<p align=\"center\"><span style=\"font-size: medium;\">100% frequentada<\/span><\/p>\n<\/td>\n<td width=\"104\">\n<p align=\"center\"><span style=\"font-size: medium;\">Total<\/span><\/p>\n<\/td>\n<\/tr>\n<tr valign=\"top\">\n<td width=\"52\">\n<p align=\"center\"><span style=\"font-size: medium;\">9<\/span><\/p>\n<\/td>\n<td width=\"427\">\n<p align=\"justify\"><span style=\"font-size: medium;\">Cursos de L\u00ednguas Estrangeiras: Exclusivamente Ministrado pela UEPG.<\/span><\/p>\n<p align=\"justify\"><span style=\"font-size: medium;\">a) Latim Instrumental<\/span><\/p>\n<p align=\"justify\"><span style=\"font-size: medium;\">b) Ingl\u00eas, Italiano, Alem\u00e3o e Espanhol<\/span><\/p>\n<p align=\"justify\"><span style=\"font-size: medium;\">c) Outras<\/span><\/p>\n<\/td>\n<td width=\"233\">\n<p align=\"center\"><span style=\"font-size: medium;\">100% frequentada<\/span><\/p>\n<p align=\"center\"><span style=\"font-size: medium;\">100% frequentada<\/span><\/p>\n<p align=\"center\"><span style=\"font-size: medium;\">100% frequentada<\/span><\/p>\n<\/td>\n<td width=\"104\">\n<p align=\"center\"><span style=\"font-size: medium;\">60 horas<\/span><\/p>\n<p align=\"center\"><span style=\"font-size: medium;\">30 horas<\/span><\/p>\n<p align=\"center\"><span style=\"font-size: medium;\">15 horas<\/span><\/p>\n<\/td>\n<\/tr>\n<tr valign=\"top\">\n<td width=\"52\">\n<p align=\"center\"><span style=\"font-size: medium;\">10)<\/span><\/p>\n<\/td>\n<td width=\"427\">\n<p align=\"justify\"><span style=\"font-size: medium;\">Cursos de Inform\u00e1tica:<\/span><\/p>\n<p align=\"justify\"><span style=\"font-size: medium;\">a) Ministrado pela UEPG<\/span><\/p>\n<p align=\"justify\"><span style=\"font-size: medium;\">b) Ministrado em outras institui\u00e7\u00f5es ou empresas <\/span><\/p>\n<\/td>\n<td width=\"233\">\n<p align=\"center\"><span style=\"font-size: medium;\">100% frequentada<\/span><\/p>\n<p align=\"center\"><span style=\"font-size: medium;\">100% frequentada<\/span><\/p>\n<\/td>\n<td width=\"104\">\n<p align=\"center\"><span style=\"font-size: medium;\">30 horas<\/span><\/p>\n<p align=\"center\"><span style=\"font-size: medium;\">10 horas<\/span><\/p>\n<\/td>\n<\/tr>\n<tr valign=\"top\">\n<td width=\"52\">\n<p align=\"center\"><span style=\"font-size: medium;\">11)<\/span><\/p>\n<\/td>\n<td width=\"427\">\n<p align=\"justify\"><span style=\"font-size: medium;\">Organiza\u00e7\u00e3o de eventos<\/span><\/p>\n<\/td>\n<td width=\"233\">\n<p align=\"center\"><span style=\"font-size: medium;\">100% Frequentado<\/span><\/p>\n<\/td>\n<td width=\"104\">\n<p align=\"center\"><span style=\"font-size: medium;\">10 horas<\/span><\/p>\n<\/td>\n<\/tr>\n<\/tbody>\n<\/table>\n<p><\/br><\/p>\n<p align=\"justify\"><span style=\"font-size: medium;\"><b>CONDI\u00c7\u00d5ES GERAIS<\/b><\/span><span style=\"font-size: medium;\">:<\/span><\/p>\n<p align=\"justify\"><span style=\"font-size: medium;\">&#8211; Para fins de c\u00f4mputo e apropria\u00e7\u00e3o de carga hor\u00e1ria, ser\u00e1 considerado o constante no Certificado, Diploma ou documento equivalente.<\/span><\/p>\n<p align=\"justify\"><span style=\"font-size: medium;\">&#8211; No caso de n\u00e3o constar a carga-hor\u00e1ria no Certificado, Diploma ou documento equivalente, ser\u00e1 atribu\u00edda segundo os segundos crit\u00e9rios:<\/span><\/p>\n<p style=\"padding-left: 40px;\" align=\"justify\"><span style=\"font-size: medium;\">a) (quatro) horas a cada dia de participa\u00e7\u00e3o;<\/span><\/p>\n<p style=\"padding-left: 40px;\" align=\"justify\"><span style=\"font-size: medium;\">b) se constar detalhadamente os dias e\/ou hor\u00e1rios em que se realizou o evento, ser\u00e3o atribu\u00eddas 2 (duas) horas para o per\u00edodo matutino, 3 (tr\u00eas) horas para o per\u00edodo vespertino e 2 (duas) horas para o per\u00edodo noturno.<\/span><\/p>\n<p style=\"padding-left: 40px;\" align=\"justify\"><span style=\"font-size: medium;\">c) Qualquer que seja a circunst\u00e2ncia, a carga-hor\u00e1ria ser\u00e1 calculada sempre na mesma propor\u00e7\u00e3o de carga-hor\u00e1ria efetivamente frequentada pelo acad\u00eamico;<\/span><\/p>\n<p align=\"justify\"><span style=\"font-size: medium;\">&#8211; Os casos omissos ou divergentes com os crit\u00e9rios acima, ser\u00e3o submetidos para an\u00e1lise e decis\u00f5es do Colegiado do Curso de Direito;<\/span><\/p>\n<p align=\"justify\"><span style=\"font-size: medium;\">&#8211; Para os transferidos e reaberturas, ser\u00e3o computados somente os certificados ap\u00f3s a matr\u00edcula na UEPG.<\/span><\/p>\n","protected":false},"excerpt":{"rendered":"<p>Para obter a sua gradua\u00e7\u00e3o, o acad\u00eamico dever\u00e1 cumprir, no m\u00ednimo, 250 (duzentas e cinquenta) horas em Atividades Complementares, regulamentadas pelo Colegiado de Curso. O envio das Atividades Complementares dever\u00e1 ocorrer na forma prevista nas Orienta\u00e7\u00f5es para Envio, aprovadas pelo Colegiado de Curso. Quadro de Atividades Complementares ITEM EVENTO CARGA HOR\u00c1RIA LIMITE 1 Curso de&nbsp;&hellip;<\/p>\n","protected":false},"author":24,"featured_media":0,"parent":0,"menu_order":0,"comment_status":"closed","ping_status":"closed","template":"","meta":[],"_links":{"self":[{"href":"https:\/\/www2.uepg.br\/direito\/wp-json\/wp\/v2\/pages\/297"}],"collection":[{"href":"https:\/\/www2.uepg.br\/direito\/wp-json\/wp\/v2\/pages"}],"about":[{"href":"https:\/\/www2.uepg.br\/direito\/wp-json\/wp\/v2\/types\/page"}],"author":[{"embeddable":true,"href":"https:\/\/www2.uepg.br\/direito\/wp-json\/wp\/v2\/users\/24"}],"replies":[{"embeddable":true,"href":"https:\/\/www2.uepg.br\/direito\/wp-json\/wp\/v2\/comments?post=297"}],"version-history":[{"count":14,"href":"https:\/\/www2.uepg.br\/direito\/wp-json\/wp\/v2\/pages\/297\/revisions"}],"predecessor-version":[{"id":1502,"href":"https:\/\/www2.uepg.br\/direito\/wp-json\/wp\/v2\/pages\/297\/revisions\/1502"}],"wp:attachment":[{"href":"https:\/\/www2.uepg.br\/direito\/wp-json\/wp\/v2\/media?parent=297"}],"curies":[{"name":"wp","href":"https:\/\/api.w.org\/{rel}","templated":true}]}}