{"id":351,"date":"2020-05-12T16:28:26","date_gmt":"2020-05-12T19:28:26","guid":{"rendered":"http:\/\/www2.uepg.br\/bacharelado-direito\/?page_id=351"},"modified":"2024-07-21T20:12:15","modified_gmt":"2024-07-21T23:12:15","slug":"bacharelado-em-direito-colegiado","status":"publish","type":"page","link":"https:\/\/www2.uepg.br\/direito\/bacharelado-em-direito-colegiado\/","title":{"rendered":"Bacharelado em Direito &#8211; Colegiado"},"content":{"rendered":"<h4><\/h4>\n<h4 style=\"text-align: center\"><\/h4>\n<h4 style=\"text-align: center\"><strong><b>Coordenador do Curso &#8211; Noturno<\/b><\/strong><\/h4>\n<p style=\"text-align: center\">Prof. Everson Manjinski<\/p>\n<h4 style=\"text-align: center\"><strong><b>Coordenador do Curso &#8211; Matutino<\/b><\/strong><\/h4>\n<p style=\"text-align: center\">Prof. Alexandre Almeida Rocha<\/p>\n<h4 style=\"text-align: center\"><strong><b>Coordenador Adjunto &#8211; Matutino<\/b><\/strong><\/h4>\n<p style=\"text-align: center\">Prof. Rodrigo Simionato<\/p>\n<h4 style=\"text-align: center\"><strong><b>Membros <\/b><\/strong><\/h4>\n<p style=\"text-align: center\">Prof. Everson Manjinski<\/p>\n<p style=\"text-align: center\"><span style=\"font-family: 'Arial',sans-serif;color: #373737\">Prof. Alexandre Almeida Rocha<\/span><\/p>\n<p style=\"text-align: center\"><span style=\"font-family: 'Arial',sans-serif;color: #373737\">Prof. Rodrigo Simionato<\/span><\/p>\n<p style=\"background: white;margin: 0cm 0cm 12pt;text-align: center\"><span style=\"font-family: 'Arial',sans-serif;color: #373737\">Prof. Igor Sporch, da Costa<\/span><\/p>\n<p style=\"background: white;margin: 0cm 0cm 12pt;text-align: center\"><span style=\"font-family: 'Arial',sans-serif;color: #373737\">Profa. Maria Cristina Baluta<\/span><\/p>\n<p style=\"background: white;margin: 0cm 0cm 12pt;text-align: center\"><span style=\"font-family: 'Arial',sans-serif;color: #373737\">Prof. Jo\u00e3o Manoel Grott<\/span><\/p>\n<p style=\"background: white;margin: 0cm 0cm 12pt;text-align: center\"><span style=\"font-family: 'Arial',sans-serif;color: #373737\">Profa. M\u00e1rcia Santos da Silva<\/span><\/p>\n<p style=\"background: white;margin: 0cm 0cm 12pt;text-align: center\"><span style=\"font-family: 'Arial',sans-serif;color: #373737\">Prof. Kleber Cazzaro<\/span><\/p>\n<p style=\"background: white;margin: 0cm 0cm 12pt;text-align: center\"><span style=\"font-family: 'Arial',sans-serif;color: #373737\">Profa. Gisele Cristina de Oliveira<\/span><\/p>\n<p style=\"background: white;margin: 0cm 0cm 12pt;text-align: center\"><span style=\"font-family: 'Arial',sans-serif;color: #373737\">Prof. Ricardo Pav\u00e3o Tuma<\/span><\/p>\n<h4 style=\"text-align: left\"><strong>Atribui\u00e7\u00f5es do Colegiado de Curso \u2013 Artigo 93 do Regimento Geral da UEPG<\/strong><\/h4>\n<p>I -propor ao Conselho de Ensino, Pesquisa e Extens\u00e3o a organiza\u00e7\u00e3o ou reorganiza\u00e7\u00e3o do curr\u00edculo do curso respectivo;<\/p>\n<p>II \u2013 oferecer ao Conselho de Ensino, Pesquisa e Extens\u00e3o subs\u00eddios:<br \/>\na) para a avalia\u00e7\u00e3o do ensino e promo\u00e7\u00e3o de alunos;<br \/>\nb) sobre a forma de ingresso de candidatos ao curso;<br \/>\nc) para a organiza\u00e7\u00e3o do Calend\u00e1rio Escolar;<\/p>\n<p>III \u2013 avaliar a execu\u00e7\u00e3o did\u00e1tico-pedag\u00f3gica do curso e sugerir medidas que considerar necess\u00e1rias ao Departamento, ao Colegiado Setorial e ao Conselho de Ensino, Pesquisa e Extens\u00e3o;<\/p>\n<p>IV \u2013 emitir parecer sobre quest\u00f5es did\u00e1ticas e relativas \u00e0 freq\u00fc\u00eancia, transfer\u00eancia, adapta\u00e7\u00f5es de alunos, avalia\u00e7\u00f5es, exames e trabalhos escolares;<\/p>\n<p>V \u2013 estabelecer normas para os est\u00e1gios curriculares e para os Trabalhos de Conclus\u00e3o de Curso \u2013 TCC;<\/p>\n<p>VI \u2013 avaliar periodicamente os programas das disciplinas e deliberar as modifica\u00e7\u00f5es propostas pelos professores;<\/p>\n<p>VII \u2013 requisitar aos departamentos a oferta de disciplinas, explicitando as vagas necess\u00e1rias e os hor\u00e1rios convenientes;<\/p>\n<p>VIII \u2013 solicitar ao(s) Departamento(s) a indica\u00e7\u00e3o de professores, de acordo com o perfil proposto no projeto pedag\u00f3gico;<\/p>\n<p>IX \u2013 recusar, mediante an\u00e1lise fundamentada, a indica\u00e7\u00e3o de professores feita pelos Departamentos;<\/p>\n<p>X \u2013 solicitar aos Departamentos a substitui\u00e7\u00e3o de professores que n\u00e3o estejam atendendo \u00e0s necessidades do curso mediante an\u00e1lise fundamentada;<\/p>\n<p>XI \u2013 estabelecer calend\u00e1rio das suas reuni\u00f5es ordin\u00e1rias;<\/p>\n<p>XII \u2013 analisar os pedidos de justificativas das faltas, \u00e0s reuni\u00f5es do Colegiado, feitos pelos seus membros;<\/p>\n<p>XIII \u2013 responsabilizar-se pelo cumprimento integral do projeto pedag\u00f3gico do curso;<\/p>\n<p>XIV \u2013 analisar qualquer retifica\u00e7\u00e3o de nota ou freq\u00fc\u00eancia de acad\u00eamico, ocorrida extemporaneamente.<\/p>\n","protected":false},"excerpt":{"rendered":"<p>Coordenador do Curso &#8211; Noturno Prof. Everson Manjinski Coordenador do Curso &#8211; Matutino Prof. Alexandre Almeida Rocha Coordenador Adjunto &#8211; Matutino Prof. Rodrigo Simionato Membros Prof. Everson Manjinski Prof. Alexandre Almeida Rocha Prof. Rodrigo Simionato Prof. Igor Sporch, da Costa Profa. Maria Cristina Baluta Prof. Jo\u00e3o Manoel Grott Profa. M\u00e1rcia Santos da Silva Prof. Kleber&nbsp;&hellip;<\/p>\n","protected":false},"author":24,"featured_media":388,"parent":0,"menu_order":0,"comment_status":"closed","ping_status":"closed","template":"","meta":[],"_links":{"self":[{"href":"https:\/\/www2.uepg.br\/direito\/wp-json\/wp\/v2\/pages\/351"}],"collection":[{"href":"https:\/\/www2.uepg.br\/direito\/wp-json\/wp\/v2\/pages"}],"about":[{"href":"https:\/\/www2.uepg.br\/direito\/wp-json\/wp\/v2\/types\/page"}],"author":[{"embeddable":true,"href":"https:\/\/www2.uepg.br\/direito\/wp-json\/wp\/v2\/users\/24"}],"replies":[{"embeddable":true,"href":"https:\/\/www2.uepg.br\/direito\/wp-json\/wp\/v2\/comments?post=351"}],"version-history":[{"count":30,"href":"https:\/\/www2.uepg.br\/direito\/wp-json\/wp\/v2\/pages\/351\/revisions"}],"predecessor-version":[{"id":2850,"href":"https:\/\/www2.uepg.br\/direito\/wp-json\/wp\/v2\/pages\/351\/revisions\/2850"}],"wp:featuredmedia":[{"embeddable":true,"href":"https:\/\/www2.uepg.br\/direito\/wp-json\/wp\/v2\/media\/388"}],"wp:attachment":[{"href":"https:\/\/www2.uepg.br\/direito\/wp-json\/wp\/v2\/media?parent=351"}],"curies":[{"name":"wp","href":"https:\/\/api.w.org\/{rel}","templated":true}]}}