{"id":549,"date":"2020-11-06T10:27:38","date_gmt":"2020-11-06T13:27:38","guid":{"rendered":"http:\/\/www2.uepg.br\/bacharelado-direito\/?page_id=549"},"modified":"2026-04-13T14:37:20","modified_gmt":"2026-04-13T17:37:20","slug":"departamentos","status":"publish","type":"page","link":"https:\/\/www2.uepg.br\/direito\/setor-de-ciencias-juridicas\/departamentos\/","title":{"rendered":"Departamentos"},"content":{"rendered":"<div id=\"pl-549\"  class=\"panel-layout\" ><div id=\"pg-549-0\"  class=\"panel-grid panel-no-style\" ><div id=\"pgc-549-0-0\"  class=\"panel-grid-cell\" ><div id=\"panel-549-0-0-0\" class=\"so-panel widget widget_sow-accordion panel-first-child panel-last-child\" data-index=\"0\" ><div\n\t\t\t\n\t\t\tclass=\"so-widget-sow-accordion so-widget-sow-accordion-default-bb786459c5e7-549\"\n\t\t\t\n\t\t><div>\n\t<div class=\"sow-accordion\">\n\t\t\t<div class=\"sow-accordion-panel\"\n\t\t\t data-anchor=\"departamento-de-direito-do-estado\">\n\t\t\t\t<div class=\"sow-accordion-panel-header-container\" role=\"heading\" aria-level=\"2\">\n\t\t\t\t\t<div class=\"sow-accordion-panel-header\" tabindex=\"0\" role=\"button\" id=\"accordion-label-departamento-de-direito-do-estado\" aria-controls=\"accordion-content-departamento-de-direito-do-estado\" aria-expanded=\"false\">\n\t\t\t\t\t\t<div class=\"sow-accordion-title sow-accordion-title-icon-left\">\n\t\t\t\t\t\t\t\t\t\t\t\t\t\tDEPARTAMENTO DE DIREITO DO ESTADO\t\t\t\t\t\t\t\t\t\t\t\t\t<\/div>\n\t\t\t\t\t\t<div class=\"sow-accordion-open-close-button\">\n\t\t\t\t\t\t\t<div class=\"sow-accordion-open-button\">\n\t\t\t\t\t\t\t\t<span class=\"sow-icon-ionicons\" data-sow-icon=\"&#xf218;\"\n\t\t \n\t\taria-hidden=\"true\"><\/span>\t\t\t\t\t\t\t<\/div>\n\t\t\t\t\t\t\t<div class=\"sow-accordion-close-button\">\n\t\t\t\t\t\t\t\t<span class=\"sow-icon-ionicons\" data-sow-icon=\"&#xf209;\"\n\t\t \n\t\taria-hidden=\"true\"><\/span>\t\t\t\t\t\t\t<\/div>\n\t\t\t\t\t\t<\/div>\n\t\t\t\t\t<\/div>\n\t\t\t\t<\/div>\n\n\t\t\t<div\n\t\t\t\tclass=\"sow-accordion-panel-content\"\n\t\t\t\trole=\"region\"\n\t\t\t\taria-labelledby=\"accordion-label-departamento-de-direito-do-estado\"\n\t\t\t\tid=\"accordion-content-departamento-de-direito-do-estado\"\n\t\t\t\tstyle=\"display: none;\"\t\t\t>\n\t\t\t\t<div class=\"sow-accordion-panel-border\" tabindex=\"0\">\n\t\t\t\t\t<p style=\"text-align: center\"><strong><b>Chefe de Departamento<\/b><\/strong><\/p>\n<p style=\"text-align: center\">Profa. Angela de Quadros Mongruel<\/p>\n<p style=\"text-align: center\"><strong><b>Chefe Adjunta<\/b><\/strong><\/p>\n<p style=\"text-align: center\">Prof. Guilherme Amaral Alves<\/p>\n<p style=\"text-align: center\"><strong><b>\u00a0<\/b><\/strong><\/p>\n<p style=\"text-align: center\"><strong><b>Professores Efetivos<\/b><\/strong><\/p>\n<p style=\"text-align: center\">Profa. Adriana de F\u00e1tima Pilatti Ferreira Campagnoli<\/p>\n<p style=\"text-align: center\">Prof. Alexandre Almeida Rocha<\/p>\n<p style=\"text-align: center\">Prof. Allan Ricardo Guimar\u00e3es Porto<\/p>\n<p style=\"text-align: center\">Profa. Angela de Quadros Mongruel<\/p>\n<p style=\"text-align: center\">Prof. Cl\u00f3vis Airton de Quadros<\/p>\n<p style=\"text-align: center\">Prof. Fabr\u00edcio Bittencourt da Cruz<\/p>\n<p style=\"text-align: center\">Prof. Guilherme Amaral Alves<\/p>\n<p style=\"text-align: center\">Prof. Igor Sporch da Costa<\/p>\n<p style=\"text-align: center\">Prof. Jefferson Marcos Biagini Medina<\/p>\n<p style=\"text-align: center\">Prof. Marcelo Alves da Silva<\/p>\n<p style=\"text-align: center\">Prof. Murilo Duarte Costa Correa<\/p>\n<p style=\"text-align: center\">Prof. Pablo Milanese<\/p>\n<p style=\"text-align: center\">Prof. Ricardo Pav\u00e3o Tuma<\/p>\n<p>&nbsp;<\/p>\n<p style=\"text-align: center\"><strong><b>Professores Colaboradores<\/b><\/strong><\/p>\n<p style=\"text-align: center\">Prof.Adriano Alberto Smolarek<\/p>\n<p style=\"text-align: center\">Profa.Amanda Cristhina Flach<\/p>\n<p style=\"text-align: center\">Profa.Amanda Cristhina Flach<\/p>\n<p style=\"text-align: center\">Prof.Diogo Luiz Cordeiro Rodrigues<\/p>\n<p style=\"text-align: center\">Prof.Julio Cezar Bittencourt Silva<\/p>\n<p style=\"text-align: center\">Prof.Luasses Gon\u00e7alves dos Santos<\/p>\n<p style=\"text-align: center\">Prof.Pedro Fauth Manh\u00e3es de Oliveira<\/p>\n<p>&nbsp;<\/p>\n<p>&nbsp;<\/p>\n<p>&nbsp;<\/p>\n\t\t\t\t<\/div>\n\t\t\t<\/div>\n\t\t<\/div>\n\t\t\t<div class=\"sow-accordion-panel\"\n\t\t\t data-anchor=\"departamento-de-direito-processual\">\n\t\t\t\t<div class=\"sow-accordion-panel-header-container\" role=\"heading\" aria-level=\"2\">\n\t\t\t\t\t<div class=\"sow-accordion-panel-header\" tabindex=\"0\" role=\"button\" id=\"accordion-label-departamento-de-direito-processual\" aria-controls=\"accordion-content-departamento-de-direito-processual\" aria-expanded=\"false\">\n\t\t\t\t\t\t<div class=\"sow-accordion-title sow-accordion-title-icon-left\">\n\t\t\t\t\t\t\t\t\t\t\t\t\t\tDEPARTAMENTO DE DIREITO PROCESSUAL\t\t\t\t\t\t\t\t\t\t\t\t\t<\/div>\n\t\t\t\t\t\t<div class=\"sow-accordion-open-close-button\">\n\t\t\t\t\t\t\t<div class=\"sow-accordion-open-button\">\n\t\t\t\t\t\t\t\t<span class=\"sow-icon-ionicons\" data-sow-icon=\"&#xf218;\"\n\t\t \n\t\taria-hidden=\"true\"><\/span>\t\t\t\t\t\t\t<\/div>\n\t\t\t\t\t\t\t<div class=\"sow-accordion-close-button\">\n\t\t\t\t\t\t\t\t<span class=\"sow-icon-ionicons\" data-sow-icon=\"&#xf209;\"\n\t\t \n\t\taria-hidden=\"true\"><\/span>\t\t\t\t\t\t\t<\/div>\n\t\t\t\t\t\t<\/div>\n\t\t\t\t\t<\/div>\n\t\t\t\t<\/div>\n\n\t\t\t<div\n\t\t\t\tclass=\"sow-accordion-panel-content\"\n\t\t\t\trole=\"region\"\n\t\t\t\taria-labelledby=\"accordion-label-departamento-de-direito-processual\"\n\t\t\t\tid=\"accordion-content-departamento-de-direito-processual\"\n\t\t\t\tstyle=\"display: none;\"\t\t\t>\n\t\t\t\t<div class=\"sow-accordion-panel-border\" tabindex=\"0\">\n\t\t\t\t\t<p style=\"text-align: center\"><strong><b>Chefe de Departamento<\/b><\/strong><\/p>\n<p style=\"text-align: center\"><span style=\"font-weight: 400\">Gisele Cristina de Oliveira<\/span><\/p>\n<p style=\"text-align: center\"><strong><b>Chefe Adjunta<\/b><\/strong><\/p>\n<p style=\"text-align: center\">Ludmilo Sene<\/p>\n<p style=\"text-align: center\"><strong><b>\u00a0<\/b><\/strong><\/p>\n<p style=\"text-align: center\"><strong><b>Professores Efetivos<\/b><\/strong><\/p>\n<p style=\"text-align: center\">Profa. Adriana Tim\u00f3teo dos Santos<\/p>\n<p style=\"text-align: center\">Profa.Andressa Pacenko Malucelli<\/p>\n<p style=\"text-align: center\">Prof.Ant\u00f4nio C\u00e9sar Bochenek<\/p>\n<p style=\"text-align: center\">Profa. Dirceia Moreira<\/p>\n<p style=\"text-align: center\">Prof.Eliezer Gomes da Silva<\/p>\n<p style=\"text-align: center\">Prof.Fabio Marcondes Leite<\/p>\n<p style=\"text-align: center\">Profa.Gisele Cristina de Oliveira<\/p>\n<p style=\"text-align: center\">Prof.Irio Jose Tabela Krum<\/p>\n<p style=\"text-align: center\">Profa.J\u00falia Maria Milanese Buffara<\/p>\n<p style=\"text-align: center\">Prof.Kleber Cazzaro<\/p>\n<p style=\"text-align: center\">Profa.Luana Marcia de Oliveira Billerbeck<\/p>\n<p style=\"text-align: center\">Prof.Ludmilo Sene<\/p>\n<p style=\"text-align: center\">Prof.Luis Carlos Simionato Junior<\/p>\n<p style=\"text-align: center\">Prof.Profa.Maria Cristina Baluta<\/p>\n<p style=\"text-align: center\">Profa.Maria Cristina Rauch Baranoski<\/p>\n<p style=\"text-align: center\">Profa.Paola Damo Comel<\/p>\n<p style=\"text-align: center\">Prof.Rauli Gross Junior<\/p>\n<p style=\"text-align: center\">Prof.Rene Francisco Hellman<\/p>\n<p style=\"text-align: center\">\u00a0Prof.Reshad Tawfeiq<\/p>\n<p style=\"text-align: center\"><strong>\u00a0Professores Colaboradores<\/strong><\/p>\n<p style=\"text-align: center\">Profa.Andr\u00e9ia Gaspar Soltoski<\/p>\n<p style=\"text-align: center\">Profa.Brunna Rabelo Santiago<\/p>\n<p style=\"text-align: center\">Prof.Jo\u00e3o Maria de Goes Junior<\/p>\n<p style=\"text-align: center\">Profa.Nara Luiza Valente<\/p>\n<p style=\"text-align: center\">Profa.Rafaella Martins de Oliveira<\/p>\n<p style=\"text-align: center\">\n<\/p>\t\t\t\t<\/div>\n\t\t\t<\/div>\n\t\t<\/div>\n\t\t\t<div class=\"sow-accordion-panel\"\n\t\t\t data-anchor=\"departamento-de-direito-das-rela%c3%a7%c3%b5es-sociais\">\n\t\t\t\t<div class=\"sow-accordion-panel-header-container\" role=\"heading\" aria-level=\"2\">\n\t\t\t\t\t<div class=\"sow-accordion-panel-header\" tabindex=\"0\" role=\"button\" id=\"accordion-label-departamento-de-direito-das-rela%c3%a7%c3%b5es-sociais\" aria-controls=\"accordion-content-departamento-de-direito-das-rela%c3%a7%c3%b5es-sociais\" aria-expanded=\"false\">\n\t\t\t\t\t\t<div class=\"sow-accordion-title sow-accordion-title-icon-left\">\n\t\t\t\t\t\t\t\t\t\t\t\t\t\tDEPARTAMENTO DE DIREITO DAS RELA\u00c7\u00d5ES SOCIAIS\t\t\t\t\t\t\t\t\t\t\t\t\t<\/div>\n\t\t\t\t\t\t<div class=\"sow-accordion-open-close-button\">\n\t\t\t\t\t\t\t<div class=\"sow-accordion-open-button\">\n\t\t\t\t\t\t\t\t<span class=\"sow-icon-ionicons\" data-sow-icon=\"&#xf218;\"\n\t\t \n\t\taria-hidden=\"true\"><\/span>\t\t\t\t\t\t\t<\/div>\n\t\t\t\t\t\t\t<div class=\"sow-accordion-close-button\">\n\t\t\t\t\t\t\t\t<span class=\"sow-icon-ionicons\" data-sow-icon=\"&#xf209;\"\n\t\t \n\t\taria-hidden=\"true\"><\/span>\t\t\t\t\t\t\t<\/div>\n\t\t\t\t\t\t<\/div>\n\t\t\t\t\t<\/div>\n\t\t\t\t<\/div>\n\n\t\t\t<div\n\t\t\t\tclass=\"sow-accordion-panel-content\"\n\t\t\t\trole=\"region\"\n\t\t\t\taria-labelledby=\"accordion-label-departamento-de-direito-das-rela%c3%a7%c3%b5es-sociais\"\n\t\t\t\tid=\"accordion-content-departamento-de-direito-das-rela%c3%a7%c3%b5es-sociais\"\n\t\t\t\tstyle=\"display: none;\"\t\t\t>\n\t\t\t\t<div class=\"sow-accordion-panel-border\" tabindex=\"0\">\n\t\t\t\t\t<p style=\"text-align: center\"><strong><b>Chefe de Departamento<\/b><\/strong><\/p>\n<p style=\"text-align: center\">Profa. Regina F\u00e1tima Wolochn<\/p>\n<p style=\"text-align: center\"><strong><b>Chefe Adjunta<\/b><\/strong><\/p>\n<p style=\"text-align: center\">\u00a0Profa. Ana Paula Parra<\/p>\n<p style=\"text-align: center\"><strong><b>\u00a0<\/b><\/strong><\/p>\n<p style=\"text-align: center\"><strong><b>Professores Efetivos<\/b><\/strong><\/p>\n<p style=\"text-align: center\">Profa. Adriana Sant\u2019Anna<\/p>\n<p style=\"text-align: center\">Profa. Ana Paula Parra<\/p>\n<p style=\"text-align: center\">Profa. Dirce Pereira do Nascimento<\/p>\n<p style=\"text-align: center\">Profa. Elisabeth M\u00f4nica Hasse Becker Neiverth<\/p>\n<p style=\"text-align: center\">Prof. Everson Manjinski<\/p>\n<p style=\"text-align: center\">Profa. Jeaneth Nunes Stefaniak<\/p>\n<p style=\"text-align: center\">Prof. Jo\u00e3o Irineu de Resende Miranda<\/p>\n<p style=\"text-align: center\">Prof. Jo\u00e3o Manoel Grott<\/p>\n<p style=\"text-align: center\">Prof. Jo\u00e3o Paulo Capella Nascimento<\/p>\n<p style=\"text-align: center\">Prof. Jos\u00e9 Robson da Silva<\/p>\n<p style=\"text-align: center\">Prof. Jos\u00e9 Schell J\u00fanior<\/p>\n<p style=\"text-align: center\">Profa. Marcia Santos da Silva<\/p>\n<p style=\"text-align: center\">Prof. Paulo Cesar de Lara<\/p>\n<p style=\"text-align: center\">Profa. Regina F\u00e1tima Wolochn<\/p>\n<p style=\"text-align: center\">Prof. Rodrigo Simionato<\/p>\n<p style=\"text-align: center\">Profa. Silvana Souza Netto Mandalozzo<\/p>\n<p style=\"text-align: center\">Prof. Vanderlei Schneider de Lima<\/p>\n<p style=\"text-align: center\">Prof. Volney Campos dos Santos<\/p>\n<p style=\"text-align: center\">Profa. Zilda Mara Consalter<\/p>\n<p>&nbsp;<\/p>\n<p style=\"text-align: center\"><strong><b>Professores Colaboradores<\/b><\/strong><\/p>\n<p style=\"text-align: center\">Prof. Alencar Frederico Margraf<\/p>\n<p style=\"text-align: center\">Profa. Andrea Cristina Martins<\/p>\n<p style=\"text-align: center\">Profa. Flavia Oliveira Alves da Silva<\/p>\n<p style=\"text-align: center\">Profa. Rafaella Martins de Oliveira<\/p>\n<p style=\"text-align: center\">Prof. Vitor Hugo Bueno Foga\u00e7a<\/p>\n<p>&nbsp;<\/p>\n\t\t\t\t<\/div>\n\t\t\t<\/div>\n\t\t<\/div>\n\t\t\t<div class=\"sow-accordion-panel\"\n\t\t\t data-anchor=\"departamento-de-direito-processual-3-69eb0fe3529df\">\n\t\t\t\t<div class=\"sow-accordion-panel-header-container\" role=\"heading\" aria-level=\"2\">\n\t\t\t\t\t<div class=\"sow-accordion-panel-header\" tabindex=\"0\" role=\"button\" id=\"accordion-label-departamento-de-direito-processual-3-69eb0fe3529df\" aria-controls=\"accordion-content-departamento-de-direito-processual-3-69eb0fe3529df\" aria-expanded=\"false\">\n\t\t\t\t\t\t<div class=\"sow-accordion-title sow-accordion-title-icon-left\">\n\t\t\t\t\t\t\t\t\t\t\t\t\t\tDEPARTAMENTO DE DIREITO PROCESSUAL\t\t\t\t\t\t\t\t\t\t\t\t\t<\/div>\n\t\t\t\t\t\t<div class=\"sow-accordion-open-close-button\">\n\t\t\t\t\t\t\t<div class=\"sow-accordion-open-button\">\n\t\t\t\t\t\t\t\t<span class=\"sow-icon-ionicons\" data-sow-icon=\"&#xf218;\"\n\t\t \n\t\taria-hidden=\"true\"><\/span>\t\t\t\t\t\t\t<\/div>\n\t\t\t\t\t\t\t<div class=\"sow-accordion-close-button\">\n\t\t\t\t\t\t\t\t<span class=\"sow-icon-ionicons\" data-sow-icon=\"&#xf209;\"\n\t\t \n\t\taria-hidden=\"true\"><\/span>\t\t\t\t\t\t\t<\/div>\n\t\t\t\t\t\t<\/div>\n\t\t\t\t\t<\/div>\n\t\t\t\t<\/div>\n\n\t\t\t<div\n\t\t\t\tclass=\"sow-accordion-panel-content\"\n\t\t\t\trole=\"region\"\n\t\t\t\taria-labelledby=\"accordion-label-departamento-de-direito-processual-3-69eb0fe3529df\"\n\t\t\t\tid=\"accordion-content-departamento-de-direito-processual-3-69eb0fe3529df\"\n\t\t\t\tstyle=\"display: none;\"\t\t\t>\n\t\t\t\t<div class=\"sow-accordion-panel-border\" tabindex=\"0\">\n\t\t\t\t\t<p style=\"text-align: center\"><strong><b>Chefe de Departamento<\/b><\/strong><\/p>\n<p style=\"text-align: center\"><span style=\"font-weight: 400\">Gisele Cristina de Oliveira<\/span><\/p>\n<p style=\"text-align: center\"><strong><b>Chefe Adjunta<\/b><\/strong><\/p>\n<p style=\"text-align: center\">Ludmilo Sene<\/p>\n<p style=\"text-align: center\"><strong><b>\u00a0<\/b><\/strong><\/p>\n<p style=\"text-align: center\"><strong><b>Professores Efetivos<\/b><\/strong><\/p>\n<p style=\"text-align: center\">Profa. Adriana Tim\u00f3teo dos Santos<\/p>\n<p style=\"text-align: center\">Profa.Andressa Pacenko Malucelli<\/p>\n<p style=\"text-align: center\">Prof.Ant\u00f4nio C\u00e9sar Bochenek<\/p>\n<p style=\"text-align: center\">Profa. Dirceia Moreira<\/p>\n<p style=\"text-align: center\">Prof.Eliezer Gomes da Silva<\/p>\n<p style=\"text-align: center\">Prof.Fabio Marcondes Leite<\/p>\n<p style=\"text-align: center\">Profa.Gisele Cristina de Oliveira<\/p>\n<p style=\"text-align: center\">Prof.Irio Jose Tabela Krum<\/p>\n<p style=\"text-align: center\">Profa.J\u00falia Maria Milanese Buffara<\/p>\n<p style=\"text-align: center\">Prof.Kleber Cazzaro<\/p>\n<p style=\"text-align: center\">Profa.Luana Marcia de Oliveira Billerbeck<\/p>\n<p style=\"text-align: center\">Prof.Ludmilo Sene<\/p>\n<p style=\"text-align: center\">Prof.Luis Carlos Simionato Junior<\/p>\n<p style=\"text-align: center\">Prof.Profa.Maria Cristina Baluta<\/p>\n<p style=\"text-align: center\">Profa.Maria Cristina Rauch Baranoski<\/p>\n<p style=\"text-align: center\">Profa.Paola Damo Comel<\/p>\n<p style=\"text-align: center\">Prof.Rauli Gross Junior<\/p>\n<p style=\"text-align: center\">Prof.Rene Francisco Hellman<\/p>\n<p>\u00a0 \u00a0 \u00a0 \u00a0 \u00a0 \u00a0 \u00a0 \u00a0 \u00a0 \u00a0 \u00a0 \u00a0 \u00a0 \u00a0 \u00a0 \u00a0 \u00a0 \u00a0 \u00a0 \u00a0 \u00a0 \u00a0 \u00a0 \u00a0 \u00a0 \u00a0 \u00a0 \u00a0 \u00a0 \u00a0 \u00a0 \u00a0 \u00a0 \u00a0 \u00a0 \u00a0 \u00a0 \u00a0 \u00a0 \u00a0 \u00a0 \u00a0 \u00a0 \u00a0 \u00a0 \u00a0 \u00a0 \u00a0 \u00a0 \u00a0 \u00a0 \u00a0 \u00a0 \u00a0 \u00a0 \u00a0 \u00a0 \u00a0 \u00a0 \u00a0 \u00a0 \u00a0 \u00a0 \u00a0 \u00a0 \u00a0 \u00a0 \u00a0 \u00a0 \u00a0 \u00a0 \u00a0 \u00a0 \u00a0 \u00a0 \u00a0 \u00a0 \u00a0 \u00a0 \u00a0 \u00a0 \u00a0 \u00a0 \u00a0 \u00a0 \u00a0 \u00a0 \u00a0 \u00a0 \u00a0 \u00a0 \u00a0 \u00a0 \u00a0 \u00a0 \u00a0 \u00a0 \u00a0 \u00a0 \u00a0 \u00a0 \u00a0 \u00a0 \u00a0 \u00a0 \u00a0 \u00a0 \u00a0 \u00a0 \u00a0 \u00a0 Pro. Reshad Tawfeiq<\/p>\n<p style=\"text-align: center\"><strong>\u00a0Professores Colaboradores<\/strong><\/p>\n<p style=\"text-align: center\">Profa.Andr\u00e9ia Gaspar Soltoski<\/p>\n<p style=\"text-align: center\">Profa.Brunna Rabelo Santiago<\/p>\n<p style=\"text-align: center\">Prof.Jo\u00e3o Maria de Goes Junior<\/p>\n<p style=\"text-align: center\">Profa.Nara Luiza Valente<\/p>\n<p style=\"text-align: center\">Profa.Rafaella Martins de Oliveira<\/p>\n<p>&nbsp;<\/p>\n<p style=\"text-align: center\">\n<\/p>\t\t\t\t<\/div>\n\t\t\t<\/div>\n\t\t<\/div>\n\t\t<\/div>\n<\/div>\n<\/div><\/div><\/div><\/div><\/div>","protected":false},"excerpt":{"rendered":"<p>DEPARTAMENTO DE DIREITO DO ESTADO Chefe de Departamento Profa. Angela de Quadros Mongruel Chefe Adjunta Prof. Guilherme Amaral Alves \u00a0 Professores Efetivos Profa. Adriana de F\u00e1tima Pilatti Ferreira Campagnoli Prof. Alexandre Almeida Rocha Prof. Allan Ricardo Guimar\u00e3es Porto Profa. Angela de Quadros Mongruel Prof. Cl\u00f3vis Airton de Quadros Prof. Fabr\u00edcio Bittencourt da Cruz Prof. Guilherme&nbsp;&hellip;<\/p>\n","protected":false},"author":24,"featured_media":388,"parent":674,"menu_order":0,"comment_status":"closed","ping_status":"closed","template":"","meta":[],"_links":{"self":[{"href":"https:\/\/www2.uepg.br\/direito\/wp-json\/wp\/v2\/pages\/549"}],"collection":[{"href":"https:\/\/www2.uepg.br\/direito\/wp-json\/wp\/v2\/pages"}],"about":[{"href":"https:\/\/www2.uepg.br\/direito\/wp-json\/wp\/v2\/types\/page"}],"author":[{"embeddable":true,"href":"https:\/\/www2.uepg.br\/direito\/wp-json\/wp\/v2\/users\/24"}],"replies":[{"embeddable":true,"href":"https:\/\/www2.uepg.br\/direito\/wp-json\/wp\/v2\/comments?post=549"}],"version-history":[{"count":33,"href":"https:\/\/www2.uepg.br\/direito\/wp-json\/wp\/v2\/pages\/549\/revisions"}],"predecessor-version":[{"id":4080,"href":"https:\/\/www2.uepg.br\/direito\/wp-json\/wp\/v2\/pages\/549\/revisions\/4080"}],"up":[{"embeddable":true,"href":"https:\/\/www2.uepg.br\/direito\/wp-json\/wp\/v2\/pages\/674"}],"wp:featuredmedia":[{"embeddable":true,"href":"https:\/\/www2.uepg.br\/direito\/wp-json\/wp\/v2\/media\/388"}],"wp:attachment":[{"href":"https:\/\/www2.uepg.br\/direito\/wp-json\/wp\/v2\/media?parent=549"}],"curies":[{"name":"wp","href":"https:\/\/api.w.org\/{rel}","templated":true}]}}