{"id":575,"date":"2020-11-06T11:22:31","date_gmt":"2020-11-06T14:22:31","guid":{"rendered":"http:\/\/www2.uepg.br\/bacharelado-direito\/?page_id=575"},"modified":"2026-02-06T09:50:40","modified_gmt":"2026-02-06T12:50:40","slug":"calendarios","status":"publish","type":"page","link":"https:\/\/www2.uepg.br\/direito\/mestrado\/calendarios\/","title":{"rendered":"Mestrado &#8211; Calend\u00e1rios"},"content":{"rendered":"<div id=\"pl-575\"  class=\"panel-layout\" ><div id=\"pg-575-0\"  class=\"panel-grid panel-no-style\" ><div id=\"pgc-575-0-0\"  class=\"panel-grid-cell\" ><div id=\"panel-575-0-0-0\" class=\"so-panel widget widget_sow-accordion panel-first-child\" data-index=\"0\" ><div\n\t\t\t\n\t\t\tclass=\"so-widget-sow-accordion so-widget-sow-accordion-default-bb786459c5e7-575\"\n\t\t\t\n\t\t><h3 class=\"widget-title\">Calend\u00e1rio Acad\u00eamico<\/h3><div>\n\t<div class=\"sow-accordion\">\n\t\t\t<div class=\"sow-accordion-panel\"\n\t\t\t data-anchor=\"calend%c3%a1rio-acad%c3%aamico-2026\">\n\t\t\t\t<div class=\"sow-accordion-panel-header-container\" role=\"heading\" aria-level=\"2\">\n\t\t\t\t\t<div class=\"sow-accordion-panel-header\" tabindex=\"0\" role=\"button\" id=\"accordion-label-calend%c3%a1rio-acad%c3%aamico-2026\" aria-controls=\"accordion-content-calend%c3%a1rio-acad%c3%aamico-2026\" aria-expanded=\"false\">\n\t\t\t\t\t\t<div class=\"sow-accordion-title sow-accordion-title-icon-left\">\n\t\t\t\t\t\t\t\t\t\t\t\t\t\tCalend\u00e1rio acad\u00eamico - 2026\t\t\t\t\t\t\t\t\t\t\t\t\t<\/div>\n\t\t\t\t\t\t<div class=\"sow-accordion-open-close-button\">\n\t\t\t\t\t\t\t<div class=\"sow-accordion-open-button\">\n\t\t\t\t\t\t\t\t<span class=\"sow-icon-ionicons\" data-sow-icon=\"&#xf218;\"\n\t\t \n\t\taria-hidden=\"true\"><\/span>\t\t\t\t\t\t\t<\/div>\n\t\t\t\t\t\t\t<div class=\"sow-accordion-close-button\">\n\t\t\t\t\t\t\t\t<span class=\"sow-icon-ionicons\" data-sow-icon=\"&#xf209;\"\n\t\t \n\t\taria-hidden=\"true\"><\/span>\t\t\t\t\t\t\t<\/div>\n\t\t\t\t\t\t<\/div>\n\t\t\t\t\t<\/div>\n\t\t\t\t<\/div>\n\n\t\t\t<div\n\t\t\t\tclass=\"sow-accordion-panel-content\"\n\t\t\t\trole=\"region\"\n\t\t\t\taria-labelledby=\"accordion-label-calend%c3%a1rio-acad%c3%aamico-2026\"\n\t\t\t\tid=\"accordion-content-calend%c3%a1rio-acad%c3%aamico-2026\"\n\t\t\t\tstyle=\"display: none;\"\t\t\t>\n\t\t\t\t<div class=\"sow-accordion-panel-border\" tabindex=\"0\">\n\t\t\t\t\t<p><a href=\"http:\/\/www2.uepg.br\/direito\/wp-content\/uploads\/sites\/76\/2026\/02\/calendario_uepg_2026-_datas.pdf\">CALEND\u00c1RIO ACAD\u00caMICO UEPG_2026<\/a><\/p>\n<p><a href=\"http:\/\/www2.uepg.br\/direito\/wp-content\/uploads\/sites\/76\/2026\/02\/Mestrado-Direito-UEPG-2026-1o-semestre-Quadro-de-horarios-.xlsx-Calendario-4.pdf\">GRADE DE HOR\u00c1RIOS - Mestrado Direito UEPG -2026 - 1\u00ba semestre\u00a0<\/a><\/p>\n<p>&nbsp;<\/p>\n\t\t\t\t<\/div>\n\t\t\t<\/div>\n\t\t<\/div>\n\t\t<\/div>\n<\/div>\n<\/div><\/div><div id=\"panel-575-0-0-1\" class=\"so-panel widget widget_sow-accordion panel-last-child\" data-index=\"1\" ><div\n\t\t\t\n\t\t\tclass=\"so-widget-sow-accordion so-widget-sow-accordion-default-bb786459c5e7-575\"\n\t\t\t\n\t\t><div>\n\t<div class=\"sow-accordion\">\n\t\t\t<div class=\"sow-accordion-panel\"\n\t\t\t data-anchor=\"calend%c3%a1rio-acad%c3%aamico-2025\">\n\t\t\t\t<div class=\"sow-accordion-panel-header-container\" role=\"heading\" aria-level=\"2\">\n\t\t\t\t\t<div class=\"sow-accordion-panel-header\" tabindex=\"0\" role=\"button\" id=\"accordion-label-calend%c3%a1rio-acad%c3%aamico-2025\" aria-controls=\"accordion-content-calend%c3%a1rio-acad%c3%aamico-2025\" aria-expanded=\"false\">\n\t\t\t\t\t\t<div class=\"sow-accordion-title sow-accordion-title-icon-left\">\n\t\t\t\t\t\t\t\t\t\t\t\t\t\tCalend\u00e1rio acad\u00eamico - 2025\t\t\t\t\t\t\t\t\t\t\t\t\t<\/div>\n\t\t\t\t\t\t<div class=\"sow-accordion-open-close-button\">\n\t\t\t\t\t\t\t<div class=\"sow-accordion-open-button\">\n\t\t\t\t\t\t\t\t<span class=\"sow-icon-ionicons\" data-sow-icon=\"&#xf218;\"\n\t\t \n\t\taria-hidden=\"true\"><\/span>\t\t\t\t\t\t\t<\/div>\n\t\t\t\t\t\t\t<div class=\"sow-accordion-close-button\">\n\t\t\t\t\t\t\t\t<span class=\"sow-icon-ionicons\" data-sow-icon=\"&#xf209;\"\n\t\t \n\t\taria-hidden=\"true\"><\/span>\t\t\t\t\t\t\t<\/div>\n\t\t\t\t\t\t<\/div>\n\t\t\t\t\t<\/div>\n\t\t\t\t<\/div>\n\n\t\t\t<div\n\t\t\t\tclass=\"sow-accordion-panel-content\"\n\t\t\t\trole=\"region\"\n\t\t\t\taria-labelledby=\"accordion-label-calend%c3%a1rio-acad%c3%aamico-2025\"\n\t\t\t\tid=\"accordion-content-calend%c3%a1rio-acad%c3%aamico-2025\"\n\t\t\t\tstyle=\"display: none;\"\t\t\t>\n\t\t\t\t<div class=\"sow-accordion-panel-border\" tabindex=\"0\">\n\t\t\t\t\t<p><a href=\"http:\/\/www2.uepg.br\/direito\/wp-content\/uploads\/sites\/76\/2025\/03\/RESOLUCAO-UNIV-No-2024.13.pdf\">CALEND\u00c1RIO UNIVERSIT\u00c1RIO UEPG - 2025<\/a><\/p>\n<p><a href=\"http:\/\/www2.uepg.br\/direito\/wp-content\/uploads\/sites\/76\/2025\/03\/UEPG-PPGD-Grade-de-Disciplinas-do-Mestrado-1o-Semestre-de-2025.xlsx-Calendario-4.pdf\">Grade de Disciplinas do Mestrado Direito - 1\u00ba Semestre de 2025<\/a><\/p>\n<p><a href=\"http:\/\/www2.uepg.br\/direito\/wp-content\/uploads\/sites\/76\/2025\/05\/Mestrado-Direito-UEPG-2025-2o-semestre-Quadro-de-horarios-Calendario-paginas-1-1.pdf\">Grade de Disciplinas do Mestrado Direito - 2\u00ba Semestre de 2025<\/a><\/p>\n\t\t\t\t<\/div>\n\t\t\t<\/div>\n\t\t<\/div>\n\t\t<\/div>\n<\/div>\n<\/div><\/div><\/div><\/div><\/div>","protected":false},"excerpt":{"rendered":"<p>Calend\u00e1rio Acad\u00eamico Calend\u00e1rio acad\u00eamico &#8211; 2026 CALEND\u00c1RIO ACAD\u00caMICO UEPG_2026 GRADE DE HOR\u00c1RIOS &#8211; Mestrado Direito UEPG -2026 &#8211; 1\u00ba semestre\u00a0 &nbsp; Calend\u00e1rio acad\u00eamico &#8211; 2025 CALEND\u00c1RIO UNIVERSIT\u00c1RIO UEPG &#8211; 2025 Grade de Disciplinas do Mestrado Direito &#8211; 1\u00ba Semestre de 2025 Grade de Disciplinas do Mestrado Direito &#8211; 2\u00ba Semestre de 2025<\/p>\n","protected":false},"author":24,"featured_media":0,"parent":441,"menu_order":0,"comment_status":"closed","ping_status":"closed","template":"","meta":[],"_links":{"self":[{"href":"https:\/\/www2.uepg.br\/direito\/wp-json\/wp\/v2\/pages\/575"}],"collection":[{"href":"https:\/\/www2.uepg.br\/direito\/wp-json\/wp\/v2\/pages"}],"about":[{"href":"https:\/\/www2.uepg.br\/direito\/wp-json\/wp\/v2\/types\/page"}],"author":[{"embeddable":true,"href":"https:\/\/www2.uepg.br\/direito\/wp-json\/wp\/v2\/users\/24"}],"replies":[{"embeddable":true,"href":"https:\/\/www2.uepg.br\/direito\/wp-json\/wp\/v2\/comments?post=575"}],"version-history":[{"count":28,"href":"https:\/\/www2.uepg.br\/direito\/wp-json\/wp\/v2\/pages\/575\/revisions"}],"predecessor-version":[{"id":3906,"href":"https:\/\/www2.uepg.br\/direito\/wp-json\/wp\/v2\/pages\/575\/revisions\/3906"}],"up":[{"embeddable":true,"href":"https:\/\/www2.uepg.br\/direito\/wp-json\/wp\/v2\/pages\/441"}],"wp:attachment":[{"href":"https:\/\/www2.uepg.br\/direito\/wp-json\/wp\/v2\/media?parent=575"}],"curies":[{"name":"wp","href":"https:\/\/api.w.org\/{rel}","templated":true}]}}