{"id":582,"date":"2020-11-06T11:25:02","date_gmt":"2020-11-06T14:25:02","guid":{"rendered":"http:\/\/www2.uepg.br\/bacharelado-direito\/?page_id=582"},"modified":"2025-04-11T14:21:59","modified_gmt":"2025-04-11T17:21:59","slug":"corpo-discente","status":"publish","type":"page","link":"https:\/\/www2.uepg.br\/direito\/mestrado\/corpo-discente\/","title":{"rendered":"Mestrado &#8211; Corpo Discente"},"content":{"rendered":"<div id=\"pl-582\"  class=\"panel-layout\" ><div id=\"pg-582-0\"  class=\"panel-grid panel-no-style\" ><div id=\"pgc-582-0-0\"  class=\"panel-grid-cell\" ><div id=\"panel-582-0-0-0\" class=\"so-panel widget widget_sow-accordion panel-first-child panel-last-child\" data-index=\"0\" ><div\n\t\t\t\n\t\t\tclass=\"so-widget-sow-accordion so-widget-sow-accordion-default-bb786459c5e7-582\"\n\t\t\t\n\t\t><div>\n\t<div class=\"sow-accordion\">\n\t\t\t<div class=\"sow-accordion-panel\"\n\t\t\t data-anchor=\"2025\">\n\t\t\t\t<div class=\"sow-accordion-panel-header-container\" role=\"heading\" aria-level=\"2\">\n\t\t\t\t\t<div class=\"sow-accordion-panel-header\" tabindex=\"0\" role=\"button\" id=\"accordion-label-2025\" aria-controls=\"accordion-content-2025\" aria-expanded=\"false\">\n\t\t\t\t\t\t<div class=\"sow-accordion-title sow-accordion-title-icon-left\">\n\t\t\t\t\t\t\t\t\t\t\t\t\t\t2025\t\t\t\t\t\t\t\t\t\t\t\t\t<\/div>\n\t\t\t\t\t\t<div class=\"sow-accordion-open-close-button\">\n\t\t\t\t\t\t\t<div class=\"sow-accordion-open-button\">\n\t\t\t\t\t\t\t\t<span class=\"sow-icon-ionicons\" data-sow-icon=\"&#xf218;\"\n\t\t \n\t\taria-hidden=\"true\"><\/span>\t\t\t\t\t\t\t<\/div>\n\t\t\t\t\t\t\t<div class=\"sow-accordion-close-button\">\n\t\t\t\t\t\t\t\t<span class=\"sow-icon-ionicons\" data-sow-icon=\"&#xf209;\"\n\t\t \n\t\taria-hidden=\"true\"><\/span>\t\t\t\t\t\t\t<\/div>\n\t\t\t\t\t\t<\/div>\n\t\t\t\t\t<\/div>\n\t\t\t\t<\/div>\n\n\t\t\t<div\n\t\t\t\tclass=\"sow-accordion-panel-content\"\n\t\t\t\trole=\"region\"\n\t\t\t\taria-labelledby=\"accordion-label-2025\"\n\t\t\t\tid=\"accordion-content-2025\"\n\t\t\t\tstyle=\"display: none;\"\t\t\t>\n\t\t\t\t<div class=\"sow-accordion-panel-border\" tabindex=\"0\">\n\t\t\t\t\t<p>\u200b<\/p>\n<table style=\"height: 252px\" width=\"816\">\n<tbody>\n<tr>\n<td colspan=\"2\">\n<h4><b>Linha de Pesquisa \"Teorias e Pr\u00e1ticas Jur\u00eddicas no Sistema Penal\"\u00a0<\/b><\/h4>\n<\/td>\n<\/tr>\n<tr>\n<td>Cesar Augusto de Figueiredo Bacovis<\/td>\n<td style=\"text-align: left\">Ariane da Silva Supanik<\/td>\n<\/tr>\n<tr>\n<td>Helian Kosloski dos Santos<\/td>\n<td style=\"text-align: left\">Ant\u00f4nio Leandro da Silva Filho<\/td>\n<\/tr>\n<tr>\n<td>Mateus Marins Corr\u00eaa de S\u00e1<\/td>\n<td style=\"text-align: left\"><\/td>\n<\/tr>\n<tr>\n<td>Fernando Weiber<\/td>\n<td style=\"text-align: left\"><\/td>\n<\/tr>\n<tr>\n<td>Ra\u00edsa Bakker de Moura<\/td>\n<td style=\"text-align: left\"><\/td>\n<\/tr>\n<tr>\n<td>Emanuela Almeida Marques Ferreira<\/td>\n<td style=\"text-align: left\"><\/td>\n<\/tr>\n<\/tbody>\n<\/table>\n<p>&nbsp;<\/p>\n<p>&nbsp;<\/p>\n<table>\n<tbody>\n<tr>\n<td colspan=\"2\">\n<h4><b>Linha de Pesquisa \"Teorias e Pr\u00e1ticas Jur\u00eddicas nas Rela\u00e7\u00f5es Privadas e Socioecon\u00f4micas\"\u00a0<\/b><\/h4>\n<\/td>\n<\/tr>\n<tr>\n<td>Karen Cristina Borges da Silva<\/td>\n<td style=\"text-align: left\">Merielen Fernanda Barbosa<\/td>\n<\/tr>\n<tr>\n<td>Liara Jaqueline Fonseca Rocha<\/td>\n<td style=\"text-align: left\"><\/td>\n<\/tr>\n<tr>\n<td>Luana Pires Vanzela<\/td>\n<td style=\"text-align: left\"><\/td>\n<\/tr>\n<tr>\n<td>Hellen Kostiuresko<\/td>\n<td style=\"text-align: left\"><\/td>\n<\/tr>\n<tr>\n<td>Gabriel Biscaia Carneiro da Silva<\/td>\n<td style=\"text-align: left\"><\/td>\n<\/tr>\n<tr>\n<td>Arthur Vinicius Pereira<\/td>\n<td style=\"text-align: left\"><\/td>\n<\/tr>\n<tr>\n<td>Mariana Stoliar<\/td>\n<td style=\"text-align: left\"><\/td>\n<\/tr>\n<tr>\n<td>Juliano Felipe de Oliveira<\/td>\n<td style=\"text-align: left\"><\/td>\n<\/tr>\n<tr>\n<td>R\u00f3ger Luiz Soethe Tramontin<\/td>\n<td style=\"text-align: left\"><\/td>\n<\/tr>\n<\/tbody>\n<\/table>\n<p>\u200b<\/p>\n<table>\n<tbody>\n<tr>\n<td colspan=\"2\">\n<h4><b>Linha de Pesquisa \"Teorias e Pr\u00e1ticas Jur\u00eddicas na Prote\u00e7\u00e3o de Direitos Fundamentais e Promo\u00e7\u00e3o de Pol\u00edticas P\u00fablicas \"\u00a0<\/b><\/h4>\n<\/td>\n<\/tr>\n<tr>\n<td>Dione Batista dos Santos<\/td>\n<td style=\"text-align: left\">Julia Raquel do Lago Pereira dos Santos<\/td>\n<\/tr>\n<tr>\n<td>Wellington Diogo Franco<\/td>\n<td style=\"text-align: left\">J\u00fanior Cesar Borges<\/td>\n<\/tr>\n<tr>\n<td>Vin\u00edcius Greco Pazza<\/td>\n<td style=\"text-align: left\">Demetrinus de Moura Soares<\/td>\n<\/tr>\n<tr>\n<td>Gilberto do Couto Santos<\/td>\n<td style=\"text-align: left\">Eduardo Neineska<\/td>\n<\/tr>\n<tr>\n<td>Paulo Augusto Koslovsk<\/td>\n<td style=\"text-align: left\">Pedro Angelo Gomes<\/td>\n<\/tr>\n<\/tbody>\n<\/table>\n\t\t\t\t<\/div>\n\t\t\t<\/div>\n\t\t<\/div>\n\t\t<\/div>\n<\/div>\n<\/div><\/div><\/div><\/div><\/div>","protected":false},"excerpt":{"rendered":"<p>2025 \u200b Linha de Pesquisa &#8220;Teorias e Pr\u00e1ticas Jur\u00eddicas no Sistema Penal&#8221;\u00a0 Cesar Augusto de Figueiredo Bacovis Ariane da Silva Supanik Helian Kosloski dos Santos Ant\u00f4nio Leandro da Silva Filho Mateus Marins Corr\u00eaa de S\u00e1 Fernando Weiber Ra\u00edsa Bakker de Moura Emanuela Almeida Marques Ferreira &nbsp; &nbsp; Linha de Pesquisa &#8220;Teorias e Pr\u00e1ticas Jur\u00eddicas nas&nbsp;&hellip;<\/p>\n","protected":false},"author":24,"featured_media":0,"parent":441,"menu_order":0,"comment_status":"closed","ping_status":"closed","template":"","meta":[],"_links":{"self":[{"href":"https:\/\/www2.uepg.br\/direito\/wp-json\/wp\/v2\/pages\/582"}],"collection":[{"href":"https:\/\/www2.uepg.br\/direito\/wp-json\/wp\/v2\/pages"}],"about":[{"href":"https:\/\/www2.uepg.br\/direito\/wp-json\/wp\/v2\/types\/page"}],"author":[{"embeddable":true,"href":"https:\/\/www2.uepg.br\/direito\/wp-json\/wp\/v2\/users\/24"}],"replies":[{"embeddable":true,"href":"https:\/\/www2.uepg.br\/direito\/wp-json\/wp\/v2\/comments?post=582"}],"version-history":[{"count":25,"href":"https:\/\/www2.uepg.br\/direito\/wp-json\/wp\/v2\/pages\/582\/revisions"}],"predecessor-version":[{"id":3355,"href":"https:\/\/www2.uepg.br\/direito\/wp-json\/wp\/v2\/pages\/582\/revisions\/3355"}],"up":[{"embeddable":true,"href":"https:\/\/www2.uepg.br\/direito\/wp-json\/wp\/v2\/pages\/441"}],"wp:attachment":[{"href":"https:\/\/www2.uepg.br\/direito\/wp-json\/wp\/v2\/media?parent=582"}],"curies":[{"name":"wp","href":"https:\/\/api.w.org\/{rel}","templated":true}]}}