{"id":589,"date":"2020-11-06T11:27:20","date_gmt":"2020-11-06T14:27:20","guid":{"rendered":"http:\/\/www2.uepg.br\/bacharelado-direito\/?page_id=589"},"modified":"2026-04-07T14:22:46","modified_gmt":"2026-04-07T17:22:46","slug":"documentos","status":"publish","type":"page","link":"https:\/\/www2.uepg.br\/direito\/mestrado\/documentos\/","title":{"rendered":"Mestrado &#8211; Documentos"},"content":{"rendered":"<div id=\"pl-589\"  class=\"panel-layout\" ><div id=\"pg-589-0\"  class=\"panel-grid panel-no-style\" ><div id=\"pgc-589-0-0\"  class=\"panel-grid-cell\" ><div id=\"panel-589-0-0-0\" class=\"so-panel widget widget_sow-editor panel-first-child\" data-index=\"0\" ><div\n\t\t\t\n\t\t\tclass=\"so-widget-sow-editor so-widget-sow-editor-base\"\n\t\t\t\n\t\t><h3 class=\"widget-title\">DOCUMENTOS DEFESA - QUALIFICA\u00c7\u00c3O E DISSERTA\u00c7\u00c3O<\/h3>\n<div class=\"siteorigin-widget-tinymce textwidget\">\n\t<p><a href=\"http:\/\/www2.uepg.br\/direito\/wp-content\/uploads\/sites\/76\/2025\/03\/Cadastro_participante_externo_banca.docx\">Cadastro_participante_externo_banca<\/a><\/p>\n<p><a href=\"http:\/\/www2.uepg.br\/direito\/wp-content\/uploads\/sites\/76\/2025\/03\/Requerimento_de_Defesa_MODELO.docx\">Requerimento_de_Defesa\/Qualifica\u00e7\u00e3o_MODELO<\/a><\/p>\n<p><a href=\"http:\/\/www2.uepg.br\/direito\/wp-content\/uploads\/sites\/76\/2024\/11\/Requerimento_de_Defesa_MODELO.docx\">Modelo de ata de Qualifica\u00e7\u00e3o<\/a><\/p>\n<p><a href=\"http:\/\/www2.uepg.br\/direito\/wp-content\/uploads\/sites\/76\/2025\/03\/Modelo-de-ata-de-Defesa-1.docx\">Modelo de ata de Defesa<\/a><\/p>\n<p><a href=\"http:\/\/www2.uepg.br\/direito\/wp-content\/uploads\/sites\/76\/2025\/03\/ANEXO-VI-DECLARACAO-ACOMPANHAMENTO-BANCA-DEFESA-OUVINTE.docx\">ANEXO VII - DECLARA\u00c7\u00c3O ACOMPANHAMENTO BANCA DEFESA - OUVINTE<\/a><\/p>\n<p>&nbsp;<\/p>\n<p>&nbsp;<\/p>\n<\/div>\n<\/div><\/div><div id=\"panel-589-0-0-1\" class=\"so-panel widget widget_sow-editor\" data-index=\"1\" ><div\n\t\t\t\n\t\t\tclass=\"so-widget-sow-editor so-widget-sow-editor-base\"\n\t\t\t\n\t\t><h3 class=\"widget-title\">DOCUMENTOS BICEN<\/h3>\n<div class=\"siteorigin-widget-tinymce textwidget\">\n\t<p><a href=\"http:\/\/www2.uepg.br\/direito\/wp-content\/uploads\/sites\/76\/2024\/10\/FICHA-CATALOGRAFICA.docx\">FICHA CATALOGRAFICA<\/a><\/p>\n<p><a href=\"http:\/\/www2.uepg.br\/direito\/wp-content\/uploads\/sites\/76\/2025\/03\/Modelo-do-Termo-de-aprovacao.docx\">Modelo do Termo de aprova\u00e7\u00e3o<\/a><\/p>\n<p><a href=\"http:\/\/www2.uepg.br\/direito\/wp-content\/uploads\/sites\/76\/2024\/10\/Termo-de-Autorizacao-para-publicacao.docx\">Termo de Autoriza\u00e7\u00e3o para publica\u00e7\u00e3o<\/a><\/p>\n<p>&nbsp;<\/p>\n<p>&nbsp;<\/p>\n<\/div>\n<\/div><\/div><div id=\"panel-589-0-0-2\" class=\"so-panel widget widget_sow-editor\" data-index=\"2\" ><div\n\t\t\t\n\t\t\tclass=\"so-widget-sow-editor so-widget-sow-editor-base\"\n\t\t\t\n\t\t><h3 class=\"widget-title\">ATIVIDADES COMPLEMENTARES - Atividades de discuss\u00e3o e dissemina\u00e7\u00e3o do conhecimento produzido<\/h3>\n<div class=\"siteorigin-widget-tinymce textwidget\">\n\t<p><a href=\"http:\/\/www2.uepg.br\/direito\/wp-content\/uploads\/sites\/76\/2025\/08\/Instrucao-Normativa-n-5-2024-Atividades-complementares-24-06-2024-atualizada-pela-IN-07-2024ATUALIZADA-2.pdf\">Instrucao-Normativa-n-5-2024-Atividades-complementares-24-06-2024-atualizada-pela-IN-07-2024ATUALIZADA<\/a><\/p>\n<p><a href=\"http:\/\/www2.uepg.br\/direito\/wp-content\/uploads\/sites\/76\/2025\/03\/ANEXO-I-ativcompl.pdf\">ANEXO I - <\/a><a href=\"http:\/\/www2.uepg.br\/direito\/wp-content\/uploads\/sites\/76\/2025\/08\/TABELA-ATIVIDADES-COMPLEMNTARES-IN-05.2024-ATUALIZADA.pdf\">TABELA ATIVIDADES COMPLEMNTARES ATUALIZADA<\/a><\/p>\n<p><a href=\"http:\/\/www2.uepg.br\/direito\/wp-content\/uploads\/sites\/76\/2025\/03\/ANEXO-V-FORMULARIO-DE-ENQUADRAMENTO-ATIV-COMPL..docx\">ANEXO VI - FORMUL\u00c1RIO DE ENQUADRAMENTO ATIVIDADES COMPLEMENTARES<\/a><\/p>\n<p><a href=\"http:\/\/www2.uepg.br\/direito\/wp-content\/uploads\/sites\/76\/2025\/03\/ANEXO-VI-DECLARACAO-ACOMPANHAMENTO-BANCA-DEFESA-OUVINTE.docx\">ANEXO VII - DECLARA\u00c7\u00c3O ACOMPANHAMENTO BANCA DEFESA - OUVINTE<\/a><\/p>\n<p>&nbsp;<\/p>\n<p>&nbsp;<\/p>\n<\/div>\n<\/div><\/div><div id=\"panel-589-0-0-3\" class=\"so-panel widget widget_sow-editor\" data-index=\"3\" ><div\n\t\t\t\n\t\t\tclass=\"so-widget-sow-editor so-widget-sow-editor-base\"\n\t\t\t\n\t\t><h3 class=\"widget-title\">EST\u00c1GIO DE IMERS\u00c3O PR\u00c1TICO INSTITUCIONAL<\/h3>\n<div class=\"siteorigin-widget-tinymce textwidget\">\n\t<p><a href=\"http:\/\/www2.uepg.br\/direito\/wp-content\/uploads\/sites\/76\/2025\/11\/ANEXO-II-ROTEIRO-ESTAGIO-IMERSAO1.docx\">ANEXO-II-ROTEIRO-ESTAGIO-IMERSAO<\/a><\/p>\n<p><a href=\"http:\/\/www2.uepg.br\/direito\/wp-content\/uploads\/sites\/76\/2025\/11\/ANEXO-III-TERMO-DE-COMPROMISSO.docx\">ANEXO-III-TERMO-DE-COMPROMISSO<\/a><\/p>\n<p><a href=\"http:\/\/www2.uepg.br\/direito\/wp-content\/uploads\/sites\/76\/2025\/11\/ANEXO-IV-ROTEIRO-RELATORIO-ESTAGIO-IMESRAO.docx\">ANEXO-IV- <\/a><a href=\"http:\/\/www2.uepg.br\/direito\/wp-content\/uploads\/sites\/76\/2025\/11\/ANEXO-IV-ROTEIRO-RELATORIO-ESTAGIO-IMESRAO.docx\">RELATORIO-ESTAGIO-IMESRAO<\/a><\/p>\n<p><a href=\"http:\/\/www2.uepg.br\/direito\/wp-content\/uploads\/sites\/76\/2025\/11\/DECLARACAO-DE-COMPARECIMENTO-ESTAGIO-DE-IMERSAO.docx\">DECLARA\u00c7\u00c3O DE COMPARECIMENTO ESTAGIO DE IMERSAO<\/a><\/p>\n<p><a href=\"http:\/\/www2.uepg.br\/direito\/wp-content\/uploads\/sites\/76\/2025\/11\/SEPREIDI-modelo.docx\">SEPREIDI - modelo<\/a><\/p>\n<p><a href=\"http:\/\/www2.uepg.br\/direito\/wp-content\/uploads\/sites\/76\/2025\/11\/SEPREIDI_modelo.ata_1.docx\">SEPREIDI_modelo.ata_<\/a><\/p>\n<\/div>\n<\/div><\/div><div id=\"panel-589-0-0-4\" class=\"so-panel widget widget_sow-editor panel-last-child\" data-index=\"4\" ><div\n\t\t\t\n\t\t\tclass=\"so-widget-sow-editor so-widget-sow-editor-base\"\n\t\t\t\n\t\t><h3 class=\"widget-title\">EST\u00c1GIO DE DOC\u00caNCIA<\/h3>\n<div class=\"siteorigin-widget-tinymce textwidget\">\n\t<p><a href=\"http:\/\/www2.uepg.br\/direito\/wp-content\/uploads\/sites\/76\/2025\/03\/1212016-07-1923.pdf\">REGULAMENTO EST\u00c1GIO DE DOC\u00caNCIA<\/a><\/p>\n<p><a href=\"http:\/\/www2.uepg.br\/direito\/wp-content\/uploads\/sites\/76\/2025\/03\/ANEXO-I-ROTEIRO-ESTAGIO-DE-DOCENCIA.docx\">ANEXO I - ROTEIRO ESTAGIO DE DOC\u00caNCIA<\/a><\/p>\n<p><a href=\"http:\/\/www2.uepg.br\/direito\/wp-content\/uploads\/sites\/76\/2025\/03\/ANEXO-II-ROTEIRO-RELATORIO-ESTAGIO-DE-DOCENCIA.docx\">ANEXO II - ROTEIRO RELAT\u00d3RIO ESTAGIO DE DOC\u00caNCIA<\/a><\/p>\n<\/div>\n<\/div><\/div><\/div><\/div><\/div>","protected":false},"excerpt":{"rendered":"<p>Cadastro_participante_externo_banca Requerimento_de_Defesa\/Qualifica\u00e7\u00e3o_MODELO Modelo de ata de Qualifica\u00e7\u00e3o Modelo de ata de Defesa ANEXO VII &#8211; DECLARA\u00c7\u00c3O ACOMPANHAMENTO BANCA DEFESA &#8211; OUVINTE &nbsp; &nbsp; FICHA CATALOGRAFICA Modelo do Termo de aprova\u00e7\u00e3o Termo de Autoriza\u00e7\u00e3o para publica\u00e7\u00e3o &nbsp; &nbsp; Instrucao-Normativa-n-5-2024-Atividades-complementares-24-06-2024-atualizada-pela-IN-07-2024ATUALIZADA ANEXO I &#8211; TABELA ATIVIDADES COMPLEMNTARES ATUALIZADA ANEXO VI &#8211; FORMUL\u00c1RIO DE ENQUADRAMENTO ATIVIDADES COMPLEMENTARES ANEXO VII&nbsp;&hellip;<\/p>\n","protected":false},"author":24,"featured_media":0,"parent":441,"menu_order":0,"comment_status":"closed","ping_status":"closed","template":"","meta":[],"_links":{"self":[{"href":"https:\/\/www2.uepg.br\/direito\/wp-json\/wp\/v2\/pages\/589"}],"collection":[{"href":"https:\/\/www2.uepg.br\/direito\/wp-json\/wp\/v2\/pages"}],"about":[{"href":"https:\/\/www2.uepg.br\/direito\/wp-json\/wp\/v2\/types\/page"}],"author":[{"embeddable":true,"href":"https:\/\/www2.uepg.br\/direito\/wp-json\/wp\/v2\/users\/24"}],"replies":[{"embeddable":true,"href":"https:\/\/www2.uepg.br\/direito\/wp-json\/wp\/v2\/comments?post=589"}],"version-history":[{"count":45,"href":"https:\/\/www2.uepg.br\/direito\/wp-json\/wp\/v2\/pages\/589\/revisions"}],"predecessor-version":[{"id":4035,"href":"https:\/\/www2.uepg.br\/direito\/wp-json\/wp\/v2\/pages\/589\/revisions\/4035"}],"up":[{"embeddable":true,"href":"https:\/\/www2.uepg.br\/direito\/wp-json\/wp\/v2\/pages\/441"}],"wp:attachment":[{"href":"https:\/\/www2.uepg.br\/direito\/wp-json\/wp\/v2\/media?parent=589"}],"curies":[{"name":"wp","href":"https:\/\/api.w.org\/{rel}","templated":true}]}}